{"id":1917,"date":"2020-05-20T12:21:22","date_gmt":"2020-05-20T10:21:22","guid":{"rendered":"https:\/\/airtracksports.aarbeta.ch\/?page_id=1917"},"modified":"2025-11-21T11:44:54","modified_gmt":"2025-11-21T10:44:54","slug":"training","status":"publish","type":"page","link":"https:\/\/www.airtracksports.com\/index.php\/training\/","title":{"rendered":"Trainings-Produkte"},"content":{"rendered":"\n<h4 class=\"wp-block-heading\"><strong>Katalog<\/strong><\/h4>\n\n\n\n<div class=\"wp-block-file\"><a href=\"https:\/\/www.airtracksports.com\/wp-content\/uploads\/2021\/04\/Airtrackfactory-Katalog-2021.pdf\" target=\"_blank\" rel=\"noopener noreferrer\" class=\"wp-block-file__button\">Das komplette Angebot von Airtrackfactory<\/a><\/div>\n\n\n<h4><strong>Standardausr\u00fcstung<\/strong><\/h4>\n<ul>\n<li>Elektrogebl\u00e4se (zum Aufblasen, Feinabstimmung und Entl\u00fcftung)<\/li>\n<li>Traggriffe<\/li>\n<li>Schutzh\u00fclle<\/li>\n<li>Anleitung<\/li>\n<\/ul>\n<h4><strong>Cooles Zubeh\u00f6r<\/strong><\/h4>\n<ul>\n<li><a href=\"https:\/\/www.airtracksports.com\/index.php\/produkt\/airjump-set\/\" target=\"_blank\" rel=\"noopener noreferrer\">Airjump-Set<\/a>, <a href=\"https:\/\/www.airtracksports.com\/index.php\/produkt\/airroll-blau\/\" target=\"_blank\" rel=\"noopener noreferrer\">Airroll<\/a>, Airbox, Airsteps, Airramp<\/li>\n<li><a href=\"https:\/\/www.airtracksports.com\/index.php\/produkt\/trackconnect\/\" target=\"_blank\" rel=\"noopener noreferrer\">Trackconnect (Verbindungsst\u00fcck f\u00fcr zusammenh\u00e4ngende Airtrack)<\/a><\/li>\n<li><a href=\"https:\/\/www.airtracksports.com\/index.php\/produkt\/manometer\/\" target=\"_blank\" rel=\"noopener noreferrer\">Manometer<\/a><\/li>\n<\/ul>\n<p style=\"text-align: left\"><strong>Entdecke das neue TrainingSet mit AirTrackFactory<\/strong><\/p>\n<p style=\"text-align: left\">Die neueste Generation von <a href=\"http:\/\/www.airtrackfactory.com\">AirTrackFactory<\/a> bietet viele neue Produkte f\u00fcr das Training zuhause! Trainiere wo immer du willst &#8211; im Garten, in deinem Zimmer, \u2026 Entdecke deine Lieblingsprodukte in unserem <a href=\"https:\/\/www.airtracksports.com\/wp-content\/uploads\/2020\/05\/Airtrackfactory-Katalog-Deutsch-20201.pdf\" target=\"_blank\" rel=\"noopener noreferrer\">Katalog<\/a>\/<a href=\"https:\/\/www.airtracksports.com\/index.php\/shop\/\" target=\"_blank\" rel=\"noopener noreferrer\">Shop<\/a>!<\/p>\n<p style=\"text-align: left\">Interessiert? Schreibe ein Mail an<a href=\"mailto:daniel@airtracksports.com\"> daniel@airtracksports.com<\/a><\/p>\n\n<p><iframe loading=\"lazy\" title=\"The AirFloor Home by AirTrack Factory\" width=\"745\" height=\"419\" src=\"https:\/\/www.youtube.com\/embed\/_3_rJb6kZHQ?feature=oembed\" frameborder=\"0\" allow=\"accelerometer; autoplay; clipboard-write; encrypted-media; gyroscope; picture-in-picture; web-share\" referrerpolicy=\"strict-origin-when-cross-origin\" allowfullscreen><\/iframe><\/p>\n\n\n<p><iframe loading=\"lazy\" title=\"AirFloor Home &amp; AirFloor Home XL\" width=\"745\" height=\"419\" src=\"https:\/\/www.youtube.com\/embed\/klMxIakrPGQ?feature=oembed\" frameborder=\"0\" allow=\"accelerometer; autoplay; clipboard-write; encrypted-media; gyroscope; picture-in-picture; web-share\" referrerpolicy=\"strict-origin-when-cross-origin\" allowfullscreen><\/iframe><\/p>\n","protected":false},"excerpt":{"rendered":"<p>Katalog Das komplette Angebot von Airtrackfactory Standardausr\u00fcstung Elektrogebl\u00e4se (zum Aufblasen, Feinabstimmung und Entl\u00fcftung) Traggriffe Schutzh\u00fclle Anleitung Cooles Zubeh\u00f6r Airjump-Set, Airroll, Airbox, Airsteps, Airramp Trackconnect (Verbindungsst\u00fcck f\u00fcr zusammenh\u00e4ngende Airtrack) Manometer Entdecke das neue TrainingSet mit AirTrackFactory Die neueste Generation von AirTrackFactory ..<\/p>\n<div class=\"reading\"><a href=\"https:\/\/www.airtracksports.com\/index.php\/training\/\">Continue Reading<\/a><\/div>\n","protected":false},"author":1,"featured_media":0,"parent":0,"menu_order":0,"comment_status":"closed","ping_status":"closed","template":"","meta":{"footnotes":""},"class_list":["post-1917","page","type-page","status-publish","hentry"],"yoast_head":"<!-- This site is optimized with the Yoast SEO plugin v27.5 - https:\/\/yoast.com\/product\/yoast-seo-wordpress\/ -->\n<title>Airtracksports - Home-Produkte - Trainiere zuhause weiter! - Infos<\/title>\n<meta name=\"robots\" content=\"index, follow, max-snippet:-1, max-image-preview:large, max-video-preview:-1\" \/>\n<link rel=\"canonical\" href=\"https:\/\/www.airtracksports.com\/index.php\/training\/\" \/>\n<meta property=\"og:locale\" content=\"de_DE\" \/>\n<meta property=\"og:type\" content=\"article\" \/>\n<meta property=\"og:title\" content=\"Airtracksports - Home-Produkte - Trainiere zuhause weiter! - Infos\" \/>\n<meta property=\"og:description\" content=\"Katalog Das komplette Angebot von Airtrackfactory Standardausr\u00fcstung Elektrogebl\u00e4se (zum Aufblasen, Feinabstimmung und Entl\u00fcftung) Traggriffe Schutzh\u00fclle Anleitung Cooles Zubeh\u00f6r Airjump-Set, Airroll, Airbox, Airsteps, Airramp Trackconnect (Verbindungsst\u00fcck f\u00fcr zusammenh\u00e4ngende Airtrack) Manometer Entdecke das neue TrainingSet mit AirTrackFactory Die neueste Generation von AirTrackFactory ..Continue Reading\" \/>\n<meta property=\"og:url\" content=\"https:\/\/www.airtracksports.com\/index.php\/training\/\" \/>\n<meta property=\"og:site_name\" content=\"AirTrackSports\" \/>\n<meta property=\"article:modified_time\" content=\"2025-11-21T10:44:54+00:00\" \/>\n<meta name=\"twitter:card\" content=\"summary_large_image\" \/>\n<meta name=\"twitter:label1\" content=\"Gesch\u00e4tzte Lesezeit\" \/>\n\t<meta name=\"twitter:data1\" content=\"1\u00a0Minute\" \/>\n<script type=\"application\/ld+json\" class=\"yoast-schema-graph\">{\"@context\":\"https:\\\/\\\/schema.org\",\"@graph\":[{\"@type\":\"WebPage\",\"@id\":\"https:\\\/\\\/www.airtracksports.com\\\/index.php\\\/training\\\/\",\"url\":\"https:\\\/\\\/www.airtracksports.com\\\/index.php\\\/training\\\/\",\"name\":\"Airtracksports - Home-Produkte - Trainiere zuhause weiter! - Infos\",\"isPartOf\":{\"@id\":\"https:\\\/\\\/www.airtracksports.com\\\/#website\"},\"datePublished\":\"2020-05-20T10:21:22+00:00\",\"dateModified\":\"2025-11-21T10:44:54+00:00\",\"breadcrumb\":{\"@id\":\"https:\\\/\\\/www.airtracksports.com\\\/index.php\\\/training\\\/#breadcrumb\"},\"inLanguage\":\"de\",\"potentialAction\":[{\"@type\":\"ReadAction\",\"target\":[\"https:\\\/\\\/www.airtracksports.com\\\/index.php\\\/training\\\/\"]}]},{\"@type\":\"BreadcrumbList\",\"@id\":\"https:\\\/\\\/www.airtracksports.com\\\/index.php\\\/training\\\/#breadcrumb\",\"itemListElement\":[{\"@type\":\"ListItem\",\"position\":1,\"name\":\"Startseite\",\"item\":\"https:\\\/\\\/www.airtracksports.com\\\/\"},{\"@type\":\"ListItem\",\"position\":2,\"name\":\"Trainings-Produkte\"}]},{\"@type\":\"WebSite\",\"@id\":\"https:\\\/\\\/www.airtracksports.com\\\/#website\",\"url\":\"https:\\\/\\\/www.airtracksports.com\\\/\",\"name\":\"AirTrackSports\",\"description\":\"\",\"publisher\":{\"@id\":\"https:\\\/\\\/www.airtracksports.com\\\/#organization\"},\"potentialAction\":[{\"@type\":\"SearchAction\",\"target\":{\"@type\":\"EntryPoint\",\"urlTemplate\":\"https:\\\/\\\/www.airtracksports.com\\\/?s={search_term_string}\"},\"query-input\":{\"@type\":\"PropertyValueSpecification\",\"valueRequired\":true,\"valueName\":\"search_term_string\"}}],\"inLanguage\":\"de\"},{\"@type\":\"Organization\",\"@id\":\"https:\\\/\\\/www.airtracksports.com\\\/#organization\",\"name\":\"AirTrackSports\",\"url\":\"https:\\\/\\\/www.airtracksports.com\\\/\",\"logo\":{\"@type\":\"ImageObject\",\"inLanguage\":\"de\",\"@id\":\"https:\\\/\\\/www.airtracksports.com\\\/#\\\/schema\\\/logo\\\/image\\\/\",\"url\":\"https:\\\/\\\/www.airtracksports.com\\\/wp-content\\\/uploads\\\/2020\\\/05\\\/cropped-LogoAirTrack-4.jpg\",\"contentUrl\":\"https:\\\/\\\/www.airtracksports.com\\\/wp-content\\\/uploads\\\/2020\\\/05\\\/cropped-LogoAirTrack-4.jpg\",\"width\":225,\"height\":90,\"caption\":\"AirTrackSports\"},\"image\":{\"@id\":\"https:\\\/\\\/www.airtracksports.com\\\/#\\\/schema\\\/logo\\\/image\\\/\"}}]}<\/script>\n<!-- \/ Yoast SEO plugin. -->","yoast_head_json":{"title":"Airtracksports - Home-Produkte - Trainiere zuhause weiter! - Infos","robots":{"index":"index","follow":"follow","max-snippet":"max-snippet:-1","max-image-preview":"max-image-preview:large","max-video-preview":"max-video-preview:-1"},"canonical":"https:\/\/www.airtracksports.com\/index.php\/training\/","og_locale":"de_DE","og_type":"article","og_title":"Airtracksports - Home-Produkte - Trainiere zuhause weiter! - Infos","og_description":"Katalog Das komplette Angebot von Airtrackfactory Standardausr\u00fcstung Elektrogebl\u00e4se (zum Aufblasen, Feinabstimmung und Entl\u00fcftung) Traggriffe Schutzh\u00fclle Anleitung Cooles Zubeh\u00f6r Airjump-Set, Airroll, Airbox, Airsteps, Airramp Trackconnect (Verbindungsst\u00fcck f\u00fcr zusammenh\u00e4ngende Airtrack) Manometer Entdecke das neue TrainingSet mit AirTrackFactory Die neueste Generation von AirTrackFactory ..Continue Reading","og_url":"https:\/\/www.airtracksports.com\/index.php\/training\/","og_site_name":"AirTrackSports","article_modified_time":"2025-11-21T10:44:54+00:00","twitter_card":"summary_large_image","twitter_misc":{"Gesch\u00e4tzte Lesezeit":"1\u00a0Minute"},"schema":{"@context":"https:\/\/schema.org","@graph":[{"@type":"WebPage","@id":"https:\/\/www.airtracksports.com\/index.php\/training\/","url":"https:\/\/www.airtracksports.com\/index.php\/training\/","name":"Airtracksports - Home-Produkte - Trainiere zuhause weiter! - Infos","isPartOf":{"@id":"https:\/\/www.airtracksports.com\/#website"},"datePublished":"2020-05-20T10:21:22+00:00","dateModified":"2025-11-21T10:44:54+00:00","breadcrumb":{"@id":"https:\/\/www.airtracksports.com\/index.php\/training\/#breadcrumb"},"inLanguage":"de","potentialAction":[{"@type":"ReadAction","target":["https:\/\/www.airtracksports.com\/index.php\/training\/"]}]},{"@type":"BreadcrumbList","@id":"https:\/\/www.airtracksports.com\/index.php\/training\/#breadcrumb","itemListElement":[{"@type":"ListItem","position":1,"name":"Startseite","item":"https:\/\/www.airtracksports.com\/"},{"@type":"ListItem","position":2,"name":"Trainings-Produkte"}]},{"@type":"WebSite","@id":"https:\/\/www.airtracksports.com\/#website","url":"https:\/\/www.airtracksports.com\/","name":"AirTrackSports","description":"","publisher":{"@id":"https:\/\/www.airtracksports.com\/#organization"},"potentialAction":[{"@type":"SearchAction","target":{"@type":"EntryPoint","urlTemplate":"https:\/\/www.airtracksports.com\/?s={search_term_string}"},"query-input":{"@type":"PropertyValueSpecification","valueRequired":true,"valueName":"search_term_string"}}],"inLanguage":"de"},{"@type":"Organization","@id":"https:\/\/www.airtracksports.com\/#organization","name":"AirTrackSports","url":"https:\/\/www.airtracksports.com\/","logo":{"@type":"ImageObject","inLanguage":"de","@id":"https:\/\/www.airtracksports.com\/#\/schema\/logo\/image\/","url":"https:\/\/www.airtracksports.com\/wp-content\/uploads\/2020\/05\/cropped-LogoAirTrack-4.jpg","contentUrl":"https:\/\/www.airtracksports.com\/wp-content\/uploads\/2020\/05\/cropped-LogoAirTrack-4.jpg","width":225,"height":90,"caption":"AirTrackSports"},"image":{"@id":"https:\/\/www.airtracksports.com\/#\/schema\/logo\/image\/"}}]}},"_links":{"self":[{"href":"https:\/\/www.airtracksports.com\/index.php\/wp-json\/wp\/v2\/pages\/1917","targetHints":{"allow":["GET"]}}],"collection":[{"href":"https:\/\/www.airtracksports.com\/index.php\/wp-json\/wp\/v2\/pages"}],"about":[{"href":"https:\/\/www.airtracksports.com\/index.php\/wp-json\/wp\/v2\/types\/page"}],"author":[{"embeddable":true,"href":"https:\/\/www.airtracksports.com\/index.php\/wp-json\/wp\/v2\/users\/1"}],"replies":[{"embeddable":true,"href":"https:\/\/www.airtracksports.com\/index.php\/wp-json\/wp\/v2\/comments?post=1917"}],"version-history":[{"count":44,"href":"https:\/\/www.airtracksports.com\/index.php\/wp-json\/wp\/v2\/pages\/1917\/revisions"}],"predecessor-version":[{"id":7559,"href":"https:\/\/www.airtracksports.com\/index.php\/wp-json\/wp\/v2\/pages\/1917\/revisions\/7559"}],"wp:attachment":[{"href":"https:\/\/www.airtracksports.com\/index.php\/wp-json\/wp\/v2\/media?parent=1917"}],"curies":[{"name":"wp","href":"https:\/\/api.w.org\/{rel}","templated":true}]}}