{"id":2216,"date":"2020-05-27T11:29:10","date_gmt":"2020-05-27T09:29:10","guid":{"rendered":"https:\/\/airtracksports.aarbeta.ch\/?page_id=2216"},"modified":"2020-07-08T12:42:48","modified_gmt":"2020-07-08T10:42:48","slug":"turnvereine","status":"publish","type":"page","link":"https:\/\/www.airtracksports.com\/index.php\/kundengruppen\/turnvereine\/","title":{"rendered":"Turnvereine &amp; Ger\u00e4teturnen"},"content":{"rendered":"\n<p>Die allerersten Airtracks wurden f\u00fcr und von Turnern entwickelt. Heutzutage ersetzen Trainer die konventionellen Turnger\u00e4te wie den Kasten, Schaumstoffmatten und Sprungbretter mit AirProdukten.<br>Unsere Matten zeichnen sich dadurch aus, dass sie sich weich am K\u00f6rper anf\u00fchlen und leicht und klein zu lagern sind, w\u00e4hrend herk\u00f6mmliche Ger\u00e4te schwer, volumin\u00f6s und hart am K\u00f6rper sind.<br>Auf Airtracks ist das Training sicherer, bringt mehr Vergn\u00fcgen und ist effektiver als mit konventionellen Ger\u00e4ten.<br>Turner aller Leistungsstufen werden viel Spass haben!<\/p>\n\n\n\n<p><span class=\"has-inline-color has-vivid-cyan-blue-color\">&#8220;Airtracks sind eine der besten Neuerungen, die es in den letzten Jahren gab. Es gibt fast nichts, was dem Airtrack in Sachen Motivation und Spass gleichkommt und in einer solchen Breite einsetzbar ist!&#8221; <\/span><span class=\"has-inline-color has-very-dark-gray-color\">Sebastian D\u00f6rr, Sportlehrer und Trainer<\/span><\/p>\n","protected":false},"excerpt":{"rendered":"<p>Die allerersten Airtracks wurden f\u00fcr und von Turnern entwickelt. Heutzutage ersetzen Trainer die konventionellen Turnger\u00e4te wie den Kasten, Schaumstoffmatten und Sprungbretter mit AirProdukten.Unsere Matten zeichnen sich dadurch aus, dass sie sich weich am K\u00f6rper anf\u00fchlen und leicht und klein zu ..<\/p>\n<div class=\"reading\"><a href=\"https:\/\/www.airtracksports.com\/index.php\/kundengruppen\/turnvereine\/\">Continue Reading<\/a><\/div>\n","protected":false},"author":1,"featured_media":0,"parent":1919,"menu_order":0,"comment_status":"closed","ping_status":"closed","template":"","meta":{"footnotes":""},"class_list":["post-2216","page","type-page","status-publish","hentry"],"yoast_head":"<!-- This site is optimized with the Yoast SEO plugin v27.5 - https:\/\/yoast.com\/product\/yoast-seo-wordpress\/ -->\n<title>Turnvereine &amp; Ger\u00e4teturnen - AirTrackSports<\/title>\n<meta name=\"robots\" content=\"index, follow, max-snippet:-1, max-image-preview:large, max-video-preview:-1\" \/>\n<link rel=\"canonical\" href=\"https:\/\/www.airtracksports.com\/index.php\/kundengruppen\/turnvereine\/\" \/>\n<meta property=\"og:locale\" content=\"de_DE\" \/>\n<meta property=\"og:type\" content=\"article\" \/>\n<meta property=\"og:title\" content=\"Turnvereine &amp; Ger\u00e4teturnen - AirTrackSports\" \/>\n<meta property=\"og:description\" content=\"Die allerersten Airtracks wurden f\u00fcr und von Turnern entwickelt. Heutzutage ersetzen Trainer die konventionellen Turnger\u00e4te wie den Kasten, Schaumstoffmatten und Sprungbretter mit AirProdukten.Unsere Matten zeichnen sich dadurch aus, dass sie sich weich am K\u00f6rper anf\u00fchlen und leicht und klein zu ..Continue Reading\" \/>\n<meta property=\"og:url\" content=\"https:\/\/www.airtracksports.com\/index.php\/kundengruppen\/turnvereine\/\" \/>\n<meta property=\"og:site_name\" content=\"AirTrackSports\" \/>\n<meta property=\"article:modified_time\" content=\"2020-07-08T10:42:48+00:00\" \/>\n<meta name=\"twitter:card\" content=\"summary_large_image\" \/>\n<meta name=\"twitter:label1\" content=\"Gesch\u00e4tzte Lesezeit\" \/>\n\t<meta name=\"twitter:data1\" content=\"1\u00a0Minute\" \/>\n<script type=\"application\/ld+json\" class=\"yoast-schema-graph\">{\"@context\":\"https:\\\/\\\/schema.org\",\"@graph\":[{\"@type\":\"WebPage\",\"@id\":\"https:\\\/\\\/www.airtracksports.com\\\/index.php\\\/kundengruppen\\\/turnvereine\\\/\",\"url\":\"https:\\\/\\\/www.airtracksports.com\\\/index.php\\\/kundengruppen\\\/turnvereine\\\/\",\"name\":\"Turnvereine &amp; Ger\u00e4teturnen - AirTrackSports\",\"isPartOf\":{\"@id\":\"https:\\\/\\\/www.airtracksports.com\\\/#website\"},\"datePublished\":\"2020-05-27T09:29:10+00:00\",\"dateModified\":\"2020-07-08T10:42:48+00:00\",\"breadcrumb\":{\"@id\":\"https:\\\/\\\/www.airtracksports.com\\\/index.php\\\/kundengruppen\\\/turnvereine\\\/#breadcrumb\"},\"inLanguage\":\"de\",\"potentialAction\":[{\"@type\":\"ReadAction\",\"target\":[\"https:\\\/\\\/www.airtracksports.com\\\/index.php\\\/kundengruppen\\\/turnvereine\\\/\"]}]},{\"@type\":\"BreadcrumbList\",\"@id\":\"https:\\\/\\\/www.airtracksports.com\\\/index.php\\\/kundengruppen\\\/turnvereine\\\/#breadcrumb\",\"itemListElement\":[{\"@type\":\"ListItem\",\"position\":1,\"name\":\"Startseite\",\"item\":\"https:\\\/\\\/www.airtracksports.com\\\/\"},{\"@type\":\"ListItem\",\"position\":2,\"name\":\"Kundengruppen\",\"item\":\"https:\\\/\\\/www.airtracksports.com\\\/index.php\\\/kundengruppen\\\/\"},{\"@type\":\"ListItem\",\"position\":3,\"name\":\"Turnvereine &amp; Ger\u00e4teturnen\"}]},{\"@type\":\"WebSite\",\"@id\":\"https:\\\/\\\/www.airtracksports.com\\\/#website\",\"url\":\"https:\\\/\\\/www.airtracksports.com\\\/\",\"name\":\"AirTrackSports\",\"description\":\"\",\"publisher\":{\"@id\":\"https:\\\/\\\/www.airtracksports.com\\\/#organization\"},\"potentialAction\":[{\"@type\":\"SearchAction\",\"target\":{\"@type\":\"EntryPoint\",\"urlTemplate\":\"https:\\\/\\\/www.airtracksports.com\\\/?s={search_term_string}\"},\"query-input\":{\"@type\":\"PropertyValueSpecification\",\"valueRequired\":true,\"valueName\":\"search_term_string\"}}],\"inLanguage\":\"de\"},{\"@type\":\"Organization\",\"@id\":\"https:\\\/\\\/www.airtracksports.com\\\/#organization\",\"name\":\"AirTrackSports\",\"url\":\"https:\\\/\\\/www.airtracksports.com\\\/\",\"logo\":{\"@type\":\"ImageObject\",\"inLanguage\":\"de\",\"@id\":\"https:\\\/\\\/www.airtracksports.com\\\/#\\\/schema\\\/logo\\\/image\\\/\",\"url\":\"https:\\\/\\\/www.airtracksports.com\\\/wp-content\\\/uploads\\\/2020\\\/05\\\/cropped-LogoAirTrack-4.jpg\",\"contentUrl\":\"https:\\\/\\\/www.airtracksports.com\\\/wp-content\\\/uploads\\\/2020\\\/05\\\/cropped-LogoAirTrack-4.jpg\",\"width\":225,\"height\":90,\"caption\":\"AirTrackSports\"},\"image\":{\"@id\":\"https:\\\/\\\/www.airtracksports.com\\\/#\\\/schema\\\/logo\\\/image\\\/\"}}]}<\/script>\n<!-- \/ Yoast SEO plugin. -->","yoast_head_json":{"title":"Turnvereine &amp; Ger\u00e4teturnen - AirTrackSports","robots":{"index":"index","follow":"follow","max-snippet":"max-snippet:-1","max-image-preview":"max-image-preview:large","max-video-preview":"max-video-preview:-1"},"canonical":"https:\/\/www.airtracksports.com\/index.php\/kundengruppen\/turnvereine\/","og_locale":"de_DE","og_type":"article","og_title":"Turnvereine &amp; Ger\u00e4teturnen - AirTrackSports","og_description":"Die allerersten Airtracks wurden f\u00fcr und von Turnern entwickelt. Heutzutage ersetzen Trainer die konventionellen Turnger\u00e4te wie den Kasten, Schaumstoffmatten und Sprungbretter mit AirProdukten.Unsere Matten zeichnen sich dadurch aus, dass sie sich weich am K\u00f6rper anf\u00fchlen und leicht und klein zu ..Continue Reading","og_url":"https:\/\/www.airtracksports.com\/index.php\/kundengruppen\/turnvereine\/","og_site_name":"AirTrackSports","article_modified_time":"2020-07-08T10:42:48+00:00","twitter_card":"summary_large_image","twitter_misc":{"Gesch\u00e4tzte Lesezeit":"1\u00a0Minute"},"schema":{"@context":"https:\/\/schema.org","@graph":[{"@type":"WebPage","@id":"https:\/\/www.airtracksports.com\/index.php\/kundengruppen\/turnvereine\/","url":"https:\/\/www.airtracksports.com\/index.php\/kundengruppen\/turnvereine\/","name":"Turnvereine &amp; Ger\u00e4teturnen - AirTrackSports","isPartOf":{"@id":"https:\/\/www.airtracksports.com\/#website"},"datePublished":"2020-05-27T09:29:10+00:00","dateModified":"2020-07-08T10:42:48+00:00","breadcrumb":{"@id":"https:\/\/www.airtracksports.com\/index.php\/kundengruppen\/turnvereine\/#breadcrumb"},"inLanguage":"de","potentialAction":[{"@type":"ReadAction","target":["https:\/\/www.airtracksports.com\/index.php\/kundengruppen\/turnvereine\/"]}]},{"@type":"BreadcrumbList","@id":"https:\/\/www.airtracksports.com\/index.php\/kundengruppen\/turnvereine\/#breadcrumb","itemListElement":[{"@type":"ListItem","position":1,"name":"Startseite","item":"https:\/\/www.airtracksports.com\/"},{"@type":"ListItem","position":2,"name":"Kundengruppen","item":"https:\/\/www.airtracksports.com\/index.php\/kundengruppen\/"},{"@type":"ListItem","position":3,"name":"Turnvereine &amp; Ger\u00e4teturnen"}]},{"@type":"WebSite","@id":"https:\/\/www.airtracksports.com\/#website","url":"https:\/\/www.airtracksports.com\/","name":"AirTrackSports","description":"","publisher":{"@id":"https:\/\/www.airtracksports.com\/#organization"},"potentialAction":[{"@type":"SearchAction","target":{"@type":"EntryPoint","urlTemplate":"https:\/\/www.airtracksports.com\/?s={search_term_string}"},"query-input":{"@type":"PropertyValueSpecification","valueRequired":true,"valueName":"search_term_string"}}],"inLanguage":"de"},{"@type":"Organization","@id":"https:\/\/www.airtracksports.com\/#organization","name":"AirTrackSports","url":"https:\/\/www.airtracksports.com\/","logo":{"@type":"ImageObject","inLanguage":"de","@id":"https:\/\/www.airtracksports.com\/#\/schema\/logo\/image\/","url":"https:\/\/www.airtracksports.com\/wp-content\/uploads\/2020\/05\/cropped-LogoAirTrack-4.jpg","contentUrl":"https:\/\/www.airtracksports.com\/wp-content\/uploads\/2020\/05\/cropped-LogoAirTrack-4.jpg","width":225,"height":90,"caption":"AirTrackSports"},"image":{"@id":"https:\/\/www.airtracksports.com\/#\/schema\/logo\/image\/"}}]}},"_links":{"self":[{"href":"https:\/\/www.airtracksports.com\/index.php\/wp-json\/wp\/v2\/pages\/2216","targetHints":{"allow":["GET"]}}],"collection":[{"href":"https:\/\/www.airtracksports.com\/index.php\/wp-json\/wp\/v2\/pages"}],"about":[{"href":"https:\/\/www.airtracksports.com\/index.php\/wp-json\/wp\/v2\/types\/page"}],"author":[{"embeddable":true,"href":"https:\/\/www.airtracksports.com\/index.php\/wp-json\/wp\/v2\/users\/1"}],"replies":[{"embeddable":true,"href":"https:\/\/www.airtracksports.com\/index.php\/wp-json\/wp\/v2\/comments?post=2216"}],"version-history":[{"count":9,"href":"https:\/\/www.airtracksports.com\/index.php\/wp-json\/wp\/v2\/pages\/2216\/revisions"}],"predecessor-version":[{"id":3299,"href":"https:\/\/www.airtracksports.com\/index.php\/wp-json\/wp\/v2\/pages\/2216\/revisions\/3299"}],"up":[{"embeddable":true,"href":"https:\/\/www.airtracksports.com\/index.php\/wp-json\/wp\/v2\/pages\/1919"}],"wp:attachment":[{"href":"https:\/\/www.airtracksports.com\/index.php\/wp-json\/wp\/v2\/media?parent=2216"}],"curies":[{"name":"wp","href":"https:\/\/api.w.org\/{rel}","templated":true}]}}