{"id":2227,"date":"2020-05-27T11:36:03","date_gmt":"2020-05-27T09:36:03","guid":{"rendered":"https:\/\/airtracksports.aarbeta.ch\/?page_id=2227"},"modified":"2020-07-08T12:42:06","modified_gmt":"2020-07-08T10:42:06","slug":"trampolinparks","status":"publish","type":"page","link":"https:\/\/www.airtracksports.com\/index.php\/kundengruppen\/trampolinparks\/","title":{"rendered":"Trampolinparks"},"content":{"rendered":"\n<p>Trampolin-Parks tauchen auf der ganzen Welt auf. F\u00fcr Parkbesitzer ist es eine Herausforderung, innovative, sichere, langlebige, aber auch kosteneffiziente Ger\u00e4te zu finden. Mit kaum Wartungsaufwand sind massgeschneiderte  Airtricks der neue Trend f\u00fcr Trampolinparks!<br>Airtricks sind kein Ersatz f\u00fcr Trampoline, aber sie bieten Ihrem Park eine Vielzahl neuer M\u00f6glichkeiten. Sie sind federnd zum Springen und weich zum Landen, aber auch stabil genug zum Laufen und Spielen. Sie k\u00f6nnen Ihre eigenen Linienmarkierungen hinzuf\u00fcgen, um ein Fussball-, Volleyball- oder Basketballfeld zu erstellen.<br>Das neue Airtrackfactory Infinity-Gebl\u00e4se h\u00e4lt Ihre Ausr\u00fcstung immer auf dem richtigen Druck.<\/p>\n\n\n\n<p><span class=\"has-inline-color has-vivid-cyan-blue-color\">&#8220;Dieses Produkt ist die Antwort auf die Bed\u00fcrfnisse junger Menschen, die ihre F\u00e4higkeit sicher aus\u00fcben m\u00f6chten.&#8221;<\/span> Janne J\u00e4rvenp\u00e4\u00e4, CEO RS Parks OY <\/p>\n","protected":false},"excerpt":{"rendered":"<p>Trampolin-Parks tauchen auf der ganzen Welt auf. F\u00fcr Parkbesitzer ist es eine Herausforderung, innovative, sichere, langlebige, aber auch kosteneffiziente Ger\u00e4te zu finden. Mit kaum Wartungsaufwand sind massgeschneiderte Airtricks der neue Trend f\u00fcr Trampolinparks!Airtricks sind kein Ersatz f\u00fcr Trampoline, aber sie ..<\/p>\n<div class=\"reading\"><a href=\"https:\/\/www.airtracksports.com\/index.php\/kundengruppen\/trampolinparks\/\">Continue Reading<\/a><\/div>\n","protected":false},"author":1,"featured_media":0,"parent":1919,"menu_order":0,"comment_status":"closed","ping_status":"closed","template":"","meta":{"footnotes":""},"class_list":["post-2227","page","type-page","status-publish","hentry"],"yoast_head":"<!-- This site is optimized with the Yoast SEO plugin v27.5 - https:\/\/yoast.com\/product\/yoast-seo-wordpress\/ -->\n<title>Trampolinparks - AirTrackSports<\/title>\n<meta name=\"robots\" content=\"index, follow, max-snippet:-1, max-image-preview:large, max-video-preview:-1\" \/>\n<link rel=\"canonical\" href=\"https:\/\/www.airtracksports.com\/index.php\/kundengruppen\/trampolinparks\/\" \/>\n<meta property=\"og:locale\" content=\"de_DE\" \/>\n<meta property=\"og:type\" content=\"article\" \/>\n<meta property=\"og:title\" content=\"Trampolinparks - AirTrackSports\" \/>\n<meta property=\"og:description\" content=\"Trampolin-Parks tauchen auf der ganzen Welt auf. F\u00fcr Parkbesitzer ist es eine Herausforderung, innovative, sichere, langlebige, aber auch kosteneffiziente Ger\u00e4te zu finden. Mit kaum Wartungsaufwand sind massgeschneiderte Airtricks der neue Trend f\u00fcr Trampolinparks!Airtricks sind kein Ersatz f\u00fcr Trampoline, aber sie ..Continue Reading\" \/>\n<meta property=\"og:url\" content=\"https:\/\/www.airtracksports.com\/index.php\/kundengruppen\/trampolinparks\/\" \/>\n<meta property=\"og:site_name\" content=\"AirTrackSports\" \/>\n<meta property=\"article:modified_time\" content=\"2020-07-08T10:42:06+00:00\" \/>\n<meta name=\"twitter:card\" content=\"summary_large_image\" \/>\n<meta name=\"twitter:label1\" content=\"Gesch\u00e4tzte Lesezeit\" \/>\n\t<meta name=\"twitter:data1\" content=\"1\u00a0Minute\" \/>\n<script type=\"application\/ld+json\" class=\"yoast-schema-graph\">{\"@context\":\"https:\\\/\\\/schema.org\",\"@graph\":[{\"@type\":\"WebPage\",\"@id\":\"https:\\\/\\\/www.airtracksports.com\\\/index.php\\\/kundengruppen\\\/trampolinparks\\\/\",\"url\":\"https:\\\/\\\/www.airtracksports.com\\\/index.php\\\/kundengruppen\\\/trampolinparks\\\/\",\"name\":\"Trampolinparks - AirTrackSports\",\"isPartOf\":{\"@id\":\"https:\\\/\\\/www.airtracksports.com\\\/#website\"},\"datePublished\":\"2020-05-27T09:36:03+00:00\",\"dateModified\":\"2020-07-08T10:42:06+00:00\",\"breadcrumb\":{\"@id\":\"https:\\\/\\\/www.airtracksports.com\\\/index.php\\\/kundengruppen\\\/trampolinparks\\\/#breadcrumb\"},\"inLanguage\":\"de\",\"potentialAction\":[{\"@type\":\"ReadAction\",\"target\":[\"https:\\\/\\\/www.airtracksports.com\\\/index.php\\\/kundengruppen\\\/trampolinparks\\\/\"]}]},{\"@type\":\"BreadcrumbList\",\"@id\":\"https:\\\/\\\/www.airtracksports.com\\\/index.php\\\/kundengruppen\\\/trampolinparks\\\/#breadcrumb\",\"itemListElement\":[{\"@type\":\"ListItem\",\"position\":1,\"name\":\"Startseite\",\"item\":\"https:\\\/\\\/www.airtracksports.com\\\/\"},{\"@type\":\"ListItem\",\"position\":2,\"name\":\"Kundengruppen\",\"item\":\"https:\\\/\\\/www.airtracksports.com\\\/index.php\\\/kundengruppen\\\/\"},{\"@type\":\"ListItem\",\"position\":3,\"name\":\"Trampolinparks\"}]},{\"@type\":\"WebSite\",\"@id\":\"https:\\\/\\\/www.airtracksports.com\\\/#website\",\"url\":\"https:\\\/\\\/www.airtracksports.com\\\/\",\"name\":\"AirTrackSports\",\"description\":\"\",\"publisher\":{\"@id\":\"https:\\\/\\\/www.airtracksports.com\\\/#organization\"},\"potentialAction\":[{\"@type\":\"SearchAction\",\"target\":{\"@type\":\"EntryPoint\",\"urlTemplate\":\"https:\\\/\\\/www.airtracksports.com\\\/?s={search_term_string}\"},\"query-input\":{\"@type\":\"PropertyValueSpecification\",\"valueRequired\":true,\"valueName\":\"search_term_string\"}}],\"inLanguage\":\"de\"},{\"@type\":\"Organization\",\"@id\":\"https:\\\/\\\/www.airtracksports.com\\\/#organization\",\"name\":\"AirTrackSports\",\"url\":\"https:\\\/\\\/www.airtracksports.com\\\/\",\"logo\":{\"@type\":\"ImageObject\",\"inLanguage\":\"de\",\"@id\":\"https:\\\/\\\/www.airtracksports.com\\\/#\\\/schema\\\/logo\\\/image\\\/\",\"url\":\"https:\\\/\\\/www.airtracksports.com\\\/wp-content\\\/uploads\\\/2020\\\/05\\\/cropped-LogoAirTrack-4.jpg\",\"contentUrl\":\"https:\\\/\\\/www.airtracksports.com\\\/wp-content\\\/uploads\\\/2020\\\/05\\\/cropped-LogoAirTrack-4.jpg\",\"width\":225,\"height\":90,\"caption\":\"AirTrackSports\"},\"image\":{\"@id\":\"https:\\\/\\\/www.airtracksports.com\\\/#\\\/schema\\\/logo\\\/image\\\/\"}}]}<\/script>\n<!-- \/ Yoast SEO plugin. -->","yoast_head_json":{"title":"Trampolinparks - AirTrackSports","robots":{"index":"index","follow":"follow","max-snippet":"max-snippet:-1","max-image-preview":"max-image-preview:large","max-video-preview":"max-video-preview:-1"},"canonical":"https:\/\/www.airtracksports.com\/index.php\/kundengruppen\/trampolinparks\/","og_locale":"de_DE","og_type":"article","og_title":"Trampolinparks - AirTrackSports","og_description":"Trampolin-Parks tauchen auf der ganzen Welt auf. F\u00fcr Parkbesitzer ist es eine Herausforderung, innovative, sichere, langlebige, aber auch kosteneffiziente Ger\u00e4te zu finden. Mit kaum Wartungsaufwand sind massgeschneiderte Airtricks der neue Trend f\u00fcr Trampolinparks!Airtricks sind kein Ersatz f\u00fcr Trampoline, aber sie ..Continue Reading","og_url":"https:\/\/www.airtracksports.com\/index.php\/kundengruppen\/trampolinparks\/","og_site_name":"AirTrackSports","article_modified_time":"2020-07-08T10:42:06+00:00","twitter_card":"summary_large_image","twitter_misc":{"Gesch\u00e4tzte Lesezeit":"1\u00a0Minute"},"schema":{"@context":"https:\/\/schema.org","@graph":[{"@type":"WebPage","@id":"https:\/\/www.airtracksports.com\/index.php\/kundengruppen\/trampolinparks\/","url":"https:\/\/www.airtracksports.com\/index.php\/kundengruppen\/trampolinparks\/","name":"Trampolinparks - AirTrackSports","isPartOf":{"@id":"https:\/\/www.airtracksports.com\/#website"},"datePublished":"2020-05-27T09:36:03+00:00","dateModified":"2020-07-08T10:42:06+00:00","breadcrumb":{"@id":"https:\/\/www.airtracksports.com\/index.php\/kundengruppen\/trampolinparks\/#breadcrumb"},"inLanguage":"de","potentialAction":[{"@type":"ReadAction","target":["https:\/\/www.airtracksports.com\/index.php\/kundengruppen\/trampolinparks\/"]}]},{"@type":"BreadcrumbList","@id":"https:\/\/www.airtracksports.com\/index.php\/kundengruppen\/trampolinparks\/#breadcrumb","itemListElement":[{"@type":"ListItem","position":1,"name":"Startseite","item":"https:\/\/www.airtracksports.com\/"},{"@type":"ListItem","position":2,"name":"Kundengruppen","item":"https:\/\/www.airtracksports.com\/index.php\/kundengruppen\/"},{"@type":"ListItem","position":3,"name":"Trampolinparks"}]},{"@type":"WebSite","@id":"https:\/\/www.airtracksports.com\/#website","url":"https:\/\/www.airtracksports.com\/","name":"AirTrackSports","description":"","publisher":{"@id":"https:\/\/www.airtracksports.com\/#organization"},"potentialAction":[{"@type":"SearchAction","target":{"@type":"EntryPoint","urlTemplate":"https:\/\/www.airtracksports.com\/?s={search_term_string}"},"query-input":{"@type":"PropertyValueSpecification","valueRequired":true,"valueName":"search_term_string"}}],"inLanguage":"de"},{"@type":"Organization","@id":"https:\/\/www.airtracksports.com\/#organization","name":"AirTrackSports","url":"https:\/\/www.airtracksports.com\/","logo":{"@type":"ImageObject","inLanguage":"de","@id":"https:\/\/www.airtracksports.com\/#\/schema\/logo\/image\/","url":"https:\/\/www.airtracksports.com\/wp-content\/uploads\/2020\/05\/cropped-LogoAirTrack-4.jpg","contentUrl":"https:\/\/www.airtracksports.com\/wp-content\/uploads\/2020\/05\/cropped-LogoAirTrack-4.jpg","width":225,"height":90,"caption":"AirTrackSports"},"image":{"@id":"https:\/\/www.airtracksports.com\/#\/schema\/logo\/image\/"}}]}},"_links":{"self":[{"href":"https:\/\/www.airtracksports.com\/index.php\/wp-json\/wp\/v2\/pages\/2227","targetHints":{"allow":["GET"]}}],"collection":[{"href":"https:\/\/www.airtracksports.com\/index.php\/wp-json\/wp\/v2\/pages"}],"about":[{"href":"https:\/\/www.airtracksports.com\/index.php\/wp-json\/wp\/v2\/types\/page"}],"author":[{"embeddable":true,"href":"https:\/\/www.airtracksports.com\/index.php\/wp-json\/wp\/v2\/users\/1"}],"replies":[{"embeddable":true,"href":"https:\/\/www.airtracksports.com\/index.php\/wp-json\/wp\/v2\/comments?post=2227"}],"version-history":[{"count":4,"href":"https:\/\/www.airtracksports.com\/index.php\/wp-json\/wp\/v2\/pages\/2227\/revisions"}],"predecessor-version":[{"id":3297,"href":"https:\/\/www.airtracksports.com\/index.php\/wp-json\/wp\/v2\/pages\/2227\/revisions\/3297"}],"up":[{"embeddable":true,"href":"https:\/\/www.airtracksports.com\/index.php\/wp-json\/wp\/v2\/pages\/1919"}],"wp:attachment":[{"href":"https:\/\/www.airtracksports.com\/index.php\/wp-json\/wp\/v2\/media?parent=2227"}],"curies":[{"name":"wp","href":"https:\/\/api.w.org\/{rel}","templated":true}]}}