{"id":2229,"date":"2020-05-27T11:37:12","date_gmt":"2020-05-27T09:37:12","guid":{"rendered":"https:\/\/airtracksports.aarbeta.ch\/?page_id=2229"},"modified":"2020-07-08T12:00:41","modified_gmt":"2020-07-08T10:00:41","slug":"cheerleading","status":"publish","type":"page","link":"https:\/\/www.airtracksports.com\/index.php\/kundengruppen\/cheerleading\/","title":{"rendered":"Cheerleading"},"content":{"rendered":"\n<p>Airtracks sind ideal f\u00fcr das Cheerleading; weich am K\u00f6rper, federnd wie ein Federboden und stabil genug f\u00fcr Pyramiden!<br>Verbessere deine Tumblingf\u00e4higkeiten auf dem Airtrack P2 oder P3 oder w\u00e4hle einen Airfloor f\u00fcr all-round Cheer \u00dcbungen. Sie sind alle sehr klein in der Lagerung und extrem schnell aufgebaut, was sie ideal f\u00fcr Cheer-Clubs macht die aufsteigen wollen, aber nicht den Platz oder das Budget f\u00fcr einen permanenten Boden haben.<br>F\u00fcgen Sie einem Airfloor ein 35 mm teppichgebundenen Schaum hinzu, um eine tragbare Federbodenalternative zu schaffen. Kombinieren Sie mehrere AirFloors mithilfe unserer nahtlosen Verbindungsmethode, um eine komplette Wettbewerbsfl\u00e4che zu erstellen.<br>Innerhalb von 45 Minuten ist ein Wettkampfboden aufgebaut. Kontaktieren Sie uns f\u00fcr weitere Informationen!<\/p>\n\n\n\n<p><span class=\"has-inline-color has-vivid-cyan-blue-color\">&#8220;Das Airtrack wird zusehends zum beliebtesten Tumbling-Track f\u00fcr Cheerleader.&#8221;<\/span> Angel Rice, Tumbler, Cheerleader, Weltrekordhalter, Weltmeister<\/p>\n","protected":false},"excerpt":{"rendered":"<p>Airtracks sind ideal f\u00fcr das Cheerleading; weich am K\u00f6rper, federnd wie ein Federboden und stabil genug f\u00fcr Pyramiden!Verbessere deine Tumblingf\u00e4higkeiten auf dem Airtrack P2 oder P3 oder w\u00e4hle einen Airfloor f\u00fcr all-round Cheer \u00dcbungen. Sie sind alle sehr klein in ..<\/p>\n<div class=\"reading\"><a href=\"https:\/\/www.airtracksports.com\/index.php\/kundengruppen\/cheerleading\/\">Continue Reading<\/a><\/div>\n","protected":false},"author":1,"featured_media":0,"parent":1919,"menu_order":0,"comment_status":"closed","ping_status":"closed","template":"","meta":{"footnotes":""},"class_list":["post-2229","page","type-page","status-publish","hentry"],"yoast_head":"<!-- This site is optimized with the Yoast SEO plugin v27.5 - https:\/\/yoast.com\/product\/yoast-seo-wordpress\/ -->\n<title>Cheerleading - AirTrackSports<\/title>\n<meta name=\"robots\" content=\"index, follow, max-snippet:-1, max-image-preview:large, max-video-preview:-1\" \/>\n<link rel=\"canonical\" href=\"https:\/\/www.airtracksports.com\/index.php\/kundengruppen\/cheerleading\/\" \/>\n<meta property=\"og:locale\" content=\"de_DE\" \/>\n<meta property=\"og:type\" content=\"article\" \/>\n<meta property=\"og:title\" content=\"Cheerleading - AirTrackSports\" \/>\n<meta property=\"og:description\" content=\"Airtracks sind ideal f\u00fcr das Cheerleading; weich am K\u00f6rper, federnd wie ein Federboden und stabil genug f\u00fcr Pyramiden!Verbessere deine Tumblingf\u00e4higkeiten auf dem Airtrack P2 oder P3 oder w\u00e4hle einen Airfloor f\u00fcr all-round Cheer \u00dcbungen. Sie sind alle sehr klein in ..Continue Reading\" \/>\n<meta property=\"og:url\" content=\"https:\/\/www.airtracksports.com\/index.php\/kundengruppen\/cheerleading\/\" \/>\n<meta property=\"og:site_name\" content=\"AirTrackSports\" \/>\n<meta property=\"article:modified_time\" content=\"2020-07-08T10:00:41+00:00\" \/>\n<meta name=\"twitter:card\" content=\"summary_large_image\" \/>\n<meta name=\"twitter:label1\" content=\"Gesch\u00e4tzte Lesezeit\" \/>\n\t<meta name=\"twitter:data1\" content=\"1\u00a0Minute\" \/>\n<script type=\"application\/ld+json\" class=\"yoast-schema-graph\">{\"@context\":\"https:\\\/\\\/schema.org\",\"@graph\":[{\"@type\":\"WebPage\",\"@id\":\"https:\\\/\\\/www.airtracksports.com\\\/index.php\\\/kundengruppen\\\/cheerleading\\\/\",\"url\":\"https:\\\/\\\/www.airtracksports.com\\\/index.php\\\/kundengruppen\\\/cheerleading\\\/\",\"name\":\"Cheerleading - AirTrackSports\",\"isPartOf\":{\"@id\":\"https:\\\/\\\/www.airtracksports.com\\\/#website\"},\"datePublished\":\"2020-05-27T09:37:12+00:00\",\"dateModified\":\"2020-07-08T10:00:41+00:00\",\"breadcrumb\":{\"@id\":\"https:\\\/\\\/www.airtracksports.com\\\/index.php\\\/kundengruppen\\\/cheerleading\\\/#breadcrumb\"},\"inLanguage\":\"de\",\"potentialAction\":[{\"@type\":\"ReadAction\",\"target\":[\"https:\\\/\\\/www.airtracksports.com\\\/index.php\\\/kundengruppen\\\/cheerleading\\\/\"]}]},{\"@type\":\"BreadcrumbList\",\"@id\":\"https:\\\/\\\/www.airtracksports.com\\\/index.php\\\/kundengruppen\\\/cheerleading\\\/#breadcrumb\",\"itemListElement\":[{\"@type\":\"ListItem\",\"position\":1,\"name\":\"Startseite\",\"item\":\"https:\\\/\\\/www.airtracksports.com\\\/\"},{\"@type\":\"ListItem\",\"position\":2,\"name\":\"Kundengruppen\",\"item\":\"https:\\\/\\\/www.airtracksports.com\\\/index.php\\\/kundengruppen\\\/\"},{\"@type\":\"ListItem\",\"position\":3,\"name\":\"Cheerleading\"}]},{\"@type\":\"WebSite\",\"@id\":\"https:\\\/\\\/www.airtracksports.com\\\/#website\",\"url\":\"https:\\\/\\\/www.airtracksports.com\\\/\",\"name\":\"AirTrackSports\",\"description\":\"\",\"publisher\":{\"@id\":\"https:\\\/\\\/www.airtracksports.com\\\/#organization\"},\"potentialAction\":[{\"@type\":\"SearchAction\",\"target\":{\"@type\":\"EntryPoint\",\"urlTemplate\":\"https:\\\/\\\/www.airtracksports.com\\\/?s={search_term_string}\"},\"query-input\":{\"@type\":\"PropertyValueSpecification\",\"valueRequired\":true,\"valueName\":\"search_term_string\"}}],\"inLanguage\":\"de\"},{\"@type\":\"Organization\",\"@id\":\"https:\\\/\\\/www.airtracksports.com\\\/#organization\",\"name\":\"AirTrackSports\",\"url\":\"https:\\\/\\\/www.airtracksports.com\\\/\",\"logo\":{\"@type\":\"ImageObject\",\"inLanguage\":\"de\",\"@id\":\"https:\\\/\\\/www.airtracksports.com\\\/#\\\/schema\\\/logo\\\/image\\\/\",\"url\":\"https:\\\/\\\/www.airtracksports.com\\\/wp-content\\\/uploads\\\/2020\\\/05\\\/cropped-LogoAirTrack-4.jpg\",\"contentUrl\":\"https:\\\/\\\/www.airtracksports.com\\\/wp-content\\\/uploads\\\/2020\\\/05\\\/cropped-LogoAirTrack-4.jpg\",\"width\":225,\"height\":90,\"caption\":\"AirTrackSports\"},\"image\":{\"@id\":\"https:\\\/\\\/www.airtracksports.com\\\/#\\\/schema\\\/logo\\\/image\\\/\"}}]}<\/script>\n<!-- \/ Yoast SEO plugin. -->","yoast_head_json":{"title":"Cheerleading - AirTrackSports","robots":{"index":"index","follow":"follow","max-snippet":"max-snippet:-1","max-image-preview":"max-image-preview:large","max-video-preview":"max-video-preview:-1"},"canonical":"https:\/\/www.airtracksports.com\/index.php\/kundengruppen\/cheerleading\/","og_locale":"de_DE","og_type":"article","og_title":"Cheerleading - AirTrackSports","og_description":"Airtracks sind ideal f\u00fcr das Cheerleading; weich am K\u00f6rper, federnd wie ein Federboden und stabil genug f\u00fcr Pyramiden!Verbessere deine Tumblingf\u00e4higkeiten auf dem Airtrack P2 oder P3 oder w\u00e4hle einen Airfloor f\u00fcr all-round Cheer \u00dcbungen. Sie sind alle sehr klein in ..Continue Reading","og_url":"https:\/\/www.airtracksports.com\/index.php\/kundengruppen\/cheerleading\/","og_site_name":"AirTrackSports","article_modified_time":"2020-07-08T10:00:41+00:00","twitter_card":"summary_large_image","twitter_misc":{"Gesch\u00e4tzte Lesezeit":"1\u00a0Minute"},"schema":{"@context":"https:\/\/schema.org","@graph":[{"@type":"WebPage","@id":"https:\/\/www.airtracksports.com\/index.php\/kundengruppen\/cheerleading\/","url":"https:\/\/www.airtracksports.com\/index.php\/kundengruppen\/cheerleading\/","name":"Cheerleading - AirTrackSports","isPartOf":{"@id":"https:\/\/www.airtracksports.com\/#website"},"datePublished":"2020-05-27T09:37:12+00:00","dateModified":"2020-07-08T10:00:41+00:00","breadcrumb":{"@id":"https:\/\/www.airtracksports.com\/index.php\/kundengruppen\/cheerleading\/#breadcrumb"},"inLanguage":"de","potentialAction":[{"@type":"ReadAction","target":["https:\/\/www.airtracksports.com\/index.php\/kundengruppen\/cheerleading\/"]}]},{"@type":"BreadcrumbList","@id":"https:\/\/www.airtracksports.com\/index.php\/kundengruppen\/cheerleading\/#breadcrumb","itemListElement":[{"@type":"ListItem","position":1,"name":"Startseite","item":"https:\/\/www.airtracksports.com\/"},{"@type":"ListItem","position":2,"name":"Kundengruppen","item":"https:\/\/www.airtracksports.com\/index.php\/kundengruppen\/"},{"@type":"ListItem","position":3,"name":"Cheerleading"}]},{"@type":"WebSite","@id":"https:\/\/www.airtracksports.com\/#website","url":"https:\/\/www.airtracksports.com\/","name":"AirTrackSports","description":"","publisher":{"@id":"https:\/\/www.airtracksports.com\/#organization"},"potentialAction":[{"@type":"SearchAction","target":{"@type":"EntryPoint","urlTemplate":"https:\/\/www.airtracksports.com\/?s={search_term_string}"},"query-input":{"@type":"PropertyValueSpecification","valueRequired":true,"valueName":"search_term_string"}}],"inLanguage":"de"},{"@type":"Organization","@id":"https:\/\/www.airtracksports.com\/#organization","name":"AirTrackSports","url":"https:\/\/www.airtracksports.com\/","logo":{"@type":"ImageObject","inLanguage":"de","@id":"https:\/\/www.airtracksports.com\/#\/schema\/logo\/image\/","url":"https:\/\/www.airtracksports.com\/wp-content\/uploads\/2020\/05\/cropped-LogoAirTrack-4.jpg","contentUrl":"https:\/\/www.airtracksports.com\/wp-content\/uploads\/2020\/05\/cropped-LogoAirTrack-4.jpg","width":225,"height":90,"caption":"AirTrackSports"},"image":{"@id":"https:\/\/www.airtracksports.com\/#\/schema\/logo\/image\/"}}]}},"_links":{"self":[{"href":"https:\/\/www.airtracksports.com\/index.php\/wp-json\/wp\/v2\/pages\/2229","targetHints":{"allow":["GET"]}}],"collection":[{"href":"https:\/\/www.airtracksports.com\/index.php\/wp-json\/wp\/v2\/pages"}],"about":[{"href":"https:\/\/www.airtracksports.com\/index.php\/wp-json\/wp\/v2\/types\/page"}],"author":[{"embeddable":true,"href":"https:\/\/www.airtracksports.com\/index.php\/wp-json\/wp\/v2\/users\/1"}],"replies":[{"embeddable":true,"href":"https:\/\/www.airtracksports.com\/index.php\/wp-json\/wp\/v2\/comments?post=2229"}],"version-history":[{"count":4,"href":"https:\/\/www.airtracksports.com\/index.php\/wp-json\/wp\/v2\/pages\/2229\/revisions"}],"predecessor-version":[{"id":3197,"href":"https:\/\/www.airtracksports.com\/index.php\/wp-json\/wp\/v2\/pages\/2229\/revisions\/3197"}],"up":[{"embeddable":true,"href":"https:\/\/www.airtracksports.com\/index.php\/wp-json\/wp\/v2\/pages\/1919"}],"wp:attachment":[{"href":"https:\/\/www.airtracksports.com\/index.php\/wp-json\/wp\/v2\/media?parent=2229"}],"curies":[{"name":"wp","href":"https:\/\/api.w.org\/{rel}","templated":true}]}}