{"id":3191,"date":"2020-07-08T11:58:06","date_gmt":"2020-07-08T09:58:06","guid":{"rendered":"https:\/\/www.airtracksports.com\/index.php\/formation-a-domicile\/"},"modified":"2025-11-21T11:44:11","modified_gmt":"2025-11-21T10:44:11","slug":"entrainement","status":"publish","type":"page","link":"https:\/\/www.airtracksports.com\/index.php\/entrainement\/?lang=fr","title":{"rendered":"Eintra\u00eenement"},"content":{"rendered":"\n<h4 class=\"wp-block-heading\"><strong>Catalogue<\/strong><\/h4>\n\n<div class=\"wp-block-file\"><a href=\"https:\/\/www.airtracksports.com\/wp-content\/uploads\/2021\/04\/Airtrackfactory-Katalog-2021.pdf\" target=\"_blank\" rel=\"noopener noreferrer\" class=\"wp-block-file__button\">La gamme compl\u00e8te d\u2019Airtrackfactory<\/a><\/div>\n<h4><strong>\u00c9quipement d\u00e9faut<\/strong><\/h4>\n<ul>\n<li>Souffleur \u00e9lectrique (pour gonflage, r\u00e9glage fin et ventilation)<\/li>\n<li>Poign\u00e9es<\/li>\n<li>Couverture de protection<\/li>\n<li>Instructions<\/li>\n<\/ul>\n<h4><strong>Accessoires<\/strong><\/h4>\n<ul>\n<li><a href=\"https:\/\/www.airtracksports.com\/index.php\/produkt\/airjump-set\/?lang=fr\" target=\"_blank\" rel=\"noopener noreferrer\">Airjump Set<\/a>, <a href=\"https:\/\/www.airtracksports.com\/index.php\/produkt\/airroll-blau\/\" target=\"_blank\" rel=\"noopener noreferrer\">Airroll<\/a>, Airbox, Airsteps, Airramp<\/li>\n<li><a href=\"https:\/\/www.airtracksports.com\/index.php\/produkt\/trackconnect-2\/?lang=fr\" target=\"_blank\" rel=\"noopener noreferrer\">Trackconnect (connecteur pour piste d\u2019air contigu)<\/a><\/li>\n<li><a href=\"https:\/\/www.airtracksports.com\/index.php\/produkt\/manometre\/?lang=fr\" target=\"_blank\" rel=\"noopener noreferrer\">Manom\u00e8tre<\/a><\/li>\n<\/ul>\n<p style=\"text-align: left\"><strong>D\u00e9couvrez le nouveau Trainingset avec Airtrackfactory<\/strong><\/p>\n<p style=\"text-align: left\">La derni\u00e8re g\u00e9n\u00e9ration <a href=\"http:\/\/www.airtrackfactory.com\">d\u2019Airtrackfactory<\/a> offre de nombreux nouveaux produits pour la formation \u00e0 la maison! Entra\u00eenez-vous o\u00f9 vous voulez &#8211; dans le jardin, dans votre chambre, &#8230; D\u00e9couvrez vos produits pr\u00e9f\u00e9r\u00e9s dans notre <a href=\"https:\/\/www.airtracksports.com\/wp-content\/uploads\/2020\/05\/Airtrackfactory-Katalog-Deutsch-20201.pdf\" target=\"_blank\" rel=\"noopener noreferrer\">catalogue<\/a>\/<a href=\"https:\/\/www.airtracksports.com\/index.php\/shop\/\" target=\"_blank\" rel=\"noopener noreferrer\">boutique<\/a>!<\/p>\n<p style=\"text-align: left\">Int\u00e9ress\u00e9? \u00c9cris un e-mail \u00e0<a href=\"mailto:daniel@airtracksports.com\"> daniel@airtracksports.com<\/a><\/p>\n<p><iframe loading=\"lazy\" title=\"The AirFloor Home by AirTrack Factory\" width=\"745\" height=\"419\" src=\"https:\/\/www.youtube.com\/embed\/_3_rJb6kZHQ?feature=oembed\" frameborder=\"0\" allow=\"accelerometer; autoplay; encrypted-media; gyroscope; picture-in-picture\" allowfullscreen><\/iframe><\/p>\n<p><iframe loading=\"lazy\" title=\"AirFloor Home &amp; AirFloor Home XL\" width=\"745\" height=\"419\" src=\"https:\/\/www.youtube.com\/embed\/klMxIakrPGQ?feature=oembed\" frameborder=\"0\" allow=\"accelerometer; autoplay; encrypted-media; gyroscope; picture-in-picture\" allowfullscreen><\/iframe><\/p>\n","protected":false},"excerpt":{"rendered":"<p>Catalogue La gamme compl\u00e8te d\u2019Airtrackfactory \u00c9quipement d\u00e9faut Souffleur \u00e9lectrique (pour gonflage, r\u00e9glage fin et ventilation) Poign\u00e9es Couverture de protection Instructions Accessoires Airjump Set, Airroll, Airbox, Airsteps, Airramp Trackconnect (connecteur pour piste d\u2019air contigu) Manom\u00e8tre D\u00e9couvrez le nouveau Trainingset avec Airtrackfactory ..<\/p>\n<div class=\"reading\"><a href=\"https:\/\/www.airtracksports.com\/index.php\/entrainement\/?lang=fr\">Continue Reading<\/a><\/div>\n","protected":false},"author":1,"featured_media":0,"parent":0,"menu_order":0,"comment_status":"closed","ping_status":"closed","template":"","meta":{"footnotes":""},"class_list":["post-3191","page","type-page","status-publish","hentry"],"yoast_head":"<!-- This site is optimized with the Yoast SEO plugin v27.3 - https:\/\/yoast.com\/product\/yoast-seo-wordpress\/ -->\n<title>Airtracksports - Produits maison - Continuez votre entra\u00eenement \u00e0 la maison! - Infos<\/title>\n<meta name=\"robots\" content=\"index, follow, max-snippet:-1, max-image-preview:large, max-video-preview:-1\" \/>\n<link rel=\"canonical\" href=\"https:\/\/www.airtracksports.com\/index.php\/training\/\" \/>\n<meta property=\"og:locale\" content=\"de_DE\" \/>\n<meta property=\"og:type\" content=\"article\" \/>\n<meta property=\"og:title\" content=\"Airtracksports - Produits maison - Continuez votre entra\u00eenement \u00e0 la maison! - Infos\" \/>\n<meta property=\"og:description\" content=\"Catalogue La gamme compl\u00e8te d\u2019Airtrackfactory \u00c9quipement d\u00e9faut Souffleur \u00e9lectrique (pour gonflage, r\u00e9glage fin et ventilation) Poign\u00e9es Couverture de protection Instructions Accessoires Airjump Set, Airroll, Airbox, Airsteps, Airramp Trackconnect (connecteur pour piste d\u2019air contigu) Manom\u00e8tre D\u00e9couvrez le nouveau Trainingset avec Airtrackfactory ..Continue Reading\" \/>\n<meta property=\"og:url\" content=\"https:\/\/www.airtracksports.com\/index.php\/training\/\" \/>\n<meta property=\"og:site_name\" content=\"AirTrackSports\" \/>\n<meta property=\"article:modified_time\" content=\"2025-11-21T10:44:11+00:00\" \/>\n<meta name=\"twitter:card\" content=\"summary_large_image\" \/>\n<meta name=\"twitter:label1\" content=\"Gesch\u00e4tzte Lesezeit\" \/>\n\t<meta name=\"twitter:data1\" content=\"1\u00a0Minute\" \/>\n<script type=\"application\/ld+json\" class=\"yoast-schema-graph\">{\"@context\":\"https:\\\/\\\/schema.org\",\"@graph\":[{\"@type\":\"WebPage\",\"@id\":\"https:\\\/\\\/www.airtracksports.com\\\/index.php\\\/training\\\/\",\"url\":\"https:\\\/\\\/www.airtracksports.com\\\/index.php\\\/training\\\/\",\"name\":\"Airtracksports - Produits maison - Continuez votre entra\u00eenement \u00e0 la maison! - Infos\",\"isPartOf\":{\"@id\":\"https:\\\/\\\/www.airtracksports.com\\\/#website\"},\"datePublished\":\"2020-07-08T09:58:06+00:00\",\"dateModified\":\"2025-11-21T10:44:11+00:00\",\"breadcrumb\":{\"@id\":\"https:\\\/\\\/www.airtracksports.com\\\/index.php\\\/training\\\/#breadcrumb\"},\"inLanguage\":\"de\",\"potentialAction\":[{\"@type\":\"ReadAction\",\"target\":[\"https:\\\/\\\/www.airtracksports.com\\\/index.php\\\/training\\\/\"]}]},{\"@type\":\"BreadcrumbList\",\"@id\":\"https:\\\/\\\/www.airtracksports.com\\\/index.php\\\/training\\\/#breadcrumb\",\"itemListElement\":[{\"@type\":\"ListItem\",\"position\":1,\"name\":\"Startseite\",\"item\":\"https:\\\/\\\/www.airtracksports.com\\\/\"},{\"@type\":\"ListItem\",\"position\":2,\"name\":\"Eintra\u00eenement\"}]},{\"@type\":\"WebSite\",\"@id\":\"https:\\\/\\\/www.airtracksports.com\\\/#website\",\"url\":\"https:\\\/\\\/www.airtracksports.com\\\/\",\"name\":\"AirTrackSports\",\"description\":\"\",\"publisher\":{\"@id\":\"https:\\\/\\\/www.airtracksports.com\\\/#organization\"},\"potentialAction\":[{\"@type\":\"SearchAction\",\"target\":{\"@type\":\"EntryPoint\",\"urlTemplate\":\"https:\\\/\\\/www.airtracksports.com\\\/?s={search_term_string}\"},\"query-input\":{\"@type\":\"PropertyValueSpecification\",\"valueRequired\":true,\"valueName\":\"search_term_string\"}}],\"inLanguage\":\"de\"},{\"@type\":\"Organization\",\"@id\":\"https:\\\/\\\/www.airtracksports.com\\\/#organization\",\"name\":\"AirTrackSports\",\"url\":\"https:\\\/\\\/www.airtracksports.com\\\/\",\"logo\":{\"@type\":\"ImageObject\",\"inLanguage\":\"de\",\"@id\":\"https:\\\/\\\/www.airtracksports.com\\\/#\\\/schema\\\/logo\\\/image\\\/\",\"url\":\"https:\\\/\\\/www.airtracksports.com\\\/wp-content\\\/uploads\\\/2020\\\/05\\\/cropped-LogoAirTrack-4.jpg\",\"contentUrl\":\"https:\\\/\\\/www.airtracksports.com\\\/wp-content\\\/uploads\\\/2020\\\/05\\\/cropped-LogoAirTrack-4.jpg\",\"width\":225,\"height\":90,\"caption\":\"AirTrackSports\"},\"image\":{\"@id\":\"https:\\\/\\\/www.airtracksports.com\\\/#\\\/schema\\\/logo\\\/image\\\/\"}}]}<\/script>\n<!-- \/ Yoast SEO plugin. -->","yoast_head_json":{"title":"Airtracksports - Produits maison - Continuez votre entra\u00eenement \u00e0 la maison! - Infos","robots":{"index":"index","follow":"follow","max-snippet":"max-snippet:-1","max-image-preview":"max-image-preview:large","max-video-preview":"max-video-preview:-1"},"canonical":"https:\/\/www.airtracksports.com\/index.php\/training\/","og_locale":"de_DE","og_type":"article","og_title":"Airtracksports - Produits maison - Continuez votre entra\u00eenement \u00e0 la maison! - Infos","og_description":"Catalogue La gamme compl\u00e8te d\u2019Airtrackfactory \u00c9quipement d\u00e9faut Souffleur \u00e9lectrique (pour gonflage, r\u00e9glage fin et ventilation) Poign\u00e9es Couverture de protection Instructions Accessoires Airjump Set, Airroll, Airbox, Airsteps, Airramp Trackconnect (connecteur pour piste d\u2019air contigu) Manom\u00e8tre D\u00e9couvrez le nouveau Trainingset avec Airtrackfactory ..Continue Reading","og_url":"https:\/\/www.airtracksports.com\/index.php\/training\/","og_site_name":"AirTrackSports","article_modified_time":"2025-11-21T10:44:11+00:00","twitter_card":"summary_large_image","twitter_misc":{"Gesch\u00e4tzte Lesezeit":"1\u00a0Minute"},"schema":{"@context":"https:\/\/schema.org","@graph":[{"@type":"WebPage","@id":"https:\/\/www.airtracksports.com\/index.php\/training\/","url":"https:\/\/www.airtracksports.com\/index.php\/training\/","name":"Airtracksports - Produits maison - Continuez votre entra\u00eenement \u00e0 la maison! - Infos","isPartOf":{"@id":"https:\/\/www.airtracksports.com\/#website"},"datePublished":"2020-07-08T09:58:06+00:00","dateModified":"2025-11-21T10:44:11+00:00","breadcrumb":{"@id":"https:\/\/www.airtracksports.com\/index.php\/training\/#breadcrumb"},"inLanguage":"de","potentialAction":[{"@type":"ReadAction","target":["https:\/\/www.airtracksports.com\/index.php\/training\/"]}]},{"@type":"BreadcrumbList","@id":"https:\/\/www.airtracksports.com\/index.php\/training\/#breadcrumb","itemListElement":[{"@type":"ListItem","position":1,"name":"Startseite","item":"https:\/\/www.airtracksports.com\/"},{"@type":"ListItem","position":2,"name":"Eintra\u00eenement"}]},{"@type":"WebSite","@id":"https:\/\/www.airtracksports.com\/#website","url":"https:\/\/www.airtracksports.com\/","name":"AirTrackSports","description":"","publisher":{"@id":"https:\/\/www.airtracksports.com\/#organization"},"potentialAction":[{"@type":"SearchAction","target":{"@type":"EntryPoint","urlTemplate":"https:\/\/www.airtracksports.com\/?s={search_term_string}"},"query-input":{"@type":"PropertyValueSpecification","valueRequired":true,"valueName":"search_term_string"}}],"inLanguage":"de"},{"@type":"Organization","@id":"https:\/\/www.airtracksports.com\/#organization","name":"AirTrackSports","url":"https:\/\/www.airtracksports.com\/","logo":{"@type":"ImageObject","inLanguage":"de","@id":"https:\/\/www.airtracksports.com\/#\/schema\/logo\/image\/","url":"https:\/\/www.airtracksports.com\/wp-content\/uploads\/2020\/05\/cropped-LogoAirTrack-4.jpg","contentUrl":"https:\/\/www.airtracksports.com\/wp-content\/uploads\/2020\/05\/cropped-LogoAirTrack-4.jpg","width":225,"height":90,"caption":"AirTrackSports"},"image":{"@id":"https:\/\/www.airtracksports.com\/#\/schema\/logo\/image\/"}}]}},"_links":{"self":[{"href":"https:\/\/www.airtracksports.com\/index.php\/wp-json\/wp\/v2\/pages\/3191","targetHints":{"allow":["GET"]}}],"collection":[{"href":"https:\/\/www.airtracksports.com\/index.php\/wp-json\/wp\/v2\/pages"}],"about":[{"href":"https:\/\/www.airtracksports.com\/index.php\/wp-json\/wp\/v2\/types\/page"}],"author":[{"embeddable":true,"href":"https:\/\/www.airtracksports.com\/index.php\/wp-json\/wp\/v2\/users\/1"}],"replies":[{"embeddable":true,"href":"https:\/\/www.airtracksports.com\/index.php\/wp-json\/wp\/v2\/comments?post=3191"}],"version-history":[{"count":13,"href":"https:\/\/www.airtracksports.com\/index.php\/wp-json\/wp\/v2\/pages\/3191\/revisions"}],"predecessor-version":[{"id":7107,"href":"https:\/\/www.airtracksports.com\/index.php\/wp-json\/wp\/v2\/pages\/3191\/revisions\/7107"}],"wp:attachment":[{"href":"https:\/\/www.airtracksports.com\/index.php\/wp-json\/wp\/v2\/media?parent=3191"}],"curies":[{"name":"wp","href":"https:\/\/api.w.org\/{rel}","templated":true}]}}