{"id":3195,"date":"2020-07-08T12:00:14","date_gmt":"2020-07-08T10:00:14","guid":{"rendered":"https:\/\/www.airtracksports.com\/index.php\/cheerleading\/"},"modified":"2020-07-16T13:27:13","modified_gmt":"2020-07-16T11:27:13","slug":"cheerleading","status":"publish","type":"page","link":"https:\/\/www.airtracksports.com\/index.php\/groupes-de-clients\/cheerleading\/?lang=fr","title":{"rendered":"Cheerleading"},"content":{"rendered":"\n<p>Les pistes d\u2019air sont id\u00e9ales pour le cheerleading; doux sur le corps, \u00e9lastique comme un fond de ressort et assez stable pour les pyramides!<br>Am\u00e9liorez vos comp\u00e9tences sur un Airtrack P2 ou P3 ou choisissez un Airfloor P1 pour tous vos exercices. Ils sont tous tr\u00e8s petits pour le stockage et construits extr\u00eamement rapidement, ce qui les rend id\u00e9alux pour les clubs qui veulent se lever, mais n\u2019ont pas l\u2019espace ou le budget pour un plancher permanent.<br>Ajoutez une mousse de 35 mm reli\u00e9e au tapis \u00e0 un Airfloor pour cr\u00e9er une alternative portable au plancher de saut. Combinez plusieurs Airfloors \u00e0 l\u2019aide de notre <a href=\"https:\/\/www.airtracksports.com\/index.php\/produkt\/trackconnect\/?lang=fr\">connexion<\/a> pour cr\u00e9er une zone de comp\u00e9tition compl\u00e8te.<br>Dans les 45 minutes, un plancher de comp\u00e9tition est mis en place. Contactez-nous pour plus d\u2019informations!<\/p>\n\n\n\n<p><span class=\"has-inline-color has-vivid-cyan-blue-color\">\u00abAirtrack est en train de devenir la piste la plus populaire pour les pom-pom girls. \u00bb<\/span> Angel Rice, Tumbler, Cheerleader, d\u00e9tenteur du record du monde, champion du monde<\/p>\n","protected":false},"excerpt":{"rendered":"<p>Les pistes d\u2019air sont id\u00e9ales pour le cheerleading; doux sur le corps, \u00e9lastique comme un fond de ressort et assez stable pour les pyramides!Am\u00e9liorez vos comp\u00e9tences sur un Airtrack P2 ou P3 ou choisissez un Airfloor P1 pour tous vos ..<\/p>\n<div class=\"reading\"><a href=\"https:\/\/www.airtracksports.com\/index.php\/groupes-de-clients\/cheerleading\/?lang=fr\">Continue Reading<\/a><\/div>\n","protected":false},"author":1,"featured_media":0,"parent":3251,"menu_order":0,"comment_status":"closed","ping_status":"closed","template":"","meta":{"footnotes":""},"class_list":["post-3195","page","type-page","status-publish","hentry"],"yoast_head":"<!-- This site is optimized with the Yoast SEO plugin v27.6 - https:\/\/yoast.com\/product\/yoast-seo-wordpress\/ -->\n<title>Cheerleading - AirTrackSports<\/title>\n<meta name=\"robots\" content=\"index, follow, max-snippet:-1, max-image-preview:large, max-video-preview:-1\" \/>\n<link rel=\"canonical\" href=\"https:\/\/www.airtracksports.com\/index.php\/groupes-de-clients\/cheerleading\/?lang=fr\" \/>\n<meta property=\"og:locale\" content=\"de_DE\" \/>\n<meta property=\"og:type\" content=\"article\" \/>\n<meta property=\"og:title\" content=\"Cheerleading - AirTrackSports\" \/>\n<meta property=\"og:description\" content=\"Les pistes d\u2019air sont id\u00e9ales pour le cheerleading; doux sur le corps, \u00e9lastique comme un fond de ressort et assez stable pour les pyramides!Am\u00e9liorez vos comp\u00e9tences sur un Airtrack P2 ou P3 ou choisissez un Airfloor P1 pour tous vos ..Continue Reading\" \/>\n<meta property=\"og:url\" content=\"https:\/\/www.airtracksports.com\/index.php\/groupes-de-clients\/cheerleading\/?lang=fr\" \/>\n<meta property=\"og:site_name\" content=\"AirTrackSports\" \/>\n<meta property=\"article:modified_time\" content=\"2020-07-16T11:27:13+00:00\" \/>\n<meta name=\"twitter:card\" content=\"summary_large_image\" \/>\n<meta name=\"twitter:label1\" content=\"Gesch\u00e4tzte Lesezeit\" \/>\n\t<meta name=\"twitter:data1\" content=\"1\u00a0Minute\" \/>\n<script type=\"application\/ld+json\" class=\"yoast-schema-graph\">{\"@context\":\"https:\\\/\\\/schema.org\",\"@graph\":[{\"@type\":\"WebPage\",\"@id\":\"https:\\\/\\\/www.airtracksports.com\\\/index.php\\\/groupes-de-clients\\\/cheerleading\\\/?lang=fr\",\"url\":\"https:\\\/\\\/www.airtracksports.com\\\/index.php\\\/groupes-de-clients\\\/cheerleading\\\/?lang=fr\",\"name\":\"Cheerleading - AirTrackSports\",\"isPartOf\":{\"@id\":\"https:\\\/\\\/www.airtracksports.com\\\/#website\"},\"datePublished\":\"2020-07-08T10:00:14+00:00\",\"dateModified\":\"2020-07-16T11:27:13+00:00\",\"breadcrumb\":{\"@id\":\"https:\\\/\\\/www.airtracksports.com\\\/index.php\\\/groupes-de-clients\\\/cheerleading\\\/?lang=fr#breadcrumb\"},\"inLanguage\":\"de\",\"potentialAction\":[{\"@type\":\"ReadAction\",\"target\":[\"https:\\\/\\\/www.airtracksports.com\\\/index.php\\\/groupes-de-clients\\\/cheerleading\\\/?lang=fr\"]}]},{\"@type\":\"BreadcrumbList\",\"@id\":\"https:\\\/\\\/www.airtracksports.com\\\/index.php\\\/groupes-de-clients\\\/cheerleading\\\/?lang=fr#breadcrumb\",\"itemListElement\":[{\"@type\":\"ListItem\",\"position\":1,\"name\":\"Startseite\",\"item\":\"https:\\\/\\\/www.airtracksports.com\\\/\"},{\"@type\":\"ListItem\",\"position\":2,\"name\":\"Types de clients\",\"item\":\"https:\\\/\\\/www.airtracksports.com\\\/index.php\\\/groupes-de-clients\\\/?lang=fr\"},{\"@type\":\"ListItem\",\"position\":3,\"name\":\"Cheerleading\"}]},{\"@type\":\"WebSite\",\"@id\":\"https:\\\/\\\/www.airtracksports.com\\\/#website\",\"url\":\"https:\\\/\\\/www.airtracksports.com\\\/\",\"name\":\"AirTrackSports\",\"description\":\"\",\"publisher\":{\"@id\":\"https:\\\/\\\/www.airtracksports.com\\\/#organization\"},\"potentialAction\":[{\"@type\":\"SearchAction\",\"target\":{\"@type\":\"EntryPoint\",\"urlTemplate\":\"https:\\\/\\\/www.airtracksports.com\\\/?s={search_term_string}\"},\"query-input\":{\"@type\":\"PropertyValueSpecification\",\"valueRequired\":true,\"valueName\":\"search_term_string\"}}],\"inLanguage\":\"de\"},{\"@type\":\"Organization\",\"@id\":\"https:\\\/\\\/www.airtracksports.com\\\/#organization\",\"name\":\"AirTrackSports\",\"url\":\"https:\\\/\\\/www.airtracksports.com\\\/\",\"logo\":{\"@type\":\"ImageObject\",\"inLanguage\":\"de\",\"@id\":\"https:\\\/\\\/www.airtracksports.com\\\/#\\\/schema\\\/logo\\\/image\\\/\",\"url\":\"https:\\\/\\\/www.airtracksports.com\\\/wp-content\\\/uploads\\\/2020\\\/05\\\/cropped-LogoAirTrack-4.jpg\",\"contentUrl\":\"https:\\\/\\\/www.airtracksports.com\\\/wp-content\\\/uploads\\\/2020\\\/05\\\/cropped-LogoAirTrack-4.jpg\",\"width\":225,\"height\":90,\"caption\":\"AirTrackSports\"},\"image\":{\"@id\":\"https:\\\/\\\/www.airtracksports.com\\\/#\\\/schema\\\/logo\\\/image\\\/\"}}]}<\/script>\n<!-- \/ Yoast SEO plugin. -->","yoast_head_json":{"title":"Cheerleading - AirTrackSports","robots":{"index":"index","follow":"follow","max-snippet":"max-snippet:-1","max-image-preview":"max-image-preview:large","max-video-preview":"max-video-preview:-1"},"canonical":"https:\/\/www.airtracksports.com\/index.php\/groupes-de-clients\/cheerleading\/?lang=fr","og_locale":"de_DE","og_type":"article","og_title":"Cheerleading - AirTrackSports","og_description":"Les pistes d\u2019air sont id\u00e9ales pour le cheerleading; doux sur le corps, \u00e9lastique comme un fond de ressort et assez stable pour les pyramides!Am\u00e9liorez vos comp\u00e9tences sur un Airtrack P2 ou P3 ou choisissez un Airfloor P1 pour tous vos ..Continue Reading","og_url":"https:\/\/www.airtracksports.com\/index.php\/groupes-de-clients\/cheerleading\/?lang=fr","og_site_name":"AirTrackSports","article_modified_time":"2020-07-16T11:27:13+00:00","twitter_card":"summary_large_image","twitter_misc":{"Gesch\u00e4tzte Lesezeit":"1\u00a0Minute"},"schema":{"@context":"https:\/\/schema.org","@graph":[{"@type":"WebPage","@id":"https:\/\/www.airtracksports.com\/index.php\/groupes-de-clients\/cheerleading\/?lang=fr","url":"https:\/\/www.airtracksports.com\/index.php\/groupes-de-clients\/cheerleading\/?lang=fr","name":"Cheerleading - AirTrackSports","isPartOf":{"@id":"https:\/\/www.airtracksports.com\/#website"},"datePublished":"2020-07-08T10:00:14+00:00","dateModified":"2020-07-16T11:27:13+00:00","breadcrumb":{"@id":"https:\/\/www.airtracksports.com\/index.php\/groupes-de-clients\/cheerleading\/?lang=fr#breadcrumb"},"inLanguage":"de","potentialAction":[{"@type":"ReadAction","target":["https:\/\/www.airtracksports.com\/index.php\/groupes-de-clients\/cheerleading\/?lang=fr"]}]},{"@type":"BreadcrumbList","@id":"https:\/\/www.airtracksports.com\/index.php\/groupes-de-clients\/cheerleading\/?lang=fr#breadcrumb","itemListElement":[{"@type":"ListItem","position":1,"name":"Startseite","item":"https:\/\/www.airtracksports.com\/"},{"@type":"ListItem","position":2,"name":"Types de clients","item":"https:\/\/www.airtracksports.com\/index.php\/groupes-de-clients\/?lang=fr"},{"@type":"ListItem","position":3,"name":"Cheerleading"}]},{"@type":"WebSite","@id":"https:\/\/www.airtracksports.com\/#website","url":"https:\/\/www.airtracksports.com\/","name":"AirTrackSports","description":"","publisher":{"@id":"https:\/\/www.airtracksports.com\/#organization"},"potentialAction":[{"@type":"SearchAction","target":{"@type":"EntryPoint","urlTemplate":"https:\/\/www.airtracksports.com\/?s={search_term_string}"},"query-input":{"@type":"PropertyValueSpecification","valueRequired":true,"valueName":"search_term_string"}}],"inLanguage":"de"},{"@type":"Organization","@id":"https:\/\/www.airtracksports.com\/#organization","name":"AirTrackSports","url":"https:\/\/www.airtracksports.com\/","logo":{"@type":"ImageObject","inLanguage":"de","@id":"https:\/\/www.airtracksports.com\/#\/schema\/logo\/image\/","url":"https:\/\/www.airtracksports.com\/wp-content\/uploads\/2020\/05\/cropped-LogoAirTrack-4.jpg","contentUrl":"https:\/\/www.airtracksports.com\/wp-content\/uploads\/2020\/05\/cropped-LogoAirTrack-4.jpg","width":225,"height":90,"caption":"AirTrackSports"},"image":{"@id":"https:\/\/www.airtracksports.com\/#\/schema\/logo\/image\/"}}]}},"_links":{"self":[{"href":"https:\/\/www.airtracksports.com\/index.php\/wp-json\/wp\/v2\/pages\/3195","targetHints":{"allow":["GET"]}}],"collection":[{"href":"https:\/\/www.airtracksports.com\/index.php\/wp-json\/wp\/v2\/pages"}],"about":[{"href":"https:\/\/www.airtracksports.com\/index.php\/wp-json\/wp\/v2\/types\/page"}],"author":[{"embeddable":true,"href":"https:\/\/www.airtracksports.com\/index.php\/wp-json\/wp\/v2\/users\/1"}],"replies":[{"embeddable":true,"href":"https:\/\/www.airtracksports.com\/index.php\/wp-json\/wp\/v2\/comments?post=3195"}],"version-history":[{"count":7,"href":"https:\/\/www.airtracksports.com\/index.php\/wp-json\/wp\/v2\/pages\/3195\/revisions"}],"predecessor-version":[{"id":3825,"href":"https:\/\/www.airtracksports.com\/index.php\/wp-json\/wp\/v2\/pages\/3195\/revisions\/3825"}],"up":[{"embeddable":true,"href":"https:\/\/www.airtracksports.com\/index.php\/wp-json\/wp\/v2\/pages\/3251"}],"wp:attachment":[{"href":"https:\/\/www.airtracksports.com\/index.php\/wp-json\/wp\/v2\/media?parent=3195"}],"curies":[{"name":"wp","href":"https:\/\/api.w.org\/{rel}","templated":true}]}}