{"id":3222,"date":"2020-07-08T12:17:32","date_gmt":"2020-07-08T10:17:32","guid":{"rendered":"https:\/\/www.airtracksports.com\/index.php\/informations-sur-le-produit\/"},"modified":"2025-11-21T11:42:50","modified_gmt":"2025-11-21T10:42:50","slug":"informations-sur-le-produit","status":"publish","type":"page","link":"https:\/\/www.airtracksports.com\/index.php\/informations-sur-le-produit\/?lang=fr","title":{"rendered":"Infos produits"},"content":{"rendered":"\n<h2 class=\"wp-block-heading\">Infos sur les produits<\/h2>\n\n\n\n<p><\/p>\n\n\n\n<p>Nous sommes heureux de vous dire ici ce qui fait nos produits gonflables \u00e0 l\u2019air, pourquoi la qualit\u00e9 de nos produits est excellente et vous r\u00e9pondre \u00e0 des questions qui sont souvent pos\u00e9es.<\/p>\n\n\n\n<div class=\"wp-block-columns are-vertically-aligned-top is-layout-flex wp-container-core-columns-is-layout-9d6595d7 wp-block-columns-is-layout-flex\">\n<div class=\"wp-block-column is-vertically-aligned-top is-layout-flow wp-block-column-is-layout-flow\"><\/div>\n\n\n\n<div class=\"wp-block-column is-vertically-aligned-top is-layout-flow wp-block-column-is-layout-flow\"><\/div>\n\n\n\n<div class=\"wp-block-column is-vertically-aligned-top is-layout-flow wp-block-column-is-layout-flow\"><\/div>\n<\/div>\n\n\n<div class=\"wp-block-group\">\n<div class=\"wp-block-group__inner-container\"><\/div>\n<\/div>\n\n\n<div class=\"wp-block-columns is-layout-flex wp-container-core-columns-is-layout-9d6595d7 wp-block-columns-is-layout-flex\">\n<div class=\"wp-block-column is-layout-flow wp-block-column-is-layout-flow\">\n<figure class=\"wp-block-image size-large\"><a href=\"https:\/\/www.airtracksports.com\/index.php\/nouvelles\/?lang=fr\"><img loading=\"lazy\" decoding=\"async\" width=\"441\" height=\"142\" src=\"https:\/\/www.airtracksports.com\/wp-content\/uploads\/2020\/07\/Actualit\u00e9s.png\" alt=\"\" class=\"wp-image-3758\" srcset=\"https:\/\/www.airtracksports.com\/wp-content\/uploads\/2020\/07\/Actualit\u00e9s.png 441w, https:\/\/www.airtracksports.com\/wp-content\/uploads\/2020\/07\/Actualit\u00e9s-300x97.png 300w\" sizes=\"auto, (max-width: 441px) 100vw, 441px\" \/><\/a><\/figure>\n\n\n\n<figure class=\"wp-block-image size-large\"><a href=\"https:\/\/www.airtracksports.com\/index.php\/entrainement-a-domicile\/?lang=fr\"><img decoding=\"async\" src=\"https:\/\/www.airtracksports.com\/wp-content\/uploads\/2025\/11\/Entrainement.png\" alt=\"\" class=\"wp-image-3756\"\/><\/a><\/figure>\n\n\n\n<figure class=\"wp-block-image size-large\"><a href=\"https:\/\/www.airtracksports.com\/index.php\/qualite\/?lang=fr\"><img loading=\"lazy\" decoding=\"async\" width=\"441\" height=\"142\" src=\"https:\/\/www.airtracksports.com\/wp-content\/uploads\/2020\/07\/Qualit\u00e9-1.png\" alt=\"\" class=\"wp-image-3764\" srcset=\"https:\/\/www.airtracksports.com\/wp-content\/uploads\/2020\/07\/Qualit\u00e9-1.png 441w, https:\/\/www.airtracksports.com\/wp-content\/uploads\/2020\/07\/Qualit\u00e9-1-300x97.png 300w\" sizes=\"auto, (max-width: 441px) 100vw, 441px\" \/><\/a><\/figure>\n<\/div>\n\n\n\n<div class=\"wp-block-column is-layout-flow wp-block-column-is-layout-flow\">\n<figure class=\"wp-block-image size-large\"><a href=\"https:\/\/www.airtracksports.com\/index.php\/informations-sur-le-produit\/produits-professionnels\/?lang=fr\"><img loading=\"lazy\" decoding=\"async\" width=\"441\" height=\"142\" src=\"https:\/\/www.airtracksports.com\/wp-content\/uploads\/2020\/07\/Produits-professionnels-2.png\" alt=\"\" class=\"wp-image-3762\" srcset=\"https:\/\/www.airtracksports.com\/wp-content\/uploads\/2020\/07\/Produits-professionnels-2.png 441w, https:\/\/www.airtracksports.com\/wp-content\/uploads\/2020\/07\/Produits-professionnels-2-300x97.png 300w\" sizes=\"auto, (max-width: 441px) 100vw, 441px\" \/><\/a><\/figure>\n\n\n\n<figure class=\"wp-block-image size-large\"><a href=\"https:\/\/www.airtracksports.com\/index.php\/groupes-de-clients\/?lang=fr\"><img loading=\"lazy\" decoding=\"async\" width=\"441\" height=\"142\" src=\"https:\/\/www.airtracksports.com\/wp-content\/uploads\/2020\/07\/Groupe-de-clients.png\" alt=\"\" class=\"wp-image-3766\" srcset=\"https:\/\/www.airtracksports.com\/wp-content\/uploads\/2020\/07\/Groupe-de-clients.png 441w, https:\/\/www.airtracksports.com\/wp-content\/uploads\/2020\/07\/Groupe-de-clients-300x97.png 300w\" sizes=\"auto, (max-width: 441px) 100vw, 441px\" \/><\/a><\/figure>\n\n\n\n<figure class=\"wp-block-image size-large\"><a href=\"https:\/\/www.airtracksports.com\/index.php\/faq\/?lang=fr\"><img loading=\"lazy\" decoding=\"async\" width=\"441\" height=\"142\" src=\"https:\/\/www.airtracksports.com\/wp-content\/uploads\/2020\/07\/FAQ-1.png\" alt=\"\" class=\"wp-image-3754\" srcset=\"https:\/\/www.airtracksports.com\/wp-content\/uploads\/2020\/07\/FAQ-1.png 441w, https:\/\/www.airtracksports.com\/wp-content\/uploads\/2020\/07\/FAQ-1-300x97.png 300w\" sizes=\"auto, (max-width: 441px) 100vw, 441px\" \/><\/a><\/figure>\n<\/div>\n<\/div>\n","protected":false},"excerpt":{"rendered":"<p>Infos sur les produits Nous sommes heureux de vous dire ici ce qui fait nos produits gonflables \u00e0 l\u2019air, pourquoi la qualit\u00e9 de nos produits est excellente et vous r\u00e9pondre \u00e0 des questions qui sont souvent pos\u00e9es.<\/p>\n","protected":false},"author":1,"featured_media":0,"parent":0,"menu_order":1,"comment_status":"closed","ping_status":"closed","template":"","meta":{"footnotes":""},"class_list":["post-3222","page","type-page","status-publish","hentry"],"yoast_head":"<!-- This site is optimized with the Yoast SEO plugin v27.5 - https:\/\/yoast.com\/product\/yoast-seo-wordpress\/ -->\n<title>Infos produits - AirTrackSports<\/title>\n<meta name=\"robots\" content=\"index, follow, max-snippet:-1, max-image-preview:large, max-video-preview:-1\" \/>\n<link rel=\"canonical\" href=\"https:\/\/www.airtracksports.com\/index.php\/produktinfos\/\" \/>\n<meta property=\"og:locale\" content=\"de_DE\" \/>\n<meta property=\"og:type\" content=\"article\" \/>\n<meta property=\"og:title\" content=\"Infos produits - AirTrackSports\" \/>\n<meta property=\"og:description\" content=\"Infos sur les produits Nous sommes heureux de vous dire ici ce qui fait nos produits gonflables \u00e0 l\u2019air, pourquoi la qualit\u00e9 de nos produits est excellente et vous r\u00e9pondre \u00e0 des questions qui sont souvent pos\u00e9es.\" \/>\n<meta property=\"og:url\" content=\"https:\/\/www.airtracksports.com\/index.php\/produktinfos\/\" \/>\n<meta property=\"og:site_name\" content=\"AirTrackSports\" \/>\n<meta property=\"article:modified_time\" content=\"2025-11-21T10:42:50+00:00\" \/>\n<meta property=\"og:image\" content=\"https:\/\/www.airtracksports.com\/wp-content\/uploads\/2025\/11\/Entrainement.png\" \/>\n<meta name=\"twitter:card\" content=\"summary_large_image\" \/>\n<meta name=\"twitter:label1\" content=\"Gesch\u00e4tzte Lesezeit\" \/>\n\t<meta name=\"twitter:data1\" content=\"2\u00a0Minuten\" \/>\n<script type=\"application\/ld+json\" class=\"yoast-schema-graph\">{\"@context\":\"https:\\\/\\\/schema.org\",\"@graph\":[{\"@type\":\"WebPage\",\"@id\":\"https:\\\/\\\/www.airtracksports.com\\\/index.php\\\/produktinfos\\\/\",\"url\":\"https:\\\/\\\/www.airtracksports.com\\\/index.php\\\/produktinfos\\\/\",\"name\":\"Infos produits - AirTrackSports\",\"isPartOf\":{\"@id\":\"https:\\\/\\\/www.airtracksports.com\\\/#website\"},\"primaryImageOfPage\":{\"@id\":\"https:\\\/\\\/www.airtracksports.com\\\/index.php\\\/produktinfos\\\/#primaryimage\"},\"image\":{\"@id\":\"https:\\\/\\\/www.airtracksports.com\\\/index.php\\\/produktinfos\\\/#primaryimage\"},\"thumbnailUrl\":\"https:\\\/\\\/www.airtracksports.com\\\/wp-content\\\/uploads\\\/2025\\\/11\\\/Entrainement.png\",\"datePublished\":\"2020-07-08T10:17:32+00:00\",\"dateModified\":\"2025-11-21T10:42:50+00:00\",\"breadcrumb\":{\"@id\":\"https:\\\/\\\/www.airtracksports.com\\\/index.php\\\/produktinfos\\\/#breadcrumb\"},\"inLanguage\":\"de\",\"potentialAction\":[{\"@type\":\"ReadAction\",\"target\":[\"https:\\\/\\\/www.airtracksports.com\\\/index.php\\\/produktinfos\\\/\"]}]},{\"@type\":\"ImageObject\",\"inLanguage\":\"de\",\"@id\":\"https:\\\/\\\/www.airtracksports.com\\\/index.php\\\/produktinfos\\\/#primaryimage\",\"url\":\"https:\\\/\\\/www.airtracksports.com\\\/wp-content\\\/uploads\\\/2020\\\/07\\\/Formation-\u00e0-domicile.png\",\"contentUrl\":\"https:\\\/\\\/www.airtracksports.com\\\/wp-content\\\/uploads\\\/2020\\\/07\\\/Formation-\u00e0-domicile.png\",\"width\":441,\"height\":142,\"caption\":\"Formation \u00e0 domicile\"},{\"@type\":\"BreadcrumbList\",\"@id\":\"https:\\\/\\\/www.airtracksports.com\\\/index.php\\\/produktinfos\\\/#breadcrumb\",\"itemListElement\":[{\"@type\":\"ListItem\",\"position\":1,\"name\":\"Startseite\",\"item\":\"https:\\\/\\\/www.airtracksports.com\\\/\"},{\"@type\":\"ListItem\",\"position\":2,\"name\":\"Infos produits\"}]},{\"@type\":\"WebSite\",\"@id\":\"https:\\\/\\\/www.airtracksports.com\\\/#website\",\"url\":\"https:\\\/\\\/www.airtracksports.com\\\/\",\"name\":\"AirTrackSports\",\"description\":\"\",\"publisher\":{\"@id\":\"https:\\\/\\\/www.airtracksports.com\\\/#organization\"},\"potentialAction\":[{\"@type\":\"SearchAction\",\"target\":{\"@type\":\"EntryPoint\",\"urlTemplate\":\"https:\\\/\\\/www.airtracksports.com\\\/?s={search_term_string}\"},\"query-input\":{\"@type\":\"PropertyValueSpecification\",\"valueRequired\":true,\"valueName\":\"search_term_string\"}}],\"inLanguage\":\"de\"},{\"@type\":\"Organization\",\"@id\":\"https:\\\/\\\/www.airtracksports.com\\\/#organization\",\"name\":\"AirTrackSports\",\"url\":\"https:\\\/\\\/www.airtracksports.com\\\/\",\"logo\":{\"@type\":\"ImageObject\",\"inLanguage\":\"de\",\"@id\":\"https:\\\/\\\/www.airtracksports.com\\\/#\\\/schema\\\/logo\\\/image\\\/\",\"url\":\"https:\\\/\\\/www.airtracksports.com\\\/wp-content\\\/uploads\\\/2020\\\/05\\\/cropped-LogoAirTrack-4.jpg\",\"contentUrl\":\"https:\\\/\\\/www.airtracksports.com\\\/wp-content\\\/uploads\\\/2020\\\/05\\\/cropped-LogoAirTrack-4.jpg\",\"width\":225,\"height\":90,\"caption\":\"AirTrackSports\"},\"image\":{\"@id\":\"https:\\\/\\\/www.airtracksports.com\\\/#\\\/schema\\\/logo\\\/image\\\/\"}}]}<\/script>\n<!-- \/ Yoast SEO plugin. -->","yoast_head_json":{"title":"Infos produits - AirTrackSports","robots":{"index":"index","follow":"follow","max-snippet":"max-snippet:-1","max-image-preview":"max-image-preview:large","max-video-preview":"max-video-preview:-1"},"canonical":"https:\/\/www.airtracksports.com\/index.php\/produktinfos\/","og_locale":"de_DE","og_type":"article","og_title":"Infos produits - AirTrackSports","og_description":"Infos sur les produits Nous sommes heureux de vous dire ici ce qui fait nos produits gonflables \u00e0 l\u2019air, pourquoi la qualit\u00e9 de nos produits est excellente et vous r\u00e9pondre \u00e0 des questions qui sont souvent pos\u00e9es.","og_url":"https:\/\/www.airtracksports.com\/index.php\/produktinfos\/","og_site_name":"AirTrackSports","article_modified_time":"2025-11-21T10:42:50+00:00","og_image":[{"url":"https:\/\/www.airtracksports.com\/wp-content\/uploads\/2025\/11\/Entrainement.png","type":"","width":"","height":""}],"twitter_card":"summary_large_image","twitter_misc":{"Gesch\u00e4tzte Lesezeit":"2\u00a0Minuten"},"schema":{"@context":"https:\/\/schema.org","@graph":[{"@type":"WebPage","@id":"https:\/\/www.airtracksports.com\/index.php\/produktinfos\/","url":"https:\/\/www.airtracksports.com\/index.php\/produktinfos\/","name":"Infos produits - AirTrackSports","isPartOf":{"@id":"https:\/\/www.airtracksports.com\/#website"},"primaryImageOfPage":{"@id":"https:\/\/www.airtracksports.com\/index.php\/produktinfos\/#primaryimage"},"image":{"@id":"https:\/\/www.airtracksports.com\/index.php\/produktinfos\/#primaryimage"},"thumbnailUrl":"https:\/\/www.airtracksports.com\/wp-content\/uploads\/2025\/11\/Entrainement.png","datePublished":"2020-07-08T10:17:32+00:00","dateModified":"2025-11-21T10:42:50+00:00","breadcrumb":{"@id":"https:\/\/www.airtracksports.com\/index.php\/produktinfos\/#breadcrumb"},"inLanguage":"de","potentialAction":[{"@type":"ReadAction","target":["https:\/\/www.airtracksports.com\/index.php\/produktinfos\/"]}]},{"@type":"ImageObject","inLanguage":"de","@id":"https:\/\/www.airtracksports.com\/index.php\/produktinfos\/#primaryimage","url":"https:\/\/www.airtracksports.com\/wp-content\/uploads\/2020\/07\/Formation-\u00e0-domicile.png","contentUrl":"https:\/\/www.airtracksports.com\/wp-content\/uploads\/2020\/07\/Formation-\u00e0-domicile.png","width":441,"height":142,"caption":"Formation \u00e0 domicile"},{"@type":"BreadcrumbList","@id":"https:\/\/www.airtracksports.com\/index.php\/produktinfos\/#breadcrumb","itemListElement":[{"@type":"ListItem","position":1,"name":"Startseite","item":"https:\/\/www.airtracksports.com\/"},{"@type":"ListItem","position":2,"name":"Infos produits"}]},{"@type":"WebSite","@id":"https:\/\/www.airtracksports.com\/#website","url":"https:\/\/www.airtracksports.com\/","name":"AirTrackSports","description":"","publisher":{"@id":"https:\/\/www.airtracksports.com\/#organization"},"potentialAction":[{"@type":"SearchAction","target":{"@type":"EntryPoint","urlTemplate":"https:\/\/www.airtracksports.com\/?s={search_term_string}"},"query-input":{"@type":"PropertyValueSpecification","valueRequired":true,"valueName":"search_term_string"}}],"inLanguage":"de"},{"@type":"Organization","@id":"https:\/\/www.airtracksports.com\/#organization","name":"AirTrackSports","url":"https:\/\/www.airtracksports.com\/","logo":{"@type":"ImageObject","inLanguage":"de","@id":"https:\/\/www.airtracksports.com\/#\/schema\/logo\/image\/","url":"https:\/\/www.airtracksports.com\/wp-content\/uploads\/2020\/05\/cropped-LogoAirTrack-4.jpg","contentUrl":"https:\/\/www.airtracksports.com\/wp-content\/uploads\/2020\/05\/cropped-LogoAirTrack-4.jpg","width":225,"height":90,"caption":"AirTrackSports"},"image":{"@id":"https:\/\/www.airtracksports.com\/#\/schema\/logo\/image\/"}}]}},"_links":{"self":[{"href":"https:\/\/www.airtracksports.com\/index.php\/wp-json\/wp\/v2\/pages\/3222","targetHints":{"allow":["GET"]}}],"collection":[{"href":"https:\/\/www.airtracksports.com\/index.php\/wp-json\/wp\/v2\/pages"}],"about":[{"href":"https:\/\/www.airtracksports.com\/index.php\/wp-json\/wp\/v2\/types\/page"}],"author":[{"embeddable":true,"href":"https:\/\/www.airtracksports.com\/index.php\/wp-json\/wp\/v2\/users\/1"}],"replies":[{"embeddable":true,"href":"https:\/\/www.airtracksports.com\/index.php\/wp-json\/wp\/v2\/comments?post=3222"}],"version-history":[{"count":17,"href":"https:\/\/www.airtracksports.com\/index.php\/wp-json\/wp\/v2\/pages\/3222\/revisions"}],"predecessor-version":[{"id":7125,"href":"https:\/\/www.airtracksports.com\/index.php\/wp-json\/wp\/v2\/pages\/3222\/revisions\/7125"}],"wp:attachment":[{"href":"https:\/\/www.airtracksports.com\/index.php\/wp-json\/wp\/v2\/media?parent=3222"}],"curies":[{"name":"wp","href":"https:\/\/api.w.org\/{rel}","templated":true}]}}