{"id":3274,"date":"2020-07-08T12:36:34","date_gmt":"2020-07-08T10:36:34","guid":{"rendered":"https:\/\/www.airtracksports.com\/index.php\/groupes-de-clients\/parcours-freerunning\/"},"modified":"2020-07-08T12:44:09","modified_gmt":"2020-07-08T10:44:09","slug":"parcours-freerunning","status":"publish","type":"page","link":"https:\/\/www.airtracksports.com\/index.php\/groupes-de-clients\/parcours-freerunning\/?lang=fr","title":{"rendered":"Parcours &amp; Freerunning"},"content":{"rendered":"\n<p>Des athl\u00e8tes de renomm\u00e9e mondiale tels que Pro Freerunner &#8216;DK&#8217; et le cascadeur professionnel Damien Walters se portent garants des possibilit\u00e9s de prendre de l\u2019ampleur sur l\u2019Airtrick.<br\/>L\u2019Airtrick est le premier tapis d\u2019entra\u00eenement sp\u00e9cialement d\u00e9velopp\u00e9 pour tromper et freerunning. Avec sa grande surface \u00e9lastique, il est id\u00e9al pour les d\u00e9butants et les utilisateurs avanc\u00e9s.<br\/>L\u2019Airbox en combinaison avec un airtrick est id\u00e9al pour le parkour et freerunning. Des pi\u00e8ces s\u00e9par\u00e9es peuvent \u00eatre utilis\u00e9es individuellement ou empil\u00e9es. La hauteur de saut possible et les propri\u00e9t\u00e9s douces abaissent votre anxi\u00e9t\u00e9 et astuces cool sont garantis!<br\/>Tout le monde, jeunes et moins jeunes, d\u00e9butant ou professionnel, aura une grande s\u00e9ance d\u2019entra\u00eenement!<br\/>Pr\u00e9f\u00e9rez-vous une surface mince, stable et s\u00fbre pour les arts martiaux ou souhaitez-vous prendre un peu d\u2019air? Airtrack Factory offre des \u00e9quipements que tout le monde (extr\u00eamement) artiste martial va adorer!<br\/>Notre plancher d\u2019air de 10 cm d\u2019\u00e9paisseur est id\u00e9al pour pratiquer la stabilit\u00e9, l\u2019agilit\u00e9, la force, l\u2019endurance et la vitesse. Connectez plusieurs planchers d\u2019air pour cr\u00e9er un plancher complet, l\u00e9ger et portable pour l\u2019entra\u00eenement et les spectacles.<br\/>Tu en veux plus ? Essayez notre c\u00e9l\u00e8bre Airtrick de 30 cm d\u2019\u00e9paisseur! En ajustant la pression, vous pouvez trouver votre saut id\u00e9al. L\u2019Airtrick est c\u00e9l\u00e8bre pour la hauteur incroyable qu\u2019il vous offre. Il est id\u00e9al pour les tours lourds et vous verrez comment vous vous am\u00e9liorez en un rien de temps!<\/p>\n\n<p><span class=\"has-inline-color has-vivid-cyan-blue-color\">\u00ab Je suis toujours \u00e9tonn\u00e9 de voir \u00e0 quel point l\u2019Airtrick offre beaucoup de plaisir et de vari\u00e9t\u00e9. \u00bb <\/span>Damien Walters, Cascadeur d\u2019Hollywood, Youtubeur, Freerunner<\/p>\n","protected":false},"excerpt":{"rendered":"<p>Des athl\u00e8tes de renomm\u00e9e mondiale tels que Pro Freerunner &#8216;DK&#8217; et le cascadeur professionnel Damien Walters se portent garants des possibilit\u00e9s de prendre de l\u2019ampleur sur l\u2019Airtrick.L\u2019Airtrick est le premier tapis d\u2019entra\u00eenement sp\u00e9cialement d\u00e9velopp\u00e9 pour tromper et freerunning. Avec sa ..<\/p>\n<div class=\"reading\"><a href=\"https:\/\/www.airtracksports.com\/index.php\/groupes-de-clients\/parcours-freerunning\/?lang=fr\">Continue Reading<\/a><\/div>\n","protected":false},"author":1,"featured_media":0,"parent":3251,"menu_order":0,"comment_status":"closed","ping_status":"closed","template":"","meta":{"footnotes":""},"class_list":["post-3274","page","type-page","status-publish","hentry"],"yoast_head":"<!-- This site is optimized with the Yoast SEO plugin v27.5 - https:\/\/yoast.com\/product\/yoast-seo-wordpress\/ -->\n<title>Parcours &amp; Freerunning - AirTrackSports<\/title>\n<meta name=\"robots\" content=\"index, follow, max-snippet:-1, max-image-preview:large, max-video-preview:-1\" \/>\n<link rel=\"canonical\" href=\"https:\/\/www.airtracksports.com\/index.php\/groupes-de-clients\/parcours-freerunning\/?lang=fr\" \/>\n<meta property=\"og:locale\" content=\"de_DE\" \/>\n<meta property=\"og:type\" content=\"article\" \/>\n<meta property=\"og:title\" content=\"Parcours &amp; Freerunning - AirTrackSports\" \/>\n<meta property=\"og:description\" content=\"Des athl\u00e8tes de renomm\u00e9e mondiale tels que Pro Freerunner &#8216;DK&#8217; et le cascadeur professionnel Damien Walters se portent garants des possibilit\u00e9s de prendre de l\u2019ampleur sur l\u2019Airtrick.L\u2019Airtrick est le premier tapis d\u2019entra\u00eenement sp\u00e9cialement d\u00e9velopp\u00e9 pour tromper et freerunning. Avec sa ..Continue Reading\" \/>\n<meta property=\"og:url\" content=\"https:\/\/www.airtracksports.com\/index.php\/groupes-de-clients\/parcours-freerunning\/?lang=fr\" \/>\n<meta property=\"og:site_name\" content=\"AirTrackSports\" \/>\n<meta property=\"article:modified_time\" content=\"2020-07-08T10:44:09+00:00\" \/>\n<meta name=\"twitter:card\" content=\"summary_large_image\" \/>\n<meta name=\"twitter:label1\" content=\"Gesch\u00e4tzte Lesezeit\" \/>\n\t<meta name=\"twitter:data1\" content=\"2\u00a0Minuten\" \/>\n<script type=\"application\/ld+json\" class=\"yoast-schema-graph\">{\"@context\":\"https:\\\/\\\/schema.org\",\"@graph\":[{\"@type\":\"WebPage\",\"@id\":\"https:\\\/\\\/www.airtracksports.com\\\/index.php\\\/groupes-de-clients\\\/parcours-freerunning\\\/?lang=fr\",\"url\":\"https:\\\/\\\/www.airtracksports.com\\\/index.php\\\/groupes-de-clients\\\/parcours-freerunning\\\/?lang=fr\",\"name\":\"Parcours &amp; Freerunning - AirTrackSports\",\"isPartOf\":{\"@id\":\"https:\\\/\\\/www.airtracksports.com\\\/#website\"},\"datePublished\":\"2020-07-08T10:36:34+00:00\",\"dateModified\":\"2020-07-08T10:44:09+00:00\",\"breadcrumb\":{\"@id\":\"https:\\\/\\\/www.airtracksports.com\\\/index.php\\\/groupes-de-clients\\\/parcours-freerunning\\\/?lang=fr#breadcrumb\"},\"inLanguage\":\"de\",\"potentialAction\":[{\"@type\":\"ReadAction\",\"target\":[\"https:\\\/\\\/www.airtracksports.com\\\/index.php\\\/groupes-de-clients\\\/parcours-freerunning\\\/?lang=fr\"]}]},{\"@type\":\"BreadcrumbList\",\"@id\":\"https:\\\/\\\/www.airtracksports.com\\\/index.php\\\/groupes-de-clients\\\/parcours-freerunning\\\/?lang=fr#breadcrumb\",\"itemListElement\":[{\"@type\":\"ListItem\",\"position\":1,\"name\":\"Startseite\",\"item\":\"https:\\\/\\\/www.airtracksports.com\\\/\"},{\"@type\":\"ListItem\",\"position\":2,\"name\":\"Types de clients\",\"item\":\"https:\\\/\\\/www.airtracksports.com\\\/index.php\\\/groupes-de-clients\\\/?lang=fr\"},{\"@type\":\"ListItem\",\"position\":3,\"name\":\"Parcours &amp; Freerunning\"}]},{\"@type\":\"WebSite\",\"@id\":\"https:\\\/\\\/www.airtracksports.com\\\/#website\",\"url\":\"https:\\\/\\\/www.airtracksports.com\\\/\",\"name\":\"AirTrackSports\",\"description\":\"\",\"publisher\":{\"@id\":\"https:\\\/\\\/www.airtracksports.com\\\/#organization\"},\"potentialAction\":[{\"@type\":\"SearchAction\",\"target\":{\"@type\":\"EntryPoint\",\"urlTemplate\":\"https:\\\/\\\/www.airtracksports.com\\\/?s={search_term_string}\"},\"query-input\":{\"@type\":\"PropertyValueSpecification\",\"valueRequired\":true,\"valueName\":\"search_term_string\"}}],\"inLanguage\":\"de\"},{\"@type\":\"Organization\",\"@id\":\"https:\\\/\\\/www.airtracksports.com\\\/#organization\",\"name\":\"AirTrackSports\",\"url\":\"https:\\\/\\\/www.airtracksports.com\\\/\",\"logo\":{\"@type\":\"ImageObject\",\"inLanguage\":\"de\",\"@id\":\"https:\\\/\\\/www.airtracksports.com\\\/#\\\/schema\\\/logo\\\/image\\\/\",\"url\":\"https:\\\/\\\/www.airtracksports.com\\\/wp-content\\\/uploads\\\/2020\\\/05\\\/cropped-LogoAirTrack-4.jpg\",\"contentUrl\":\"https:\\\/\\\/www.airtracksports.com\\\/wp-content\\\/uploads\\\/2020\\\/05\\\/cropped-LogoAirTrack-4.jpg\",\"width\":225,\"height\":90,\"caption\":\"AirTrackSports\"},\"image\":{\"@id\":\"https:\\\/\\\/www.airtracksports.com\\\/#\\\/schema\\\/logo\\\/image\\\/\"}}]}<\/script>\n<!-- \/ Yoast SEO plugin. -->","yoast_head_json":{"title":"Parcours &amp; Freerunning - AirTrackSports","robots":{"index":"index","follow":"follow","max-snippet":"max-snippet:-1","max-image-preview":"max-image-preview:large","max-video-preview":"max-video-preview:-1"},"canonical":"https:\/\/www.airtracksports.com\/index.php\/groupes-de-clients\/parcours-freerunning\/?lang=fr","og_locale":"de_DE","og_type":"article","og_title":"Parcours &amp; Freerunning - AirTrackSports","og_description":"Des athl\u00e8tes de renomm\u00e9e mondiale tels que Pro Freerunner &#8216;DK&#8217; et le cascadeur professionnel Damien Walters se portent garants des possibilit\u00e9s de prendre de l\u2019ampleur sur l\u2019Airtrick.L\u2019Airtrick est le premier tapis d\u2019entra\u00eenement sp\u00e9cialement d\u00e9velopp\u00e9 pour tromper et freerunning. Avec sa ..Continue Reading","og_url":"https:\/\/www.airtracksports.com\/index.php\/groupes-de-clients\/parcours-freerunning\/?lang=fr","og_site_name":"AirTrackSports","article_modified_time":"2020-07-08T10:44:09+00:00","twitter_card":"summary_large_image","twitter_misc":{"Gesch\u00e4tzte Lesezeit":"2\u00a0Minuten"},"schema":{"@context":"https:\/\/schema.org","@graph":[{"@type":"WebPage","@id":"https:\/\/www.airtracksports.com\/index.php\/groupes-de-clients\/parcours-freerunning\/?lang=fr","url":"https:\/\/www.airtracksports.com\/index.php\/groupes-de-clients\/parcours-freerunning\/?lang=fr","name":"Parcours &amp; Freerunning - AirTrackSports","isPartOf":{"@id":"https:\/\/www.airtracksports.com\/#website"},"datePublished":"2020-07-08T10:36:34+00:00","dateModified":"2020-07-08T10:44:09+00:00","breadcrumb":{"@id":"https:\/\/www.airtracksports.com\/index.php\/groupes-de-clients\/parcours-freerunning\/?lang=fr#breadcrumb"},"inLanguage":"de","potentialAction":[{"@type":"ReadAction","target":["https:\/\/www.airtracksports.com\/index.php\/groupes-de-clients\/parcours-freerunning\/?lang=fr"]}]},{"@type":"BreadcrumbList","@id":"https:\/\/www.airtracksports.com\/index.php\/groupes-de-clients\/parcours-freerunning\/?lang=fr#breadcrumb","itemListElement":[{"@type":"ListItem","position":1,"name":"Startseite","item":"https:\/\/www.airtracksports.com\/"},{"@type":"ListItem","position":2,"name":"Types de clients","item":"https:\/\/www.airtracksports.com\/index.php\/groupes-de-clients\/?lang=fr"},{"@type":"ListItem","position":3,"name":"Parcours &amp; Freerunning"}]},{"@type":"WebSite","@id":"https:\/\/www.airtracksports.com\/#website","url":"https:\/\/www.airtracksports.com\/","name":"AirTrackSports","description":"","publisher":{"@id":"https:\/\/www.airtracksports.com\/#organization"},"potentialAction":[{"@type":"SearchAction","target":{"@type":"EntryPoint","urlTemplate":"https:\/\/www.airtracksports.com\/?s={search_term_string}"},"query-input":{"@type":"PropertyValueSpecification","valueRequired":true,"valueName":"search_term_string"}}],"inLanguage":"de"},{"@type":"Organization","@id":"https:\/\/www.airtracksports.com\/#organization","name":"AirTrackSports","url":"https:\/\/www.airtracksports.com\/","logo":{"@type":"ImageObject","inLanguage":"de","@id":"https:\/\/www.airtracksports.com\/#\/schema\/logo\/image\/","url":"https:\/\/www.airtracksports.com\/wp-content\/uploads\/2020\/05\/cropped-LogoAirTrack-4.jpg","contentUrl":"https:\/\/www.airtracksports.com\/wp-content\/uploads\/2020\/05\/cropped-LogoAirTrack-4.jpg","width":225,"height":90,"caption":"AirTrackSports"},"image":{"@id":"https:\/\/www.airtracksports.com\/#\/schema\/logo\/image\/"}}]}},"_links":{"self":[{"href":"https:\/\/www.airtracksports.com\/index.php\/wp-json\/wp\/v2\/pages\/3274","targetHints":{"allow":["GET"]}}],"collection":[{"href":"https:\/\/www.airtracksports.com\/index.php\/wp-json\/wp\/v2\/pages"}],"about":[{"href":"https:\/\/www.airtracksports.com\/index.php\/wp-json\/wp\/v2\/types\/page"}],"author":[{"embeddable":true,"href":"https:\/\/www.airtracksports.com\/index.php\/wp-json\/wp\/v2\/users\/1"}],"replies":[{"embeddable":true,"href":"https:\/\/www.airtracksports.com\/index.php\/wp-json\/wp\/v2\/comments?post=3274"}],"version-history":[{"count":4,"href":"https:\/\/www.airtracksports.com\/index.php\/wp-json\/wp\/v2\/pages\/3274\/revisions"}],"predecessor-version":[{"id":3300,"href":"https:\/\/www.airtracksports.com\/index.php\/wp-json\/wp\/v2\/pages\/3274\/revisions\/3300"}],"up":[{"embeddable":true,"href":"https:\/\/www.airtracksports.com\/index.php\/wp-json\/wp\/v2\/pages\/3251"}],"wp:attachment":[{"href":"https:\/\/www.airtracksports.com\/index.php\/wp-json\/wp\/v2\/media?parent=3274"}],"curies":[{"name":"wp","href":"https:\/\/api.w.org\/{rel}","templated":true}]}}