{"id":3281,"date":"2020-07-08T12:37:58","date_gmt":"2020-07-08T10:37:58","guid":{"rendered":"https:\/\/www.airtracksports.com\/index.php\/groupes-de-clients\/parcs-de-trampoline\/"},"modified":"2020-07-08T12:44:54","modified_gmt":"2020-07-08T10:44:54","slug":"parcs-de-trampoline","status":"publish","type":"page","link":"https:\/\/www.airtracksports.com\/index.php\/groupes-de-clients\/parcs-de-trampoline\/?lang=fr","title":{"rendered":"Parcs de trampoline"},"content":{"rendered":"\n<p>Les parcs de trampoline surgissent partout dans le monde. C\u2019est un d\u00e9fi pour les propri\u00e9taires de parc de trouver des appareils novateurs, s\u00fbrs, durables, mais aussi rentables. Avec presque aucun effort d\u2019entretien, les tours d\u2019air sur mesure sont la nouvelle tendance pour les parcs de trampoline!<br\/>Les airtricks ne remplacent pas les trampolines, mais ils offrent \u00e0 votre parc une vari\u00e9t\u00e9 de nouvelles possibilit\u00e9s. Ils sont \u00e9lastiques pour le saut et doux \u00e0 l\u2019atterrissage, mais aussi assez stable pour courir et jouer. Vous pouvez ajouter vos propres marqueurs de ligne pour cr\u00e9er un terrain de football, de volley-ball ou de basket-ball.<br\/>Le nouveau souffleur Airtrackfactory Infinity maintient votre \u00e9quipement sur la bonne voie.<\/p>\n\n<p><span class=\"has-inline-color has-vivid-cyan-blue-color\">\u00ab Ce produit est la r\u00e9ponse aux besoins des jeunes qui veulent exercer leurs capacit\u00e9s en toute s\u00e9curit\u00e9. \u00bb<\/span> Janne J\u00e4rvenp\u00e4\u00e4, PDG de RS Parks OY <\/p>\n","protected":false},"excerpt":{"rendered":"<p>Les parcs de trampoline surgissent partout dans le monde. C\u2019est un d\u00e9fi pour les propri\u00e9taires de parc de trouver des appareils novateurs, s\u00fbrs, durables, mais aussi rentables. Avec presque aucun effort d\u2019entretien, les tours d\u2019air sur mesure sont la nouvelle ..<\/p>\n<div class=\"reading\"><a href=\"https:\/\/www.airtracksports.com\/index.php\/groupes-de-clients\/parcs-de-trampoline\/?lang=fr\">Continue Reading<\/a><\/div>\n","protected":false},"author":1,"featured_media":0,"parent":3251,"menu_order":0,"comment_status":"closed","ping_status":"closed","template":"","meta":{"footnotes":""},"class_list":["post-3281","page","type-page","status-publish","hentry"],"yoast_head":"<!-- This site is optimized with the Yoast SEO plugin v27.4 - https:\/\/yoast.com\/product\/yoast-seo-wordpress\/ -->\n<title>Parcs de trampoline - AirTrackSports<\/title>\n<meta name=\"robots\" content=\"index, follow, max-snippet:-1, max-image-preview:large, max-video-preview:-1\" \/>\n<link rel=\"canonical\" href=\"https:\/\/www.airtracksports.com\/index.php\/kundengruppen\/trampolinparks\/\" \/>\n<meta property=\"og:locale\" content=\"de_DE\" \/>\n<meta property=\"og:type\" content=\"article\" \/>\n<meta property=\"og:title\" content=\"Parcs de trampoline - AirTrackSports\" \/>\n<meta property=\"og:description\" content=\"Les parcs de trampoline surgissent partout dans le monde. C\u2019est un d\u00e9fi pour les propri\u00e9taires de parc de trouver des appareils novateurs, s\u00fbrs, durables, mais aussi rentables. Avec presque aucun effort d\u2019entretien, les tours d\u2019air sur mesure sont la nouvelle ..Continue Reading\" \/>\n<meta property=\"og:url\" content=\"https:\/\/www.airtracksports.com\/index.php\/kundengruppen\/trampolinparks\/\" \/>\n<meta property=\"og:site_name\" content=\"AirTrackSports\" \/>\n<meta property=\"article:modified_time\" content=\"2020-07-08T10:44:54+00:00\" \/>\n<meta name=\"twitter:card\" content=\"summary_large_image\" \/>\n<meta name=\"twitter:label1\" content=\"Gesch\u00e4tzte Lesezeit\" \/>\n\t<meta name=\"twitter:data1\" content=\"1\u00a0Minute\" \/>\n<script type=\"application\/ld+json\" class=\"yoast-schema-graph\">{\"@context\":\"https:\\\/\\\/schema.org\",\"@graph\":[{\"@type\":\"WebPage\",\"@id\":\"https:\\\/\\\/www.airtracksports.com\\\/index.php\\\/kundengruppen\\\/trampolinparks\\\/\",\"url\":\"https:\\\/\\\/www.airtracksports.com\\\/index.php\\\/kundengruppen\\\/trampolinparks\\\/\",\"name\":\"Parcs de trampoline - AirTrackSports\",\"isPartOf\":{\"@id\":\"https:\\\/\\\/www.airtracksports.com\\\/#website\"},\"datePublished\":\"2020-07-08T10:37:58+00:00\",\"dateModified\":\"2020-07-08T10:44:54+00:00\",\"breadcrumb\":{\"@id\":\"https:\\\/\\\/www.airtracksports.com\\\/index.php\\\/kundengruppen\\\/trampolinparks\\\/#breadcrumb\"},\"inLanguage\":\"de\",\"potentialAction\":[{\"@type\":\"ReadAction\",\"target\":[\"https:\\\/\\\/www.airtracksports.com\\\/index.php\\\/kundengruppen\\\/trampolinparks\\\/\"]}]},{\"@type\":\"BreadcrumbList\",\"@id\":\"https:\\\/\\\/www.airtracksports.com\\\/index.php\\\/kundengruppen\\\/trampolinparks\\\/#breadcrumb\",\"itemListElement\":[{\"@type\":\"ListItem\",\"position\":1,\"name\":\"Startseite\",\"item\":\"https:\\\/\\\/www.airtracksports.com\\\/\"},{\"@type\":\"ListItem\",\"position\":2,\"name\":\"Types de clients\",\"item\":\"https:\\\/\\\/www.airtracksports.com\\\/index.php\\\/groupes-de-clients\\\/?lang=fr\"},{\"@type\":\"ListItem\",\"position\":3,\"name\":\"Parcs de trampoline\"}]},{\"@type\":\"WebSite\",\"@id\":\"https:\\\/\\\/www.airtracksports.com\\\/#website\",\"url\":\"https:\\\/\\\/www.airtracksports.com\\\/\",\"name\":\"AirTrackSports\",\"description\":\"\",\"publisher\":{\"@id\":\"https:\\\/\\\/www.airtracksports.com\\\/#organization\"},\"potentialAction\":[{\"@type\":\"SearchAction\",\"target\":{\"@type\":\"EntryPoint\",\"urlTemplate\":\"https:\\\/\\\/www.airtracksports.com\\\/?s={search_term_string}\"},\"query-input\":{\"@type\":\"PropertyValueSpecification\",\"valueRequired\":true,\"valueName\":\"search_term_string\"}}],\"inLanguage\":\"de\"},{\"@type\":\"Organization\",\"@id\":\"https:\\\/\\\/www.airtracksports.com\\\/#organization\",\"name\":\"AirTrackSports\",\"url\":\"https:\\\/\\\/www.airtracksports.com\\\/\",\"logo\":{\"@type\":\"ImageObject\",\"inLanguage\":\"de\",\"@id\":\"https:\\\/\\\/www.airtracksports.com\\\/#\\\/schema\\\/logo\\\/image\\\/\",\"url\":\"https:\\\/\\\/www.airtracksports.com\\\/wp-content\\\/uploads\\\/2020\\\/05\\\/cropped-LogoAirTrack-4.jpg\",\"contentUrl\":\"https:\\\/\\\/www.airtracksports.com\\\/wp-content\\\/uploads\\\/2020\\\/05\\\/cropped-LogoAirTrack-4.jpg\",\"width\":225,\"height\":90,\"caption\":\"AirTrackSports\"},\"image\":{\"@id\":\"https:\\\/\\\/www.airtracksports.com\\\/#\\\/schema\\\/logo\\\/image\\\/\"}}]}<\/script>\n<!-- \/ Yoast SEO plugin. -->","yoast_head_json":{"title":"Parcs de trampoline - AirTrackSports","robots":{"index":"index","follow":"follow","max-snippet":"max-snippet:-1","max-image-preview":"max-image-preview:large","max-video-preview":"max-video-preview:-1"},"canonical":"https:\/\/www.airtracksports.com\/index.php\/kundengruppen\/trampolinparks\/","og_locale":"de_DE","og_type":"article","og_title":"Parcs de trampoline - AirTrackSports","og_description":"Les parcs de trampoline surgissent partout dans le monde. C\u2019est un d\u00e9fi pour les propri\u00e9taires de parc de trouver des appareils novateurs, s\u00fbrs, durables, mais aussi rentables. Avec presque aucun effort d\u2019entretien, les tours d\u2019air sur mesure sont la nouvelle ..Continue Reading","og_url":"https:\/\/www.airtracksports.com\/index.php\/kundengruppen\/trampolinparks\/","og_site_name":"AirTrackSports","article_modified_time":"2020-07-08T10:44:54+00:00","twitter_card":"summary_large_image","twitter_misc":{"Gesch\u00e4tzte Lesezeit":"1\u00a0Minute"},"schema":{"@context":"https:\/\/schema.org","@graph":[{"@type":"WebPage","@id":"https:\/\/www.airtracksports.com\/index.php\/kundengruppen\/trampolinparks\/","url":"https:\/\/www.airtracksports.com\/index.php\/kundengruppen\/trampolinparks\/","name":"Parcs de trampoline - AirTrackSports","isPartOf":{"@id":"https:\/\/www.airtracksports.com\/#website"},"datePublished":"2020-07-08T10:37:58+00:00","dateModified":"2020-07-08T10:44:54+00:00","breadcrumb":{"@id":"https:\/\/www.airtracksports.com\/index.php\/kundengruppen\/trampolinparks\/#breadcrumb"},"inLanguage":"de","potentialAction":[{"@type":"ReadAction","target":["https:\/\/www.airtracksports.com\/index.php\/kundengruppen\/trampolinparks\/"]}]},{"@type":"BreadcrumbList","@id":"https:\/\/www.airtracksports.com\/index.php\/kundengruppen\/trampolinparks\/#breadcrumb","itemListElement":[{"@type":"ListItem","position":1,"name":"Startseite","item":"https:\/\/www.airtracksports.com\/"},{"@type":"ListItem","position":2,"name":"Types de clients","item":"https:\/\/www.airtracksports.com\/index.php\/groupes-de-clients\/?lang=fr"},{"@type":"ListItem","position":3,"name":"Parcs de trampoline"}]},{"@type":"WebSite","@id":"https:\/\/www.airtracksports.com\/#website","url":"https:\/\/www.airtracksports.com\/","name":"AirTrackSports","description":"","publisher":{"@id":"https:\/\/www.airtracksports.com\/#organization"},"potentialAction":[{"@type":"SearchAction","target":{"@type":"EntryPoint","urlTemplate":"https:\/\/www.airtracksports.com\/?s={search_term_string}"},"query-input":{"@type":"PropertyValueSpecification","valueRequired":true,"valueName":"search_term_string"}}],"inLanguage":"de"},{"@type":"Organization","@id":"https:\/\/www.airtracksports.com\/#organization","name":"AirTrackSports","url":"https:\/\/www.airtracksports.com\/","logo":{"@type":"ImageObject","inLanguage":"de","@id":"https:\/\/www.airtracksports.com\/#\/schema\/logo\/image\/","url":"https:\/\/www.airtracksports.com\/wp-content\/uploads\/2020\/05\/cropped-LogoAirTrack-4.jpg","contentUrl":"https:\/\/www.airtracksports.com\/wp-content\/uploads\/2020\/05\/cropped-LogoAirTrack-4.jpg","width":225,"height":90,"caption":"AirTrackSports"},"image":{"@id":"https:\/\/www.airtracksports.com\/#\/schema\/logo\/image\/"}}]}},"_links":{"self":[{"href":"https:\/\/www.airtracksports.com\/index.php\/wp-json\/wp\/v2\/pages\/3281","targetHints":{"allow":["GET"]}}],"collection":[{"href":"https:\/\/www.airtracksports.com\/index.php\/wp-json\/wp\/v2\/pages"}],"about":[{"href":"https:\/\/www.airtracksports.com\/index.php\/wp-json\/wp\/v2\/types\/page"}],"author":[{"embeddable":true,"href":"https:\/\/www.airtracksports.com\/index.php\/wp-json\/wp\/v2\/users\/1"}],"replies":[{"embeddable":true,"href":"https:\/\/www.airtracksports.com\/index.php\/wp-json\/wp\/v2\/comments?post=3281"}],"version-history":[{"count":2,"href":"https:\/\/www.airtracksports.com\/index.php\/wp-json\/wp\/v2\/pages\/3281\/revisions"}],"predecessor-version":[{"id":3301,"href":"https:\/\/www.airtracksports.com\/index.php\/wp-json\/wp\/v2\/pages\/3281\/revisions\/3301"}],"up":[{"embeddable":true,"href":"https:\/\/www.airtracksports.com\/index.php\/wp-json\/wp\/v2\/pages\/3251"}],"wp:attachment":[{"href":"https:\/\/www.airtracksports.com\/index.php\/wp-json\/wp\/v2\/media?parent=3281"}],"curies":[{"name":"wp","href":"https:\/\/api.w.org\/{rel}","templated":true}]}}