{"id":3291,"date":"2020-07-08T12:39:47","date_gmt":"2020-07-08T10:39:47","guid":{"rendered":"https:\/\/www.airtracksports.com\/index.php\/groupes-de-clients\/cirque\/"},"modified":"2020-07-08T12:46:07","modified_gmt":"2020-07-08T10:46:07","slug":"cirque","status":"publish","type":"page","link":"https:\/\/www.airtracksports.com\/index.php\/groupes-de-clients\/cirque\/?lang=fr","title":{"rendered":"Cirque"},"content":{"rendered":"\n<p>Nos pr\u00e9cieux clients en Suisse comprennent de nombreux cirques, petits et grands. Qu\u2019il s\u2019agisse d\u2019une piste d\u2019air ou d\u2019un tour d\u2019air ou de petits produits a\u00e9riens : nos aides au saut \u00e0 l\u2019air soutiennent les artistes et attrapent les visiteurs du cirque. Parfois, l\u2019assemblage et le d\u00e9mant\u00e8lement dans le manege doit aller tr\u00e8s vite, alors nos produits gonflables rapides sont tr\u00e8s pratiques. Si vous souhaitez en savoir plus sur l\u2019utilisation dans le cirque ou des r\u00e9f\u00e9rences dans votre r\u00e9gion, n\u2019h\u00e9sitez pas \u00e0 fournir de plus amples informations. Manege libre!<\/p>\n\n<figure class=\"wp-block-gallery columns-0 is-cropped wp-block-gallery-1 is-layout-flex wp-block-gallery-is-layout-flex\"><ul class=\"blocks-gallery-grid\"><\/ul><\/figure>\n","protected":false},"excerpt":{"rendered":"<p>Nos pr\u00e9cieux clients en Suisse comprennent de nombreux cirques, petits et grands. Qu\u2019il s\u2019agisse d\u2019une piste d\u2019air ou d\u2019un tour d\u2019air ou de petits produits a\u00e9riens : nos aides au saut \u00e0 l\u2019air soutiennent les artistes et attrapent les visiteurs ..<\/p>\n<div class=\"reading\"><a href=\"https:\/\/www.airtracksports.com\/index.php\/groupes-de-clients\/cirque\/?lang=fr\">Continue Reading<\/a><\/div>\n","protected":false},"author":1,"featured_media":0,"parent":3251,"menu_order":0,"comment_status":"closed","ping_status":"closed","template":"","meta":{"footnotes":""},"class_list":["post-3291","page","type-page","status-publish","hentry"],"yoast_head":"<!-- This site is optimized with the Yoast SEO plugin v27.4 - https:\/\/yoast.com\/product\/yoast-seo-wordpress\/ -->\n<title>Cirque - AirTrackSports<\/title>\n<meta name=\"robots\" content=\"index, follow, max-snippet:-1, max-image-preview:large, max-video-preview:-1\" \/>\n<link rel=\"canonical\" href=\"https:\/\/www.airtracksports.com\/index.php\/kundengruppen\/zirkus\/\" \/>\n<meta property=\"og:locale\" content=\"de_DE\" \/>\n<meta property=\"og:type\" content=\"article\" \/>\n<meta property=\"og:title\" content=\"Cirque - AirTrackSports\" \/>\n<meta property=\"og:description\" content=\"Nos pr\u00e9cieux clients en Suisse comprennent de nombreux cirques, petits et grands. Qu\u2019il s\u2019agisse d\u2019une piste d\u2019air ou d\u2019un tour d\u2019air ou de petits produits a\u00e9riens : nos aides au saut \u00e0 l\u2019air soutiennent les artistes et attrapent les visiteurs ..Continue Reading\" \/>\n<meta property=\"og:url\" content=\"https:\/\/www.airtracksports.com\/index.php\/kundengruppen\/zirkus\/\" \/>\n<meta property=\"og:site_name\" content=\"AirTrackSports\" \/>\n<meta property=\"article:modified_time\" content=\"2020-07-08T10:46:07+00:00\" \/>\n<meta name=\"twitter:card\" content=\"summary_large_image\" \/>\n<meta name=\"twitter:label1\" content=\"Gesch\u00e4tzte Lesezeit\" \/>\n\t<meta name=\"twitter:data1\" content=\"1\u00a0Minute\" \/>\n<script type=\"application\/ld+json\" class=\"yoast-schema-graph\">{\"@context\":\"https:\\\/\\\/schema.org\",\"@graph\":[{\"@type\":\"WebPage\",\"@id\":\"https:\\\/\\\/www.airtracksports.com\\\/index.php\\\/kundengruppen\\\/zirkus\\\/\",\"url\":\"https:\\\/\\\/www.airtracksports.com\\\/index.php\\\/kundengruppen\\\/zirkus\\\/\",\"name\":\"Cirque - AirTrackSports\",\"isPartOf\":{\"@id\":\"https:\\\/\\\/www.airtracksports.com\\\/#website\"},\"datePublished\":\"2020-07-08T10:39:47+00:00\",\"dateModified\":\"2020-07-08T10:46:07+00:00\",\"breadcrumb\":{\"@id\":\"https:\\\/\\\/www.airtracksports.com\\\/index.php\\\/kundengruppen\\\/zirkus\\\/#breadcrumb\"},\"inLanguage\":\"de\",\"potentialAction\":[{\"@type\":\"ReadAction\",\"target\":[\"https:\\\/\\\/www.airtracksports.com\\\/index.php\\\/kundengruppen\\\/zirkus\\\/\"]}]},{\"@type\":\"BreadcrumbList\",\"@id\":\"https:\\\/\\\/www.airtracksports.com\\\/index.php\\\/kundengruppen\\\/zirkus\\\/#breadcrumb\",\"itemListElement\":[{\"@type\":\"ListItem\",\"position\":1,\"name\":\"Startseite\",\"item\":\"https:\\\/\\\/www.airtracksports.com\\\/\"},{\"@type\":\"ListItem\",\"position\":2,\"name\":\"Types de clients\",\"item\":\"https:\\\/\\\/www.airtracksports.com\\\/index.php\\\/groupes-de-clients\\\/?lang=fr\"},{\"@type\":\"ListItem\",\"position\":3,\"name\":\"Cirque\"}]},{\"@type\":\"WebSite\",\"@id\":\"https:\\\/\\\/www.airtracksports.com\\\/#website\",\"url\":\"https:\\\/\\\/www.airtracksports.com\\\/\",\"name\":\"AirTrackSports\",\"description\":\"\",\"publisher\":{\"@id\":\"https:\\\/\\\/www.airtracksports.com\\\/#organization\"},\"potentialAction\":[{\"@type\":\"SearchAction\",\"target\":{\"@type\":\"EntryPoint\",\"urlTemplate\":\"https:\\\/\\\/www.airtracksports.com\\\/?s={search_term_string}\"},\"query-input\":{\"@type\":\"PropertyValueSpecification\",\"valueRequired\":true,\"valueName\":\"search_term_string\"}}],\"inLanguage\":\"de\"},{\"@type\":\"Organization\",\"@id\":\"https:\\\/\\\/www.airtracksports.com\\\/#organization\",\"name\":\"AirTrackSports\",\"url\":\"https:\\\/\\\/www.airtracksports.com\\\/\",\"logo\":{\"@type\":\"ImageObject\",\"inLanguage\":\"de\",\"@id\":\"https:\\\/\\\/www.airtracksports.com\\\/#\\\/schema\\\/logo\\\/image\\\/\",\"url\":\"https:\\\/\\\/www.airtracksports.com\\\/wp-content\\\/uploads\\\/2020\\\/05\\\/cropped-LogoAirTrack-4.jpg\",\"contentUrl\":\"https:\\\/\\\/www.airtracksports.com\\\/wp-content\\\/uploads\\\/2020\\\/05\\\/cropped-LogoAirTrack-4.jpg\",\"width\":225,\"height\":90,\"caption\":\"AirTrackSports\"},\"image\":{\"@id\":\"https:\\\/\\\/www.airtracksports.com\\\/#\\\/schema\\\/logo\\\/image\\\/\"}}]}<\/script>\n<!-- \/ Yoast SEO plugin. -->","yoast_head_json":{"title":"Cirque - AirTrackSports","robots":{"index":"index","follow":"follow","max-snippet":"max-snippet:-1","max-image-preview":"max-image-preview:large","max-video-preview":"max-video-preview:-1"},"canonical":"https:\/\/www.airtracksports.com\/index.php\/kundengruppen\/zirkus\/","og_locale":"de_DE","og_type":"article","og_title":"Cirque - AirTrackSports","og_description":"Nos pr\u00e9cieux clients en Suisse comprennent de nombreux cirques, petits et grands. Qu\u2019il s\u2019agisse d\u2019une piste d\u2019air ou d\u2019un tour d\u2019air ou de petits produits a\u00e9riens : nos aides au saut \u00e0 l\u2019air soutiennent les artistes et attrapent les visiteurs ..Continue Reading","og_url":"https:\/\/www.airtracksports.com\/index.php\/kundengruppen\/zirkus\/","og_site_name":"AirTrackSports","article_modified_time":"2020-07-08T10:46:07+00:00","twitter_card":"summary_large_image","twitter_misc":{"Gesch\u00e4tzte Lesezeit":"1\u00a0Minute"},"schema":{"@context":"https:\/\/schema.org","@graph":[{"@type":"WebPage","@id":"https:\/\/www.airtracksports.com\/index.php\/kundengruppen\/zirkus\/","url":"https:\/\/www.airtracksports.com\/index.php\/kundengruppen\/zirkus\/","name":"Cirque - AirTrackSports","isPartOf":{"@id":"https:\/\/www.airtracksports.com\/#website"},"datePublished":"2020-07-08T10:39:47+00:00","dateModified":"2020-07-08T10:46:07+00:00","breadcrumb":{"@id":"https:\/\/www.airtracksports.com\/index.php\/kundengruppen\/zirkus\/#breadcrumb"},"inLanguage":"de","potentialAction":[{"@type":"ReadAction","target":["https:\/\/www.airtracksports.com\/index.php\/kundengruppen\/zirkus\/"]}]},{"@type":"BreadcrumbList","@id":"https:\/\/www.airtracksports.com\/index.php\/kundengruppen\/zirkus\/#breadcrumb","itemListElement":[{"@type":"ListItem","position":1,"name":"Startseite","item":"https:\/\/www.airtracksports.com\/"},{"@type":"ListItem","position":2,"name":"Types de clients","item":"https:\/\/www.airtracksports.com\/index.php\/groupes-de-clients\/?lang=fr"},{"@type":"ListItem","position":3,"name":"Cirque"}]},{"@type":"WebSite","@id":"https:\/\/www.airtracksports.com\/#website","url":"https:\/\/www.airtracksports.com\/","name":"AirTrackSports","description":"","publisher":{"@id":"https:\/\/www.airtracksports.com\/#organization"},"potentialAction":[{"@type":"SearchAction","target":{"@type":"EntryPoint","urlTemplate":"https:\/\/www.airtracksports.com\/?s={search_term_string}"},"query-input":{"@type":"PropertyValueSpecification","valueRequired":true,"valueName":"search_term_string"}}],"inLanguage":"de"},{"@type":"Organization","@id":"https:\/\/www.airtracksports.com\/#organization","name":"AirTrackSports","url":"https:\/\/www.airtracksports.com\/","logo":{"@type":"ImageObject","inLanguage":"de","@id":"https:\/\/www.airtracksports.com\/#\/schema\/logo\/image\/","url":"https:\/\/www.airtracksports.com\/wp-content\/uploads\/2020\/05\/cropped-LogoAirTrack-4.jpg","contentUrl":"https:\/\/www.airtracksports.com\/wp-content\/uploads\/2020\/05\/cropped-LogoAirTrack-4.jpg","width":225,"height":90,"caption":"AirTrackSports"},"image":{"@id":"https:\/\/www.airtracksports.com\/#\/schema\/logo\/image\/"}}]}},"_links":{"self":[{"href":"https:\/\/www.airtracksports.com\/index.php\/wp-json\/wp\/v2\/pages\/3291","targetHints":{"allow":["GET"]}}],"collection":[{"href":"https:\/\/www.airtracksports.com\/index.php\/wp-json\/wp\/v2\/pages"}],"about":[{"href":"https:\/\/www.airtracksports.com\/index.php\/wp-json\/wp\/v2\/types\/page"}],"author":[{"embeddable":true,"href":"https:\/\/www.airtracksports.com\/index.php\/wp-json\/wp\/v2\/users\/1"}],"replies":[{"embeddable":true,"href":"https:\/\/www.airtracksports.com\/index.php\/wp-json\/wp\/v2\/comments?post=3291"}],"version-history":[{"count":1,"href":"https:\/\/www.airtracksports.com\/index.php\/wp-json\/wp\/v2\/pages\/3291\/revisions"}],"predecessor-version":[{"id":3292,"href":"https:\/\/www.airtracksports.com\/index.php\/wp-json\/wp\/v2\/pages\/3291\/revisions\/3292"}],"up":[{"embeddable":true,"href":"https:\/\/www.airtracksports.com\/index.php\/wp-json\/wp\/v2\/pages\/3251"}],"wp:attachment":[{"href":"https:\/\/www.airtracksports.com\/index.php\/wp-json\/wp\/v2\/media?parent=3291"}],"curies":[{"name":"wp","href":"https:\/\/api.w.org\/{rel}","templated":true}]}}