{"id":7302,"date":"2025-11-21T14:39:32","date_gmt":"2025-11-21T13:39:32","guid":{"rendered":"https:\/\/www.airtracksports.com\/index.php\/airtrack-p1-p2-p3-lequel-convient-le-mieux\/"},"modified":"2025-12-19T12:02:55","modified_gmt":"2025-12-19T11:02:55","slug":"airtrack-p1-p2-ou-p3","status":"publish","type":"page","link":"https:\/\/www.airtracksports.com\/index.php\/airtrack-p1-p2-ou-p3\/?lang=fr","title":{"rendered":"Airtrack P1, P2, ou P3?"},"content":{"rendered":"<h2>Airtrack P1, P2, P3 &#8211; lequel convient le mieux ?<\/h2>\n\n\n<p>Si vous souhaitez trouver l\u2019Airtrack le mieux adapt\u00e9 \u00e0 vos besoins, il est important de bien r\u00e9fl\u00e9chir \u00e0 ce dont vous en avez besoin. Le type de gymnastique ou d\u2019activit\u00e9 que vous comptez faire d\u00e9pend. Cela joue aussi un grand r\u00f4le sur la lourdeur des athl\u00e8tes et sur leurs comp\u00e9tences. Nos Airtracks sont disponibles en 3 hauteurs : le <a href=\"https:\/\/www.airtracksports.com\/index.php\/produkt\/plancher-dair-p1\/?lang=fr\" target=\"_blank\" rel=\"noreferrer noopener\">Airfloor P1<\/a> mesure 10 cm ; <a href=\"https:\/\/www.airtracksports.com\/index.php\/produkt\/airtrack-p2\/?lang=fr\" target=\"_blank\" rel=\"noreferrer noopener\">l\u2019AirTrack P2<\/a> mesure 20 cm ; et <a href=\"https:\/\/www.airtracksports.com\/index.php\/produkt\/airtrack-p3\/?lang=fr\" target=\"_blank\" rel=\"noreferrer noopener\">l\u2019Airtrack P3<\/a> mesure 30 cm de haut. Chacun a des objectifs et des conditions diff\u00e9rents.<\/p>\n\n\n\n<figure class=\"wp-block-image size-full\"><img decoding=\"async\" src=\"https:\/\/www.airtracksports.com\/wp-content\/uploads\/2025\/11\/1.webp\" alt=\"\" class=\"wp-image-8968\"\/><\/figure>\n\n\n\n<h2 class=\"wp-block-heading\">Qualit\u00e9 et mat\u00e9riau de nos Airtracks<\/h2>\n\n\n\n<p>Tous les AirTracks et AirFloors sont fabriqu\u00e9s en mat\u00e9riaux de haute qualit\u00e9. Cette qualit\u00e9 se poursuit dans toute notre gamme de produits. Nous utilisons du tissu double paroi DWF (double paroi) pour tous nos produits. Cela nous permet de garantir durabilit\u00e9 et qualit\u00e9. Le tissu contient de nombreux fils fins en polyester qui relient les deux parois sur toute la hauteur de nos produits. Nos couleurs standard sont le bleu et le gris (aussi appel\u00e9 \u00e9tincelle). Nous pouvons aussi produire dans d\u2019autres couleurs sur demande.      <\/p>\n\n\n\n<figure class=\"wp-block-image size-full\"><img decoding=\"async\" src=\"https:\/\/www.airtracksports.com\/wp-content\/uploads\/2025\/11\/2.webp\" alt=\"\" class=\"wp-image-8971\"\/><figcaption class=\"wp-element-caption\">\u00c0 quoi ressemble l\u2019Airtrack de l\u2019int\u00e9rieur<\/figcaption><\/figure>\n\n\n\n<h2 class=\"wp-block-heading\">  Quel est le poids d\u2019un Airtrack ?<\/h2>\n\n\n\n<p>Les diff\u00e9rences de poids entre nos diff\u00e9rents types d\u2019Airtrack sont principalement influenc\u00e9es par la longueur et la largeur. Pour estimer le poids, multipliez la surface (en m2) par 3,3 kg. Vous pouvez trouver les informations exactes sur le poids dans notre catalogue.  <\/p>\n\n\n\n<figure class=\"wp-block-image size-full is-resized\"><img decoding=\"async\" src=\"https:\/\/www.airtracksports.com\/wp-content\/uploads\/2025\/11\/3.webp\" alt=\"\" class=\"wp-image-8974\" style=\"width:786px;height:auto\"\/><\/figure>\n\n\n\n<h2 class=\"wp-block-heading\">Lignes directrices pour la pression interne<\/h2>\n\n\n\n<p>La hauteur de la piste d\u2019air influence la pression interne requise. Il est important que la pression soit suffisamment forte pour que les athl\u00e8tes ne poussent pas jusqu\u2019au sol de la salle de sport lorsqu\u2019ils sautent. En g\u00e9n\u00e9ral, une piste d\u2019air basse, comme notre <a href=\"https:\/\/www.airtracksports.com\/index.php\/produkt\/plancher-dair-p1\/?lang=fr\" target=\"_blank\" rel=\"noreferrer noopener\">Airfloor P1<\/a> de 10 cm d\u2019\u00e9paisseur, n\u00e9cessite plus de pression. Plus la piste d\u2019air est \u00e9paisse, plus l\u2019impression peut \u00eatre vari\u00e9e et test\u00e9e de fa\u00e7on flexible. C\u2019est pourquoi il est crucial de prendre en compte le poids des athl\u00e8tes lors de l\u2019achat. Un gymnaste de 60 kg pouvait pousser jusqu\u2019au sol avec un Airfloor P1 avec une pression de 50 mbar. Sur un <a href=\"https:\/\/www.airtracksports.com\/index.php\/produkt\/airtrack-p3\/?lang=fr\" target=\"_blank\" rel=\"noreferrer noopener\">Airtrack P3<\/a> de 30 cm d\u2019\u00e9paisseur, il peut sauter et s\u2019entra\u00eener avec les m\u00eames 50 mbar sans aucun probl\u00e8me.<\/p>\n\n\n\n<figure class=\"wp-block-image size-full\"><img decoding=\"async\" src=\"https:\/\/www.airtracksports.com\/wp-content\/uploads\/2025\/11\/4.webp\" alt=\"\" class=\"wp-image-8975\"\/><\/figure>\n\n\n\n<h2 class=\"wp-block-heading\">Gonflement des voies a\u00e9riennes<\/h2>\n\n\n\n<p>Les AirFloors ont une petite vanne et peuvent \u00eatre gonfl\u00e9es avec un <a href=\"https:\/\/www.airtracksports.com\/index.php\/produkt\/ov10-pompe\/?lang=fr\" target=\"_blank\" rel=\"noreferrer noopener\">ventilateur OV-10<\/a> ou <a href=\"https:\/\/www.airtracksports.com\/index.php\/produkt\/pompe-a-pied\/?lang=fr\" target=\"_blank\" rel=\"noreferrer noopener\">une pompe \u00e0 pied<\/a> . Les Airtracks P2 et P3 sont diff\u00e9rents : ils ont des soupapes plus grandes qui peuvent \u00eatre gonfl\u00e9es et aspir\u00e9es plus rapidement avec le souffleur Hikoki. Pour les AirTracks de plus de 8 m, nous recommandons ce souffleur Hikoki. Chacun de nos Airtracks inclut le souffleur recommand\u00e9 dans le prix.<\/p>\n\n\n\n<figure class=\"wp-block-image size-full\"><img decoding=\"async\" src=\"https:\/\/www.airtracksports.com\/wp-content\/uploads\/2025\/11\/5.webp\" alt=\"\" class=\"wp-image-8976\"\/><\/figure>\n\n\n\n<h2 class=\"wp-block-heading\">Choisir la meilleure piste d\u2019air pour un club de gymnastique<\/h2>\n\n\n\n<p>AirTrackFactory propose une large gamme d\u2019Airtracks. Ils varient en taille, forme et usage. <\/p>\n\n\n\n<p>La premi\u00e8re et la plus importante d\u00e9cision est toujours l\u2019\u00e9paisseur. Notre Airfloor P1 est parfait pour les sols de salle de sport. Pour les surfaces plus dures, nos Airtracks P2 et P3 sont recommand\u00e9es.  <\/p>\n\n\n\n<p>La question suivante concerne la longueur. Les voies d\u2019air standard font 2 m de large. Nos mod\u00e8les P3 sont \u00e9galement disponibles en largeur de 2,8 m. Cela signifie que deux pistes de saut peuvent \u00eatre utilis\u00e9es simultan\u00e9ment \u2013 id\u00e9al pour de grands groupes.    Pour les gymnastes, une piste a\u00e9rienne de 15 m avec un tapis d\u2019atterrissage est souvent le meilleur choix, car elle fait \u00e0 peu pr\u00e8s la longueur de la diagonale d\u2019un sol de comp\u00e9tition.<\/p>\n\n\n\n<figure class=\"wp-block-image size-full is-resized\"><img decoding=\"async\" src=\"https:\/\/www.airtracksports.com\/wp-content\/uploads\/2025\/11\/6.webp\" alt=\"\" class=\"wp-image-8978\" style=\"width:786px;height:auto\"\/><\/figure>\n\n\n\n<h2 class=\"wp-block-heading\"><a href=\"https:\/\/www.airtracksports.com\/index.php\/produkt\/plancher-dair-p1\/?lang=fr\">AirFloor P1 <\/a>(10 cm d\u2019\u00e9paisseur)<\/h2>\n\n\n\n<p>Dans les salles de gymnase, un plancher suspendu de 6 ou 8 m\u00e8tres de long est souvent pos\u00e9 en couche sur des pistes de d\u00e9placement existantes. F\u00fcr Zuhause oder im Gym dient ein <a href=\"https:\/\/www.airtracksports.com\/index.php\/produkt\/airfloor-3m\/?lang=fr\" target=\"_blank\" rel=\"noreferrer noopener\">AirFloor 3x1m<\/a> oder <a href=\"https:\/\/www.airtracksports.com\/index.php\/produkt\/airfloor-5x1m\/?lang=fr\" target=\"_blank\" rel=\"noreferrer noopener\">AirFloor 5x1m<\/a> die perfekte Basis f\u00fcrs Training.<\/p>\n\n\n\n<p>Pour un <a href=\"https:\/\/www.airtracksports.com\/index.php\/produkt\/plancher-de-competition\/?lang=fr\" target=\"_blank\" rel=\"noreferrer noopener\">sol de comp\u00e9tition<\/a> , un Airfloor P1 avec un tapis en mousse est la solution parfaite. La combinaison avec la mousse donne la sensation classique de \u00ab sol de comp\u00e9tition \u00bb. La pression r\u00e9glable la rend adapt\u00e9e \u00e0 tous les \u00e2ges et \u00e0 tous les niveaux.<\/p>\n\n\n\n<figure class=\"wp-block-image size-full\"><img decoding=\"async\" src=\"https:\/\/www.airtracksports.com\/wp-content\/uploads\/2025\/11\/7.jpg\" alt=\"\" class=\"wp-image-9057\"\/><\/figure>\n\n\n\n<h2 class=\"wp-block-heading\"><br><a href=\"https:\/\/www.airtracksports.com\/index.php\/produkt\/airtrack-p2\/?lang=fr\" target=\"_blank\" rel=\"noreferrer noopener\">AirTrack P2<\/a> (20 cm d\u2019\u00e9paisseur)<\/h2>\n\n\n\n<p><a href=\"https:\/\/www.airtracksports.com\/index.php\/produkt\/airtrack-p2\/?lang=fr\" target=\"_blank\" rel=\"noreferrer noopener\">L\u2019AirTrack P2<\/a> est notre piste la plus vendue, connue pour sa polyvalence et son rapport qualit\u00e9-prix. Il convient \u00e0 tous les \u00e2ges et \u00e0 tous les niveaux. Avec basse pression, l\u2019Airtrack P2 sert de surface douce pour les d\u00e9butants. Il peut aussi \u00eatre utilis\u00e9 avec une surface en mousse, mais est g\u00e9n\u00e9ralement utilis\u00e9 sans. Son \u00e9paisseur en fait un lieu id\u00e9al pour les salles de gymnastique \u00e0 sol dur.<\/p>\n\n\n\n<figure class=\"wp-block-image size-full\"><img decoding=\"async\" src=\"https:\/\/www.airtracksports.com\/wp-content\/uploads\/2025\/11\/8.jpg\" alt=\"\" class=\"wp-image-9058\"\/><\/figure>\n\n\n\n<h2 class=\"wp-block-heading\"><a href=\"https:\/\/www.airtracksports.com\/index.php\/produkt\/airtrack-p3\/?lang=fr\">AirTrack P3<\/a> (30 cm d\u2019\u00e9paisseur)<\/h2>\n\n\n\n<p>L\u2019AirTrack P3 peut \u00eatre bien utilis\u00e9 en basse pression. En raison de l\u2019\u00e9paisseur de 30 cm, il y a peu de risque que les athl\u00e8tes poussent jusqu\u2019au sol. Ainsi, le tapis offre un impact plus doux et facilite donc l\u2019ex\u00e9cution des flips sans technique avanc\u00e9e. La l\u00e9g\u00e8re r\u00e9sistance est similaire \u00e0 celle d\u2019un ch\u00e2teau gonflable et offre donc un environnement d\u2019entra\u00eenement agr\u00e9able.<\/p>\n\n\n\n<p>Avec une haute pression, un Airtrack P3 peut \u00eatre utilis\u00e9 pour augmenter la hauteur de saut. C\u2019est similaire au rebond des planchers classiques de gymnastique. Gr\u00e2ce \u00e0 cette hauteur de saut accrue, les gymnastes peuvent r\u00e9aliser des sauts plus hauts et des atterrissages en douceur en m\u00eame temps.<\/p>\n\n\n\n<p>Nous recommandons l\u2019Airtrack P3 aux gymnastes de loisirs, car le rebond lent favorise le contr\u00f4le et la technique.\nC\u2019est aussi doux pour le corps et il rend l\u2019apprentissage de nouveaux exercices et sauts plus agr\u00e9able pour les d\u00e9butants.\n <\/p>\n\n\n\n<p>Si vous n\u2019\u00eates pas s\u00fbr de la longueur ou de la taille, n\u2019h\u00e9sitez pas \u00e0 nous \u00e9crire. Nous serons ravis de vous conseiller !<\/p>\n\n\n\n<h2 class=\"wp-block-heading\">Quel AirTrack pour les \u00e9coles ?<\/h2>\n\n\n\n<p>Comme le niveau dans les \u00e9coles est inf\u00e9rieur \u00e0 celui des clubs de gymnastique, nous recommandons de regarder nos ensembles. Ces ensembles proposent une grande vari\u00e9t\u00e9 de produits pouvant \u00eatre utilis\u00e9s m\u00e9thodiquement et adapt\u00e9s \u00e0 diff\u00e9rentes situations au moyen du ruban Velcro.<\/p>\n\n\n\n<figure class=\"wp-block-image size-full\"><img decoding=\"async\" src=\"https:\/\/www.airtracksports.com\/wp-content\/uploads\/2025\/11\/9.jpg\" alt=\"\" class=\"wp-image-9059\"\/><\/figure>\n\n\n\n<h2 class=\"wp-block-heading\">Ensemble AirJump : Parfait pour les \u00e9l\u00e8ves du primaire<\/h2>\n\n\n\n<p>Le set AirJump est con\u00e7u sp\u00e9cifiquement pour l\u2019\u00e9cole primaire. Avec l\u2019Airtrack P2 inclus, la s\u00e9curit\u00e9 et un bon rebond sont garantis en m\u00eame temps.<\/p>\n\n\n\n<figure class=\"wp-block-embed is-type-video is-provider-youtube wp-block-embed-youtube wp-embed-aspect-16-9 wp-has-aspect-ratio\"><div class=\"wp-block-embed__wrapper\">\n<iframe loading=\"lazy\" title=\"AirTrack TakeOff Set - AirTrack Factory\" width=\"745\" height=\"419\" src=\"https:\/\/www.youtube.com\/embed\/R43hJenXZOw?start=1&#038;feature=oembed\" frameborder=\"0\" allow=\"accelerometer; autoplay; clipboard-write; encrypted-media; gyroscope; picture-in-picture; web-share\" referrerpolicy=\"strict-origin-when-cross-origin\" allowfullscreen><\/iframe>\n<\/div><\/figure>\n\n\n\n<h2 class=\"wp-block-heading\">Ensemble de d\u00e9collage AirTrack : Id\u00e9al pour les \u00e9coles<\/h2>\n\n\n\n<p>Le jeu AirTrack Takeoff comprend un Airtrack P3 de 8 m de long, disponible en largeur de 2 ou 2,8 m. Correspondant \u00e0 un AirRoll Takeoff dans la m\u00eame largeur. \u00c7a fonctionne comme un mini trampoline. Ces produits peuvent \u00e9galement \u00eatre compl\u00e9t\u00e9s par un AirBox ou un AirIncline. Avec une hauteur de 30 m, il convient aussi bien aux \u00e9coles primaires qu\u2019au secondaire.<\/p>\n","protected":false},"excerpt":{"rendered":"<p>Airtrack P1, P2, P3 &#8211; lequel convient le mieux ? Si vous souhaitez trouver l\u2019Airtrack le mieux adapt\u00e9 \u00e0 vos besoins, il est important de bien r\u00e9fl\u00e9chir \u00e0 ce dont vous en avez besoin. Le type de gymnastique ou d\u2019activit\u00e9 ..<\/p>\n<div class=\"reading\"><a href=\"https:\/\/www.airtracksports.com\/index.php\/airtrack-p1-p2-ou-p3\/?lang=fr\">Continue Reading<\/a><\/div>\n","protected":false},"author":4,"featured_media":0,"parent":0,"menu_order":0,"comment_status":"closed","ping_status":"closed","template":"","meta":{"footnotes":""},"class_list":["post-7302","page","type-page","status-publish","hentry"],"yoast_head":"<!-- This site is optimized with the Yoast SEO plugin v27.5 - https:\/\/yoast.com\/product\/yoast-seo-wordpress\/ -->\n<title>Airtrack P1, P2, ou P3? - AirTrackSports<\/title>\n<meta name=\"robots\" content=\"index, follow, max-snippet:-1, max-image-preview:large, max-video-preview:-1\" \/>\n<link rel=\"canonical\" href=\"https:\/\/www.airtracksports.com\/index.php\/airtrack-p1-p2-ou-p3\/?lang=fr\" \/>\n<meta property=\"og:locale\" content=\"de_DE\" \/>\n<meta property=\"og:type\" content=\"article\" \/>\n<meta property=\"og:title\" content=\"Airtrack P1, P2, ou P3? - AirTrackSports\" \/>\n<meta property=\"og:description\" content=\"Airtrack P1, P2, P3 &#8211; lequel convient le mieux ? Si vous souhaitez trouver l\u2019Airtrack le mieux adapt\u00e9 \u00e0 vos besoins, il est important de bien r\u00e9fl\u00e9chir \u00e0 ce dont vous en avez besoin. Le type de gymnastique ou d\u2019activit\u00e9 ..Continue Reading\" \/>\n<meta property=\"og:url\" content=\"https:\/\/www.airtracksports.com\/index.php\/airtrack-p1-p2-ou-p3\/?lang=fr\" \/>\n<meta property=\"og:site_name\" content=\"AirTrackSports\" \/>\n<meta property=\"article:modified_time\" content=\"2025-12-19T11:02:55+00:00\" \/>\n<meta name=\"twitter:card\" content=\"summary_large_image\" \/>\n<meta name=\"twitter:label1\" content=\"Gesch\u00e4tzte Lesezeit\" \/>\n\t<meta name=\"twitter:data1\" content=\"7\u00a0Minuten\" \/>\n<script type=\"application\/ld+json\" class=\"yoast-schema-graph\">{\"@context\":\"https:\\\/\\\/schema.org\",\"@graph\":[{\"@type\":\"WebPage\",\"@id\":\"https:\\\/\\\/www.airtracksports.com\\\/index.php\\\/airtrack-p1-p2-ou-p3\\\/?lang=fr\",\"url\":\"https:\\\/\\\/www.airtracksports.com\\\/index.php\\\/airtrack-p1-p2-ou-p3\\\/?lang=fr\",\"name\":\"Airtrack P1, P2, ou P3? - AirTrackSports\",\"isPartOf\":{\"@id\":\"https:\\\/\\\/www.airtracksports.com\\\/#website\"},\"primaryImageOfPage\":{\"@id\":\"https:\\\/\\\/www.airtracksports.com\\\/index.php\\\/airtrack-p1-p2-ou-p3\\\/?lang=fr#primaryimage\"},\"image\":{\"@id\":\"https:\\\/\\\/www.airtracksports.com\\\/index.php\\\/airtrack-p1-p2-ou-p3\\\/?lang=fr#primaryimage\"},\"thumbnailUrl\":\"https:\\\/\\\/www.airtracksports.com\\\/wp-content\\\/uploads\\\/2025\\\/11\\\/1.webp\",\"datePublished\":\"2025-11-21T13:39:32+00:00\",\"dateModified\":\"2025-12-19T11:02:55+00:00\",\"breadcrumb\":{\"@id\":\"https:\\\/\\\/www.airtracksports.com\\\/index.php\\\/airtrack-p1-p2-ou-p3\\\/?lang=fr#breadcrumb\"},\"inLanguage\":\"de\",\"potentialAction\":[{\"@type\":\"ReadAction\",\"target\":[\"https:\\\/\\\/www.airtracksports.com\\\/index.php\\\/airtrack-p1-p2-ou-p3\\\/?lang=fr\"]}]},{\"@type\":\"ImageObject\",\"inLanguage\":\"de\",\"@id\":\"https:\\\/\\\/www.airtracksports.com\\\/index.php\\\/airtrack-p1-p2-ou-p3\\\/?lang=fr#primaryimage\",\"url\":\"\",\"contentUrl\":\"\"},{\"@type\":\"BreadcrumbList\",\"@id\":\"https:\\\/\\\/www.airtracksports.com\\\/index.php\\\/airtrack-p1-p2-ou-p3\\\/?lang=fr#breadcrumb\",\"itemListElement\":[{\"@type\":\"ListItem\",\"position\":1,\"name\":\"Startseite\",\"item\":\"https:\\\/\\\/www.airtracksports.com\\\/\"},{\"@type\":\"ListItem\",\"position\":2,\"name\":\"Airtrack P1, P2, ou P3?\"}]},{\"@type\":\"WebSite\",\"@id\":\"https:\\\/\\\/www.airtracksports.com\\\/#website\",\"url\":\"https:\\\/\\\/www.airtracksports.com\\\/\",\"name\":\"AirTrackSports\",\"description\":\"\",\"publisher\":{\"@id\":\"https:\\\/\\\/www.airtracksports.com\\\/#organization\"},\"potentialAction\":[{\"@type\":\"SearchAction\",\"target\":{\"@type\":\"EntryPoint\",\"urlTemplate\":\"https:\\\/\\\/www.airtracksports.com\\\/?s={search_term_string}\"},\"query-input\":{\"@type\":\"PropertyValueSpecification\",\"valueRequired\":true,\"valueName\":\"search_term_string\"}}],\"inLanguage\":\"de\"},{\"@type\":\"Organization\",\"@id\":\"https:\\\/\\\/www.airtracksports.com\\\/#organization\",\"name\":\"AirTrackSports\",\"url\":\"https:\\\/\\\/www.airtracksports.com\\\/\",\"logo\":{\"@type\":\"ImageObject\",\"inLanguage\":\"de\",\"@id\":\"https:\\\/\\\/www.airtracksports.com\\\/#\\\/schema\\\/logo\\\/image\\\/\",\"url\":\"https:\\\/\\\/www.airtracksports.com\\\/wp-content\\\/uploads\\\/2020\\\/05\\\/cropped-LogoAirTrack-4.jpg\",\"contentUrl\":\"https:\\\/\\\/www.airtracksports.com\\\/wp-content\\\/uploads\\\/2020\\\/05\\\/cropped-LogoAirTrack-4.jpg\",\"width\":225,\"height\":90,\"caption\":\"AirTrackSports\"},\"image\":{\"@id\":\"https:\\\/\\\/www.airtracksports.com\\\/#\\\/schema\\\/logo\\\/image\\\/\"}}]}<\/script>\n<!-- \/ Yoast SEO plugin. -->","yoast_head_json":{"title":"Airtrack P1, P2, ou P3? - AirTrackSports","robots":{"index":"index","follow":"follow","max-snippet":"max-snippet:-1","max-image-preview":"max-image-preview:large","max-video-preview":"max-video-preview:-1"},"canonical":"https:\/\/www.airtracksports.com\/index.php\/airtrack-p1-p2-ou-p3\/?lang=fr","og_locale":"de_DE","og_type":"article","og_title":"Airtrack P1, P2, ou P3? - AirTrackSports","og_description":"Airtrack P1, P2, P3 &#8211; lequel convient le mieux ? Si vous souhaitez trouver l\u2019Airtrack le mieux adapt\u00e9 \u00e0 vos besoins, il est important de bien r\u00e9fl\u00e9chir \u00e0 ce dont vous en avez besoin. Le type de gymnastique ou d\u2019activit\u00e9 ..Continue Reading","og_url":"https:\/\/www.airtracksports.com\/index.php\/airtrack-p1-p2-ou-p3\/?lang=fr","og_site_name":"AirTrackSports","article_modified_time":"2025-12-19T11:02:55+00:00","twitter_card":"summary_large_image","twitter_misc":{"Gesch\u00e4tzte Lesezeit":"7\u00a0Minuten"},"schema":{"@context":"https:\/\/schema.org","@graph":[{"@type":"WebPage","@id":"https:\/\/www.airtracksports.com\/index.php\/airtrack-p1-p2-ou-p3\/?lang=fr","url":"https:\/\/www.airtracksports.com\/index.php\/airtrack-p1-p2-ou-p3\/?lang=fr","name":"Airtrack P1, P2, ou P3? - AirTrackSports","isPartOf":{"@id":"https:\/\/www.airtracksports.com\/#website"},"primaryImageOfPage":{"@id":"https:\/\/www.airtracksports.com\/index.php\/airtrack-p1-p2-ou-p3\/?lang=fr#primaryimage"},"image":{"@id":"https:\/\/www.airtracksports.com\/index.php\/airtrack-p1-p2-ou-p3\/?lang=fr#primaryimage"},"thumbnailUrl":"https:\/\/www.airtracksports.com\/wp-content\/uploads\/2025\/11\/1.webp","datePublished":"2025-11-21T13:39:32+00:00","dateModified":"2025-12-19T11:02:55+00:00","breadcrumb":{"@id":"https:\/\/www.airtracksports.com\/index.php\/airtrack-p1-p2-ou-p3\/?lang=fr#breadcrumb"},"inLanguage":"de","potentialAction":[{"@type":"ReadAction","target":["https:\/\/www.airtracksports.com\/index.php\/airtrack-p1-p2-ou-p3\/?lang=fr"]}]},{"@type":"ImageObject","inLanguage":"de","@id":"https:\/\/www.airtracksports.com\/index.php\/airtrack-p1-p2-ou-p3\/?lang=fr#primaryimage","url":"","contentUrl":""},{"@type":"BreadcrumbList","@id":"https:\/\/www.airtracksports.com\/index.php\/airtrack-p1-p2-ou-p3\/?lang=fr#breadcrumb","itemListElement":[{"@type":"ListItem","position":1,"name":"Startseite","item":"https:\/\/www.airtracksports.com\/"},{"@type":"ListItem","position":2,"name":"Airtrack P1, P2, ou P3?"}]},{"@type":"WebSite","@id":"https:\/\/www.airtracksports.com\/#website","url":"https:\/\/www.airtracksports.com\/","name":"AirTrackSports","description":"","publisher":{"@id":"https:\/\/www.airtracksports.com\/#organization"},"potentialAction":[{"@type":"SearchAction","target":{"@type":"EntryPoint","urlTemplate":"https:\/\/www.airtracksports.com\/?s={search_term_string}"},"query-input":{"@type":"PropertyValueSpecification","valueRequired":true,"valueName":"search_term_string"}}],"inLanguage":"de"},{"@type":"Organization","@id":"https:\/\/www.airtracksports.com\/#organization","name":"AirTrackSports","url":"https:\/\/www.airtracksports.com\/","logo":{"@type":"ImageObject","inLanguage":"de","@id":"https:\/\/www.airtracksports.com\/#\/schema\/logo\/image\/","url":"https:\/\/www.airtracksports.com\/wp-content\/uploads\/2020\/05\/cropped-LogoAirTrack-4.jpg","contentUrl":"https:\/\/www.airtracksports.com\/wp-content\/uploads\/2020\/05\/cropped-LogoAirTrack-4.jpg","width":225,"height":90,"caption":"AirTrackSports"},"image":{"@id":"https:\/\/www.airtracksports.com\/#\/schema\/logo\/image\/"}}]}},"_links":{"self":[{"href":"https:\/\/www.airtracksports.com\/index.php\/wp-json\/wp\/v2\/pages\/7302","targetHints":{"allow":["GET"]}}],"collection":[{"href":"https:\/\/www.airtracksports.com\/index.php\/wp-json\/wp\/v2\/pages"}],"about":[{"href":"https:\/\/www.airtracksports.com\/index.php\/wp-json\/wp\/v2\/types\/page"}],"author":[{"embeddable":true,"href":"https:\/\/www.airtracksports.com\/index.php\/wp-json\/wp\/v2\/users\/4"}],"replies":[{"embeddable":true,"href":"https:\/\/www.airtracksports.com\/index.php\/wp-json\/wp\/v2\/comments?post=7302"}],"version-history":[{"count":6,"href":"https:\/\/www.airtracksports.com\/index.php\/wp-json\/wp\/v2\/pages\/7302\/revisions"}],"predecessor-version":[{"id":7557,"href":"https:\/\/www.airtracksports.com\/index.php\/wp-json\/wp\/v2\/pages\/7302\/revisions\/7557"}],"wp:attachment":[{"href":"https:\/\/www.airtracksports.com\/index.php\/wp-json\/wp\/v2\/media?parent=7302"}],"curies":[{"name":"wp","href":"https:\/\/api.w.org\/{rel}","templated":true}]}}