{"id":7467,"date":"2025-12-16T13:09:35","date_gmt":"2025-12-16T12:09:35","guid":{"rendered":"https:\/\/www.airtracksports.com\/?page_id=7467"},"modified":"2026-02-20T16:33:48","modified_gmt":"2026-02-20T15:33:48","slug":"reparaturen","status":"publish","type":"page","link":"https:\/\/www.airtracksports.com\/index.php\/reparaturen\/","title":{"rendered":"Reparaturen"},"content":{"rendered":"<h2>Reparaturen<\/h2>\n<p>AirTracks sind robust, aber wenn Sie einmal eine Panne haben, brauchen Sie sich keine Sorgen zu machen. F\u00fcr kleine Reparaturen erhalten Sie von uns alle n\u00f6tigen Informationen und ein Reparatur-Set. <strong>Bei gr\u00f6sseren Defekten unterbreiten wir Ihnen unser Angebot f\u00fcr eine Reparatur vor Ort.<\/strong> Ist Ihrem AirProduct etwas passiert und ist es undicht? Bitte senden Sie ein Bild oder Video des Schadens an unser B\u00fcro: info@airtracksports.com<\/p>\n<p><iframe loading=\"lazy\" title=\"AirTrack Factory - How to repair an AirTrack \/ AirFloor\" width=\"745\" height=\"419\" src=\"https:\/\/www.youtube.com\/embed\/Wt1TJU_qcic?feature=oembed\" frameborder=\"0\" allow=\"accelerometer; autoplay; clipboard-write; encrypted-media; gyroscope; picture-in-picture; web-share\" referrerpolicy=\"strict-origin-when-cross-origin\" allowfullscreen><\/iframe><\/p>\n<h3>Airtrack selber flicken &#8211; Anleitung<\/h3>\n<p><b>Schritt eins:\u00a0<\/b>Bestellen Sie bei uns das passende Reparaturset.<\/p>\n<p><b>Schritt zwei:\u00a0<\/b>Pumpen Sie Ihren AirTrack auf. F\u00fcllen Sie eine Tasse mit Wasser und mischen Sie es mit etwas Seife. Bedecken Sie die vermutete undichte Stelle mit einem Pinsel mit der Mischung. Bei einem Leck bilden sich Blasen.<\/p>\n<p><b>Schritt drei:\u00a0<\/b>Markieren Sie die Stelle mit einem Stift, damit Sie wissen, wo sich das Leck befindet. Trocknen Sie den Bereich, indem Sie ihn abtupfen oder mit einem Tuch oder Handtuch abwischen. Verwenden Sie den Flicken als Schablone, um den Bereich zu markieren, der geklebt werden muss.<\/p>\n<p><b>Schritt vier: <\/b>Lassen Sie die Luft aus Ihrem AirTrack vollst\u00e4ndig ab.<\/p>\n<p><b>Schritt f\u00fcnf: <\/b>Reinigen Sie den Bereich mit dem Alkoholpflaster, das in Ihrem Reparaturset enthalten ist.\u00a0<\/p>\n<div class=\"columns small-12 large-6 animation animate-up scroll-visible\">\n<div class=\"page-block-content-wrapper\">\n<div class=\"page-block-content\">\n<div class=\"unreset-css\">\n<p><b>Schritt sechs: <\/b>Reiben Sie die markierte Stelle und Ihren Flicken mit Kleber ein und lassen Sie ihn etwa 5 Minuten trocknen.<\/p>\n<p><b>Schritt sieben: <\/b>Kleben Sie die geklebte Seite des PVC-Pflasters auf die geklebte Stelle Ihres AirTrack. Dr\u00fccken Sie fest darauf und wischen Sie \u00fcbersch\u00fcssigen Kleber mit einem Tuch ab. Decken Sie den geflickten Bereich mit etwas Flachem und Schwerem ab. Ein paar B\u00fccher, um es gut zu machen.<\/p>\n<p><b>Schritt acht: <\/b>Warten Sie 24 Stunden, bevor Sie die B\u00fccher entfernen. \u00dcberpr\u00fcfen Sie mit der Wasser-Seifen-Mischung, ob das Leck behoben ist.<\/p>\n<\/div>\n<\/div>\n<\/div>\n<\/div>\n<p>\u00a0<\/p>\n\n<\/p>\n<p><\/p><!-- \/wp:post-content -->","protected":false},"excerpt":{"rendered":"<p>Reparaturen AirTracks sind robust, aber wenn Sie einmal eine Panne haben, brauchen Sie sich keine Sorgen zu machen. F\u00fcr kleine Reparaturen erhalten Sie von uns alle n\u00f6tigen Informationen und ein Reparatur-Set. Bei gr\u00f6sseren Defekten unterbreiten wir Ihnen unser Angebot f\u00fcr ..<\/p>\n<div class=\"reading\"><a href=\"https:\/\/www.airtracksports.com\/index.php\/reparaturen\/\">Continue Reading<\/a><\/div>\n","protected":false},"author":4,"featured_media":0,"parent":0,"menu_order":0,"comment_status":"closed","ping_status":"closed","template":"","meta":{"footnotes":""},"class_list":["post-7467","page","type-page","status-publish","hentry"],"yoast_head":"<!-- This site is optimized with the Yoast SEO plugin v27.5 - https:\/\/yoast.com\/product\/yoast-seo-wordpress\/ -->\n<title>Reparaturen - AirTrackSports<\/title>\n<meta name=\"robots\" content=\"index, follow, max-snippet:-1, max-image-preview:large, max-video-preview:-1\" \/>\n<link rel=\"canonical\" href=\"https:\/\/www.airtracksports.com\/index.php\/reparaturen\/\" \/>\n<meta property=\"og:locale\" content=\"de_DE\" \/>\n<meta property=\"og:type\" content=\"article\" \/>\n<meta property=\"og:title\" content=\"Reparaturen - AirTrackSports\" \/>\n<meta property=\"og:description\" content=\"Reparaturen AirTracks sind robust, aber wenn Sie einmal eine Panne haben, brauchen Sie sich keine Sorgen zu machen. F\u00fcr kleine Reparaturen erhalten Sie von uns alle n\u00f6tigen Informationen und ein Reparatur-Set. Bei gr\u00f6sseren Defekten unterbreiten wir Ihnen unser Angebot f\u00fcr ..Continue Reading\" \/>\n<meta property=\"og:url\" content=\"https:\/\/www.airtracksports.com\/index.php\/reparaturen\/\" \/>\n<meta property=\"og:site_name\" content=\"AirTrackSports\" \/>\n<meta property=\"article:modified_time\" content=\"2026-02-20T15:33:48+00:00\" \/>\n<meta name=\"twitter:card\" content=\"summary_large_image\" \/>\n<meta name=\"twitter:label1\" content=\"Gesch\u00e4tzte Lesezeit\" \/>\n\t<meta name=\"twitter:data1\" content=\"2\u00a0Minuten\" \/>\n<script type=\"application\/ld+json\" class=\"yoast-schema-graph\">{\"@context\":\"https:\\\/\\\/schema.org\",\"@graph\":[{\"@type\":\"WebPage\",\"@id\":\"https:\\\/\\\/www.airtracksports.com\\\/index.php\\\/reparaturen\\\/\",\"url\":\"https:\\\/\\\/www.airtracksports.com\\\/index.php\\\/reparaturen\\\/\",\"name\":\"Reparaturen - AirTrackSports\",\"isPartOf\":{\"@id\":\"https:\\\/\\\/www.airtracksports.com\\\/#website\"},\"datePublished\":\"2025-12-16T12:09:35+00:00\",\"dateModified\":\"2026-02-20T15:33:48+00:00\",\"breadcrumb\":{\"@id\":\"https:\\\/\\\/www.airtracksports.com\\\/index.php\\\/reparaturen\\\/#breadcrumb\"},\"inLanguage\":\"de\",\"potentialAction\":[{\"@type\":\"ReadAction\",\"target\":[\"https:\\\/\\\/www.airtracksports.com\\\/index.php\\\/reparaturen\\\/\"]}]},{\"@type\":\"BreadcrumbList\",\"@id\":\"https:\\\/\\\/www.airtracksports.com\\\/index.php\\\/reparaturen\\\/#breadcrumb\",\"itemListElement\":[{\"@type\":\"ListItem\",\"position\":1,\"name\":\"Startseite\",\"item\":\"https:\\\/\\\/www.airtracksports.com\\\/\"},{\"@type\":\"ListItem\",\"position\":2,\"name\":\"Reparaturen\"}]},{\"@type\":\"WebSite\",\"@id\":\"https:\\\/\\\/www.airtracksports.com\\\/#website\",\"url\":\"https:\\\/\\\/www.airtracksports.com\\\/\",\"name\":\"AirTrackSports\",\"description\":\"\",\"publisher\":{\"@id\":\"https:\\\/\\\/www.airtracksports.com\\\/#organization\"},\"potentialAction\":[{\"@type\":\"SearchAction\",\"target\":{\"@type\":\"EntryPoint\",\"urlTemplate\":\"https:\\\/\\\/www.airtracksports.com\\\/?s={search_term_string}\"},\"query-input\":{\"@type\":\"PropertyValueSpecification\",\"valueRequired\":true,\"valueName\":\"search_term_string\"}}],\"inLanguage\":\"de\"},{\"@type\":\"Organization\",\"@id\":\"https:\\\/\\\/www.airtracksports.com\\\/#organization\",\"name\":\"AirTrackSports\",\"url\":\"https:\\\/\\\/www.airtracksports.com\\\/\",\"logo\":{\"@type\":\"ImageObject\",\"inLanguage\":\"de\",\"@id\":\"https:\\\/\\\/www.airtracksports.com\\\/#\\\/schema\\\/logo\\\/image\\\/\",\"url\":\"https:\\\/\\\/www.airtracksports.com\\\/wp-content\\\/uploads\\\/2020\\\/05\\\/cropped-LogoAirTrack-4.jpg\",\"contentUrl\":\"https:\\\/\\\/www.airtracksports.com\\\/wp-content\\\/uploads\\\/2020\\\/05\\\/cropped-LogoAirTrack-4.jpg\",\"width\":225,\"height\":90,\"caption\":\"AirTrackSports\"},\"image\":{\"@id\":\"https:\\\/\\\/www.airtracksports.com\\\/#\\\/schema\\\/logo\\\/image\\\/\"}}]}<\/script>\n<!-- \/ Yoast SEO plugin. -->","yoast_head_json":{"title":"Reparaturen - AirTrackSports","robots":{"index":"index","follow":"follow","max-snippet":"max-snippet:-1","max-image-preview":"max-image-preview:large","max-video-preview":"max-video-preview:-1"},"canonical":"https:\/\/www.airtracksports.com\/index.php\/reparaturen\/","og_locale":"de_DE","og_type":"article","og_title":"Reparaturen - AirTrackSports","og_description":"Reparaturen AirTracks sind robust, aber wenn Sie einmal eine Panne haben, brauchen Sie sich keine Sorgen zu machen. F\u00fcr kleine Reparaturen erhalten Sie von uns alle n\u00f6tigen Informationen und ein Reparatur-Set. Bei gr\u00f6sseren Defekten unterbreiten wir Ihnen unser Angebot f\u00fcr ..Continue Reading","og_url":"https:\/\/www.airtracksports.com\/index.php\/reparaturen\/","og_site_name":"AirTrackSports","article_modified_time":"2026-02-20T15:33:48+00:00","twitter_card":"summary_large_image","twitter_misc":{"Gesch\u00e4tzte Lesezeit":"2\u00a0Minuten"},"schema":{"@context":"https:\/\/schema.org","@graph":[{"@type":"WebPage","@id":"https:\/\/www.airtracksports.com\/index.php\/reparaturen\/","url":"https:\/\/www.airtracksports.com\/index.php\/reparaturen\/","name":"Reparaturen - AirTrackSports","isPartOf":{"@id":"https:\/\/www.airtracksports.com\/#website"},"datePublished":"2025-12-16T12:09:35+00:00","dateModified":"2026-02-20T15:33:48+00:00","breadcrumb":{"@id":"https:\/\/www.airtracksports.com\/index.php\/reparaturen\/#breadcrumb"},"inLanguage":"de","potentialAction":[{"@type":"ReadAction","target":["https:\/\/www.airtracksports.com\/index.php\/reparaturen\/"]}]},{"@type":"BreadcrumbList","@id":"https:\/\/www.airtracksports.com\/index.php\/reparaturen\/#breadcrumb","itemListElement":[{"@type":"ListItem","position":1,"name":"Startseite","item":"https:\/\/www.airtracksports.com\/"},{"@type":"ListItem","position":2,"name":"Reparaturen"}]},{"@type":"WebSite","@id":"https:\/\/www.airtracksports.com\/#website","url":"https:\/\/www.airtracksports.com\/","name":"AirTrackSports","description":"","publisher":{"@id":"https:\/\/www.airtracksports.com\/#organization"},"potentialAction":[{"@type":"SearchAction","target":{"@type":"EntryPoint","urlTemplate":"https:\/\/www.airtracksports.com\/?s={search_term_string}"},"query-input":{"@type":"PropertyValueSpecification","valueRequired":true,"valueName":"search_term_string"}}],"inLanguage":"de"},{"@type":"Organization","@id":"https:\/\/www.airtracksports.com\/#organization","name":"AirTrackSports","url":"https:\/\/www.airtracksports.com\/","logo":{"@type":"ImageObject","inLanguage":"de","@id":"https:\/\/www.airtracksports.com\/#\/schema\/logo\/image\/","url":"https:\/\/www.airtracksports.com\/wp-content\/uploads\/2020\/05\/cropped-LogoAirTrack-4.jpg","contentUrl":"https:\/\/www.airtracksports.com\/wp-content\/uploads\/2020\/05\/cropped-LogoAirTrack-4.jpg","width":225,"height":90,"caption":"AirTrackSports"},"image":{"@id":"https:\/\/www.airtracksports.com\/#\/schema\/logo\/image\/"}}]}},"_links":{"self":[{"href":"https:\/\/www.airtracksports.com\/index.php\/wp-json\/wp\/v2\/pages\/7467","targetHints":{"allow":["GET"]}}],"collection":[{"href":"https:\/\/www.airtracksports.com\/index.php\/wp-json\/wp\/v2\/pages"}],"about":[{"href":"https:\/\/www.airtracksports.com\/index.php\/wp-json\/wp\/v2\/types\/page"}],"author":[{"embeddable":true,"href":"https:\/\/www.airtracksports.com\/index.php\/wp-json\/wp\/v2\/users\/4"}],"replies":[{"embeddable":true,"href":"https:\/\/www.airtracksports.com\/index.php\/wp-json\/wp\/v2\/comments?post=7467"}],"version-history":[{"count":13,"href":"https:\/\/www.airtracksports.com\/index.php\/wp-json\/wp\/v2\/pages\/7467\/revisions"}],"predecessor-version":[{"id":7827,"href":"https:\/\/www.airtracksports.com\/index.php\/wp-json\/wp\/v2\/pages\/7467\/revisions\/7827"}],"wp:attachment":[{"href":"https:\/\/www.airtracksports.com\/index.php\/wp-json\/wp\/v2\/media?parent=7467"}],"curies":[{"name":"wp","href":"https:\/\/api.w.org\/{rel}","templated":true}]}}