{"id":7838,"date":"2026-03-13T11:08:54","date_gmt":"2026-03-13T10:08:54","guid":{"rendered":"https:\/\/www.airtracksports.com\/?page_id=7838"},"modified":"2026-03-13T11:12:58","modified_gmt":"2026-03-13T10:12:58","slug":"reparaturen","status":"publish","type":"page","link":"https:\/\/www.airtracksports.com\/index.php\/reparaturen\/?lang=fr","title":{"rendered":"R\u00e9parations"},"content":{"rendered":"<h2>R\u00e9parations<\/h2>\n<p>les AirTracks sont robustes, mais si vous avez un jour un probl\u00e8me, ne vous inqui\u00e9tez pas. Pour les petites r\u00e9parations, nous vous fournissons toutes les informations n\u00e9cessaires et un kit de r\u00e9paration.<strong>En cas de panne importante, nous vous soumettons une offre pour une r\u00e9paration sur place.<\/strong> Votre AirProduct a-t-il subi un incident et pr\u00e9sente-t-il une fuite ? Veuillez envoyer une photo ou une vid\u00e9o du dommage \u00e0 notre bureau: info@airtracksports.com<\/p>\n<p><iframe loading=\"lazy\" title=\"AirTrack Factory - How to repair an AirTrack \/ AirFloor\" width=\"745\" height=\"419\" src=\"https:\/\/www.youtube.com\/embed\/Wt1TJU_qcic?feature=oembed\" frameborder=\"0\" allow=\"accelerometer; autoplay; clipboard-write; encrypted-media; gyroscope; picture-in-picture; web-share\" referrerpolicy=\"strict-origin-when-cross-origin\" allowfullscreen><\/iframe><\/p>\n<p>R\u00e9parer soi-m\u00eame un AirTrack &#8211; Instructions<\/p>\n<p>\u00c9tape 1 : Commandez le kit de r\u00e9paration adapt\u00e9 chez nous.<\/p>\n<p>\u00c9tape 2 : Gonflez votre AirTrack. Remplissez une tasse d&#8217;eau et m\u00e9langez-y un peu de savon. \u00c0 l&#8217;aide d&#8217;un pinceau, recouvrez la zone suspecte de ce m\u00e9lange. Des bulles se formeront en cas de fuite.<\/p>\n<p>\u00c9tape 3 : Marquez l&#8217;endroit avec un crayon afin de savoir o\u00f9 se trouve la fuite. S\u00e9chez la zone en la tamponnant ou en l&#8217;essuyant avec un chiffon ou une serviette. Utilisez la pi\u00e8ce de r\u00e9paration comme gabarit pour marquer la zone \u00e0 coller.<\/p>\n<p>\u00c9tape 4 : D\u00e9gonflez compl\u00e8tement votre AirTrack.<\/p>\n<p>\u00c9tape 5 : Nettoyez la zone \u00e0 l&#8217;aide du tampon imbib\u00e9 d&#8217;alcool fourni dans votre kit de r\u00e9paration.<\/p>\n<p>\u00c9tape 6 : Appliquez de la colle sur la zone marqu\u00e9e et sur votre patch, puis laissez s\u00e9cher environ 5 minutes.<\/p>\n<p>\u00c9tape 7 : Collez le c\u00f4t\u00e9 adh\u00e9sif du patch en PVC sur la zone coll\u00e9e de votre AirTrack. Appuyez fermement dessus et essuyez l&#8217;exc\u00e9dent de colle avec un chiffon. Recouvrez la zone r\u00e9par\u00e9e avec un objet plat et lourd. Quelques livres feront l&#8217;affaire.<\/p>\n<p>\u00c9tape 8 : Attendez 24 heures avant de retirer les livres. V\u00e9rifiez \u00e0 l&#8217;aide du m\u00e9lange d&#8217;eau et de savon si la fuite est colmat\u00e9e.<\/p>\n<p>\u00a0<\/p>\n<p>\u00a0<\/p>\n\n<\/p>\n<p><\/p><!-- \/wp:post-content -->","protected":false},"excerpt":{"rendered":"<p>R\u00e9parations les AirTracks sont robustes, mais si vous avez un jour un probl\u00e8me, ne vous inqui\u00e9tez pas. Pour les petites r\u00e9parations, nous vous fournissons toutes les informations n\u00e9cessaires et un kit de r\u00e9paration.En cas de panne importante, nous vous soumettons ..<\/p>\n<div class=\"reading\"><a href=\"https:\/\/www.airtracksports.com\/index.php\/reparaturen\/?lang=fr\">Continue Reading<\/a><\/div>\n","protected":false},"author":4,"featured_media":0,"parent":0,"menu_order":0,"comment_status":"closed","ping_status":"closed","template":"","meta":{"footnotes":""},"class_list":["post-7838","page","type-page","status-publish","hentry"],"yoast_head":"<!-- This site is optimized with the Yoast SEO plugin v27.5 - https:\/\/yoast.com\/product\/yoast-seo-wordpress\/ -->\n<title>R\u00e9parations - AirTrackSports<\/title>\n<meta name=\"robots\" content=\"index, follow, max-snippet:-1, max-image-preview:large, max-video-preview:-1\" \/>\n<link rel=\"canonical\" href=\"https:\/\/www.airtracksports.com\/index.php\/reparaturen\/?lang=fr\" \/>\n<meta property=\"og:locale\" content=\"de_DE\" \/>\n<meta property=\"og:type\" content=\"article\" \/>\n<meta property=\"og:title\" content=\"R\u00e9parations - AirTrackSports\" \/>\n<meta property=\"og:description\" content=\"R\u00e9parations les AirTracks sont robustes, mais si vous avez un jour un probl\u00e8me, ne vous inqui\u00e9tez pas. Pour les petites r\u00e9parations, nous vous fournissons toutes les informations n\u00e9cessaires et un kit de r\u00e9paration.En cas de panne importante, nous vous soumettons ..Continue Reading\" \/>\n<meta property=\"og:url\" content=\"https:\/\/www.airtracksports.com\/index.php\/reparaturen\/?lang=fr\" \/>\n<meta property=\"og:site_name\" content=\"AirTrackSports\" \/>\n<meta property=\"article:modified_time\" content=\"2026-03-13T10:12:58+00:00\" \/>\n<meta name=\"twitter:card\" content=\"summary_large_image\" \/>\n<meta name=\"twitter:label1\" content=\"Gesch\u00e4tzte Lesezeit\" \/>\n\t<meta name=\"twitter:data1\" content=\"2\u00a0Minuten\" \/>\n<script type=\"application\/ld+json\" class=\"yoast-schema-graph\">{\"@context\":\"https:\\\/\\\/schema.org\",\"@graph\":[{\"@type\":\"WebPage\",\"@id\":\"https:\\\/\\\/www.airtracksports.com\\\/index.php\\\/reparaturen\\\/?lang=fr\",\"url\":\"https:\\\/\\\/www.airtracksports.com\\\/index.php\\\/reparaturen\\\/?lang=fr\",\"name\":\"R\u00e9parations - AirTrackSports\",\"isPartOf\":{\"@id\":\"https:\\\/\\\/www.airtracksports.com\\\/#website\"},\"datePublished\":\"2026-03-13T10:08:54+00:00\",\"dateModified\":\"2026-03-13T10:12:58+00:00\",\"breadcrumb\":{\"@id\":\"https:\\\/\\\/www.airtracksports.com\\\/index.php\\\/reparaturen\\\/?lang=fr#breadcrumb\"},\"inLanguage\":\"de\",\"potentialAction\":[{\"@type\":\"ReadAction\",\"target\":[\"https:\\\/\\\/www.airtracksports.com\\\/index.php\\\/reparaturen\\\/?lang=fr\"]}]},{\"@type\":\"BreadcrumbList\",\"@id\":\"https:\\\/\\\/www.airtracksports.com\\\/index.php\\\/reparaturen\\\/?lang=fr#breadcrumb\",\"itemListElement\":[{\"@type\":\"ListItem\",\"position\":1,\"name\":\"Startseite\",\"item\":\"https:\\\/\\\/www.airtracksports.com\\\/\"},{\"@type\":\"ListItem\",\"position\":2,\"name\":\"R\u00e9parations\"}]},{\"@type\":\"WebSite\",\"@id\":\"https:\\\/\\\/www.airtracksports.com\\\/#website\",\"url\":\"https:\\\/\\\/www.airtracksports.com\\\/\",\"name\":\"AirTrackSports\",\"description\":\"\",\"publisher\":{\"@id\":\"https:\\\/\\\/www.airtracksports.com\\\/#organization\"},\"potentialAction\":[{\"@type\":\"SearchAction\",\"target\":{\"@type\":\"EntryPoint\",\"urlTemplate\":\"https:\\\/\\\/www.airtracksports.com\\\/?s={search_term_string}\"},\"query-input\":{\"@type\":\"PropertyValueSpecification\",\"valueRequired\":true,\"valueName\":\"search_term_string\"}}],\"inLanguage\":\"de\"},{\"@type\":\"Organization\",\"@id\":\"https:\\\/\\\/www.airtracksports.com\\\/#organization\",\"name\":\"AirTrackSports\",\"url\":\"https:\\\/\\\/www.airtracksports.com\\\/\",\"logo\":{\"@type\":\"ImageObject\",\"inLanguage\":\"de\",\"@id\":\"https:\\\/\\\/www.airtracksports.com\\\/#\\\/schema\\\/logo\\\/image\\\/\",\"url\":\"https:\\\/\\\/www.airtracksports.com\\\/wp-content\\\/uploads\\\/2020\\\/05\\\/cropped-LogoAirTrack-4.jpg\",\"contentUrl\":\"https:\\\/\\\/www.airtracksports.com\\\/wp-content\\\/uploads\\\/2020\\\/05\\\/cropped-LogoAirTrack-4.jpg\",\"width\":225,\"height\":90,\"caption\":\"AirTrackSports\"},\"image\":{\"@id\":\"https:\\\/\\\/www.airtracksports.com\\\/#\\\/schema\\\/logo\\\/image\\\/\"}}]}<\/script>\n<!-- \/ Yoast SEO plugin. -->","yoast_head_json":{"title":"R\u00e9parations - AirTrackSports","robots":{"index":"index","follow":"follow","max-snippet":"max-snippet:-1","max-image-preview":"max-image-preview:large","max-video-preview":"max-video-preview:-1"},"canonical":"https:\/\/www.airtracksports.com\/index.php\/reparaturen\/?lang=fr","og_locale":"de_DE","og_type":"article","og_title":"R\u00e9parations - AirTrackSports","og_description":"R\u00e9parations les AirTracks sont robustes, mais si vous avez un jour un probl\u00e8me, ne vous inqui\u00e9tez pas. Pour les petites r\u00e9parations, nous vous fournissons toutes les informations n\u00e9cessaires et un kit de r\u00e9paration.En cas de panne importante, nous vous soumettons ..Continue Reading","og_url":"https:\/\/www.airtracksports.com\/index.php\/reparaturen\/?lang=fr","og_site_name":"AirTrackSports","article_modified_time":"2026-03-13T10:12:58+00:00","twitter_card":"summary_large_image","twitter_misc":{"Gesch\u00e4tzte Lesezeit":"2\u00a0Minuten"},"schema":{"@context":"https:\/\/schema.org","@graph":[{"@type":"WebPage","@id":"https:\/\/www.airtracksports.com\/index.php\/reparaturen\/?lang=fr","url":"https:\/\/www.airtracksports.com\/index.php\/reparaturen\/?lang=fr","name":"R\u00e9parations - AirTrackSports","isPartOf":{"@id":"https:\/\/www.airtracksports.com\/#website"},"datePublished":"2026-03-13T10:08:54+00:00","dateModified":"2026-03-13T10:12:58+00:00","breadcrumb":{"@id":"https:\/\/www.airtracksports.com\/index.php\/reparaturen\/?lang=fr#breadcrumb"},"inLanguage":"de","potentialAction":[{"@type":"ReadAction","target":["https:\/\/www.airtracksports.com\/index.php\/reparaturen\/?lang=fr"]}]},{"@type":"BreadcrumbList","@id":"https:\/\/www.airtracksports.com\/index.php\/reparaturen\/?lang=fr#breadcrumb","itemListElement":[{"@type":"ListItem","position":1,"name":"Startseite","item":"https:\/\/www.airtracksports.com\/"},{"@type":"ListItem","position":2,"name":"R\u00e9parations"}]},{"@type":"WebSite","@id":"https:\/\/www.airtracksports.com\/#website","url":"https:\/\/www.airtracksports.com\/","name":"AirTrackSports","description":"","publisher":{"@id":"https:\/\/www.airtracksports.com\/#organization"},"potentialAction":[{"@type":"SearchAction","target":{"@type":"EntryPoint","urlTemplate":"https:\/\/www.airtracksports.com\/?s={search_term_string}"},"query-input":{"@type":"PropertyValueSpecification","valueRequired":true,"valueName":"search_term_string"}}],"inLanguage":"de"},{"@type":"Organization","@id":"https:\/\/www.airtracksports.com\/#organization","name":"AirTrackSports","url":"https:\/\/www.airtracksports.com\/","logo":{"@type":"ImageObject","inLanguage":"de","@id":"https:\/\/www.airtracksports.com\/#\/schema\/logo\/image\/","url":"https:\/\/www.airtracksports.com\/wp-content\/uploads\/2020\/05\/cropped-LogoAirTrack-4.jpg","contentUrl":"https:\/\/www.airtracksports.com\/wp-content\/uploads\/2020\/05\/cropped-LogoAirTrack-4.jpg","width":225,"height":90,"caption":"AirTrackSports"},"image":{"@id":"https:\/\/www.airtracksports.com\/#\/schema\/logo\/image\/"}}]}},"_links":{"self":[{"href":"https:\/\/www.airtracksports.com\/index.php\/wp-json\/wp\/v2\/pages\/7838","targetHints":{"allow":["GET"]}}],"collection":[{"href":"https:\/\/www.airtracksports.com\/index.php\/wp-json\/wp\/v2\/pages"}],"about":[{"href":"https:\/\/www.airtracksports.com\/index.php\/wp-json\/wp\/v2\/types\/page"}],"author":[{"embeddable":true,"href":"https:\/\/www.airtracksports.com\/index.php\/wp-json\/wp\/v2\/users\/4"}],"replies":[{"embeddable":true,"href":"https:\/\/www.airtracksports.com\/index.php\/wp-json\/wp\/v2\/comments?post=7838"}],"version-history":[{"count":3,"href":"https:\/\/www.airtracksports.com\/index.php\/wp-json\/wp\/v2\/pages\/7838\/revisions"}],"predecessor-version":[{"id":7842,"href":"https:\/\/www.airtracksports.com\/index.php\/wp-json\/wp\/v2\/pages\/7838\/revisions\/7842"}],"wp:attachment":[{"href":"https:\/\/www.airtracksports.com\/index.php\/wp-json\/wp\/v2\/media?parent=7838"}],"curies":[{"name":"wp","href":"https:\/\/api.w.org\/{rel}","templated":true}]}}