{"id":1512,"date":"2020-05-06T18:44:15","date_gmt":"2020-05-06T16:44:15","guid":{"rendered":"https:\/\/airtracksports.aarbeta.ch\/?post_type=product&#038;p=1512"},"modified":"2025-04-10T10:16:25","modified_gmt":"2025-04-10T08:16:25","slug":"airtrack-p2","status":"publish","type":"product","link":"https:\/\/www.airtracksports.com\/index.php\/produkt\/airtrack-p2\/","title":{"rendered":"Airtrack P2"},"content":{"rendered":"<p>Die ersten Airtracks wurden von und f\u00fcr Turner entworfen. Heute ersetzen Turnvereine konventionelle Turnger\u00e4te wie Sprungk\u00e4sten, Schaumstoffmatten und das Sprungbrett durch AirProdukte. AirProducts unterscheiden sich von dem alten, schweren und harten Material, indem sie leicht, weich sowie einfach zu lagern sind.<\/p>\n<p>Der P2 Airtrack ist unsere mittelgrosse Matte. Sie bietet durch die 20cm H\u00f6he mehr Sprungkraft als unsere <a href=\"https:\/\/www.airtracksports.com\/index.php\/produkt\/airfloor-p1\/\" target=\"_blank\" rel=\"noopener noreferrer\">Airfloors<\/a> und eignet sich auch f\u00fcr leistungsstarke Turnerinnen und Turner. F\u00fcr langsame und leichte Spr\u00fcnge ist niedriger Druck hervorragend, w\u00e4hrend bei einem schnellen, technisch ansprungsvollen Sprung eine prall gef\u00fcllte Matte effektver ist.<\/p>\n<p>Die 2.8m breite Matte zeichnet sich dadurch aus, dass sie als 2-spurige Strecke verwendet werden kann. Somit ist die Matte ideal f\u00fcr gr\u00f6ssere Turngruppen.<\/p>\n<p>Die Handhabung im Training oder Unterricht ist praktisch. Selbst grosse Airtracks wie der 15 x 2.8m-Track k\u00f6nnen innert 10 Minuten komplett abgebaut, zusammengelegt und in die Abstellkammer versorgt werden.<\/p>\n<p>F\u00fcr diejenigen, die ihr Training auf ein h\u00f6heres Level bringen wollen, ist der <a href=\"https:\/\/www.airtracksports.com\/index.php\/produkt\/airtrack-p3\/\" target=\"_blank\" rel=\"noopener noreferrer\">AirTrack P3<\/a> sicherlich auch interessant!<\/p>\n","protected":false},"excerpt":{"rendered":"<p>20cm hohe Airtracks in verschiedensten L\u00e4ngen &#8211; auch Gr\u00f6ssen, die nicht aufgef\u00fchrt sind, sind auf Anfrage m\u00f6glich. Lieferung inkl. Schutzh\u00fclle, Anleitung, 5 Jahre Garantie, Service Schweiz, inkl. Elektrogebl\u00e4se, je nach Gr\u00f6sse <strong><a href=\"https:\/\/www.airtracksports.com\/index.php\/produkt\/ss103-geblaese\/\">SS103<\/a> \/ <a href=\"https:\/\/www.airtracksports.com\/index.php\/produkt\/ov10-geblaese\/\">OV10<\/a>\u00a0\/ <a href=\"https:\/\/www.airtracksports.com\/index.php\/produkt\/hikoki-geblaese\/\">Hikoki<\/a><\/strong><\/p>\n","protected":false},"featured_media":2313,"template":"","meta":[],"product_brand":[],"product_cat":[40],"product_tag":[98,112,100,97,99],"class_list":{"0":"post-1512","1":"product","2":"type-product","3":"status-publish","4":"has-post-thumbnail","6":"product_cat-profi-produkte","7":"product_tag-airtrack","8":"product_tag-airtrackmatte-kunstturnen","9":"product_tag-kunstturn-matte","10":"product_tag-tumblingbahn","11":"product_tag-tumblingmatte","12":"product_shipping_class-palet-versand-per-spedition","14":"first","15":"onbackorder","16":"taxable","17":"shipping-taxable","18":"purchasable","19":"product-type-variable"},"yoast_head":"<!-- This site is optimized with the Yoast SEO plugin v27.5 - https:\/\/yoast.com\/product\/yoast-seo-wordpress\/ -->\n<title>Airtracksports - Airtrack P2 in allen L\u00e4ngen - Profi-Material f\u00fcrs Turnen<\/title>\n<meta name=\"description\" content=\"Der P2 Airtrack ist eine mittelgrosse Matte f\u00fcr Turnvereine. Mit 20cm H\u00f6he eignet sie sich f\u00fcr Anf\u00e4nger wie auch leistungsstarke Turnerinnen und Turner.\" \/>\n<meta name=\"robots\" content=\"index, follow, max-snippet:-1, max-image-preview:large, max-video-preview:-1\" \/>\n<link rel=\"canonical\" href=\"https:\/\/www.airtracksports.com\/index.php\/produkt\/airtrack-p2\/\" \/>\n<meta property=\"og:locale\" content=\"de_DE\" \/>\n<meta property=\"og:type\" content=\"article\" \/>\n<meta property=\"og:title\" content=\"Airtracksports - Airtrack P2 in allen L\u00e4ngen - Profi-Material f\u00fcrs Turnen\" \/>\n<meta property=\"og:description\" content=\"Der P2 Airtrack ist eine mittelgrosse Matte f\u00fcr Turnvereine. Mit 20cm H\u00f6he eignet sie sich f\u00fcr Anf\u00e4nger wie auch leistungsstarke Turnerinnen und Turner.\" \/>\n<meta property=\"og:url\" content=\"https:\/\/www.airtracksports.com\/index.php\/produkt\/airtrack-p2\/\" \/>\n<meta property=\"og:site_name\" content=\"AirTrackSports\" \/>\n<meta property=\"article:modified_time\" content=\"2025-04-10T08:16:25+00:00\" \/>\n<meta property=\"og:image\" content=\"https:\/\/www.airtracksports.com\/wp-content\/uploads\/2020\/05\/Airtrack-P2.png\" \/>\n\t<meta property=\"og:image:width\" content=\"1369\" \/>\n\t<meta property=\"og:image:height\" content=\"647\" \/>\n\t<meta property=\"og:image:type\" content=\"image\/png\" \/>\n<meta name=\"twitter:card\" content=\"summary_large_image\" \/>\n<meta name=\"twitter:label1\" content=\"Gesch\u00e4tzte Lesezeit\" \/>\n\t<meta name=\"twitter:data1\" content=\"1\u00a0Minute\" \/>\n<script type=\"application\/ld+json\" class=\"yoast-schema-graph\">{\"@context\":\"https:\\\/\\\/schema.org\",\"@graph\":[{\"@type\":\"WebPage\",\"@id\":\"https:\\\/\\\/www.airtracksports.com\\\/index.php\\\/produkt\\\/airtrack-p2\\\/\",\"url\":\"https:\\\/\\\/www.airtracksports.com\\\/index.php\\\/produkt\\\/airtrack-p2\\\/\",\"name\":\"Airtracksports - Airtrack P2 in allen L\u00e4ngen - Profi-Material f\u00fcrs Turnen\",\"isPartOf\":{\"@id\":\"https:\\\/\\\/www.airtracksports.com\\\/#website\"},\"primaryImageOfPage\":{\"@id\":\"https:\\\/\\\/www.airtracksports.com\\\/index.php\\\/produkt\\\/airtrack-p2\\\/#primaryimage\"},\"image\":{\"@id\":\"https:\\\/\\\/www.airtracksports.com\\\/index.php\\\/produkt\\\/airtrack-p2\\\/#primaryimage\"},\"thumbnailUrl\":\"https:\\\/\\\/www.airtracksports.com\\\/wp-content\\\/uploads\\\/2020\\\/05\\\/Airtrack-P2.png\",\"datePublished\":\"2020-05-06T16:44:15+00:00\",\"dateModified\":\"2025-04-10T08:16:25+00:00\",\"description\":\"Der P2 Airtrack ist eine mittelgrosse Matte f\u00fcr Turnvereine. Mit 20cm H\u00f6he eignet sie sich f\u00fcr Anf\u00e4nger wie auch leistungsstarke Turnerinnen und Turner.\",\"breadcrumb\":{\"@id\":\"https:\\\/\\\/www.airtracksports.com\\\/index.php\\\/produkt\\\/airtrack-p2\\\/#breadcrumb\"},\"inLanguage\":\"de\",\"potentialAction\":[{\"@type\":\"ReadAction\",\"target\":[\"https:\\\/\\\/www.airtracksports.com\\\/index.php\\\/produkt\\\/airtrack-p2\\\/\"]}]},{\"@type\":\"ImageObject\",\"inLanguage\":\"de\",\"@id\":\"https:\\\/\\\/www.airtracksports.com\\\/index.php\\\/produkt\\\/airtrack-p2\\\/#primaryimage\",\"url\":\"https:\\\/\\\/www.airtracksports.com\\\/wp-content\\\/uploads\\\/2020\\\/05\\\/Airtrack-P2.png\",\"contentUrl\":\"https:\\\/\\\/www.airtracksports.com\\\/wp-content\\\/uploads\\\/2020\\\/05\\\/Airtrack-P2.png\",\"width\":1369,\"height\":647,\"caption\":\"Airtrack P2 von Airtrackfactory Schweiz - Top-Qualit\u00e4t\"},{\"@type\":\"BreadcrumbList\",\"@id\":\"https:\\\/\\\/www.airtracksports.com\\\/index.php\\\/produkt\\\/airtrack-p2\\\/#breadcrumb\",\"itemListElement\":[{\"@type\":\"ListItem\",\"position\":1,\"name\":\"Startseite\",\"item\":\"https:\\\/\\\/www.airtracksports.com\\\/\"},{\"@type\":\"ListItem\",\"position\":2,\"name\":\"Airtrack-Shop\",\"item\":\"https:\\\/\\\/www.airtracksports.com\\\/index.php\\\/shop\\\/\"},{\"@type\":\"ListItem\",\"position\":3,\"name\":\"Airtrack P2\"}]},{\"@type\":\"WebSite\",\"@id\":\"https:\\\/\\\/www.airtracksports.com\\\/#website\",\"url\":\"https:\\\/\\\/www.airtracksports.com\\\/\",\"name\":\"AirTrackSports\",\"description\":\"\",\"publisher\":{\"@id\":\"https:\\\/\\\/www.airtracksports.com\\\/#organization\"},\"potentialAction\":[{\"@type\":\"SearchAction\",\"target\":{\"@type\":\"EntryPoint\",\"urlTemplate\":\"https:\\\/\\\/www.airtracksports.com\\\/?s={search_term_string}\"},\"query-input\":{\"@type\":\"PropertyValueSpecification\",\"valueRequired\":true,\"valueName\":\"search_term_string\"}}],\"inLanguage\":\"de\"},{\"@type\":\"Organization\",\"@id\":\"https:\\\/\\\/www.airtracksports.com\\\/#organization\",\"name\":\"AirTrackSports\",\"url\":\"https:\\\/\\\/www.airtracksports.com\\\/\",\"logo\":{\"@type\":\"ImageObject\",\"inLanguage\":\"de\",\"@id\":\"https:\\\/\\\/www.airtracksports.com\\\/#\\\/schema\\\/logo\\\/image\\\/\",\"url\":\"https:\\\/\\\/www.airtracksports.com\\\/wp-content\\\/uploads\\\/2020\\\/05\\\/cropped-LogoAirTrack-4.jpg\",\"contentUrl\":\"https:\\\/\\\/www.airtracksports.com\\\/wp-content\\\/uploads\\\/2020\\\/05\\\/cropped-LogoAirTrack-4.jpg\",\"width\":225,\"height\":90,\"caption\":\"AirTrackSports\"},\"image\":{\"@id\":\"https:\\\/\\\/www.airtracksports.com\\\/#\\\/schema\\\/logo\\\/image\\\/\"}}]}<\/script>\n<!-- \/ Yoast SEO plugin. -->","yoast_head_json":{"title":"Airtracksports - Airtrack P2 in allen L\u00e4ngen - Profi-Material f\u00fcrs Turnen","description":"Der P2 Airtrack ist eine mittelgrosse Matte f\u00fcr Turnvereine. Mit 20cm H\u00f6he eignet sie sich f\u00fcr Anf\u00e4nger wie auch leistungsstarke Turnerinnen und Turner.","robots":{"index":"index","follow":"follow","max-snippet":"max-snippet:-1","max-image-preview":"max-image-preview:large","max-video-preview":"max-video-preview:-1"},"canonical":"https:\/\/www.airtracksports.com\/index.php\/produkt\/airtrack-p2\/","og_locale":"de_DE","og_type":"article","og_title":"Airtracksports - Airtrack P2 in allen L\u00e4ngen - Profi-Material f\u00fcrs Turnen","og_description":"Der P2 Airtrack ist eine mittelgrosse Matte f\u00fcr Turnvereine. Mit 20cm H\u00f6he eignet sie sich f\u00fcr Anf\u00e4nger wie auch leistungsstarke Turnerinnen und Turner.","og_url":"https:\/\/www.airtracksports.com\/index.php\/produkt\/airtrack-p2\/","og_site_name":"AirTrackSports","article_modified_time":"2025-04-10T08:16:25+00:00","og_image":[{"width":1369,"height":647,"url":"https:\/\/www.airtracksports.com\/wp-content\/uploads\/2020\/05\/Airtrack-P2.png","type":"image\/png"}],"twitter_card":"summary_large_image","twitter_misc":{"Gesch\u00e4tzte Lesezeit":"1\u00a0Minute"},"schema":{"@context":"https:\/\/schema.org","@graph":[{"@type":"WebPage","@id":"https:\/\/www.airtracksports.com\/index.php\/produkt\/airtrack-p2\/","url":"https:\/\/www.airtracksports.com\/index.php\/produkt\/airtrack-p2\/","name":"Airtracksports - Airtrack P2 in allen L\u00e4ngen - Profi-Material f\u00fcrs Turnen","isPartOf":{"@id":"https:\/\/www.airtracksports.com\/#website"},"primaryImageOfPage":{"@id":"https:\/\/www.airtracksports.com\/index.php\/produkt\/airtrack-p2\/#primaryimage"},"image":{"@id":"https:\/\/www.airtracksports.com\/index.php\/produkt\/airtrack-p2\/#primaryimage"},"thumbnailUrl":"https:\/\/www.airtracksports.com\/wp-content\/uploads\/2020\/05\/Airtrack-P2.png","datePublished":"2020-05-06T16:44:15+00:00","dateModified":"2025-04-10T08:16:25+00:00","description":"Der P2 Airtrack ist eine mittelgrosse Matte f\u00fcr Turnvereine. Mit 20cm H\u00f6he eignet sie sich f\u00fcr Anf\u00e4nger wie auch leistungsstarke Turnerinnen und Turner.","breadcrumb":{"@id":"https:\/\/www.airtracksports.com\/index.php\/produkt\/airtrack-p2\/#breadcrumb"},"inLanguage":"de","potentialAction":[{"@type":"ReadAction","target":["https:\/\/www.airtracksports.com\/index.php\/produkt\/airtrack-p2\/"]}]},{"@type":"ImageObject","inLanguage":"de","@id":"https:\/\/www.airtracksports.com\/index.php\/produkt\/airtrack-p2\/#primaryimage","url":"https:\/\/www.airtracksports.com\/wp-content\/uploads\/2020\/05\/Airtrack-P2.png","contentUrl":"https:\/\/www.airtracksports.com\/wp-content\/uploads\/2020\/05\/Airtrack-P2.png","width":1369,"height":647,"caption":"Airtrack P2 von Airtrackfactory Schweiz - Top-Qualit\u00e4t"},{"@type":"BreadcrumbList","@id":"https:\/\/www.airtracksports.com\/index.php\/produkt\/airtrack-p2\/#breadcrumb","itemListElement":[{"@type":"ListItem","position":1,"name":"Startseite","item":"https:\/\/www.airtracksports.com\/"},{"@type":"ListItem","position":2,"name":"Airtrack-Shop","item":"https:\/\/www.airtracksports.com\/index.php\/shop\/"},{"@type":"ListItem","position":3,"name":"Airtrack P2"}]},{"@type":"WebSite","@id":"https:\/\/www.airtracksports.com\/#website","url":"https:\/\/www.airtracksports.com\/","name":"AirTrackSports","description":"","publisher":{"@id":"https:\/\/www.airtracksports.com\/#organization"},"potentialAction":[{"@type":"SearchAction","target":{"@type":"EntryPoint","urlTemplate":"https:\/\/www.airtracksports.com\/?s={search_term_string}"},"query-input":{"@type":"PropertyValueSpecification","valueRequired":true,"valueName":"search_term_string"}}],"inLanguage":"de"},{"@type":"Organization","@id":"https:\/\/www.airtracksports.com\/#organization","name":"AirTrackSports","url":"https:\/\/www.airtracksports.com\/","logo":{"@type":"ImageObject","inLanguage":"de","@id":"https:\/\/www.airtracksports.com\/#\/schema\/logo\/image\/","url":"https:\/\/www.airtracksports.com\/wp-content\/uploads\/2020\/05\/cropped-LogoAirTrack-4.jpg","contentUrl":"https:\/\/www.airtracksports.com\/wp-content\/uploads\/2020\/05\/cropped-LogoAirTrack-4.jpg","width":225,"height":90,"caption":"AirTrackSports"},"image":{"@id":"https:\/\/www.airtracksports.com\/#\/schema\/logo\/image\/"}}]}},"_links":{"self":[{"href":"https:\/\/www.airtracksports.com\/index.php\/wp-json\/wp\/v2\/product\/1512","targetHints":{"allow":["GET"]}}],"collection":[{"href":"https:\/\/www.airtracksports.com\/index.php\/wp-json\/wp\/v2\/product"}],"about":[{"href":"https:\/\/www.airtracksports.com\/index.php\/wp-json\/wp\/v2\/types\/product"}],"wp:featuredmedia":[{"embeddable":true,"href":"https:\/\/www.airtracksports.com\/index.php\/wp-json\/wp\/v2\/media\/2313"}],"wp:attachment":[{"href":"https:\/\/www.airtracksports.com\/index.php\/wp-json\/wp\/v2\/media?parent=1512"}],"wp:term":[{"taxonomy":"product_brand","embeddable":true,"href":"https:\/\/www.airtracksports.com\/index.php\/wp-json\/wp\/v2\/product_brand?post=1512"},{"taxonomy":"product_cat","embeddable":true,"href":"https:\/\/www.airtracksports.com\/index.php\/wp-json\/wp\/v2\/product_cat?post=1512"},{"taxonomy":"product_tag","embeddable":true,"href":"https:\/\/www.airtracksports.com\/index.php\/wp-json\/wp\/v2\/product_tag?post=1512"}],"curies":[{"name":"wp","href":"https:\/\/api.w.org\/{rel}","templated":true}]}}