{"id":1957,"date":"2020-05-25T10:57:32","date_gmt":"2020-05-25T08:57:32","guid":{"rendered":"https:\/\/airtracksports.aarbeta.ch\/?post_type=product&#038;p=1957"},"modified":"2026-05-04T13:42:28","modified_gmt":"2026-05-04T11:42:28","slug":"airbeam-3m","status":"publish","type":"product","link":"https:\/\/www.airtracksports.com\/index.php\/produkt\/airbeam-3m\/","title":{"rendered":"Airbeam 3 x 0.4m"},"content":{"rendered":"<p>Unser Airbeam ist die aufblasbare, weiche Variante des Schwebebalkens. Durch den luftgef\u00fcllten Boden unter sich sinkt die Angst vor dem harten Aufprall. Turnerinnen und Turner k\u00f6nnen sich so besser auf den Absprung und die Landung konzentrieren und laufen gleichzeitig weniger Gefahr, sich zu verletzen.<\/p>\n<p>Der Schwebebalken ist wohl eines der respekteinfl\u00f6\u00dfendsten Ger\u00e4te im Kunstturnen. Der Airbeam bietet eine gro\u00dfartige M\u00f6glichkeit, die dringend erforderlichen \u00dcbungsstunden zu absolvieren und das n\u00f6tige Selbstvertrauen zu gewinnen, um die \u00dcbungen zu meistern. Die weiche Oberfl\u00e4che in der Mitte sorgt daf\u00fcr, dass sich die Turner voll und ganz auf ihre Landung konzentrieren k\u00f6nnen. So wird dein Schwebebalken-Training zu einer anspruchsvollen Aufgabe, die auch noch Spa\u00df macht.<\/p>\n<p>Dank der um 2.5mm erh\u00f6hten und 10cm breiten Mittellinie sp\u00fcrt man den Rand des Balkens mit den F\u00fcssen. Gleichzeitig verstaucht sich keiner den Kn\u00f6chel, wenn er nebendran landet.<\/p>\n<p><iframe loading=\"lazy\" title=\"AirBeam - GYMNASTICS\" width=\"745\" height=\"419\" src=\"https:\/\/www.youtube.com\/embed\/TdSjCewKrIo?feature=oembed\" frameborder=\"0\" allow=\"accelerometer; autoplay; clipboard-write; encrypted-media; gyroscope; picture-in-picture; web-share\" referrerpolicy=\"strict-origin-when-cross-origin\" allowfullscreen><\/iframe><\/p>\n","protected":false},"excerpt":{"rendered":"<p>Airbeam 3 x 0.4m &#8211; der aufblasbare Balken. Inkl. Inkl. <a href=\"https:\/\/www.airtracksports.com\/index.php\/produkt\/fusspumpe\/\" target=\"_blank\" rel=\"noopener noreferrer\">Fusspumpe<\/a>, Anleitung, 5 Jahre Garantie, Service CH<\/p>\n<p>Material:<br \/>\n&#8211; SportsDWF (double wall fabric)<br \/>\n&#8211; Carbon-N\u00e4hte<br \/>\n&#8211; Weiche Neopren-Tragegriffe<\/p>\n","protected":false},"featured_media":2630,"template":"","meta":[],"product_brand":[],"product_cat":[40,39],"product_tag":[],"class_list":{"0":"post-1957","1":"product","2":"type-product","3":"status-publish","4":"has-post-thumbnail","6":"product_cat-profi-produkte","7":"product_cat-training","8":"product_shipping_class-paket-m","10":"first","11":"onbackorder","12":"taxable","13":"shipping-taxable","14":"purchasable","15":"product-type-simple"},"yoast_head":"<!-- This site is optimized with the Yoast SEO plugin v27.6 - https:\/\/yoast.com\/product\/yoast-seo-wordpress\/ -->\n<title>Airtracksports - Airbeam 3 x 0.4m - der Schwebebalken f\u00fcr zuhause<\/title>\n<meta name=\"description\" content=\"Unser Airbeam ist die aufblasbare Variante des Balkens. Ohne Verletzungsgefahr kannst Du Dich so besser auf den Absprung und die Landung konzentrieren.\" \/>\n<meta name=\"robots\" content=\"index, follow, max-snippet:-1, max-image-preview:large, max-video-preview:-1\" \/>\n<link rel=\"canonical\" href=\"https:\/\/www.airtracksports.com\/index.php\/produkt\/airbeam-3m\/\" \/>\n<meta property=\"og:locale\" content=\"de_DE\" \/>\n<meta property=\"og:type\" content=\"article\" \/>\n<meta property=\"og:title\" content=\"Airtracksports - Airbeam 3 x 0.4m - der Schwebebalken f\u00fcr zuhause\" \/>\n<meta property=\"og:description\" content=\"Unser Airbeam ist die aufblasbare Variante des Balkens. Ohne Verletzungsgefahr kannst Du Dich so besser auf den Absprung und die Landung konzentrieren.\" \/>\n<meta property=\"og:url\" content=\"https:\/\/www.airtracksports.com\/index.php\/produkt\/airbeam-3m\/\" \/>\n<meta property=\"og:site_name\" content=\"AirTrackSports\" \/>\n<meta property=\"article:modified_time\" content=\"2026-05-04T11:42:28+00:00\" \/>\n<meta property=\"og:image\" content=\"https:\/\/www.airtracksports.com\/wp-content\/uploads\/2020\/05\/Airbeam-3m-blau.png\" \/>\n\t<meta property=\"og:image:width\" content=\"1746\" \/>\n\t<meta property=\"og:image:height\" content=\"889\" \/>\n\t<meta property=\"og:image:type\" content=\"image\/png\" \/>\n<meta name=\"twitter:card\" content=\"summary_large_image\" \/>\n<meta name=\"twitter:label1\" content=\"Gesch\u00e4tzte Lesezeit\" \/>\n\t<meta name=\"twitter:data1\" content=\"1\u00a0Minute\" \/>\n<script type=\"application\/ld+json\" class=\"yoast-schema-graph\">{\"@context\":\"https:\\\/\\\/schema.org\",\"@graph\":[{\"@type\":\"WebPage\",\"@id\":\"https:\\\/\\\/www.airtracksports.com\\\/index.php\\\/produkt\\\/airbeam-3m\\\/\",\"url\":\"https:\\\/\\\/www.airtracksports.com\\\/index.php\\\/produkt\\\/airbeam-3m\\\/\",\"name\":\"Airtracksports - Airbeam 3 x 0.4m - der Schwebebalken f\u00fcr zuhause\",\"isPartOf\":{\"@id\":\"https:\\\/\\\/www.airtracksports.com\\\/#website\"},\"primaryImageOfPage\":{\"@id\":\"https:\\\/\\\/www.airtracksports.com\\\/index.php\\\/produkt\\\/airbeam-3m\\\/#primaryimage\"},\"image\":{\"@id\":\"https:\\\/\\\/www.airtracksports.com\\\/index.php\\\/produkt\\\/airbeam-3m\\\/#primaryimage\"},\"thumbnailUrl\":\"https:\\\/\\\/www.airtracksports.com\\\/wp-content\\\/uploads\\\/2020\\\/05\\\/Airbeam-3m-blau.png\",\"datePublished\":\"2020-05-25T08:57:32+00:00\",\"dateModified\":\"2026-05-04T11:42:28+00:00\",\"description\":\"Unser Airbeam ist die aufblasbare Variante des Balkens. Ohne Verletzungsgefahr kannst Du Dich so besser auf den Absprung und die Landung konzentrieren.\",\"breadcrumb\":{\"@id\":\"https:\\\/\\\/www.airtracksports.com\\\/index.php\\\/produkt\\\/airbeam-3m\\\/#breadcrumb\"},\"inLanguage\":\"de\",\"potentialAction\":[{\"@type\":\"ReadAction\",\"target\":[\"https:\\\/\\\/www.airtracksports.com\\\/index.php\\\/produkt\\\/airbeam-3m\\\/\"]}]},{\"@type\":\"ImageObject\",\"inLanguage\":\"de\",\"@id\":\"https:\\\/\\\/www.airtracksports.com\\\/index.php\\\/produkt\\\/airbeam-3m\\\/#primaryimage\",\"url\":\"https:\\\/\\\/www.airtracksports.com\\\/wp-content\\\/uploads\\\/2020\\\/05\\\/Airbeam-3m-blau.png\",\"contentUrl\":\"https:\\\/\\\/www.airtracksports.com\\\/wp-content\\\/uploads\\\/2020\\\/05\\\/Airbeam-3m-blau.png\",\"width\":1746,\"height\":889,\"caption\":\"Airbeam 3m blau von Airtrackfactory Schweiz - Top-Qualit\u00e4t\"},{\"@type\":\"BreadcrumbList\",\"@id\":\"https:\\\/\\\/www.airtracksports.com\\\/index.php\\\/produkt\\\/airbeam-3m\\\/#breadcrumb\",\"itemListElement\":[{\"@type\":\"ListItem\",\"position\":1,\"name\":\"Startseite\",\"item\":\"https:\\\/\\\/www.airtracksports.com\\\/\"},{\"@type\":\"ListItem\",\"position\":2,\"name\":\"Airtrack-Shop\",\"item\":\"https:\\\/\\\/www.airtracksports.com\\\/index.php\\\/shop\\\/\"},{\"@type\":\"ListItem\",\"position\":3,\"name\":\"Airbeam 3 x 0.4m\"}]},{\"@type\":\"WebSite\",\"@id\":\"https:\\\/\\\/www.airtracksports.com\\\/#website\",\"url\":\"https:\\\/\\\/www.airtracksports.com\\\/\",\"name\":\"AirTrackSports\",\"description\":\"\",\"publisher\":{\"@id\":\"https:\\\/\\\/www.airtracksports.com\\\/#organization\"},\"potentialAction\":[{\"@type\":\"SearchAction\",\"target\":{\"@type\":\"EntryPoint\",\"urlTemplate\":\"https:\\\/\\\/www.airtracksports.com\\\/?s={search_term_string}\"},\"query-input\":{\"@type\":\"PropertyValueSpecification\",\"valueRequired\":true,\"valueName\":\"search_term_string\"}}],\"inLanguage\":\"de\"},{\"@type\":\"Organization\",\"@id\":\"https:\\\/\\\/www.airtracksports.com\\\/#organization\",\"name\":\"AirTrackSports\",\"url\":\"https:\\\/\\\/www.airtracksports.com\\\/\",\"logo\":{\"@type\":\"ImageObject\",\"inLanguage\":\"de\",\"@id\":\"https:\\\/\\\/www.airtracksports.com\\\/#\\\/schema\\\/logo\\\/image\\\/\",\"url\":\"https:\\\/\\\/www.airtracksports.com\\\/wp-content\\\/uploads\\\/2020\\\/05\\\/cropped-LogoAirTrack-4.jpg\",\"contentUrl\":\"https:\\\/\\\/www.airtracksports.com\\\/wp-content\\\/uploads\\\/2020\\\/05\\\/cropped-LogoAirTrack-4.jpg\",\"width\":225,\"height\":90,\"caption\":\"AirTrackSports\"},\"image\":{\"@id\":\"https:\\\/\\\/www.airtracksports.com\\\/#\\\/schema\\\/logo\\\/image\\\/\"}}]}<\/script>\n<!-- \/ Yoast SEO plugin. -->","yoast_head_json":{"title":"Airtracksports - Airbeam 3 x 0.4m - der Schwebebalken f\u00fcr zuhause","description":"Unser Airbeam ist die aufblasbare Variante des Balkens. Ohne Verletzungsgefahr kannst Du Dich so besser auf den Absprung und die Landung konzentrieren.","robots":{"index":"index","follow":"follow","max-snippet":"max-snippet:-1","max-image-preview":"max-image-preview:large","max-video-preview":"max-video-preview:-1"},"canonical":"https:\/\/www.airtracksports.com\/index.php\/produkt\/airbeam-3m\/","og_locale":"de_DE","og_type":"article","og_title":"Airtracksports - Airbeam 3 x 0.4m - der Schwebebalken f\u00fcr zuhause","og_description":"Unser Airbeam ist die aufblasbare Variante des Balkens. Ohne Verletzungsgefahr kannst Du Dich so besser auf den Absprung und die Landung konzentrieren.","og_url":"https:\/\/www.airtracksports.com\/index.php\/produkt\/airbeam-3m\/","og_site_name":"AirTrackSports","article_modified_time":"2026-05-04T11:42:28+00:00","og_image":[{"width":1746,"height":889,"url":"https:\/\/www.airtracksports.com\/wp-content\/uploads\/2020\/05\/Airbeam-3m-blau.png","type":"image\/png"}],"twitter_card":"summary_large_image","twitter_misc":{"Gesch\u00e4tzte Lesezeit":"1\u00a0Minute"},"schema":{"@context":"https:\/\/schema.org","@graph":[{"@type":"WebPage","@id":"https:\/\/www.airtracksports.com\/index.php\/produkt\/airbeam-3m\/","url":"https:\/\/www.airtracksports.com\/index.php\/produkt\/airbeam-3m\/","name":"Airtracksports - Airbeam 3 x 0.4m - der Schwebebalken f\u00fcr zuhause","isPartOf":{"@id":"https:\/\/www.airtracksports.com\/#website"},"primaryImageOfPage":{"@id":"https:\/\/www.airtracksports.com\/index.php\/produkt\/airbeam-3m\/#primaryimage"},"image":{"@id":"https:\/\/www.airtracksports.com\/index.php\/produkt\/airbeam-3m\/#primaryimage"},"thumbnailUrl":"https:\/\/www.airtracksports.com\/wp-content\/uploads\/2020\/05\/Airbeam-3m-blau.png","datePublished":"2020-05-25T08:57:32+00:00","dateModified":"2026-05-04T11:42:28+00:00","description":"Unser Airbeam ist die aufblasbare Variante des Balkens. Ohne Verletzungsgefahr kannst Du Dich so besser auf den Absprung und die Landung konzentrieren.","breadcrumb":{"@id":"https:\/\/www.airtracksports.com\/index.php\/produkt\/airbeam-3m\/#breadcrumb"},"inLanguage":"de","potentialAction":[{"@type":"ReadAction","target":["https:\/\/www.airtracksports.com\/index.php\/produkt\/airbeam-3m\/"]}]},{"@type":"ImageObject","inLanguage":"de","@id":"https:\/\/www.airtracksports.com\/index.php\/produkt\/airbeam-3m\/#primaryimage","url":"https:\/\/www.airtracksports.com\/wp-content\/uploads\/2020\/05\/Airbeam-3m-blau.png","contentUrl":"https:\/\/www.airtracksports.com\/wp-content\/uploads\/2020\/05\/Airbeam-3m-blau.png","width":1746,"height":889,"caption":"Airbeam 3m blau von Airtrackfactory Schweiz - Top-Qualit\u00e4t"},{"@type":"BreadcrumbList","@id":"https:\/\/www.airtracksports.com\/index.php\/produkt\/airbeam-3m\/#breadcrumb","itemListElement":[{"@type":"ListItem","position":1,"name":"Startseite","item":"https:\/\/www.airtracksports.com\/"},{"@type":"ListItem","position":2,"name":"Airtrack-Shop","item":"https:\/\/www.airtracksports.com\/index.php\/shop\/"},{"@type":"ListItem","position":3,"name":"Airbeam 3 x 0.4m"}]},{"@type":"WebSite","@id":"https:\/\/www.airtracksports.com\/#website","url":"https:\/\/www.airtracksports.com\/","name":"AirTrackSports","description":"","publisher":{"@id":"https:\/\/www.airtracksports.com\/#organization"},"potentialAction":[{"@type":"SearchAction","target":{"@type":"EntryPoint","urlTemplate":"https:\/\/www.airtracksports.com\/?s={search_term_string}"},"query-input":{"@type":"PropertyValueSpecification","valueRequired":true,"valueName":"search_term_string"}}],"inLanguage":"de"},{"@type":"Organization","@id":"https:\/\/www.airtracksports.com\/#organization","name":"AirTrackSports","url":"https:\/\/www.airtracksports.com\/","logo":{"@type":"ImageObject","inLanguage":"de","@id":"https:\/\/www.airtracksports.com\/#\/schema\/logo\/image\/","url":"https:\/\/www.airtracksports.com\/wp-content\/uploads\/2020\/05\/cropped-LogoAirTrack-4.jpg","contentUrl":"https:\/\/www.airtracksports.com\/wp-content\/uploads\/2020\/05\/cropped-LogoAirTrack-4.jpg","width":225,"height":90,"caption":"AirTrackSports"},"image":{"@id":"https:\/\/www.airtracksports.com\/#\/schema\/logo\/image\/"}}]}},"_links":{"self":[{"href":"https:\/\/www.airtracksports.com\/index.php\/wp-json\/wp\/v2\/product\/1957","targetHints":{"allow":["GET"]}}],"collection":[{"href":"https:\/\/www.airtracksports.com\/index.php\/wp-json\/wp\/v2\/product"}],"about":[{"href":"https:\/\/www.airtracksports.com\/index.php\/wp-json\/wp\/v2\/types\/product"}],"wp:featuredmedia":[{"embeddable":true,"href":"https:\/\/www.airtracksports.com\/index.php\/wp-json\/wp\/v2\/media\/2630"}],"wp:attachment":[{"href":"https:\/\/www.airtracksports.com\/index.php\/wp-json\/wp\/v2\/media?parent=1957"}],"wp:term":[{"taxonomy":"product_brand","embeddable":true,"href":"https:\/\/www.airtracksports.com\/index.php\/wp-json\/wp\/v2\/product_brand?post=1957"},{"taxonomy":"product_cat","embeddable":true,"href":"https:\/\/www.airtracksports.com\/index.php\/wp-json\/wp\/v2\/product_cat?post=1957"},{"taxonomy":"product_tag","embeddable":true,"href":"https:\/\/www.airtracksports.com\/index.php\/wp-json\/wp\/v2\/product_tag?post=1957"}],"curies":[{"name":"wp","href":"https:\/\/api.w.org\/{rel}","templated":true}]}}