{"id":1961,"date":"2020-05-25T11:00:04","date_gmt":"2020-05-25T09:00:04","guid":{"rendered":"https:\/\/airtracksports.aarbeta.ch\/?post_type=product&#038;p=1961"},"modified":"2026-05-04T13:45:07","modified_gmt":"2026-05-04T11:45:07","slug":"trainingset-3","status":"publish","type":"product","link":"https:\/\/www.airtracksports.com\/index.php\/produkt\/trainingset-3\/","title":{"rendered":"Training-Set 3-teilig"},"content":{"rendered":"<p>Das Training-Set beeindruckt durch die Vielzahl an m\u00f6glichen Trainingsvariationen. Die verschiedenen Elemente des Sets tragen dazu bei, dass es sowohl f\u00fcr Boden\u00fcbungen wie auch Tumblingpasses perfekt geeignet ist.<\/p>\n<p>Nutze den <a href=\"https:\/\/www.airtracksports.com\/index.php\/produkt\/airblock\/\" target=\"_blank\" rel=\"noopener noreferrer\">Airblock<\/a> oder <a href=\"https:\/\/www.airtracksports.com\/index.php\/produkt\/airboard\/\" target=\"_blank\" rel=\"noopener noreferrer\">Airboard<\/a> als Sprungbrett, Landematte oder staple sie mithilfe der Klettverbindung auf dem Airfloor auf. Richte das Set genau so ein, wie Du es brauchst!<\/p>\n<p>Die weiche und federnde Bahn bietet Sicherheit und Spass beim Training.<\/p>\n<p><iframe loading=\"lazy\" title=\"AirTrack Factory Training Sets\" width=\"745\" height=\"419\" src=\"https:\/\/www.youtube.com\/embed\/hDUgaQZJTdU?feature=oembed\" frameborder=\"0\" allow=\"accelerometer; autoplay; clipboard-write; encrypted-media; gyroscope; picture-in-picture; web-share\" referrerpolicy=\"strict-origin-when-cross-origin\" allowfullscreen><\/iframe><\/p>\n","protected":false},"excerpt":{"rendered":"<p><strong>Training-Set 3-teilig bestehend aus<\/strong><\/p>\n<ul>\n<li><a href=\"https:\/\/www.airtracksports.com\/index.php\/produkt\/airfloor-3m\/\" target=\"_blank\" rel=\"noopener noreferrer\">Airfloor 3 x 1m<\/a><\/li>\n<li><a href=\"https:\/\/www.airtracksports.com\/index.php\/produkt\/airboard\/\" target=\"_blank\" rel=\"noopener noreferrer\">Airboard<\/a><\/li>\n<li><a href=\"https:\/\/www.airtracksports.com\/index.php\/produkt\/airblock\/\" target=\"_blank\" rel=\"noopener noreferrer\">Airblock<\/a><\/li>\n<li><a href=\"https:\/\/www.airtracksports.com\/index.php\/produkt\/fusspumpe\/\" target=\"_blank\" rel=\"noopener noreferrer\">Fusspumpe<\/a><\/li>\n<li>schwarze Tragetasche<\/li>\n<\/ul>\n<p>Material:<br \/>\n&#8211; SportsDWF (double wall fabric).<br \/>\n&#8211; Carbon-N\u00e4hte. Klettstreifen an Schmalseiten.<br \/>\n&#8211; Weiche Neopren-Tragegriffe.<\/p>\n<p>Inkl. Anleitung, 5 Jahre Garantie, Service CH<\/p>\n","protected":false},"featured_media":2625,"template":"","meta":[],"product_brand":[],"product_cat":[39],"product_tag":[],"class_list":{"0":"post-1961","1":"product","2":"type-product","3":"status-publish","4":"has-post-thumbnail","6":"product_cat-training","7":"product_shipping_class-paket-l","9":"first","10":"instock","11":"taxable","12":"shipping-taxable","13":"purchasable","14":"product-type-variable","15":"has-default-attributes"},"yoast_head":"<!-- This site is optimized with the Yoast SEO plugin v27.6 - https:\/\/yoast.com\/product\/yoast-seo-wordpress\/ -->\n<title>Airtracksports - Training-Set mit 3 Teilen - trainiere zuhause weiter!<\/title>\n<meta name=\"description\" content=\"Die verschiedenen Elemente des Sets tragen dazu bei, dass es f\u00fcr eine Vielzahl an Turn\u00fcbungen geeignet ist. Egal ob im Garten oder in Deinem Zimmer - trainiere zuhause weiter!\" \/>\n<meta name=\"robots\" content=\"index, follow, max-snippet:-1, max-image-preview:large, max-video-preview:-1\" \/>\n<link rel=\"canonical\" href=\"https:\/\/www.airtracksports.com\/index.php\/produkt\/trainingset-3\/\" \/>\n<meta property=\"og:locale\" content=\"de_DE\" \/>\n<meta property=\"og:type\" content=\"article\" \/>\n<meta property=\"og:title\" content=\"Airtracksports - Training-Set mit 3 Teilen - trainiere zuhause weiter!\" \/>\n<meta property=\"og:description\" content=\"Die verschiedenen Elemente des Sets tragen dazu bei, dass es f\u00fcr eine Vielzahl an Turn\u00fcbungen geeignet ist. Egal ob im Garten oder in Deinem Zimmer - trainiere zuhause weiter!\" \/>\n<meta property=\"og:url\" content=\"https:\/\/www.airtracksports.com\/index.php\/produkt\/trainingset-3\/\" \/>\n<meta property=\"og:site_name\" content=\"AirTrackSports\" \/>\n<meta property=\"article:modified_time\" content=\"2026-05-04T11:45:07+00:00\" \/>\n<meta property=\"og:image\" content=\"https:\/\/www.airtracksports.com\/wp-content\/uploads\/2020\/05\/TrainingSet-3-teilig-blau.png\" \/>\n\t<meta property=\"og:image:width\" content=\"1516\" \/>\n\t<meta property=\"og:image:height\" content=\"755\" \/>\n\t<meta property=\"og:image:type\" content=\"image\/png\" \/>\n<meta name=\"twitter:card\" content=\"summary_large_image\" \/>\n<meta name=\"twitter:label1\" content=\"Gesch\u00e4tzte Lesezeit\" \/>\n\t<meta name=\"twitter:data1\" content=\"1\u00a0Minute\" \/>\n<script type=\"application\/ld+json\" class=\"yoast-schema-graph\">{\"@context\":\"https:\\\/\\\/schema.org\",\"@graph\":[{\"@type\":\"WebPage\",\"@id\":\"https:\\\/\\\/www.airtracksports.com\\\/index.php\\\/produkt\\\/trainingset-3\\\/\",\"url\":\"https:\\\/\\\/www.airtracksports.com\\\/index.php\\\/produkt\\\/trainingset-3\\\/\",\"name\":\"Airtracksports - Training-Set mit 3 Teilen - trainiere zuhause weiter!\",\"isPartOf\":{\"@id\":\"https:\\\/\\\/www.airtracksports.com\\\/#website\"},\"primaryImageOfPage\":{\"@id\":\"https:\\\/\\\/www.airtracksports.com\\\/index.php\\\/produkt\\\/trainingset-3\\\/#primaryimage\"},\"image\":{\"@id\":\"https:\\\/\\\/www.airtracksports.com\\\/index.php\\\/produkt\\\/trainingset-3\\\/#primaryimage\"},\"thumbnailUrl\":\"https:\\\/\\\/www.airtracksports.com\\\/wp-content\\\/uploads\\\/2020\\\/05\\\/TrainingSet-3-teilig-blau.png\",\"datePublished\":\"2020-05-25T09:00:04+00:00\",\"dateModified\":\"2026-05-04T11:45:07+00:00\",\"description\":\"Die verschiedenen Elemente des Sets tragen dazu bei, dass es f\u00fcr eine Vielzahl an Turn\u00fcbungen geeignet ist. Egal ob im Garten oder in Deinem Zimmer - trainiere zuhause weiter!\",\"breadcrumb\":{\"@id\":\"https:\\\/\\\/www.airtracksports.com\\\/index.php\\\/produkt\\\/trainingset-3\\\/#breadcrumb\"},\"inLanguage\":\"de\",\"potentialAction\":[{\"@type\":\"ReadAction\",\"target\":[\"https:\\\/\\\/www.airtracksports.com\\\/index.php\\\/produkt\\\/trainingset-3\\\/\"]}]},{\"@type\":\"ImageObject\",\"inLanguage\":\"de\",\"@id\":\"https:\\\/\\\/www.airtracksports.com\\\/index.php\\\/produkt\\\/trainingset-3\\\/#primaryimage\",\"url\":\"https:\\\/\\\/www.airtracksports.com\\\/wp-content\\\/uploads\\\/2020\\\/05\\\/TrainingSet-3-teilig-blau.png\",\"contentUrl\":\"https:\\\/\\\/www.airtracksports.com\\\/wp-content\\\/uploads\\\/2020\\\/05\\\/TrainingSet-3-teilig-blau.png\",\"width\":1516,\"height\":755,\"caption\":\"TrainingSet 3-teilig blau von Airtrackfactory Schweiz - Top-Qualit\u00e4t\"},{\"@type\":\"BreadcrumbList\",\"@id\":\"https:\\\/\\\/www.airtracksports.com\\\/index.php\\\/produkt\\\/trainingset-3\\\/#breadcrumb\",\"itemListElement\":[{\"@type\":\"ListItem\",\"position\":1,\"name\":\"Startseite\",\"item\":\"https:\\\/\\\/www.airtracksports.com\\\/\"},{\"@type\":\"ListItem\",\"position\":2,\"name\":\"Airtrack-Shop\",\"item\":\"https:\\\/\\\/www.airtracksports.com\\\/index.php\\\/shop\\\/\"},{\"@type\":\"ListItem\",\"position\":3,\"name\":\"Training-Set 3-teilig\"}]},{\"@type\":\"WebSite\",\"@id\":\"https:\\\/\\\/www.airtracksports.com\\\/#website\",\"url\":\"https:\\\/\\\/www.airtracksports.com\\\/\",\"name\":\"AirTrackSports\",\"description\":\"\",\"publisher\":{\"@id\":\"https:\\\/\\\/www.airtracksports.com\\\/#organization\"},\"potentialAction\":[{\"@type\":\"SearchAction\",\"target\":{\"@type\":\"EntryPoint\",\"urlTemplate\":\"https:\\\/\\\/www.airtracksports.com\\\/?s={search_term_string}\"},\"query-input\":{\"@type\":\"PropertyValueSpecification\",\"valueRequired\":true,\"valueName\":\"search_term_string\"}}],\"inLanguage\":\"de\"},{\"@type\":\"Organization\",\"@id\":\"https:\\\/\\\/www.airtracksports.com\\\/#organization\",\"name\":\"AirTrackSports\",\"url\":\"https:\\\/\\\/www.airtracksports.com\\\/\",\"logo\":{\"@type\":\"ImageObject\",\"inLanguage\":\"de\",\"@id\":\"https:\\\/\\\/www.airtracksports.com\\\/#\\\/schema\\\/logo\\\/image\\\/\",\"url\":\"https:\\\/\\\/www.airtracksports.com\\\/wp-content\\\/uploads\\\/2020\\\/05\\\/cropped-LogoAirTrack-4.jpg\",\"contentUrl\":\"https:\\\/\\\/www.airtracksports.com\\\/wp-content\\\/uploads\\\/2020\\\/05\\\/cropped-LogoAirTrack-4.jpg\",\"width\":225,\"height\":90,\"caption\":\"AirTrackSports\"},\"image\":{\"@id\":\"https:\\\/\\\/www.airtracksports.com\\\/#\\\/schema\\\/logo\\\/image\\\/\"}}]}<\/script>\n<!-- \/ Yoast SEO plugin. -->","yoast_head_json":{"title":"Airtracksports - Training-Set mit 3 Teilen - trainiere zuhause weiter!","description":"Die verschiedenen Elemente des Sets tragen dazu bei, dass es f\u00fcr eine Vielzahl an Turn\u00fcbungen geeignet ist. Egal ob im Garten oder in Deinem Zimmer - trainiere zuhause weiter!","robots":{"index":"index","follow":"follow","max-snippet":"max-snippet:-1","max-image-preview":"max-image-preview:large","max-video-preview":"max-video-preview:-1"},"canonical":"https:\/\/www.airtracksports.com\/index.php\/produkt\/trainingset-3\/","og_locale":"de_DE","og_type":"article","og_title":"Airtracksports - Training-Set mit 3 Teilen - trainiere zuhause weiter!","og_description":"Die verschiedenen Elemente des Sets tragen dazu bei, dass es f\u00fcr eine Vielzahl an Turn\u00fcbungen geeignet ist. Egal ob im Garten oder in Deinem Zimmer - trainiere zuhause weiter!","og_url":"https:\/\/www.airtracksports.com\/index.php\/produkt\/trainingset-3\/","og_site_name":"AirTrackSports","article_modified_time":"2026-05-04T11:45:07+00:00","og_image":[{"width":1516,"height":755,"url":"https:\/\/www.airtracksports.com\/wp-content\/uploads\/2020\/05\/TrainingSet-3-teilig-blau.png","type":"image\/png"}],"twitter_card":"summary_large_image","twitter_misc":{"Gesch\u00e4tzte Lesezeit":"1\u00a0Minute"},"schema":{"@context":"https:\/\/schema.org","@graph":[{"@type":"WebPage","@id":"https:\/\/www.airtracksports.com\/index.php\/produkt\/trainingset-3\/","url":"https:\/\/www.airtracksports.com\/index.php\/produkt\/trainingset-3\/","name":"Airtracksports - Training-Set mit 3 Teilen - trainiere zuhause weiter!","isPartOf":{"@id":"https:\/\/www.airtracksports.com\/#website"},"primaryImageOfPage":{"@id":"https:\/\/www.airtracksports.com\/index.php\/produkt\/trainingset-3\/#primaryimage"},"image":{"@id":"https:\/\/www.airtracksports.com\/index.php\/produkt\/trainingset-3\/#primaryimage"},"thumbnailUrl":"https:\/\/www.airtracksports.com\/wp-content\/uploads\/2020\/05\/TrainingSet-3-teilig-blau.png","datePublished":"2020-05-25T09:00:04+00:00","dateModified":"2026-05-04T11:45:07+00:00","description":"Die verschiedenen Elemente des Sets tragen dazu bei, dass es f\u00fcr eine Vielzahl an Turn\u00fcbungen geeignet ist. Egal ob im Garten oder in Deinem Zimmer - trainiere zuhause weiter!","breadcrumb":{"@id":"https:\/\/www.airtracksports.com\/index.php\/produkt\/trainingset-3\/#breadcrumb"},"inLanguage":"de","potentialAction":[{"@type":"ReadAction","target":["https:\/\/www.airtracksports.com\/index.php\/produkt\/trainingset-3\/"]}]},{"@type":"ImageObject","inLanguage":"de","@id":"https:\/\/www.airtracksports.com\/index.php\/produkt\/trainingset-3\/#primaryimage","url":"https:\/\/www.airtracksports.com\/wp-content\/uploads\/2020\/05\/TrainingSet-3-teilig-blau.png","contentUrl":"https:\/\/www.airtracksports.com\/wp-content\/uploads\/2020\/05\/TrainingSet-3-teilig-blau.png","width":1516,"height":755,"caption":"TrainingSet 3-teilig blau von Airtrackfactory Schweiz - Top-Qualit\u00e4t"},{"@type":"BreadcrumbList","@id":"https:\/\/www.airtracksports.com\/index.php\/produkt\/trainingset-3\/#breadcrumb","itemListElement":[{"@type":"ListItem","position":1,"name":"Startseite","item":"https:\/\/www.airtracksports.com\/"},{"@type":"ListItem","position":2,"name":"Airtrack-Shop","item":"https:\/\/www.airtracksports.com\/index.php\/shop\/"},{"@type":"ListItem","position":3,"name":"Training-Set 3-teilig"}]},{"@type":"WebSite","@id":"https:\/\/www.airtracksports.com\/#website","url":"https:\/\/www.airtracksports.com\/","name":"AirTrackSports","description":"","publisher":{"@id":"https:\/\/www.airtracksports.com\/#organization"},"potentialAction":[{"@type":"SearchAction","target":{"@type":"EntryPoint","urlTemplate":"https:\/\/www.airtracksports.com\/?s={search_term_string}"},"query-input":{"@type":"PropertyValueSpecification","valueRequired":true,"valueName":"search_term_string"}}],"inLanguage":"de"},{"@type":"Organization","@id":"https:\/\/www.airtracksports.com\/#organization","name":"AirTrackSports","url":"https:\/\/www.airtracksports.com\/","logo":{"@type":"ImageObject","inLanguage":"de","@id":"https:\/\/www.airtracksports.com\/#\/schema\/logo\/image\/","url":"https:\/\/www.airtracksports.com\/wp-content\/uploads\/2020\/05\/cropped-LogoAirTrack-4.jpg","contentUrl":"https:\/\/www.airtracksports.com\/wp-content\/uploads\/2020\/05\/cropped-LogoAirTrack-4.jpg","width":225,"height":90,"caption":"AirTrackSports"},"image":{"@id":"https:\/\/www.airtracksports.com\/#\/schema\/logo\/image\/"}}]}},"_links":{"self":[{"href":"https:\/\/www.airtracksports.com\/index.php\/wp-json\/wp\/v2\/product\/1961","targetHints":{"allow":["GET"]}}],"collection":[{"href":"https:\/\/www.airtracksports.com\/index.php\/wp-json\/wp\/v2\/product"}],"about":[{"href":"https:\/\/www.airtracksports.com\/index.php\/wp-json\/wp\/v2\/types\/product"}],"wp:featuredmedia":[{"embeddable":true,"href":"https:\/\/www.airtracksports.com\/index.php\/wp-json\/wp\/v2\/media\/2625"}],"wp:attachment":[{"href":"https:\/\/www.airtracksports.com\/index.php\/wp-json\/wp\/v2\/media?parent=1961"}],"wp:term":[{"taxonomy":"product_brand","embeddable":true,"href":"https:\/\/www.airtracksports.com\/index.php\/wp-json\/wp\/v2\/product_brand?post=1961"},{"taxonomy":"product_cat","embeddable":true,"href":"https:\/\/www.airtracksports.com\/index.php\/wp-json\/wp\/v2\/product_cat?post=1961"},{"taxonomy":"product_tag","embeddable":true,"href":"https:\/\/www.airtracksports.com\/index.php\/wp-json\/wp\/v2\/product_tag?post=1961"}],"curies":[{"name":"wp","href":"https:\/\/api.w.org\/{rel}","templated":true}]}}