{"id":1966,"date":"2020-05-25T11:04:24","date_gmt":"2020-05-25T09:04:24","guid":{"rendered":"https:\/\/airtracksports.aarbeta.ch\/?post_type=product&#038;p=1966"},"modified":"2026-01-08T16:28:50","modified_gmt":"2026-01-08T15:28:50","slug":"airroll-60x120cm","status":"publish","type":"product","link":"https:\/\/www.airtracksports.com\/index.php\/produkt\/airroll-60x120cm\/","title":{"rendered":"Airroll \u00d8 60 x 120cm"},"content":{"rendered":"<p>Unsere Airroll eignet sich durch die weiche und federnde Konstruktion hervorragend zum Ein\u00fcben der ersten \u00dcberschl\u00e4ge,\u00a0 Handstand, Flick-Flacks\u00a0 und Saltos. Fortgeschrittene Turner k\u00f6nnen an Presshandst\u00e4nden, Glidekips und Schulterst\u00fctz arbeiten.<\/p>\n<p>Grunds\u00e4tzlich gilt: je gr\u00f6sser der Turner\/die Turnerin, desto gr\u00f6sser die empfohlene Airroll. Je nach \u00dcbungen variiert dies jedoch, F\u00fcr konkrete Ausk\u00fcnfte d\u00fcrfen Sie uns jederzeit anfragen.<\/p>\n<p>Um die Airroll an Ort und Stelle festzuhalten, empfiehlt sich der <a href=\"https:\/\/www.airtracksports.com\/index.php\/produkt\/stabilizer\/\" target=\"_blank\" rel=\"noopener noreferrer\">Airroll Stabilizer<\/a>.<\/p>\n<p>Die Airroll kann zudem bestens in Kombination mit anderen Air-Produkten wie dem <a href=\"https:\/\/www.airtracksports.com\/index.php\/produkt\/airfloor-3m\/\" target=\"_blank\" rel=\"noopener noreferrer\">Airfloor<\/a> oder dem <a href=\"https:\/\/www.airtracksports.com\/index.php\/produkt\/airtrack-spark\/\" target=\"_blank\" rel=\"noopener noreferrer\">Airtrack Spark<\/a> verwendet werden.<\/p>\n<p><iframe loading=\"lazy\" title=\"AirRoll - GYMNASTICS\" width=\"745\" height=\"419\" src=\"https:\/\/www.youtube.com\/embed\/L0bLtVW3HMU?feature=oembed\" frameborder=\"0\" allow=\"accelerometer; autoplay; clipboard-write; encrypted-media; gyroscope; picture-in-picture; web-share\" referrerpolicy=\"strict-origin-when-cross-origin\" allowfullscreen><\/iframe><\/p>\n","protected":false},"excerpt":{"rendered":"<p>Airroll \u00d8 60 x 120cm &#8211; unsere kleine Airroll. Inkl. Anleitung, 2 Jahre Garantie, Service CH<\/p>\n<p>Material:<br \/>\n&#8211; Weiche Neopren-Tragegriffe<\/p>\n","protected":false},"featured_media":2582,"template":"","meta":[],"product_brand":[],"product_cat":[40,39],"product_tag":[],"class_list":{"0":"post-1966","1":"product","2":"type-product","3":"status-publish","4":"has-post-thumbnail","6":"product_cat-profi-produkte","7":"product_cat-training","8":"product_shipping_class-paket-m","10":"first","11":"onbackorder","12":"taxable","13":"shipping-taxable","14":"purchasable","15":"product-type-variable","16":"has-default-attributes"},"yoast_head":"<!-- This site is optimized with the Yoast SEO plugin v27.5 - https:\/\/yoast.com\/product\/yoast-seo-wordpress\/ -->\n<title>Airtracksports - Airroll 60x120cm - trainiere zuhause weiter<\/title>\n<meta name=\"description\" content=\"Unsere Airroll eignet sich hervorragend, um \u00dcberschl\u00e4ge, Flick-Flacks oder den Handstand zu \u00fcben. L\u00e4sst sich zudem perfekt mit weiteren Produkten kombinieren!\" \/>\n<meta name=\"robots\" content=\"index, follow, max-snippet:-1, max-image-preview:large, max-video-preview:-1\" \/>\n<link rel=\"canonical\" href=\"https:\/\/www.airtracksports.com\/index.php\/produkt\/airroll-60x120cm\/\" \/>\n<meta property=\"og:locale\" content=\"de_DE\" \/>\n<meta property=\"og:type\" content=\"article\" \/>\n<meta property=\"og:title\" content=\"Airtracksports - Airroll 60x120cm - trainiere zuhause weiter\" \/>\n<meta property=\"og:description\" content=\"Unsere Airroll eignet sich hervorragend, um \u00dcberschl\u00e4ge, Flick-Flacks oder den Handstand zu \u00fcben. L\u00e4sst sich zudem perfekt mit weiteren Produkten kombinieren!\" \/>\n<meta property=\"og:url\" content=\"https:\/\/www.airtracksports.com\/index.php\/produkt\/airroll-60x120cm\/\" \/>\n<meta property=\"og:site_name\" content=\"AirTrackSports\" \/>\n<meta property=\"article:modified_time\" content=\"2026-01-08T15:28:50+00:00\" \/>\n<meta property=\"og:image\" content=\"https:\/\/www.airtracksports.com\/wp-content\/uploads\/2020\/05\/Airroll-blau-1.png\" \/>\n\t<meta property=\"og:image:width\" content=\"1522\" \/>\n\t<meta property=\"og:image:height\" content=\"1284\" \/>\n\t<meta property=\"og:image:type\" content=\"image\/png\" \/>\n<meta name=\"twitter:card\" content=\"summary_large_image\" \/>\n<meta name=\"twitter:label1\" content=\"Gesch\u00e4tzte Lesezeit\" \/>\n\t<meta name=\"twitter:data1\" content=\"1\u00a0Minute\" \/>\n<script type=\"application\/ld+json\" class=\"yoast-schema-graph\">{\"@context\":\"https:\\\/\\\/schema.org\",\"@graph\":[{\"@type\":\"WebPage\",\"@id\":\"https:\\\/\\\/www.airtracksports.com\\\/index.php\\\/produkt\\\/airroll-60x120cm\\\/\",\"url\":\"https:\\\/\\\/www.airtracksports.com\\\/index.php\\\/produkt\\\/airroll-60x120cm\\\/\",\"name\":\"Airtracksports - Airroll 60x120cm - trainiere zuhause weiter\",\"isPartOf\":{\"@id\":\"https:\\\/\\\/www.airtracksports.com\\\/#website\"},\"primaryImageOfPage\":{\"@id\":\"https:\\\/\\\/www.airtracksports.com\\\/index.php\\\/produkt\\\/airroll-60x120cm\\\/#primaryimage\"},\"image\":{\"@id\":\"https:\\\/\\\/www.airtracksports.com\\\/index.php\\\/produkt\\\/airroll-60x120cm\\\/#primaryimage\"},\"thumbnailUrl\":\"https:\\\/\\\/www.airtracksports.com\\\/wp-content\\\/uploads\\\/2020\\\/05\\\/Airroll-blau-1.png\",\"datePublished\":\"2020-05-25T09:04:24+00:00\",\"dateModified\":\"2026-01-08T15:28:50+00:00\",\"description\":\"Unsere Airroll eignet sich hervorragend, um \u00dcberschl\u00e4ge, Flick-Flacks oder den Handstand zu \u00fcben. L\u00e4sst sich zudem perfekt mit weiteren Produkten kombinieren!\",\"breadcrumb\":{\"@id\":\"https:\\\/\\\/www.airtracksports.com\\\/index.php\\\/produkt\\\/airroll-60x120cm\\\/#breadcrumb\"},\"inLanguage\":\"de\",\"potentialAction\":[{\"@type\":\"ReadAction\",\"target\":[\"https:\\\/\\\/www.airtracksports.com\\\/index.php\\\/produkt\\\/airroll-60x120cm\\\/\"]}]},{\"@type\":\"ImageObject\",\"inLanguage\":\"de\",\"@id\":\"https:\\\/\\\/www.airtracksports.com\\\/index.php\\\/produkt\\\/airroll-60x120cm\\\/#primaryimage\",\"url\":\"https:\\\/\\\/www.airtracksports.com\\\/wp-content\\\/uploads\\\/2020\\\/05\\\/Airroll-blau-1.png\",\"contentUrl\":\"https:\\\/\\\/www.airtracksports.com\\\/wp-content\\\/uploads\\\/2020\\\/05\\\/Airroll-blau-1.png\",\"width\":1522,\"height\":1284,\"caption\":\"Airroll blau von Airtrackfactory Schweiz - Top-Qualit\u00e4t\"},{\"@type\":\"BreadcrumbList\",\"@id\":\"https:\\\/\\\/www.airtracksports.com\\\/index.php\\\/produkt\\\/airroll-60x120cm\\\/#breadcrumb\",\"itemListElement\":[{\"@type\":\"ListItem\",\"position\":1,\"name\":\"Startseite\",\"item\":\"https:\\\/\\\/www.airtracksports.com\\\/\"},{\"@type\":\"ListItem\",\"position\":2,\"name\":\"Airtrack-Shop\",\"item\":\"https:\\\/\\\/www.airtracksports.com\\\/index.php\\\/shop\\\/\"},{\"@type\":\"ListItem\",\"position\":3,\"name\":\"Airroll \u00d8 60 x 120cm\"}]},{\"@type\":\"WebSite\",\"@id\":\"https:\\\/\\\/www.airtracksports.com\\\/#website\",\"url\":\"https:\\\/\\\/www.airtracksports.com\\\/\",\"name\":\"AirTrackSports\",\"description\":\"\",\"publisher\":{\"@id\":\"https:\\\/\\\/www.airtracksports.com\\\/#organization\"},\"potentialAction\":[{\"@type\":\"SearchAction\",\"target\":{\"@type\":\"EntryPoint\",\"urlTemplate\":\"https:\\\/\\\/www.airtracksports.com\\\/?s={search_term_string}\"},\"query-input\":{\"@type\":\"PropertyValueSpecification\",\"valueRequired\":true,\"valueName\":\"search_term_string\"}}],\"inLanguage\":\"de\"},{\"@type\":\"Organization\",\"@id\":\"https:\\\/\\\/www.airtracksports.com\\\/#organization\",\"name\":\"AirTrackSports\",\"url\":\"https:\\\/\\\/www.airtracksports.com\\\/\",\"logo\":{\"@type\":\"ImageObject\",\"inLanguage\":\"de\",\"@id\":\"https:\\\/\\\/www.airtracksports.com\\\/#\\\/schema\\\/logo\\\/image\\\/\",\"url\":\"https:\\\/\\\/www.airtracksports.com\\\/wp-content\\\/uploads\\\/2020\\\/05\\\/cropped-LogoAirTrack-4.jpg\",\"contentUrl\":\"https:\\\/\\\/www.airtracksports.com\\\/wp-content\\\/uploads\\\/2020\\\/05\\\/cropped-LogoAirTrack-4.jpg\",\"width\":225,\"height\":90,\"caption\":\"AirTrackSports\"},\"image\":{\"@id\":\"https:\\\/\\\/www.airtracksports.com\\\/#\\\/schema\\\/logo\\\/image\\\/\"}}]}<\/script>\n<!-- \/ Yoast SEO plugin. -->","yoast_head_json":{"title":"Airtracksports - Airroll 60x120cm - trainiere zuhause weiter","description":"Unsere Airroll eignet sich hervorragend, um \u00dcberschl\u00e4ge, Flick-Flacks oder den Handstand zu \u00fcben. L\u00e4sst sich zudem perfekt mit weiteren Produkten kombinieren!","robots":{"index":"index","follow":"follow","max-snippet":"max-snippet:-1","max-image-preview":"max-image-preview:large","max-video-preview":"max-video-preview:-1"},"canonical":"https:\/\/www.airtracksports.com\/index.php\/produkt\/airroll-60x120cm\/","og_locale":"de_DE","og_type":"article","og_title":"Airtracksports - Airroll 60x120cm - trainiere zuhause weiter","og_description":"Unsere Airroll eignet sich hervorragend, um \u00dcberschl\u00e4ge, Flick-Flacks oder den Handstand zu \u00fcben. L\u00e4sst sich zudem perfekt mit weiteren Produkten kombinieren!","og_url":"https:\/\/www.airtracksports.com\/index.php\/produkt\/airroll-60x120cm\/","og_site_name":"AirTrackSports","article_modified_time":"2026-01-08T15:28:50+00:00","og_image":[{"width":1522,"height":1284,"url":"https:\/\/www.airtracksports.com\/wp-content\/uploads\/2020\/05\/Airroll-blau-1.png","type":"image\/png"}],"twitter_card":"summary_large_image","twitter_misc":{"Gesch\u00e4tzte Lesezeit":"1\u00a0Minute"},"schema":{"@context":"https:\/\/schema.org","@graph":[{"@type":"WebPage","@id":"https:\/\/www.airtracksports.com\/index.php\/produkt\/airroll-60x120cm\/","url":"https:\/\/www.airtracksports.com\/index.php\/produkt\/airroll-60x120cm\/","name":"Airtracksports - Airroll 60x120cm - trainiere zuhause weiter","isPartOf":{"@id":"https:\/\/www.airtracksports.com\/#website"},"primaryImageOfPage":{"@id":"https:\/\/www.airtracksports.com\/index.php\/produkt\/airroll-60x120cm\/#primaryimage"},"image":{"@id":"https:\/\/www.airtracksports.com\/index.php\/produkt\/airroll-60x120cm\/#primaryimage"},"thumbnailUrl":"https:\/\/www.airtracksports.com\/wp-content\/uploads\/2020\/05\/Airroll-blau-1.png","datePublished":"2020-05-25T09:04:24+00:00","dateModified":"2026-01-08T15:28:50+00:00","description":"Unsere Airroll eignet sich hervorragend, um \u00dcberschl\u00e4ge, Flick-Flacks oder den Handstand zu \u00fcben. L\u00e4sst sich zudem perfekt mit weiteren Produkten kombinieren!","breadcrumb":{"@id":"https:\/\/www.airtracksports.com\/index.php\/produkt\/airroll-60x120cm\/#breadcrumb"},"inLanguage":"de","potentialAction":[{"@type":"ReadAction","target":["https:\/\/www.airtracksports.com\/index.php\/produkt\/airroll-60x120cm\/"]}]},{"@type":"ImageObject","inLanguage":"de","@id":"https:\/\/www.airtracksports.com\/index.php\/produkt\/airroll-60x120cm\/#primaryimage","url":"https:\/\/www.airtracksports.com\/wp-content\/uploads\/2020\/05\/Airroll-blau-1.png","contentUrl":"https:\/\/www.airtracksports.com\/wp-content\/uploads\/2020\/05\/Airroll-blau-1.png","width":1522,"height":1284,"caption":"Airroll blau von Airtrackfactory Schweiz - Top-Qualit\u00e4t"},{"@type":"BreadcrumbList","@id":"https:\/\/www.airtracksports.com\/index.php\/produkt\/airroll-60x120cm\/#breadcrumb","itemListElement":[{"@type":"ListItem","position":1,"name":"Startseite","item":"https:\/\/www.airtracksports.com\/"},{"@type":"ListItem","position":2,"name":"Airtrack-Shop","item":"https:\/\/www.airtracksports.com\/index.php\/shop\/"},{"@type":"ListItem","position":3,"name":"Airroll \u00d8 60 x 120cm"}]},{"@type":"WebSite","@id":"https:\/\/www.airtracksports.com\/#website","url":"https:\/\/www.airtracksports.com\/","name":"AirTrackSports","description":"","publisher":{"@id":"https:\/\/www.airtracksports.com\/#organization"},"potentialAction":[{"@type":"SearchAction","target":{"@type":"EntryPoint","urlTemplate":"https:\/\/www.airtracksports.com\/?s={search_term_string}"},"query-input":{"@type":"PropertyValueSpecification","valueRequired":true,"valueName":"search_term_string"}}],"inLanguage":"de"},{"@type":"Organization","@id":"https:\/\/www.airtracksports.com\/#organization","name":"AirTrackSports","url":"https:\/\/www.airtracksports.com\/","logo":{"@type":"ImageObject","inLanguage":"de","@id":"https:\/\/www.airtracksports.com\/#\/schema\/logo\/image\/","url":"https:\/\/www.airtracksports.com\/wp-content\/uploads\/2020\/05\/cropped-LogoAirTrack-4.jpg","contentUrl":"https:\/\/www.airtracksports.com\/wp-content\/uploads\/2020\/05\/cropped-LogoAirTrack-4.jpg","width":225,"height":90,"caption":"AirTrackSports"},"image":{"@id":"https:\/\/www.airtracksports.com\/#\/schema\/logo\/image\/"}}]}},"_links":{"self":[{"href":"https:\/\/www.airtracksports.com\/index.php\/wp-json\/wp\/v2\/product\/1966","targetHints":{"allow":["GET"]}}],"collection":[{"href":"https:\/\/www.airtracksports.com\/index.php\/wp-json\/wp\/v2\/product"}],"about":[{"href":"https:\/\/www.airtracksports.com\/index.php\/wp-json\/wp\/v2\/types\/product"}],"wp:featuredmedia":[{"embeddable":true,"href":"https:\/\/www.airtracksports.com\/index.php\/wp-json\/wp\/v2\/media\/2582"}],"wp:attachment":[{"href":"https:\/\/www.airtracksports.com\/index.php\/wp-json\/wp\/v2\/media?parent=1966"}],"wp:term":[{"taxonomy":"product_brand","embeddable":true,"href":"https:\/\/www.airtracksports.com\/index.php\/wp-json\/wp\/v2\/product_brand?post=1966"},{"taxonomy":"product_cat","embeddable":true,"href":"https:\/\/www.airtracksports.com\/index.php\/wp-json\/wp\/v2\/product_cat?post=1966"},{"taxonomy":"product_tag","embeddable":true,"href":"https:\/\/www.airtracksports.com\/index.php\/wp-json\/wp\/v2\/product_tag?post=1966"}],"curies":[{"name":"wp","href":"https:\/\/api.w.org\/{rel}","templated":true}]}}