{"id":2169,"date":"2020-05-26T21:33:19","date_gmt":"2020-05-26T19:33:19","guid":{"rendered":"https:\/\/airtracksports.aarbeta.ch\/?post_type=product&#038;p=2169"},"modified":"2026-03-19T14:17:36","modified_gmt":"2026-03-19T13:17:36","slug":"airfloor-p1","status":"publish","type":"product","link":"https:\/\/www.airtracksports.com\/index.php\/produkt\/airfloor-p1\/","title":{"rendered":"Airfloor P1"},"content":{"rendered":"<p>Der 10cm hoher Airfloor ist unser d\u00fcnnster Track. Er eignet sich perfekt f\u00fcr <a href=\"https:\/\/www.airtracksports.com\/index.php\/kundengruppen\/cheerleading\/\" target=\"_blank\" rel=\"noopener noreferrer\">Cheerleading<\/a>, <a href=\"https:\/\/www.airtracksports.com\/index.php\/kundengruppen\/tricking-material-arts\/\" target=\"_blank\" rel=\"noopener noreferrer\">Kampfsport<\/a>, <a href=\"https:\/\/www.airtracksports.com\/index.php\/kundengruppen\/turnvereine\/\" target=\"_blank\" rel=\"noopener noreferrer\">Turnen<\/a> und Fitness.<\/p>\n<p>Aufgrund der federnden Eigenschaften des AirFloor brauchst du zur Ausf\u00fchrung deiner \u00dcbungen weniger Anlauf. Der Bounce sorgt daf\u00fcr, dass du mehr Zeit in der Luft hast und die weiche Beschaffenheit schont die Muskeln und Gelenke. Die eingesparte Energie erm\u00f6glicht es Sportlern, mehr Wiederholungen zu machen, und Trainern, sich st\u00e4rker auf die technische Ausf\u00fchrung zu konzentrieren. Mit nur 10 cm Dicke ist der \u00dcbergang zu einem Schwingboden gering. So l\u00e4sst sich dein Training leicht auf einen echten Turnboden \u00fcbertragen.<br \/>\nAlle Airfloors haben an der Schmalseite Klettstreifen befestigt und\u00a0 \u00a0k\u00f6nnen so miteinander verbunden werden. So l\u00e4sst sich eine riesige Trainingsfl\u00e4che oder gar ein <a href=\"https:\/\/www.airtracksports.com\/index.php\/produkt\/wettkampfboden\/\" target=\"_blank\" rel=\"noopener noreferrer\">Wettkampfboden<\/a>\u00a0 bilden.<\/p>\n<p>Alle unsere Airfloors gibt es auch als &#8220;Competition Edition&#8221;. Diese haben jeden Meter Klettstreifen f\u00fcr die Befestigung von Bodenturnl\u00e4ufer. So k\u00f6nnen L\u00e4ufer und Airfloor nahtlos kombiniert werden. Ausserdem befinden sich die kleinen, grauen Ventile auf der Schmalseite (\u00fcblicherweise sind diese an der L\u00e4ngsseite). Ausserdem gibt es an den L\u00e4ngsseiten Metallringe, mit welchen mehrere Airtracks zu einem <a href=\"https:\/\/www.airtracksports.com\/index.php\/produkt\/wettkampfboden\/\" target=\"_blank\" rel=\"noopener\">Wettkampfboden\u00a0<\/a>zusammengef\u00fcgt werden k\u00f6nnen.<\/p>\n<p><iframe loading=\"lazy\" title=\"AirFloor - GYMNASTICS\" width=\"745\" height=\"419\" src=\"https:\/\/www.youtube.com\/embed\/6YVkX3gKSPI?feature=oembed\" frameborder=\"0\" allow=\"accelerometer; autoplay; clipboard-write; encrypted-media; gyroscope; picture-in-picture; web-share\" referrerpolicy=\"strict-origin-when-cross-origin\" allowfullscreen><\/iframe><\/p>\n","protected":false},"excerpt":{"rendered":"<p>10cm hohe Airfloors in verschiedensten L\u00e4ngen &#8211; auch Gr\u00f6ssen, die nicht aufgef\u00fchrt sind, sind auf Anfrage m\u00f6glich. Lieferung inkl. Schutzh\u00fclle, Anleitung, 5 Jahre Garantie, Service Schweiz, <strong><a href=\"https:\/\/www.airtracksports.com\/index.php\/produkt\/ov10-geblaese\/\">inkl. Elektrogebl\u00e4se OV10<\/a><\/strong><\/p>\n<p>Alle unsere Airfloors gibt es auch in der &#8220;Competition Edition&#8221;. Mehr Infos dazu unten im Text.<\/p>\n","protected":false},"featured_media":2316,"template":"","meta":[],"product_brand":[],"product_cat":[40],"product_tag":[102,103,97,99,96],"class_list":{"0":"post-2169","1":"product","2":"type-product","3":"status-publish","4":"has-post-thumbnail","6":"product_cat-profi-produkte","7":"product_tag-airfloor","8":"product_tag-cheerleading","9":"product_tag-tumblingbahn","10":"product_tag-tumblingmatte","11":"product_tag-turnmatte","12":"product_shipping_class-palet-versand-per-spedition","14":"first","15":"instock","16":"taxable","17":"shipping-taxable","18":"purchasable","19":"product-type-variable","20":"has-default-attributes"},"yoast_head":"<!-- This site is optimized with the Yoast SEO plugin v27.5 - https:\/\/yoast.com\/product\/yoast-seo-wordpress\/ -->\n<title>Airtracksports - Airfloor P1 in allen L\u00e4ngen - Profi-Material f\u00fcrs Turnen<\/title>\n<meta name=\"description\" content=\"Der 10cm hoher Airfloor ist unser d\u00fcnnster Track. Er eignet sich perfekt f\u00fcr Cheerleading, Kampfsport, Turnen und Fitness.\" \/>\n<meta name=\"robots\" content=\"index, follow, max-snippet:-1, max-image-preview:large, max-video-preview:-1\" \/>\n<link rel=\"canonical\" href=\"https:\/\/www.airtracksports.com\/index.php\/produkt\/airfloor-p1\/\" \/>\n<meta property=\"og:locale\" content=\"de_DE\" \/>\n<meta property=\"og:type\" content=\"article\" \/>\n<meta property=\"og:title\" content=\"Airtracksports - Airfloor P1 in allen L\u00e4ngen - Profi-Material f\u00fcrs Turnen\" \/>\n<meta property=\"og:description\" content=\"Der 10cm hoher Airfloor ist unser d\u00fcnnster Track. Er eignet sich perfekt f\u00fcr Cheerleading, Kampfsport, Turnen und Fitness.\" \/>\n<meta property=\"og:url\" content=\"https:\/\/www.airtracksports.com\/index.php\/produkt\/airfloor-p1\/\" \/>\n<meta property=\"og:site_name\" content=\"AirTrackSports\" \/>\n<meta property=\"article:modified_time\" content=\"2026-03-19T13:17:36+00:00\" \/>\n<meta property=\"og:image\" content=\"https:\/\/www.airtracksports.com\/wp-content\/uploads\/2020\/05\/Airfloor-P1.png\" \/>\n\t<meta property=\"og:image:width\" content=\"1362\" \/>\n\t<meta property=\"og:image:height\" content=\"634\" \/>\n\t<meta property=\"og:image:type\" content=\"image\/png\" \/>\n<meta name=\"twitter:card\" content=\"summary_large_image\" \/>\n<meta name=\"twitter:label1\" content=\"Gesch\u00e4tzte Lesezeit\" \/>\n\t<meta name=\"twitter:data1\" content=\"1\u00a0Minute\" \/>\n<script type=\"application\/ld+json\" class=\"yoast-schema-graph\">{\"@context\":\"https:\\\/\\\/schema.org\",\"@graph\":[{\"@type\":\"WebPage\",\"@id\":\"https:\\\/\\\/www.airtracksports.com\\\/index.php\\\/produkt\\\/airfloor-p1\\\/\",\"url\":\"https:\\\/\\\/www.airtracksports.com\\\/index.php\\\/produkt\\\/airfloor-p1\\\/\",\"name\":\"Airtracksports - Airfloor P1 in allen L\u00e4ngen - Profi-Material f\u00fcrs Turnen\",\"isPartOf\":{\"@id\":\"https:\\\/\\\/www.airtracksports.com\\\/#website\"},\"primaryImageOfPage\":{\"@id\":\"https:\\\/\\\/www.airtracksports.com\\\/index.php\\\/produkt\\\/airfloor-p1\\\/#primaryimage\"},\"image\":{\"@id\":\"https:\\\/\\\/www.airtracksports.com\\\/index.php\\\/produkt\\\/airfloor-p1\\\/#primaryimage\"},\"thumbnailUrl\":\"https:\\\/\\\/www.airtracksports.com\\\/wp-content\\\/uploads\\\/2020\\\/05\\\/Airfloor-P1.png\",\"datePublished\":\"2020-05-26T19:33:19+00:00\",\"dateModified\":\"2026-03-19T13:17:36+00:00\",\"description\":\"Der 10cm hoher Airfloor ist unser d\u00fcnnster Track. Er eignet sich perfekt f\u00fcr Cheerleading, Kampfsport, Turnen und Fitness.\",\"breadcrumb\":{\"@id\":\"https:\\\/\\\/www.airtracksports.com\\\/index.php\\\/produkt\\\/airfloor-p1\\\/#breadcrumb\"},\"inLanguage\":\"de\",\"potentialAction\":[{\"@type\":\"ReadAction\",\"target\":[\"https:\\\/\\\/www.airtracksports.com\\\/index.php\\\/produkt\\\/airfloor-p1\\\/\"]}]},{\"@type\":\"ImageObject\",\"inLanguage\":\"de\",\"@id\":\"https:\\\/\\\/www.airtracksports.com\\\/index.php\\\/produkt\\\/airfloor-p1\\\/#primaryimage\",\"url\":\"https:\\\/\\\/www.airtracksports.com\\\/wp-content\\\/uploads\\\/2020\\\/05\\\/Airfloor-P1.png\",\"contentUrl\":\"https:\\\/\\\/www.airtracksports.com\\\/wp-content\\\/uploads\\\/2020\\\/05\\\/Airfloor-P1.png\",\"width\":1362,\"height\":634,\"caption\":\"Airfloor P1 Wettkampfboden von Airtrackfactory Schweiz - Top-Qualit\u00e4t\"},{\"@type\":\"BreadcrumbList\",\"@id\":\"https:\\\/\\\/www.airtracksports.com\\\/index.php\\\/produkt\\\/airfloor-p1\\\/#breadcrumb\",\"itemListElement\":[{\"@type\":\"ListItem\",\"position\":1,\"name\":\"Startseite\",\"item\":\"https:\\\/\\\/www.airtracksports.com\\\/\"},{\"@type\":\"ListItem\",\"position\":2,\"name\":\"Airtrack-Shop\",\"item\":\"https:\\\/\\\/www.airtracksports.com\\\/index.php\\\/shop\\\/\"},{\"@type\":\"ListItem\",\"position\":3,\"name\":\"Airfloor P1\"}]},{\"@type\":\"WebSite\",\"@id\":\"https:\\\/\\\/www.airtracksports.com\\\/#website\",\"url\":\"https:\\\/\\\/www.airtracksports.com\\\/\",\"name\":\"AirTrackSports\",\"description\":\"\",\"publisher\":{\"@id\":\"https:\\\/\\\/www.airtracksports.com\\\/#organization\"},\"potentialAction\":[{\"@type\":\"SearchAction\",\"target\":{\"@type\":\"EntryPoint\",\"urlTemplate\":\"https:\\\/\\\/www.airtracksports.com\\\/?s={search_term_string}\"},\"query-input\":{\"@type\":\"PropertyValueSpecification\",\"valueRequired\":true,\"valueName\":\"search_term_string\"}}],\"inLanguage\":\"de\"},{\"@type\":\"Organization\",\"@id\":\"https:\\\/\\\/www.airtracksports.com\\\/#organization\",\"name\":\"AirTrackSports\",\"url\":\"https:\\\/\\\/www.airtracksports.com\\\/\",\"logo\":{\"@type\":\"ImageObject\",\"inLanguage\":\"de\",\"@id\":\"https:\\\/\\\/www.airtracksports.com\\\/#\\\/schema\\\/logo\\\/image\\\/\",\"url\":\"https:\\\/\\\/www.airtracksports.com\\\/wp-content\\\/uploads\\\/2020\\\/05\\\/cropped-LogoAirTrack-4.jpg\",\"contentUrl\":\"https:\\\/\\\/www.airtracksports.com\\\/wp-content\\\/uploads\\\/2020\\\/05\\\/cropped-LogoAirTrack-4.jpg\",\"width\":225,\"height\":90,\"caption\":\"AirTrackSports\"},\"image\":{\"@id\":\"https:\\\/\\\/www.airtracksports.com\\\/#\\\/schema\\\/logo\\\/image\\\/\"}}]}<\/script>\n<!-- \/ Yoast SEO plugin. -->","yoast_head_json":{"title":"Airtracksports - Airfloor P1 in allen L\u00e4ngen - Profi-Material f\u00fcrs Turnen","description":"Der 10cm hoher Airfloor ist unser d\u00fcnnster Track. Er eignet sich perfekt f\u00fcr Cheerleading, Kampfsport, Turnen und Fitness.","robots":{"index":"index","follow":"follow","max-snippet":"max-snippet:-1","max-image-preview":"max-image-preview:large","max-video-preview":"max-video-preview:-1"},"canonical":"https:\/\/www.airtracksports.com\/index.php\/produkt\/airfloor-p1\/","og_locale":"de_DE","og_type":"article","og_title":"Airtracksports - Airfloor P1 in allen L\u00e4ngen - Profi-Material f\u00fcrs Turnen","og_description":"Der 10cm hoher Airfloor ist unser d\u00fcnnster Track. Er eignet sich perfekt f\u00fcr Cheerleading, Kampfsport, Turnen und Fitness.","og_url":"https:\/\/www.airtracksports.com\/index.php\/produkt\/airfloor-p1\/","og_site_name":"AirTrackSports","article_modified_time":"2026-03-19T13:17:36+00:00","og_image":[{"width":1362,"height":634,"url":"https:\/\/www.airtracksports.com\/wp-content\/uploads\/2020\/05\/Airfloor-P1.png","type":"image\/png"}],"twitter_card":"summary_large_image","twitter_misc":{"Gesch\u00e4tzte Lesezeit":"1\u00a0Minute"},"schema":{"@context":"https:\/\/schema.org","@graph":[{"@type":"WebPage","@id":"https:\/\/www.airtracksports.com\/index.php\/produkt\/airfloor-p1\/","url":"https:\/\/www.airtracksports.com\/index.php\/produkt\/airfloor-p1\/","name":"Airtracksports - Airfloor P1 in allen L\u00e4ngen - Profi-Material f\u00fcrs Turnen","isPartOf":{"@id":"https:\/\/www.airtracksports.com\/#website"},"primaryImageOfPage":{"@id":"https:\/\/www.airtracksports.com\/index.php\/produkt\/airfloor-p1\/#primaryimage"},"image":{"@id":"https:\/\/www.airtracksports.com\/index.php\/produkt\/airfloor-p1\/#primaryimage"},"thumbnailUrl":"https:\/\/www.airtracksports.com\/wp-content\/uploads\/2020\/05\/Airfloor-P1.png","datePublished":"2020-05-26T19:33:19+00:00","dateModified":"2026-03-19T13:17:36+00:00","description":"Der 10cm hoher Airfloor ist unser d\u00fcnnster Track. Er eignet sich perfekt f\u00fcr Cheerleading, Kampfsport, Turnen und Fitness.","breadcrumb":{"@id":"https:\/\/www.airtracksports.com\/index.php\/produkt\/airfloor-p1\/#breadcrumb"},"inLanguage":"de","potentialAction":[{"@type":"ReadAction","target":["https:\/\/www.airtracksports.com\/index.php\/produkt\/airfloor-p1\/"]}]},{"@type":"ImageObject","inLanguage":"de","@id":"https:\/\/www.airtracksports.com\/index.php\/produkt\/airfloor-p1\/#primaryimage","url":"https:\/\/www.airtracksports.com\/wp-content\/uploads\/2020\/05\/Airfloor-P1.png","contentUrl":"https:\/\/www.airtracksports.com\/wp-content\/uploads\/2020\/05\/Airfloor-P1.png","width":1362,"height":634,"caption":"Airfloor P1 Wettkampfboden von Airtrackfactory Schweiz - Top-Qualit\u00e4t"},{"@type":"BreadcrumbList","@id":"https:\/\/www.airtracksports.com\/index.php\/produkt\/airfloor-p1\/#breadcrumb","itemListElement":[{"@type":"ListItem","position":1,"name":"Startseite","item":"https:\/\/www.airtracksports.com\/"},{"@type":"ListItem","position":2,"name":"Airtrack-Shop","item":"https:\/\/www.airtracksports.com\/index.php\/shop\/"},{"@type":"ListItem","position":3,"name":"Airfloor P1"}]},{"@type":"WebSite","@id":"https:\/\/www.airtracksports.com\/#website","url":"https:\/\/www.airtracksports.com\/","name":"AirTrackSports","description":"","publisher":{"@id":"https:\/\/www.airtracksports.com\/#organization"},"potentialAction":[{"@type":"SearchAction","target":{"@type":"EntryPoint","urlTemplate":"https:\/\/www.airtracksports.com\/?s={search_term_string}"},"query-input":{"@type":"PropertyValueSpecification","valueRequired":true,"valueName":"search_term_string"}}],"inLanguage":"de"},{"@type":"Organization","@id":"https:\/\/www.airtracksports.com\/#organization","name":"AirTrackSports","url":"https:\/\/www.airtracksports.com\/","logo":{"@type":"ImageObject","inLanguage":"de","@id":"https:\/\/www.airtracksports.com\/#\/schema\/logo\/image\/","url":"https:\/\/www.airtracksports.com\/wp-content\/uploads\/2020\/05\/cropped-LogoAirTrack-4.jpg","contentUrl":"https:\/\/www.airtracksports.com\/wp-content\/uploads\/2020\/05\/cropped-LogoAirTrack-4.jpg","width":225,"height":90,"caption":"AirTrackSports"},"image":{"@id":"https:\/\/www.airtracksports.com\/#\/schema\/logo\/image\/"}}]}},"_links":{"self":[{"href":"https:\/\/www.airtracksports.com\/index.php\/wp-json\/wp\/v2\/product\/2169","targetHints":{"allow":["GET"]}}],"collection":[{"href":"https:\/\/www.airtracksports.com\/index.php\/wp-json\/wp\/v2\/product"}],"about":[{"href":"https:\/\/www.airtracksports.com\/index.php\/wp-json\/wp\/v2\/types\/product"}],"wp:featuredmedia":[{"embeddable":true,"href":"https:\/\/www.airtracksports.com\/index.php\/wp-json\/wp\/v2\/media\/2316"}],"wp:attachment":[{"href":"https:\/\/www.airtracksports.com\/index.php\/wp-json\/wp\/v2\/media?parent=2169"}],"wp:term":[{"taxonomy":"product_brand","embeddable":true,"href":"https:\/\/www.airtracksports.com\/index.php\/wp-json\/wp\/v2\/product_brand?post=2169"},{"taxonomy":"product_cat","embeddable":true,"href":"https:\/\/www.airtracksports.com\/index.php\/wp-json\/wp\/v2\/product_cat?post=2169"},{"taxonomy":"product_tag","embeddable":true,"href":"https:\/\/www.airtracksports.com\/index.php\/wp-json\/wp\/v2\/product_tag?post=2169"}],"curies":[{"name":"wp","href":"https:\/\/api.w.org\/{rel}","templated":true}]}}