{"id":2187,"date":"2020-05-26T21:45:57","date_gmt":"2020-05-26T19:45:57","guid":{"rendered":"https:\/\/airtracksports.aarbeta.ch\/?post_type=product&#038;p=2187"},"modified":"2026-03-19T14:27:25","modified_gmt":"2026-03-19T13:27:25","slug":"wettkampfboden","status":"publish","type":"product","link":"https:\/\/www.airtracksports.com\/index.php\/produkt\/wettkampfboden\/","title":{"rendered":"Airfloor Wettkampfboden"},"content":{"rendered":"<p>Der Wettkampfboden 12 x 12m oder 14 x 14m besteht aus 6, respektive 7 miteinander verbundenen <a href=\"https:\/\/www.airtracksports.com\/index.php\/produkt\/airfloor-p1\/\" target=\"_blank\" rel=\"noopener noreferrer\">Airfloors P1<\/a>. Ein <a href=\"https:\/\/www.airtracksports.com\/index.php\/produkt\/infinite-geblaese\/\" target=\"_blank\" rel=\"noopener noreferrer\">innovatives Gebl\u00e4se<\/a> verteilt die Luft automatisch, gleichm\u00e4ssig und mit dem gew\u00fcnschten Luftdruck. Der 14x14m grosse Wettkampfboden wird in wenigen Sekunden auf jeden gew\u00fcnschten Luftdruck eingestellt\u00a0 und kann so f\u00fcr verschiedene Altersgruppen und Leistungsstufen angepasst werden. Die Fl\u00e4che ist speziell f\u00fcr Wettk\u00e4mpfe konzipiert und eignet sich hervorragend daf\u00fcr, weil sie sehr schnell aufgestellt ist. Ein ge\u00fcbtes Team schafft den Aufbau der ganzen Fl\u00e4che in 30 Minuten.<\/p>\n<ul>\n<li>einstellbarer Luftdruck<\/li>\n<li>einfach und schnell aufgestellt<\/li>\n<li>gleichm\u00e4ssiger Druck<\/li>\n<li>regul\u00e4re Wettbewerbsgr\u00f6sse 12x12m. Bei 14x14m 1 Meter Sicherheitsumrandung. Wettbewerbsfeld mit Linien markiert.<\/li>\n<\/ul>\n<p><a href=\"https:\/\/youtube.com\/shorts\/1pjr0cQHqB8\" target=\"_blank\" rel=\"noopener\">Hier ein Link zum Video vom TV Mels auf dem Wettkampfboden<\/a><\/p>\n<p><iframe loading=\"lazy\" title=\"Competition Floor Set-up | AirTrack Factory\" width=\"745\" height=\"419\" src=\"https:\/\/www.youtube.com\/embed\/lN-sOQZKaj4?feature=oembed\" frameborder=\"0\" allow=\"accelerometer; autoplay; clipboard-write; encrypted-media; gyroscope; picture-in-picture; web-share\" referrerpolicy=\"strict-origin-when-cross-origin\" allowfullscreen><\/iframe><\/p>\n","protected":false},"excerpt":{"rendered":"<p>Wettkampfboden 12 x 12m oder 14 x 14m. Inkl. Anleitung, 5 Jahre Garantie auf Airtracks; 2 Jahre Garantie auf Zubeh\u00f6r, Service Schweiz. Weitere Gr\u00f6ssen auf Anfrage.<strong>Preis auf Anfrage<\/strong> Alle weiteren Infos findest Du in der Brosch\u00fcre &#8211;&gt;<a href=\"https:\/\/www.airtracksports.com\/wp-content\/uploads\/2024\/04\/AirFloor-Competition-DE.pdf\">AirFloor-Competition-DE<\/a><\/p>\n","protected":false},"featured_media":2314,"template":"","meta":[],"product_brand":[],"product_cat":[40],"product_tag":[62],"class_list":{"0":"post-2187","1":"product","2":"type-product","3":"status-publish","4":"has-post-thumbnail","6":"product_cat-profi-produkte","7":"product_tag-keinpreis","8":"product_shipping_class-palet-versand-per-spedition","10":"first","11":"outofstock","12":"taxable","13":"shipping-taxable","14":"product-type-simple"},"yoast_head":"<!-- This site is optimized with the Yoast SEO plugin v27.5 - https:\/\/yoast.com\/product\/yoast-seo-wordpress\/ -->\n<title>Airtracksports - Wettkampfboden 12 x 12m - Profimaterial f\u00fcrs Turnen<\/title>\n<meta name=\"description\" content=\"Wettkampffl\u00e4che 12 x 12m. Die Fl\u00e4che ist speziell f\u00fcr Wettk\u00e4mpfe konzipiert und eignet sich hervorragend daf\u00fcr, weil sie sehr schnell aufgestellt ist.\" \/>\n<meta name=\"robots\" content=\"index, follow, max-snippet:-1, max-image-preview:large, max-video-preview:-1\" \/>\n<link rel=\"canonical\" href=\"https:\/\/www.airtracksports.com\/index.php\/produkt\/wettkampfboden\/\" \/>\n<meta property=\"og:locale\" content=\"de_DE\" \/>\n<meta property=\"og:type\" content=\"article\" \/>\n<meta property=\"og:title\" content=\"Airtracksports - Wettkampfboden 12 x 12m - Profimaterial f\u00fcrs Turnen\" \/>\n<meta property=\"og:description\" content=\"Wettkampffl\u00e4che 12 x 12m. Die Fl\u00e4che ist speziell f\u00fcr Wettk\u00e4mpfe konzipiert und eignet sich hervorragend daf\u00fcr, weil sie sehr schnell aufgestellt ist.\" \/>\n<meta property=\"og:url\" content=\"https:\/\/www.airtracksports.com\/index.php\/produkt\/wettkampfboden\/\" \/>\n<meta property=\"og:site_name\" content=\"AirTrackSports\" \/>\n<meta property=\"article:modified_time\" content=\"2026-03-19T13:27:25+00:00\" \/>\n<meta property=\"og:image\" content=\"https:\/\/www.airtracksports.com\/wp-content\/uploads\/2020\/05\/Wettkampfboden-scaled.jpeg\" \/>\n\t<meta property=\"og:image:width\" content=\"2560\" \/>\n\t<meta property=\"og:image:height\" content=\"1561\" \/>\n\t<meta property=\"og:image:type\" content=\"image\/jpeg\" \/>\n<meta name=\"twitter:card\" content=\"summary_large_image\" \/>\n<meta name=\"twitter:label1\" content=\"Gesch\u00e4tzte Lesezeit\" \/>\n\t<meta name=\"twitter:data1\" content=\"1\u00a0Minute\" \/>\n<script type=\"application\/ld+json\" class=\"yoast-schema-graph\">{\"@context\":\"https:\\\/\\\/schema.org\",\"@graph\":[{\"@type\":\"WebPage\",\"@id\":\"https:\\\/\\\/www.airtracksports.com\\\/index.php\\\/produkt\\\/wettkampfboden\\\/\",\"url\":\"https:\\\/\\\/www.airtracksports.com\\\/index.php\\\/produkt\\\/wettkampfboden\\\/\",\"name\":\"Airtracksports - Wettkampfboden 12 x 12m - Profimaterial f\u00fcrs Turnen\",\"isPartOf\":{\"@id\":\"https:\\\/\\\/www.airtracksports.com\\\/#website\"},\"primaryImageOfPage\":{\"@id\":\"https:\\\/\\\/www.airtracksports.com\\\/index.php\\\/produkt\\\/wettkampfboden\\\/#primaryimage\"},\"image\":{\"@id\":\"https:\\\/\\\/www.airtracksports.com\\\/index.php\\\/produkt\\\/wettkampfboden\\\/#primaryimage\"},\"thumbnailUrl\":\"https:\\\/\\\/www.airtracksports.com\\\/wp-content\\\/uploads\\\/2020\\\/05\\\/Wettkampfboden-scaled.jpeg\",\"datePublished\":\"2020-05-26T19:45:57+00:00\",\"dateModified\":\"2026-03-19T13:27:25+00:00\",\"description\":\"Wettkampffl\u00e4che 12 x 12m. Die Fl\u00e4che ist speziell f\u00fcr Wettk\u00e4mpfe konzipiert und eignet sich hervorragend daf\u00fcr, weil sie sehr schnell aufgestellt ist.\",\"breadcrumb\":{\"@id\":\"https:\\\/\\\/www.airtracksports.com\\\/index.php\\\/produkt\\\/wettkampfboden\\\/#breadcrumb\"},\"inLanguage\":\"de\",\"potentialAction\":[{\"@type\":\"ReadAction\",\"target\":[\"https:\\\/\\\/www.airtracksports.com\\\/index.php\\\/produkt\\\/wettkampfboden\\\/\"]}]},{\"@type\":\"ImageObject\",\"inLanguage\":\"de\",\"@id\":\"https:\\\/\\\/www.airtracksports.com\\\/index.php\\\/produkt\\\/wettkampfboden\\\/#primaryimage\",\"url\":\"https:\\\/\\\/www.airtracksports.com\\\/wp-content\\\/uploads\\\/2020\\\/05\\\/Wettkampfboden-scaled.jpeg\",\"contentUrl\":\"https:\\\/\\\/www.airtracksports.com\\\/wp-content\\\/uploads\\\/2020\\\/05\\\/Wettkampfboden-scaled.jpeg\",\"width\":2560,\"height\":1561,\"caption\":\"Wettkampfboden von Airtrackfactory Schweiz - Top-Qualit\u00e4t\"},{\"@type\":\"BreadcrumbList\",\"@id\":\"https:\\\/\\\/www.airtracksports.com\\\/index.php\\\/produkt\\\/wettkampfboden\\\/#breadcrumb\",\"itemListElement\":[{\"@type\":\"ListItem\",\"position\":1,\"name\":\"Startseite\",\"item\":\"https:\\\/\\\/www.airtracksports.com\\\/\"},{\"@type\":\"ListItem\",\"position\":2,\"name\":\"Airtrack-Shop\",\"item\":\"https:\\\/\\\/www.airtracksports.com\\\/index.php\\\/shop\\\/\"},{\"@type\":\"ListItem\",\"position\":3,\"name\":\"Airfloor Wettkampfboden\"}]},{\"@type\":\"WebSite\",\"@id\":\"https:\\\/\\\/www.airtracksports.com\\\/#website\",\"url\":\"https:\\\/\\\/www.airtracksports.com\\\/\",\"name\":\"AirTrackSports\",\"description\":\"\",\"publisher\":{\"@id\":\"https:\\\/\\\/www.airtracksports.com\\\/#organization\"},\"potentialAction\":[{\"@type\":\"SearchAction\",\"target\":{\"@type\":\"EntryPoint\",\"urlTemplate\":\"https:\\\/\\\/www.airtracksports.com\\\/?s={search_term_string}\"},\"query-input\":{\"@type\":\"PropertyValueSpecification\",\"valueRequired\":true,\"valueName\":\"search_term_string\"}}],\"inLanguage\":\"de\"},{\"@type\":\"Organization\",\"@id\":\"https:\\\/\\\/www.airtracksports.com\\\/#organization\",\"name\":\"AirTrackSports\",\"url\":\"https:\\\/\\\/www.airtracksports.com\\\/\",\"logo\":{\"@type\":\"ImageObject\",\"inLanguage\":\"de\",\"@id\":\"https:\\\/\\\/www.airtracksports.com\\\/#\\\/schema\\\/logo\\\/image\\\/\",\"url\":\"https:\\\/\\\/www.airtracksports.com\\\/wp-content\\\/uploads\\\/2020\\\/05\\\/cropped-LogoAirTrack-4.jpg\",\"contentUrl\":\"https:\\\/\\\/www.airtracksports.com\\\/wp-content\\\/uploads\\\/2020\\\/05\\\/cropped-LogoAirTrack-4.jpg\",\"width\":225,\"height\":90,\"caption\":\"AirTrackSports\"},\"image\":{\"@id\":\"https:\\\/\\\/www.airtracksports.com\\\/#\\\/schema\\\/logo\\\/image\\\/\"}}]}<\/script>\n<!-- \/ Yoast SEO plugin. -->","yoast_head_json":{"title":"Airtracksports - Wettkampfboden 12 x 12m - Profimaterial f\u00fcrs Turnen","description":"Wettkampffl\u00e4che 12 x 12m. Die Fl\u00e4che ist speziell f\u00fcr Wettk\u00e4mpfe konzipiert und eignet sich hervorragend daf\u00fcr, weil sie sehr schnell aufgestellt ist.","robots":{"index":"index","follow":"follow","max-snippet":"max-snippet:-1","max-image-preview":"max-image-preview:large","max-video-preview":"max-video-preview:-1"},"canonical":"https:\/\/www.airtracksports.com\/index.php\/produkt\/wettkampfboden\/","og_locale":"de_DE","og_type":"article","og_title":"Airtracksports - Wettkampfboden 12 x 12m - Profimaterial f\u00fcrs Turnen","og_description":"Wettkampffl\u00e4che 12 x 12m. Die Fl\u00e4che ist speziell f\u00fcr Wettk\u00e4mpfe konzipiert und eignet sich hervorragend daf\u00fcr, weil sie sehr schnell aufgestellt ist.","og_url":"https:\/\/www.airtracksports.com\/index.php\/produkt\/wettkampfboden\/","og_site_name":"AirTrackSports","article_modified_time":"2026-03-19T13:27:25+00:00","og_image":[{"width":2560,"height":1561,"url":"https:\/\/www.airtracksports.com\/wp-content\/uploads\/2020\/05\/Wettkampfboden-scaled.jpeg","type":"image\/jpeg"}],"twitter_card":"summary_large_image","twitter_misc":{"Gesch\u00e4tzte Lesezeit":"1\u00a0Minute"},"schema":{"@context":"https:\/\/schema.org","@graph":[{"@type":"WebPage","@id":"https:\/\/www.airtracksports.com\/index.php\/produkt\/wettkampfboden\/","url":"https:\/\/www.airtracksports.com\/index.php\/produkt\/wettkampfboden\/","name":"Airtracksports - Wettkampfboden 12 x 12m - Profimaterial f\u00fcrs Turnen","isPartOf":{"@id":"https:\/\/www.airtracksports.com\/#website"},"primaryImageOfPage":{"@id":"https:\/\/www.airtracksports.com\/index.php\/produkt\/wettkampfboden\/#primaryimage"},"image":{"@id":"https:\/\/www.airtracksports.com\/index.php\/produkt\/wettkampfboden\/#primaryimage"},"thumbnailUrl":"https:\/\/www.airtracksports.com\/wp-content\/uploads\/2020\/05\/Wettkampfboden-scaled.jpeg","datePublished":"2020-05-26T19:45:57+00:00","dateModified":"2026-03-19T13:27:25+00:00","description":"Wettkampffl\u00e4che 12 x 12m. Die Fl\u00e4che ist speziell f\u00fcr Wettk\u00e4mpfe konzipiert und eignet sich hervorragend daf\u00fcr, weil sie sehr schnell aufgestellt ist.","breadcrumb":{"@id":"https:\/\/www.airtracksports.com\/index.php\/produkt\/wettkampfboden\/#breadcrumb"},"inLanguage":"de","potentialAction":[{"@type":"ReadAction","target":["https:\/\/www.airtracksports.com\/index.php\/produkt\/wettkampfboden\/"]}]},{"@type":"ImageObject","inLanguage":"de","@id":"https:\/\/www.airtracksports.com\/index.php\/produkt\/wettkampfboden\/#primaryimage","url":"https:\/\/www.airtracksports.com\/wp-content\/uploads\/2020\/05\/Wettkampfboden-scaled.jpeg","contentUrl":"https:\/\/www.airtracksports.com\/wp-content\/uploads\/2020\/05\/Wettkampfboden-scaled.jpeg","width":2560,"height":1561,"caption":"Wettkampfboden von Airtrackfactory Schweiz - Top-Qualit\u00e4t"},{"@type":"BreadcrumbList","@id":"https:\/\/www.airtracksports.com\/index.php\/produkt\/wettkampfboden\/#breadcrumb","itemListElement":[{"@type":"ListItem","position":1,"name":"Startseite","item":"https:\/\/www.airtracksports.com\/"},{"@type":"ListItem","position":2,"name":"Airtrack-Shop","item":"https:\/\/www.airtracksports.com\/index.php\/shop\/"},{"@type":"ListItem","position":3,"name":"Airfloor Wettkampfboden"}]},{"@type":"WebSite","@id":"https:\/\/www.airtracksports.com\/#website","url":"https:\/\/www.airtracksports.com\/","name":"AirTrackSports","description":"","publisher":{"@id":"https:\/\/www.airtracksports.com\/#organization"},"potentialAction":[{"@type":"SearchAction","target":{"@type":"EntryPoint","urlTemplate":"https:\/\/www.airtracksports.com\/?s={search_term_string}"},"query-input":{"@type":"PropertyValueSpecification","valueRequired":true,"valueName":"search_term_string"}}],"inLanguage":"de"},{"@type":"Organization","@id":"https:\/\/www.airtracksports.com\/#organization","name":"AirTrackSports","url":"https:\/\/www.airtracksports.com\/","logo":{"@type":"ImageObject","inLanguage":"de","@id":"https:\/\/www.airtracksports.com\/#\/schema\/logo\/image\/","url":"https:\/\/www.airtracksports.com\/wp-content\/uploads\/2020\/05\/cropped-LogoAirTrack-4.jpg","contentUrl":"https:\/\/www.airtracksports.com\/wp-content\/uploads\/2020\/05\/cropped-LogoAirTrack-4.jpg","width":225,"height":90,"caption":"AirTrackSports"},"image":{"@id":"https:\/\/www.airtracksports.com\/#\/schema\/logo\/image\/"}}]}},"_links":{"self":[{"href":"https:\/\/www.airtracksports.com\/index.php\/wp-json\/wp\/v2\/product\/2187","targetHints":{"allow":["GET"]}}],"collection":[{"href":"https:\/\/www.airtracksports.com\/index.php\/wp-json\/wp\/v2\/product"}],"about":[{"href":"https:\/\/www.airtracksports.com\/index.php\/wp-json\/wp\/v2\/types\/product"}],"wp:featuredmedia":[{"embeddable":true,"href":"https:\/\/www.airtracksports.com\/index.php\/wp-json\/wp\/v2\/media\/2314"}],"wp:attachment":[{"href":"https:\/\/www.airtracksports.com\/index.php\/wp-json\/wp\/v2\/media?parent=2187"}],"wp:term":[{"taxonomy":"product_brand","embeddable":true,"href":"https:\/\/www.airtracksports.com\/index.php\/wp-json\/wp\/v2\/product_brand?post=2187"},{"taxonomy":"product_cat","embeddable":true,"href":"https:\/\/www.airtracksports.com\/index.php\/wp-json\/wp\/v2\/product_cat?post=2187"},{"taxonomy":"product_tag","embeddable":true,"href":"https:\/\/www.airtracksports.com\/index.php\/wp-json\/wp\/v2\/product_tag?post=2187"}],"curies":[{"name":"wp","href":"https:\/\/api.w.org\/{rel}","templated":true}]}}