{"id":2456,"date":"2020-05-28T21:08:01","date_gmt":"2020-05-28T19:08:01","guid":{"rendered":"https:\/\/airtracksports.aarbeta.ch\/?post_type=product&#038;p=2456"},"modified":"2025-04-10T10:24:51","modified_gmt":"2025-04-10T08:24:51","slug":"airjump-set","status":"publish","type":"product","link":"https:\/\/www.airtracksports.com\/index.php\/produkt\/airjump-set\/","title":{"rendered":"Airjump-Set"},"content":{"rendered":"<p>Das Airjump-Set bietet wahnsinnig viele Trainingm\u00f6glichkeiten. Mithilfe von Klettstreifen k\u00f6nnen die Einzelteile aneinander fixiert und verbunden werden. So k\u00f6nnen Sie Treppen, Neigungen oder einen weichen Kasten mit den Elementen bilden. Das leichte Airjump-Set ist ausserdemdeutlich schneller aufgebaut als herk\u00f6mmliche Turnger\u00e4te.<\/p>\n<p>Das Set ist in 3 Taschen verpackt und somit auch f\u00fcr die Lagerung nach dem Gebrauch bestens geeignet.<br \/>\n5 Jahre Garantie auf Airtrack; 2 Jahre Garantie auf Zubeh\u00f6r<\/p>\n<p><iframe loading=\"lazy\" title=\"AirJumpy for Schoolsports - AirTrack Factory\" width=\"745\" height=\"419\" src=\"https:\/\/www.youtube.com\/embed\/37isnHaVYmk?feature=oembed\" frameborder=\"0\" allow=\"accelerometer; autoplay; clipboard-write; encrypted-media; gyroscope; picture-in-picture; web-share\" allowfullscreen><\/iframe><\/p>\n","protected":false},"excerpt":{"rendered":"<p><strong>Airjump-Set 4\/6\/8m bestehend aus<\/strong><\/p>\n<ul>\n<li><a href=\"https:\/\/www.airtracksports.com\/index.php\/produkt\/airtrack-p2\/\" target=\"_blank\" rel=\"noopener noreferrer\">Airtrack P2 4 oder 6 oder 8 x 2m (20cm hoch)<\/a><\/li>\n<li>Airincline 2 x 2m (0.4\u00a0 &#8211; 0.1m hoch)<\/li>\n<li>Airblock P3 1 x 2m (30cm hoch)<\/li>\n<li>2 St\u00fcck Airblock P2 1 x 2m (20cm hoch)<\/li>\n<li>3 St\u00fcck Transporttasche M<\/li>\n<li><a href=\"https:\/\/www.airtracksports.com\/index.php\/produkt\/ov10-geblaese\/\" target=\"_blank\" rel=\"noopener noreferrer\">Gebl\u00e4se OV10<\/a><\/li>\n<\/ul>\n","protected":false},"featured_media":2525,"template":"","meta":[],"product_brand":[],"product_cat":[40],"product_tag":[],"class_list":{"0":"post-2456","1":"product","2":"type-product","3":"status-publish","4":"has-post-thumbnail","6":"product_cat-profi-produkte","7":"product_shipping_class-palet-versand-per-spedition","9":"first","10":"onbackorder","11":"taxable","12":"shipping-taxable","13":"purchasable","14":"product-type-variable","15":"has-default-attributes"},"yoast_head":"<!-- This site is optimized with the Yoast SEO plugin v27.3 - https:\/\/yoast.com\/product\/yoast-seo-wordpress\/ -->\n<title>Airtracksports - Airjump-Set - Profimaterial f\u00fcrs Turnen<\/title>\n<meta name=\"description\" content=\"Das Airjump-Set bietet wahnsinnig viele Trainingm\u00f6glichkeiten. Mit den Elementen k\u00f6nnen Treppen, Neigung oder ein weicher Kasten gebildet werden.\" \/>\n<meta name=\"robots\" content=\"index, follow, max-snippet:-1, max-image-preview:large, max-video-preview:-1\" \/>\n<link rel=\"canonical\" href=\"https:\/\/www.airtracksports.com\/index.php\/produkt\/airjump-set\/\" \/>\n<meta property=\"og:locale\" content=\"de_DE\" \/>\n<meta property=\"og:type\" content=\"article\" \/>\n<meta property=\"og:title\" content=\"Airtracksports - Airjump-Set - Profimaterial f\u00fcrs Turnen\" \/>\n<meta property=\"og:description\" content=\"Das Airjump-Set bietet wahnsinnig viele Trainingm\u00f6glichkeiten. Mit den Elementen k\u00f6nnen Treppen, Neigung oder ein weicher Kasten gebildet werden.\" \/>\n<meta property=\"og:url\" content=\"https:\/\/www.airtracksports.com\/index.php\/produkt\/airjump-set\/\" \/>\n<meta property=\"og:site_name\" content=\"AirTrackSports\" \/>\n<meta property=\"article:modified_time\" content=\"2025-04-10T08:24:51+00:00\" \/>\n<meta property=\"og:image\" content=\"https:\/\/www.airtracksports.com\/wp-content\/uploads\/2020\/05\/Airjump-Set.png\" \/>\n\t<meta property=\"og:image:width\" content=\"1519\" \/>\n\t<meta property=\"og:image:height\" content=\"865\" \/>\n\t<meta property=\"og:image:type\" content=\"image\/png\" \/>\n<meta name=\"twitter:card\" content=\"summary_large_image\" \/>\n<script type=\"application\/ld+json\" class=\"yoast-schema-graph\">{\"@context\":\"https:\\\/\\\/schema.org\",\"@graph\":[{\"@type\":\"WebPage\",\"@id\":\"https:\\\/\\\/www.airtracksports.com\\\/index.php\\\/produkt\\\/airjump-set\\\/\",\"url\":\"https:\\\/\\\/www.airtracksports.com\\\/index.php\\\/produkt\\\/airjump-set\\\/\",\"name\":\"Airtracksports - Airjump-Set - Profimaterial f\u00fcrs Turnen\",\"isPartOf\":{\"@id\":\"https:\\\/\\\/www.airtracksports.com\\\/#website\"},\"primaryImageOfPage\":{\"@id\":\"https:\\\/\\\/www.airtracksports.com\\\/index.php\\\/produkt\\\/airjump-set\\\/#primaryimage\"},\"image\":{\"@id\":\"https:\\\/\\\/www.airtracksports.com\\\/index.php\\\/produkt\\\/airjump-set\\\/#primaryimage\"},\"thumbnailUrl\":\"https:\\\/\\\/www.airtracksports.com\\\/wp-content\\\/uploads\\\/2020\\\/05\\\/Airjump-Set.png\",\"datePublished\":\"2020-05-28T19:08:01+00:00\",\"dateModified\":\"2025-04-10T08:24:51+00:00\",\"description\":\"Das Airjump-Set bietet wahnsinnig viele Trainingm\u00f6glichkeiten. Mit den Elementen k\u00f6nnen Treppen, Neigung oder ein weicher Kasten gebildet werden.\",\"breadcrumb\":{\"@id\":\"https:\\\/\\\/www.airtracksports.com\\\/index.php\\\/produkt\\\/airjump-set\\\/#breadcrumb\"},\"inLanguage\":\"de\",\"potentialAction\":[{\"@type\":\"ReadAction\",\"target\":[\"https:\\\/\\\/www.airtracksports.com\\\/index.php\\\/produkt\\\/airjump-set\\\/\"]}]},{\"@type\":\"ImageObject\",\"inLanguage\":\"de\",\"@id\":\"https:\\\/\\\/www.airtracksports.com\\\/index.php\\\/produkt\\\/airjump-set\\\/#primaryimage\",\"url\":\"https:\\\/\\\/www.airtracksports.com\\\/wp-content\\\/uploads\\\/2020\\\/05\\\/Airjump-Set.png\",\"contentUrl\":\"https:\\\/\\\/www.airtracksports.com\\\/wp-content\\\/uploads\\\/2020\\\/05\\\/Airjump-Set.png\",\"width\":1519,\"height\":865,\"caption\":\"Airjump Set von Airtrackfactory Schweiz - Top-Qualit\u00e4t\"},{\"@type\":\"BreadcrumbList\",\"@id\":\"https:\\\/\\\/www.airtracksports.com\\\/index.php\\\/produkt\\\/airjump-set\\\/#breadcrumb\",\"itemListElement\":[{\"@type\":\"ListItem\",\"position\":1,\"name\":\"Startseite\",\"item\":\"https:\\\/\\\/www.airtracksports.com\\\/\"},{\"@type\":\"ListItem\",\"position\":2,\"name\":\"Airtrack-Shop\",\"item\":\"https:\\\/\\\/www.airtracksports.com\\\/index.php\\\/shop\\\/\"},{\"@type\":\"ListItem\",\"position\":3,\"name\":\"Airjump-Set\"}]},{\"@type\":\"WebSite\",\"@id\":\"https:\\\/\\\/www.airtracksports.com\\\/#website\",\"url\":\"https:\\\/\\\/www.airtracksports.com\\\/\",\"name\":\"AirTrackSports\",\"description\":\"\",\"publisher\":{\"@id\":\"https:\\\/\\\/www.airtracksports.com\\\/#organization\"},\"potentialAction\":[{\"@type\":\"SearchAction\",\"target\":{\"@type\":\"EntryPoint\",\"urlTemplate\":\"https:\\\/\\\/www.airtracksports.com\\\/?s={search_term_string}\"},\"query-input\":{\"@type\":\"PropertyValueSpecification\",\"valueRequired\":true,\"valueName\":\"search_term_string\"}}],\"inLanguage\":\"de\"},{\"@type\":\"Organization\",\"@id\":\"https:\\\/\\\/www.airtracksports.com\\\/#organization\",\"name\":\"AirTrackSports\",\"url\":\"https:\\\/\\\/www.airtracksports.com\\\/\",\"logo\":{\"@type\":\"ImageObject\",\"inLanguage\":\"de\",\"@id\":\"https:\\\/\\\/www.airtracksports.com\\\/#\\\/schema\\\/logo\\\/image\\\/\",\"url\":\"https:\\\/\\\/www.airtracksports.com\\\/wp-content\\\/uploads\\\/2020\\\/05\\\/cropped-LogoAirTrack-4.jpg\",\"contentUrl\":\"https:\\\/\\\/www.airtracksports.com\\\/wp-content\\\/uploads\\\/2020\\\/05\\\/cropped-LogoAirTrack-4.jpg\",\"width\":225,\"height\":90,\"caption\":\"AirTrackSports\"},\"image\":{\"@id\":\"https:\\\/\\\/www.airtracksports.com\\\/#\\\/schema\\\/logo\\\/image\\\/\"}}]}<\/script>\n<!-- \/ Yoast SEO plugin. -->","yoast_head_json":{"title":"Airtracksports - Airjump-Set - Profimaterial f\u00fcrs Turnen","description":"Das Airjump-Set bietet wahnsinnig viele Trainingm\u00f6glichkeiten. Mit den Elementen k\u00f6nnen Treppen, Neigung oder ein weicher Kasten gebildet werden.","robots":{"index":"index","follow":"follow","max-snippet":"max-snippet:-1","max-image-preview":"max-image-preview:large","max-video-preview":"max-video-preview:-1"},"canonical":"https:\/\/www.airtracksports.com\/index.php\/produkt\/airjump-set\/","og_locale":"de_DE","og_type":"article","og_title":"Airtracksports - Airjump-Set - Profimaterial f\u00fcrs Turnen","og_description":"Das Airjump-Set bietet wahnsinnig viele Trainingm\u00f6glichkeiten. Mit den Elementen k\u00f6nnen Treppen, Neigung oder ein weicher Kasten gebildet werden.","og_url":"https:\/\/www.airtracksports.com\/index.php\/produkt\/airjump-set\/","og_site_name":"AirTrackSports","article_modified_time":"2025-04-10T08:24:51+00:00","og_image":[{"width":1519,"height":865,"url":"https:\/\/www.airtracksports.com\/wp-content\/uploads\/2020\/05\/Airjump-Set.png","type":"image\/png"}],"twitter_card":"summary_large_image","schema":{"@context":"https:\/\/schema.org","@graph":[{"@type":"WebPage","@id":"https:\/\/www.airtracksports.com\/index.php\/produkt\/airjump-set\/","url":"https:\/\/www.airtracksports.com\/index.php\/produkt\/airjump-set\/","name":"Airtracksports - Airjump-Set - Profimaterial f\u00fcrs Turnen","isPartOf":{"@id":"https:\/\/www.airtracksports.com\/#website"},"primaryImageOfPage":{"@id":"https:\/\/www.airtracksports.com\/index.php\/produkt\/airjump-set\/#primaryimage"},"image":{"@id":"https:\/\/www.airtracksports.com\/index.php\/produkt\/airjump-set\/#primaryimage"},"thumbnailUrl":"https:\/\/www.airtracksports.com\/wp-content\/uploads\/2020\/05\/Airjump-Set.png","datePublished":"2020-05-28T19:08:01+00:00","dateModified":"2025-04-10T08:24:51+00:00","description":"Das Airjump-Set bietet wahnsinnig viele Trainingm\u00f6glichkeiten. Mit den Elementen k\u00f6nnen Treppen, Neigung oder ein weicher Kasten gebildet werden.","breadcrumb":{"@id":"https:\/\/www.airtracksports.com\/index.php\/produkt\/airjump-set\/#breadcrumb"},"inLanguage":"de","potentialAction":[{"@type":"ReadAction","target":["https:\/\/www.airtracksports.com\/index.php\/produkt\/airjump-set\/"]}]},{"@type":"ImageObject","inLanguage":"de","@id":"https:\/\/www.airtracksports.com\/index.php\/produkt\/airjump-set\/#primaryimage","url":"https:\/\/www.airtracksports.com\/wp-content\/uploads\/2020\/05\/Airjump-Set.png","contentUrl":"https:\/\/www.airtracksports.com\/wp-content\/uploads\/2020\/05\/Airjump-Set.png","width":1519,"height":865,"caption":"Airjump Set von Airtrackfactory Schweiz - Top-Qualit\u00e4t"},{"@type":"BreadcrumbList","@id":"https:\/\/www.airtracksports.com\/index.php\/produkt\/airjump-set\/#breadcrumb","itemListElement":[{"@type":"ListItem","position":1,"name":"Startseite","item":"https:\/\/www.airtracksports.com\/"},{"@type":"ListItem","position":2,"name":"Airtrack-Shop","item":"https:\/\/www.airtracksports.com\/index.php\/shop\/"},{"@type":"ListItem","position":3,"name":"Airjump-Set"}]},{"@type":"WebSite","@id":"https:\/\/www.airtracksports.com\/#website","url":"https:\/\/www.airtracksports.com\/","name":"AirTrackSports","description":"","publisher":{"@id":"https:\/\/www.airtracksports.com\/#organization"},"potentialAction":[{"@type":"SearchAction","target":{"@type":"EntryPoint","urlTemplate":"https:\/\/www.airtracksports.com\/?s={search_term_string}"},"query-input":{"@type":"PropertyValueSpecification","valueRequired":true,"valueName":"search_term_string"}}],"inLanguage":"de"},{"@type":"Organization","@id":"https:\/\/www.airtracksports.com\/#organization","name":"AirTrackSports","url":"https:\/\/www.airtracksports.com\/","logo":{"@type":"ImageObject","inLanguage":"de","@id":"https:\/\/www.airtracksports.com\/#\/schema\/logo\/image\/","url":"https:\/\/www.airtracksports.com\/wp-content\/uploads\/2020\/05\/cropped-LogoAirTrack-4.jpg","contentUrl":"https:\/\/www.airtracksports.com\/wp-content\/uploads\/2020\/05\/cropped-LogoAirTrack-4.jpg","width":225,"height":90,"caption":"AirTrackSports"},"image":{"@id":"https:\/\/www.airtracksports.com\/#\/schema\/logo\/image\/"}}]}},"_links":{"self":[{"href":"https:\/\/www.airtracksports.com\/index.php\/wp-json\/wp\/v2\/product\/2456","targetHints":{"allow":["GET"]}}],"collection":[{"href":"https:\/\/www.airtracksports.com\/index.php\/wp-json\/wp\/v2\/product"}],"about":[{"href":"https:\/\/www.airtracksports.com\/index.php\/wp-json\/wp\/v2\/types\/product"}],"wp:featuredmedia":[{"embeddable":true,"href":"https:\/\/www.airtracksports.com\/index.php\/wp-json\/wp\/v2\/media\/2525"}],"wp:attachment":[{"href":"https:\/\/www.airtracksports.com\/index.php\/wp-json\/wp\/v2\/media?parent=2456"}],"wp:term":[{"taxonomy":"product_brand","embeddable":true,"href":"https:\/\/www.airtracksports.com\/index.php\/wp-json\/wp\/v2\/product_brand?post=2456"},{"taxonomy":"product_cat","embeddable":true,"href":"https:\/\/www.airtracksports.com\/index.php\/wp-json\/wp\/v2\/product_cat?post=2456"},{"taxonomy":"product_tag","embeddable":true,"href":"https:\/\/www.airtracksports.com\/index.php\/wp-json\/wp\/v2\/product_tag?post=2456"}],"curies":[{"name":"wp","href":"https:\/\/api.w.org\/{rel}","templated":true}]}}