{"id":3333,"date":"2020-05-28T21:34:52","date_gmt":"2020-07-09T10:49:22","guid":{"rendered":"https:\/\/www.airtracksports.com\/index.php\/\/produkt\/airtrack-set-takeoff\/"},"modified":"2023-03-17T07:28:36","modified_gmt":"2023-03-17T06:28:36","slug":"airtrack-takeoff-set","status":"publish","type":"product","link":"https:\/\/www.airtracksports.com\/index.php\/produkt\/airtrack-takeoff-set\/?lang=fr","title":{"rendered":"Airtrack Set Takeoff"},"content":{"rendered":"<p>Notre Set Takeoff est une combinaison d\u2019un P3 Airtrack 8m et un grand Airroll. Le set peut \u00eatre \u00e9tendu comme d\u00e9crit ci-dessus. Ainsi, vous pouvez former une vari\u00e9t\u00e9 d\u2019exercices.<\/p>\n<p>Le set est la version l\u00e9g\u00e8re et s\u00fbre des bo\u00eetes, mini trampolines et tapis lourds. En outre, vous pouvez compl\u00e8tement gonfler le set en quelques minutes.<\/p>\n<p><iframe loading=\"lazy\" title=\"AirTrack TakeOff Set - AirTrack Factory\" width=\"745\" height=\"419\" src=\"https:\/\/www.youtube.com\/embed\/R43hJenXZOw?feature=oembed\" frameborder=\"0\" allow=\"accelerometer; autoplay; clipboard-write; encrypted-media; gyroscope; picture-in-picture; web-share\" allowfullscreen><\/iframe><\/p>\n","protected":false},"excerpt":{"rendered":"<p>P3 Airtrack Takeoff-Set 8 x 2,0 ou 2,8 m (hauteur 30cm)<\/p>\n<hr \/>\n<p><span style=\"color: #ff6600;\"><strong>Basic-Set compos\u00e9 de<\/strong><\/span><\/p>\n<ul>\n<li><a href=\"https:\/\/www.airtracksports.com\/index.php\/produkt\/airtrack-p3\/?lang=fr\" target=\"_blank\" rel=\"noopener noreferrer\">Airtrack P3 8 x 2,0 ou 2,8 m (hauteur 30cm)<\/a><\/li>\n<li>Airroll Takeoff \u00d8 60cm x 2,0 m ou 2,8 m<\/li>\n<li><a href=\"https:\/\/www.airtracksports.com\/index.php\/produkt\/stabilizer\/?lang=fr\" target=\"_blank\" rel=\"noopener noreferrer\">Stabilisateur Airroll<\/a><\/li>\n<li><a href=\"https:\/\/www.airtracksports.com\/index.php\/produkt\/manometer\/?lang=fr\" target=\"_blank\" rel=\"noopener noreferrer\">Manom\u00e8tre<\/a><\/li>\n<li><a href=\"https:\/\/www.airtracksports.com\/index.php\/produkt\/hikoki-geblaese\/?lang=fr\" target=\"_blank\" rel=\"noopener noreferrer\">Pompe Hikoki<\/a><\/li>\n<li><a href=\"https:\/\/www.airtracksports.com\/index.php\/produkt\/ov10-geblaese\/?lang=fr\" target=\"_blank\" rel=\"noopener noreferrer\">Pompe \u00e9lectrique OV10<\/a><\/li>\n<li>Sac de transport<\/li>\n<\/ul>\n<hr \/>\n<p><span style=\"color: #ff6600;\"><strong>Plus-Set compos\u00e9 de<\/strong><\/span><\/p>\n<ul>\n<li>Basic-Set<\/li>\n<li><a href=\"https:\/\/www.airtracksports.com\/index.php\/produkt\/airbox-set\/?lang=fr\" target=\"_blank\" rel=\"noopener noreferrer\">Airbox Set 90cm (compos\u00e9 de 3 pi\u00e8ces Airbox 2.0 ou 2.8m x 0.9cm)<\/a><\/li>\n<li>Kit de montage Airbox<\/li>\n<\/ul>\n","protected":false},"featured_media":3335,"template":"","meta":[],"product_brand":[],"product_cat":[86],"product_tag":[],"class_list":{"0":"post-3333","1":"product","2":"type-product","3":"status-publish","4":"has-post-thumbnail","6":"product_cat-produits-professionnels","7":"product_shipping_class-palet-versand-per-spedition","9":"first","10":"onbackorder","11":"taxable","12":"shipping-taxable","13":"purchasable","14":"product-type-variable"},"yoast_head":"<!-- This site is optimized with the Yoast SEO plugin v27.4 - https:\/\/yoast.com\/product\/yoast-seo-wordpress\/ -->\n<title>Airtracksports - Airtrack Takeoff Set - Mat\u00e9riel professionnel pour la gymnastique<\/title>\n<meta name=\"description\" content=\"Notre ensemble de d\u00e9collage est une combinaison d\u2019une piste d\u2019air et d\u2019un rouleau d\u2019air. L\u2019ensemble peut \u00eatre \u00e9tendu pour former une vari\u00e9t\u00e9 d\u2019exercices.\" \/>\n<meta name=\"robots\" content=\"index, follow, max-snippet:-1, max-image-preview:large, max-video-preview:-1\" \/>\n<link rel=\"canonical\" href=\"https:\/\/www.airtracksports.com\/index.php\/produkt\/airtrack-takeoff-set\/\" \/>\n<meta property=\"og:locale\" content=\"de_DE\" \/>\n<meta property=\"og:type\" content=\"article\" \/>\n<meta property=\"og:title\" content=\"Airtracksports - Airtrack Takeoff Set - Mat\u00e9riel professionnel pour la gymnastique\" \/>\n<meta property=\"og:description\" content=\"Notre ensemble de d\u00e9collage est une combinaison d\u2019une piste d\u2019air et d\u2019un rouleau d\u2019air. L\u2019ensemble peut \u00eatre \u00e9tendu pour former une vari\u00e9t\u00e9 d\u2019exercices.\" \/>\n<meta property=\"og:url\" content=\"https:\/\/www.airtracksports.com\/index.php\/produkt\/airtrack-takeoff-set\/\" \/>\n<meta property=\"og:site_name\" content=\"AirTrackSports\" \/>\n<meta property=\"article:modified_time\" content=\"2023-03-17T06:28:36+00:00\" \/>\n<meta property=\"og:image\" content=\"https:\/\/www.airtracksports.com\/wp-content\/uploads\/2020\/05\/TakeOff-Set-Complete-2-1024x576.png\" \/>\n\t<meta property=\"og:image:width\" content=\"1024\" \/>\n\t<meta property=\"og:image:height\" content=\"576\" \/>\n\t<meta property=\"og:image:type\" content=\"image\/png\" \/>\n<meta name=\"twitter:card\" content=\"summary_large_image\" \/>\n<script type=\"application\/ld+json\" class=\"yoast-schema-graph\">{\"@context\":\"https:\\\/\\\/schema.org\",\"@graph\":[{\"@type\":\"WebPage\",\"@id\":\"https:\\\/\\\/www.airtracksports.com\\\/index.php\\\/produkt\\\/airtrack-takeoff-set\\\/\",\"url\":\"https:\\\/\\\/www.airtracksports.com\\\/index.php\\\/produkt\\\/airtrack-takeoff-set\\\/\",\"name\":\"Airtracksports - Airtrack Takeoff Set - Mat\u00e9riel professionnel pour la gymnastique\",\"isPartOf\":{\"@id\":\"https:\\\/\\\/www.airtracksports.com\\\/#website\"},\"primaryImageOfPage\":{\"@id\":\"https:\\\/\\\/www.airtracksports.com\\\/index.php\\\/produkt\\\/airtrack-takeoff-set\\\/#primaryimage\"},\"image\":{\"@id\":\"https:\\\/\\\/www.airtracksports.com\\\/index.php\\\/produkt\\\/airtrack-takeoff-set\\\/#primaryimage\"},\"thumbnailUrl\":\"https:\\\/\\\/www.airtracksports.com\\\/wp-content\\\/uploads\\\/2020\\\/05\\\/TakeOff-Set-Complete-2.png\",\"datePublished\":\"2020-07-09T10:49:22+00:00\",\"dateModified\":\"2023-03-17T06:28:36+00:00\",\"description\":\"Notre ensemble de d\u00e9collage est une combinaison d\u2019une piste d\u2019air et d\u2019un rouleau d\u2019air. L\u2019ensemble peut \u00eatre \u00e9tendu pour former une vari\u00e9t\u00e9 d\u2019exercices.\",\"breadcrumb\":{\"@id\":\"https:\\\/\\\/www.airtracksports.com\\\/index.php\\\/produkt\\\/airtrack-takeoff-set\\\/#breadcrumb\"},\"inLanguage\":\"de\",\"potentialAction\":[{\"@type\":\"ReadAction\",\"target\":[\"https:\\\/\\\/www.airtracksports.com\\\/index.php\\\/produkt\\\/airtrack-takeoff-set\\\/\"]}]},{\"@type\":\"ImageObject\",\"inLanguage\":\"de\",\"@id\":\"https:\\\/\\\/www.airtracksports.com\\\/index.php\\\/produkt\\\/airtrack-takeoff-set\\\/#primaryimage\",\"url\":\"https:\\\/\\\/www.airtracksports.com\\\/wp-content\\\/uploads\\\/2020\\\/05\\\/TakeOff-Set-Complete-2.png\",\"contentUrl\":\"https:\\\/\\\/www.airtracksports.com\\\/wp-content\\\/uploads\\\/2020\\\/05\\\/TakeOff-Set-Complete-2.png\",\"width\":5889,\"height\":3312,\"caption\":\"Takeoff-Set - Complete von Airtrackfactory Schweiz - Top-Qualit\u00e4t\"},{\"@type\":\"BreadcrumbList\",\"@id\":\"https:\\\/\\\/www.airtracksports.com\\\/index.php\\\/produkt\\\/airtrack-takeoff-set\\\/#breadcrumb\",\"itemListElement\":[{\"@type\":\"ListItem\",\"position\":1,\"name\":\"Startseite\",\"item\":\"https:\\\/\\\/www.airtracksports.com\\\/\"},{\"@type\":\"ListItem\",\"position\":2,\"name\":\"Airtrack-Shop\",\"item\":\"https:\\\/\\\/www.airtracksports.com\\\/index.php\\\/shop\\\/\"},{\"@type\":\"ListItem\",\"position\":3,\"name\":\"Airtrack Set Takeoff\"}]},{\"@type\":\"WebSite\",\"@id\":\"https:\\\/\\\/www.airtracksports.com\\\/#website\",\"url\":\"https:\\\/\\\/www.airtracksports.com\\\/\",\"name\":\"AirTrackSports\",\"description\":\"\",\"publisher\":{\"@id\":\"https:\\\/\\\/www.airtracksports.com\\\/#organization\"},\"potentialAction\":[{\"@type\":\"SearchAction\",\"target\":{\"@type\":\"EntryPoint\",\"urlTemplate\":\"https:\\\/\\\/www.airtracksports.com\\\/?s={search_term_string}\"},\"query-input\":{\"@type\":\"PropertyValueSpecification\",\"valueRequired\":true,\"valueName\":\"search_term_string\"}}],\"inLanguage\":\"de\"},{\"@type\":\"Organization\",\"@id\":\"https:\\\/\\\/www.airtracksports.com\\\/#organization\",\"name\":\"AirTrackSports\",\"url\":\"https:\\\/\\\/www.airtracksports.com\\\/\",\"logo\":{\"@type\":\"ImageObject\",\"inLanguage\":\"de\",\"@id\":\"https:\\\/\\\/www.airtracksports.com\\\/#\\\/schema\\\/logo\\\/image\\\/\",\"url\":\"https:\\\/\\\/www.airtracksports.com\\\/wp-content\\\/uploads\\\/2020\\\/05\\\/cropped-LogoAirTrack-4.jpg\",\"contentUrl\":\"https:\\\/\\\/www.airtracksports.com\\\/wp-content\\\/uploads\\\/2020\\\/05\\\/cropped-LogoAirTrack-4.jpg\",\"width\":225,\"height\":90,\"caption\":\"AirTrackSports\"},\"image\":{\"@id\":\"https:\\\/\\\/www.airtracksports.com\\\/#\\\/schema\\\/logo\\\/image\\\/\"}}]}<\/script>\n<!-- \/ Yoast SEO plugin. -->","yoast_head_json":{"title":"Airtracksports - Airtrack Takeoff Set - Mat\u00e9riel professionnel pour la gymnastique","description":"Notre ensemble de d\u00e9collage est une combinaison d\u2019une piste d\u2019air et d\u2019un rouleau d\u2019air. L\u2019ensemble peut \u00eatre \u00e9tendu pour former une vari\u00e9t\u00e9 d\u2019exercices.","robots":{"index":"index","follow":"follow","max-snippet":"max-snippet:-1","max-image-preview":"max-image-preview:large","max-video-preview":"max-video-preview:-1"},"canonical":"https:\/\/www.airtracksports.com\/index.php\/produkt\/airtrack-takeoff-set\/","og_locale":"de_DE","og_type":"article","og_title":"Airtracksports - Airtrack Takeoff Set - Mat\u00e9riel professionnel pour la gymnastique","og_description":"Notre ensemble de d\u00e9collage est une combinaison d\u2019une piste d\u2019air et d\u2019un rouleau d\u2019air. L\u2019ensemble peut \u00eatre \u00e9tendu pour former une vari\u00e9t\u00e9 d\u2019exercices.","og_url":"https:\/\/www.airtracksports.com\/index.php\/produkt\/airtrack-takeoff-set\/","og_site_name":"AirTrackSports","article_modified_time":"2023-03-17T06:28:36+00:00","og_image":[{"width":1024,"height":576,"url":"https:\/\/www.airtracksports.com\/wp-content\/uploads\/2020\/05\/TakeOff-Set-Complete-2-1024x576.png","type":"image\/png"}],"twitter_card":"summary_large_image","schema":{"@context":"https:\/\/schema.org","@graph":[{"@type":"WebPage","@id":"https:\/\/www.airtracksports.com\/index.php\/produkt\/airtrack-takeoff-set\/","url":"https:\/\/www.airtracksports.com\/index.php\/produkt\/airtrack-takeoff-set\/","name":"Airtracksports - Airtrack Takeoff Set - Mat\u00e9riel professionnel pour la gymnastique","isPartOf":{"@id":"https:\/\/www.airtracksports.com\/#website"},"primaryImageOfPage":{"@id":"https:\/\/www.airtracksports.com\/index.php\/produkt\/airtrack-takeoff-set\/#primaryimage"},"image":{"@id":"https:\/\/www.airtracksports.com\/index.php\/produkt\/airtrack-takeoff-set\/#primaryimage"},"thumbnailUrl":"https:\/\/www.airtracksports.com\/wp-content\/uploads\/2020\/05\/TakeOff-Set-Complete-2.png","datePublished":"2020-07-09T10:49:22+00:00","dateModified":"2023-03-17T06:28:36+00:00","description":"Notre ensemble de d\u00e9collage est une combinaison d\u2019une piste d\u2019air et d\u2019un rouleau d\u2019air. L\u2019ensemble peut \u00eatre \u00e9tendu pour former une vari\u00e9t\u00e9 d\u2019exercices.","breadcrumb":{"@id":"https:\/\/www.airtracksports.com\/index.php\/produkt\/airtrack-takeoff-set\/#breadcrumb"},"inLanguage":"de","potentialAction":[{"@type":"ReadAction","target":["https:\/\/www.airtracksports.com\/index.php\/produkt\/airtrack-takeoff-set\/"]}]},{"@type":"ImageObject","inLanguage":"de","@id":"https:\/\/www.airtracksports.com\/index.php\/produkt\/airtrack-takeoff-set\/#primaryimage","url":"https:\/\/www.airtracksports.com\/wp-content\/uploads\/2020\/05\/TakeOff-Set-Complete-2.png","contentUrl":"https:\/\/www.airtracksports.com\/wp-content\/uploads\/2020\/05\/TakeOff-Set-Complete-2.png","width":5889,"height":3312,"caption":"Takeoff-Set - Complete von Airtrackfactory Schweiz - Top-Qualit\u00e4t"},{"@type":"BreadcrumbList","@id":"https:\/\/www.airtracksports.com\/index.php\/produkt\/airtrack-takeoff-set\/#breadcrumb","itemListElement":[{"@type":"ListItem","position":1,"name":"Startseite","item":"https:\/\/www.airtracksports.com\/"},{"@type":"ListItem","position":2,"name":"Airtrack-Shop","item":"https:\/\/www.airtracksports.com\/index.php\/shop\/"},{"@type":"ListItem","position":3,"name":"Airtrack Set Takeoff"}]},{"@type":"WebSite","@id":"https:\/\/www.airtracksports.com\/#website","url":"https:\/\/www.airtracksports.com\/","name":"AirTrackSports","description":"","publisher":{"@id":"https:\/\/www.airtracksports.com\/#organization"},"potentialAction":[{"@type":"SearchAction","target":{"@type":"EntryPoint","urlTemplate":"https:\/\/www.airtracksports.com\/?s={search_term_string}"},"query-input":{"@type":"PropertyValueSpecification","valueRequired":true,"valueName":"search_term_string"}}],"inLanguage":"de"},{"@type":"Organization","@id":"https:\/\/www.airtracksports.com\/#organization","name":"AirTrackSports","url":"https:\/\/www.airtracksports.com\/","logo":{"@type":"ImageObject","inLanguage":"de","@id":"https:\/\/www.airtracksports.com\/#\/schema\/logo\/image\/","url":"https:\/\/www.airtracksports.com\/wp-content\/uploads\/2020\/05\/cropped-LogoAirTrack-4.jpg","contentUrl":"https:\/\/www.airtracksports.com\/wp-content\/uploads\/2020\/05\/cropped-LogoAirTrack-4.jpg","width":225,"height":90,"caption":"AirTrackSports"},"image":{"@id":"https:\/\/www.airtracksports.com\/#\/schema\/logo\/image\/"}}]}},"_links":{"self":[{"href":"https:\/\/www.airtracksports.com\/index.php\/wp-json\/wp\/v2\/product\/3333","targetHints":{"allow":["GET"]}}],"collection":[{"href":"https:\/\/www.airtracksports.com\/index.php\/wp-json\/wp\/v2\/product"}],"about":[{"href":"https:\/\/www.airtracksports.com\/index.php\/wp-json\/wp\/v2\/types\/product"}],"wp:featuredmedia":[{"embeddable":true,"href":"https:\/\/www.airtracksports.com\/index.php\/wp-json\/wp\/v2\/media\/3335"}],"wp:attachment":[{"href":"https:\/\/www.airtracksports.com\/index.php\/wp-json\/wp\/v2\/media?parent=3333"}],"wp:term":[{"taxonomy":"product_brand","embeddable":true,"href":"https:\/\/www.airtracksports.com\/index.php\/wp-json\/wp\/v2\/product_brand?post=3333"},{"taxonomy":"product_cat","embeddable":true,"href":"https:\/\/www.airtracksports.com\/index.php\/wp-json\/wp\/v2\/product_cat?post=3333"},{"taxonomy":"product_tag","embeddable":true,"href":"https:\/\/www.airtracksports.com\/index.php\/wp-json\/wp\/v2\/product_tag?post=3333"}],"curies":[{"name":"wp","href":"https:\/\/api.w.org\/{rel}","templated":true}]}}