{"id":3352,"date":"2020-05-28T21:08:01","date_gmt":"2020-07-09T10:52:16","guid":{"rendered":"https:\/\/www.airtracksports.com\/index.php\/\/produkt\/airjump-set-2\/"},"modified":"2022-09-15T09:35:18","modified_gmt":"2022-09-15T07:35:18","slug":"airjump-set","status":"publish","type":"product","link":"https:\/\/www.airtracksports.com\/index.php\/produkt\/airjump-set\/?lang=fr","title":{"rendered":"Airjump-Set"},"content":{"rendered":"<p>L\u2019Airjump-Set offre un nombre fou de possibilit\u00e9s d\u2019entra\u00eenement. \u00c0 l\u2019aide de bandes velcro, les partss diff\u00e9rentes peuvent \u00eatre fix\u00e9es et reli\u00e9es les unes aux autres. Cela vous permet de former des escaliers, des pentes, ou une bo\u00eete souple avec les \u00e9l\u00e9ments. L\u2019ensemble l\u00e9ger de saut d\u2019air est \u00e9galement beaucoup plus rapide que l\u2019\u00e9quipement conventionnel de gymnastique.<\/p>\n<p>L\u2019ensemble est emball\u00e9 dans 3 sacs et est donc \u00e9galement id\u00e9al pour le stockage apr\u00e8s utilisation.<\/p>\n<p><iframe loading=\"lazy\" title=\"AirJumpy for Schoolsports - AirTrack Factory\" width=\"745\" height=\"419\" src=\"https:\/\/www.youtube.com\/embed\/37isnHaVYmk?feature=oembed\" frameborder=\"0\" allow=\"accelerometer; autoplay; clipboard-write; encrypted-media; gyroscope; picture-in-picture\" allowfullscreen><\/iframe><\/p>\n","protected":false},"excerpt":{"rendered":"<p><strong>Airjump-Set 4\/6\/8m compos\u00e9 de<\/strong><\/p>\n<ul>\n<li><a href=\"https:\/\/www.airtracksports.com\/index.php\/produkt\/airtrack-p2\/?lang=fr\" target=\"_blank\" rel=\"noopener noreferrer\">Airtrack P2 4 ou 6 ou 8 x 2m (hauteur 20cm)<\/a><\/li>\n<li>Airincline 2 x 2m (hauteur 0,4 &#8211; 0,1 m)<\/li>\n<li>Airblock P3 1 x 2m (30cm de haut)<\/li>\n<li>2 pi\u00e8ces Airblock P2 1 x 2m (hauteur 20cm)<\/li>\n<li>3 pi\u00e8ces sac de transport M<\/li>\n<\/ul>\n","protected":false},"featured_media":3354,"template":"","meta":[],"product_brand":[],"product_cat":[86],"product_tag":[],"class_list":{"0":"post-3352","1":"product","2":"type-product","3":"status-publish","4":"has-post-thumbnail","6":"product_cat-produits-professionnels","7":"product_shipping_class-palet-versand-per-spedition","9":"first","10":"onbackorder","11":"taxable","12":"shipping-taxable","13":"purchasable","14":"product-type-variable","15":"has-default-attributes"},"yoast_head":"<!-- This site is optimized with the Yoast SEO plugin v27.4 - https:\/\/yoast.com\/product\/yoast-seo-wordpress\/ -->\n<title>Airtracksports - Airjump-Set - Mat\u00e9riel professionnel pour la gymnastique<\/title>\n<meta name=\"description\" content=\"L\u2019Airjump-Set offre un nombre fou de possibilit\u00e9s d\u2019entra\u00eenement. Les \u00e9l\u00e9ments peuvent \u00eatre utilis\u00e9s pour former des escaliers, une inclinaison ou une bo\u00eete souple.\" \/>\n<meta name=\"robots\" content=\"index, follow, max-snippet:-1, max-image-preview:large, max-video-preview:-1\" \/>\n<link rel=\"canonical\" href=\"https:\/\/www.airtracksports.com\/index.php\/produkt\/airjump-set\/\" \/>\n<meta property=\"og:locale\" content=\"de_DE\" \/>\n<meta property=\"og:type\" content=\"article\" \/>\n<meta property=\"og:title\" content=\"Airtracksports - Airjump-Set - Mat\u00e9riel professionnel pour la gymnastique\" \/>\n<meta property=\"og:description\" content=\"L\u2019Airjump-Set offre un nombre fou de possibilit\u00e9s d\u2019entra\u00eenement. Les \u00e9l\u00e9ments peuvent \u00eatre utilis\u00e9s pour former des escaliers, une inclinaison ou une bo\u00eete souple.\" \/>\n<meta property=\"og:url\" content=\"https:\/\/www.airtracksports.com\/index.php\/produkt\/airjump-set\/\" \/>\n<meta property=\"og:site_name\" content=\"AirTrackSports\" \/>\n<meta property=\"article:modified_time\" content=\"2022-09-15T07:35:18+00:00\" \/>\n<meta property=\"og:image\" content=\"https:\/\/www.airtracksports.com\/wp-content\/uploads\/2020\/05\/Airjump-Set.png\" \/>\n\t<meta property=\"og:image:width\" content=\"1519\" \/>\n\t<meta property=\"og:image:height\" content=\"865\" \/>\n\t<meta property=\"og:image:type\" content=\"image\/png\" \/>\n<meta name=\"twitter:card\" content=\"summary_large_image\" \/>\n<script type=\"application\/ld+json\" class=\"yoast-schema-graph\">{\"@context\":\"https:\\\/\\\/schema.org\",\"@graph\":[{\"@type\":\"WebPage\",\"@id\":\"https:\\\/\\\/www.airtracksports.com\\\/index.php\\\/produkt\\\/airjump-set\\\/\",\"url\":\"https:\\\/\\\/www.airtracksports.com\\\/index.php\\\/produkt\\\/airjump-set\\\/\",\"name\":\"Airtracksports - Airjump-Set - Mat\u00e9riel professionnel pour la gymnastique\",\"isPartOf\":{\"@id\":\"https:\\\/\\\/www.airtracksports.com\\\/#website\"},\"primaryImageOfPage\":{\"@id\":\"https:\\\/\\\/www.airtracksports.com\\\/index.php\\\/produkt\\\/airjump-set\\\/#primaryimage\"},\"image\":{\"@id\":\"https:\\\/\\\/www.airtracksports.com\\\/index.php\\\/produkt\\\/airjump-set\\\/#primaryimage\"},\"thumbnailUrl\":\"https:\\\/\\\/www.airtracksports.com\\\/wp-content\\\/uploads\\\/2020\\\/05\\\/Airjump-Set.png\",\"datePublished\":\"2020-07-09T10:52:16+00:00\",\"dateModified\":\"2022-09-15T07:35:18+00:00\",\"description\":\"L\u2019Airjump-Set offre un nombre fou de possibilit\u00e9s d\u2019entra\u00eenement. Les \u00e9l\u00e9ments peuvent \u00eatre utilis\u00e9s pour former des escaliers, une inclinaison ou une bo\u00eete souple.\",\"breadcrumb\":{\"@id\":\"https:\\\/\\\/www.airtracksports.com\\\/index.php\\\/produkt\\\/airjump-set\\\/#breadcrumb\"},\"inLanguage\":\"de\",\"potentialAction\":[{\"@type\":\"ReadAction\",\"target\":[\"https:\\\/\\\/www.airtracksports.com\\\/index.php\\\/produkt\\\/airjump-set\\\/\"]}]},{\"@type\":\"ImageObject\",\"inLanguage\":\"de\",\"@id\":\"https:\\\/\\\/www.airtracksports.com\\\/index.php\\\/produkt\\\/airjump-set\\\/#primaryimage\",\"url\":\"https:\\\/\\\/www.airtracksports.com\\\/wp-content\\\/uploads\\\/2020\\\/05\\\/Airjump-Set.png\",\"contentUrl\":\"https:\\\/\\\/www.airtracksports.com\\\/wp-content\\\/uploads\\\/2020\\\/05\\\/Airjump-Set.png\",\"width\":1519,\"height\":865,\"caption\":\"Airjump Set von Airtrackfactory Schweiz - Top-Qualit\u00e4t\"},{\"@type\":\"BreadcrumbList\",\"@id\":\"https:\\\/\\\/www.airtracksports.com\\\/index.php\\\/produkt\\\/airjump-set\\\/#breadcrumb\",\"itemListElement\":[{\"@type\":\"ListItem\",\"position\":1,\"name\":\"Startseite\",\"item\":\"https:\\\/\\\/www.airtracksports.com\\\/\"},{\"@type\":\"ListItem\",\"position\":2,\"name\":\"Airtrack-Shop\",\"item\":\"https:\\\/\\\/www.airtracksports.com\\\/index.php\\\/shop\\\/\"},{\"@type\":\"ListItem\",\"position\":3,\"name\":\"Airjump-Set\"}]},{\"@type\":\"WebSite\",\"@id\":\"https:\\\/\\\/www.airtracksports.com\\\/#website\",\"url\":\"https:\\\/\\\/www.airtracksports.com\\\/\",\"name\":\"AirTrackSports\",\"description\":\"\",\"publisher\":{\"@id\":\"https:\\\/\\\/www.airtracksports.com\\\/#organization\"},\"potentialAction\":[{\"@type\":\"SearchAction\",\"target\":{\"@type\":\"EntryPoint\",\"urlTemplate\":\"https:\\\/\\\/www.airtracksports.com\\\/?s={search_term_string}\"},\"query-input\":{\"@type\":\"PropertyValueSpecification\",\"valueRequired\":true,\"valueName\":\"search_term_string\"}}],\"inLanguage\":\"de\"},{\"@type\":\"Organization\",\"@id\":\"https:\\\/\\\/www.airtracksports.com\\\/#organization\",\"name\":\"AirTrackSports\",\"url\":\"https:\\\/\\\/www.airtracksports.com\\\/\",\"logo\":{\"@type\":\"ImageObject\",\"inLanguage\":\"de\",\"@id\":\"https:\\\/\\\/www.airtracksports.com\\\/#\\\/schema\\\/logo\\\/image\\\/\",\"url\":\"https:\\\/\\\/www.airtracksports.com\\\/wp-content\\\/uploads\\\/2020\\\/05\\\/cropped-LogoAirTrack-4.jpg\",\"contentUrl\":\"https:\\\/\\\/www.airtracksports.com\\\/wp-content\\\/uploads\\\/2020\\\/05\\\/cropped-LogoAirTrack-4.jpg\",\"width\":225,\"height\":90,\"caption\":\"AirTrackSports\"},\"image\":{\"@id\":\"https:\\\/\\\/www.airtracksports.com\\\/#\\\/schema\\\/logo\\\/image\\\/\"}}]}<\/script>\n<!-- \/ Yoast SEO plugin. -->","yoast_head_json":{"title":"Airtracksports - Airjump-Set - Mat\u00e9riel professionnel pour la gymnastique","description":"L\u2019Airjump-Set offre un nombre fou de possibilit\u00e9s d\u2019entra\u00eenement. Les \u00e9l\u00e9ments peuvent \u00eatre utilis\u00e9s pour former des escaliers, une inclinaison ou une bo\u00eete souple.","robots":{"index":"index","follow":"follow","max-snippet":"max-snippet:-1","max-image-preview":"max-image-preview:large","max-video-preview":"max-video-preview:-1"},"canonical":"https:\/\/www.airtracksports.com\/index.php\/produkt\/airjump-set\/","og_locale":"de_DE","og_type":"article","og_title":"Airtracksports - Airjump-Set - Mat\u00e9riel professionnel pour la gymnastique","og_description":"L\u2019Airjump-Set offre un nombre fou de possibilit\u00e9s d\u2019entra\u00eenement. Les \u00e9l\u00e9ments peuvent \u00eatre utilis\u00e9s pour former des escaliers, une inclinaison ou une bo\u00eete souple.","og_url":"https:\/\/www.airtracksports.com\/index.php\/produkt\/airjump-set\/","og_site_name":"AirTrackSports","article_modified_time":"2022-09-15T07:35:18+00:00","og_image":[{"width":1519,"height":865,"url":"https:\/\/www.airtracksports.com\/wp-content\/uploads\/2020\/05\/Airjump-Set.png","type":"image\/png"}],"twitter_card":"summary_large_image","schema":{"@context":"https:\/\/schema.org","@graph":[{"@type":"WebPage","@id":"https:\/\/www.airtracksports.com\/index.php\/produkt\/airjump-set\/","url":"https:\/\/www.airtracksports.com\/index.php\/produkt\/airjump-set\/","name":"Airtracksports - Airjump-Set - Mat\u00e9riel professionnel pour la gymnastique","isPartOf":{"@id":"https:\/\/www.airtracksports.com\/#website"},"primaryImageOfPage":{"@id":"https:\/\/www.airtracksports.com\/index.php\/produkt\/airjump-set\/#primaryimage"},"image":{"@id":"https:\/\/www.airtracksports.com\/index.php\/produkt\/airjump-set\/#primaryimage"},"thumbnailUrl":"https:\/\/www.airtracksports.com\/wp-content\/uploads\/2020\/05\/Airjump-Set.png","datePublished":"2020-07-09T10:52:16+00:00","dateModified":"2022-09-15T07:35:18+00:00","description":"L\u2019Airjump-Set offre un nombre fou de possibilit\u00e9s d\u2019entra\u00eenement. Les \u00e9l\u00e9ments peuvent \u00eatre utilis\u00e9s pour former des escaliers, une inclinaison ou une bo\u00eete souple.","breadcrumb":{"@id":"https:\/\/www.airtracksports.com\/index.php\/produkt\/airjump-set\/#breadcrumb"},"inLanguage":"de","potentialAction":[{"@type":"ReadAction","target":["https:\/\/www.airtracksports.com\/index.php\/produkt\/airjump-set\/"]}]},{"@type":"ImageObject","inLanguage":"de","@id":"https:\/\/www.airtracksports.com\/index.php\/produkt\/airjump-set\/#primaryimage","url":"https:\/\/www.airtracksports.com\/wp-content\/uploads\/2020\/05\/Airjump-Set.png","contentUrl":"https:\/\/www.airtracksports.com\/wp-content\/uploads\/2020\/05\/Airjump-Set.png","width":1519,"height":865,"caption":"Airjump Set von Airtrackfactory Schweiz - Top-Qualit\u00e4t"},{"@type":"BreadcrumbList","@id":"https:\/\/www.airtracksports.com\/index.php\/produkt\/airjump-set\/#breadcrumb","itemListElement":[{"@type":"ListItem","position":1,"name":"Startseite","item":"https:\/\/www.airtracksports.com\/"},{"@type":"ListItem","position":2,"name":"Airtrack-Shop","item":"https:\/\/www.airtracksports.com\/index.php\/shop\/"},{"@type":"ListItem","position":3,"name":"Airjump-Set"}]},{"@type":"WebSite","@id":"https:\/\/www.airtracksports.com\/#website","url":"https:\/\/www.airtracksports.com\/","name":"AirTrackSports","description":"","publisher":{"@id":"https:\/\/www.airtracksports.com\/#organization"},"potentialAction":[{"@type":"SearchAction","target":{"@type":"EntryPoint","urlTemplate":"https:\/\/www.airtracksports.com\/?s={search_term_string}"},"query-input":{"@type":"PropertyValueSpecification","valueRequired":true,"valueName":"search_term_string"}}],"inLanguage":"de"},{"@type":"Organization","@id":"https:\/\/www.airtracksports.com\/#organization","name":"AirTrackSports","url":"https:\/\/www.airtracksports.com\/","logo":{"@type":"ImageObject","inLanguage":"de","@id":"https:\/\/www.airtracksports.com\/#\/schema\/logo\/image\/","url":"https:\/\/www.airtracksports.com\/wp-content\/uploads\/2020\/05\/cropped-LogoAirTrack-4.jpg","contentUrl":"https:\/\/www.airtracksports.com\/wp-content\/uploads\/2020\/05\/cropped-LogoAirTrack-4.jpg","width":225,"height":90,"caption":"AirTrackSports"},"image":{"@id":"https:\/\/www.airtracksports.com\/#\/schema\/logo\/image\/"}}]}},"_links":{"self":[{"href":"https:\/\/www.airtracksports.com\/index.php\/wp-json\/wp\/v2\/product\/3352","targetHints":{"allow":["GET"]}}],"collection":[{"href":"https:\/\/www.airtracksports.com\/index.php\/wp-json\/wp\/v2\/product"}],"about":[{"href":"https:\/\/www.airtracksports.com\/index.php\/wp-json\/wp\/v2\/types\/product"}],"wp:featuredmedia":[{"embeddable":true,"href":"https:\/\/www.airtracksports.com\/index.php\/wp-json\/wp\/v2\/media\/3354"}],"wp:attachment":[{"href":"https:\/\/www.airtracksports.com\/index.php\/wp-json\/wp\/v2\/media?parent=3352"}],"wp:term":[{"taxonomy":"product_brand","embeddable":true,"href":"https:\/\/www.airtracksports.com\/index.php\/wp-json\/wp\/v2\/product_brand?post=3352"},{"taxonomy":"product_cat","embeddable":true,"href":"https:\/\/www.airtracksports.com\/index.php\/wp-json\/wp\/v2\/product_cat?post=3352"},{"taxonomy":"product_tag","embeddable":true,"href":"https:\/\/www.airtracksports.com\/index.php\/wp-json\/wp\/v2\/product_tag?post=3352"}],"curies":[{"name":"wp","href":"https:\/\/api.w.org\/{rel}","templated":true}]}}