{"id":3370,"date":"2020-05-26T21:45:57","date_gmt":"2020-05-26T19:45:57","guid":{"rendered":"https:\/\/www.airtracksports.com\/index.php\/\/produkt\/plancher-de-concurrence-de-plancher-dair\/"},"modified":"2020-07-16T10:03:20","modified_gmt":"2020-07-16T08:03:20","slug":"plancher-de-competition","status":"publish","type":"product","link":"https:\/\/www.airtracksports.com\/index.php\/produkt\/plancher-de-competition\/?lang=fr","title":{"rendered":"Plancher de comp\u00e9tition"},"content":{"rendered":"<p>Le plancher de comp\u00e9tition 12 x 12m ou 14 x 14m se compose de 6, respectivement 7 <a href=\"https:\/\/www.airtracksports.com\/index.php\/produkt\/airfloor-p1\/?lang=fr\" target=\"_blank\" rel=\"noopener noreferrer\">Airfloors P1 connect\u00e9s<\/a>. Une <a href=\"https:\/\/www.airtracksports.com\/index.php\/produkt\/ventilateur-infini\/?lang=fr\" target=\"_blank\" rel=\"noopener noreferrer\">pompe innovative<\/a> distribue l\u2019air automatiquement, uniform\u00e9ment et avec la pression d\u2019air souhait\u00e9e. Le plancher de comp\u00e9tition 14x14m est ajust\u00e9 \u00e0 toute pression d\u2019air souhait\u00e9e en quelques secondes et peut donc \u00eatre adapt\u00e9 pour diff\u00e9rents groupes d\u2019\u00e2ge et niveaux de performance. La zone est sp\u00e9cialement con\u00e7ue pour les comp\u00e9titions et est id\u00e9ale pour cela car elle est mise en place tr\u00e8s rapidement. Une \u00e9quipe exp\u00e9riment\u00e9e parvient \u00e0 construire toute la zone en 30 minutes.<\/p>\n<ul>\n<li>pression d\u2019air r\u00e9glable<\/li>\n<li>mise en place facile et rapide<\/li>\n<li>m\u00eame la pression<\/li>\n<li>taille de comp\u00e9tition r\u00e9guli\u00e8re 12x12m. \u00c0 14x14m 1 m\u00e8tre bordure de s\u00e9curit\u00e9. champ de comp\u00e9tition marqu\u00e9 de lignes.<\/li>\n<\/ul>\n<p><iframe loading=\"lazy\" title=\"Competition Floor Set-up | AirTrack Factory\" width=\"745\" height=\"419\" src=\"https:\/\/www.youtube.com\/embed\/lN-sOQZKaj4?feature=oembed\" frameborder=\"0\" allow=\"accelerometer; autoplay; encrypted-media; gyroscope; picture-in-picture\" allowfullscreen><\/iframe><\/p>\n","protected":false},"excerpt":{"rendered":"<p>Plancher de comp\u00e9tition 12 x 12m ou 14 x 14m. incl. Instructions, 5 ans de garantie, service Suisse<\/p>\n","protected":false},"featured_media":7886,"template":"","meta":[],"product_brand":[],"product_cat":[86],"product_tag":[87],"class_list":{"0":"post-3370","1":"product","2":"type-product","3":"status-publish","4":"has-post-thumbnail","6":"product_cat-produits-professionnels","7":"product_tag-pas-de-prix","8":"product_shipping_class-palet-versand-per-spedition","10":"first","11":"outofstock","12":"taxable","13":"shipping-taxable","14":"product-type-simple"},"yoast_head":"<!-- This site is optimized with the Yoast SEO plugin v27.6 - https:\/\/yoast.com\/product\/yoast-seo-wordpress\/ -->\n<title>Airtracksports - Parcours de comp\u00e9tition 12 x 12m - mat\u00e9riel professionnel pour la gymnastique<\/title>\n<meta name=\"description\" content=\"Zone de comp\u00e9tition 12 x 12m. La zone est sp\u00e9cialement con\u00e7ue pour les comp\u00e9titions et est id\u00e9ale pour cela car elle est mise en place tr\u00e8s rapidement.\" \/>\n<meta name=\"robots\" content=\"index, follow, max-snippet:-1, max-image-preview:large, max-video-preview:-1\" \/>\n<link rel=\"canonical\" href=\"https:\/\/www.airtracksports.com\/index.php\/produkt\/plancher-de-competition\/?lang=fr\" \/>\n<meta property=\"og:locale\" content=\"de_DE\" \/>\n<meta property=\"og:type\" content=\"article\" \/>\n<meta property=\"og:title\" content=\"Airtracksports - Parcours de comp\u00e9tition 12 x 12m - mat\u00e9riel professionnel pour la gymnastique\" \/>\n<meta property=\"og:description\" content=\"Zone de comp\u00e9tition 12 x 12m. La zone est sp\u00e9cialement con\u00e7ue pour les comp\u00e9titions et est id\u00e9ale pour cela car elle est mise en place tr\u00e8s rapidement.\" \/>\n<meta property=\"og:url\" content=\"https:\/\/www.airtracksports.com\/index.php\/produkt\/plancher-de-competition\/?lang=fr\" \/>\n<meta property=\"og:site_name\" content=\"AirTrackSports\" \/>\n<meta property=\"article:modified_time\" content=\"2020-07-16T08:03:20+00:00\" \/>\n<meta property=\"og:image\" content=\"https:\/\/www.airtracksports.com\/wp-content\/uploads\/2020\/05\/Wettkampfboden-scaled.jpeg\" \/>\n\t<meta property=\"og:image:width\" content=\"2560\" \/>\n\t<meta property=\"og:image:height\" content=\"1561\" \/>\n\t<meta property=\"og:image:type\" content=\"image\/jpeg\" \/>\n<meta name=\"twitter:card\" content=\"summary_large_image\" \/>\n<meta name=\"twitter:label1\" content=\"Gesch\u00e4tzte Lesezeit\" \/>\n\t<meta name=\"twitter:data1\" content=\"1\u00a0Minute\" \/>\n<script type=\"application\/ld+json\" class=\"yoast-schema-graph\">{\"@context\":\"https:\\\/\\\/schema.org\",\"@graph\":[{\"@type\":\"WebPage\",\"@id\":\"https:\\\/\\\/www.airtracksports.com\\\/index.php\\\/produkt\\\/plancher-de-competition\\\/?lang=fr\",\"url\":\"https:\\\/\\\/www.airtracksports.com\\\/index.php\\\/produkt\\\/plancher-de-competition\\\/?lang=fr\",\"name\":\"Airtracksports - Parcours de comp\u00e9tition 12 x 12m - mat\u00e9riel professionnel pour la gymnastique\",\"isPartOf\":{\"@id\":\"https:\\\/\\\/www.airtracksports.com\\\/#website\"},\"primaryImageOfPage\":{\"@id\":\"https:\\\/\\\/www.airtracksports.com\\\/index.php\\\/produkt\\\/plancher-de-competition\\\/?lang=fr#primaryimage\"},\"image\":{\"@id\":\"https:\\\/\\\/www.airtracksports.com\\\/index.php\\\/produkt\\\/plancher-de-competition\\\/?lang=fr#primaryimage\"},\"thumbnailUrl\":\"https:\\\/\\\/www.airtracksports.com\\\/wp-content\\\/uploads\\\/2020\\\/05\\\/Competition-Floor.png\",\"datePublished\":\"2020-05-26T19:45:57+00:00\",\"dateModified\":\"2020-07-16T08:03:20+00:00\",\"description\":\"Zone de comp\u00e9tition 12 x 12m. La zone est sp\u00e9cialement con\u00e7ue pour les comp\u00e9titions et est id\u00e9ale pour cela car elle est mise en place tr\u00e8s rapidement.\",\"breadcrumb\":{\"@id\":\"https:\\\/\\\/www.airtracksports.com\\\/index.php\\\/produkt\\\/plancher-de-competition\\\/?lang=fr#breadcrumb\"},\"inLanguage\":\"de\",\"potentialAction\":[{\"@type\":\"ReadAction\",\"target\":[\"https:\\\/\\\/www.airtracksports.com\\\/index.php\\\/produkt\\\/plancher-de-competition\\\/?lang=fr\"]}]},{\"@type\":\"ImageObject\",\"inLanguage\":\"de\",\"@id\":\"https:\\\/\\\/www.airtracksports.com\\\/index.php\\\/produkt\\\/plancher-de-competition\\\/?lang=fr#primaryimage\",\"url\":\"https:\\\/\\\/www.airtracksports.com\\\/wp-content\\\/uploads\\\/2020\\\/05\\\/Competition-Floor.png\",\"contentUrl\":\"https:\\\/\\\/www.airtracksports.com\\\/wp-content\\\/uploads\\\/2020\\\/05\\\/Competition-Floor.png\",\"width\":1280,\"height\":716},{\"@type\":\"BreadcrumbList\",\"@id\":\"https:\\\/\\\/www.airtracksports.com\\\/index.php\\\/produkt\\\/plancher-de-competition\\\/?lang=fr#breadcrumb\",\"itemListElement\":[{\"@type\":\"ListItem\",\"position\":1,\"name\":\"Startseite\",\"item\":\"https:\\\/\\\/www.airtracksports.com\\\/\"},{\"@type\":\"ListItem\",\"position\":2,\"name\":\"Airtrack-Shop\",\"item\":\"https:\\\/\\\/www.airtracksports.com\\\/index.php\\\/shop\\\/\"},{\"@type\":\"ListItem\",\"position\":3,\"name\":\"Plancher de comp\u00e9tition\"}]},{\"@type\":\"WebSite\",\"@id\":\"https:\\\/\\\/www.airtracksports.com\\\/#website\",\"url\":\"https:\\\/\\\/www.airtracksports.com\\\/\",\"name\":\"AirTrackSports\",\"description\":\"\",\"publisher\":{\"@id\":\"https:\\\/\\\/www.airtracksports.com\\\/#organization\"},\"potentialAction\":[{\"@type\":\"SearchAction\",\"target\":{\"@type\":\"EntryPoint\",\"urlTemplate\":\"https:\\\/\\\/www.airtracksports.com\\\/?s={search_term_string}\"},\"query-input\":{\"@type\":\"PropertyValueSpecification\",\"valueRequired\":true,\"valueName\":\"search_term_string\"}}],\"inLanguage\":\"de\"},{\"@type\":\"Organization\",\"@id\":\"https:\\\/\\\/www.airtracksports.com\\\/#organization\",\"name\":\"AirTrackSports\",\"url\":\"https:\\\/\\\/www.airtracksports.com\\\/\",\"logo\":{\"@type\":\"ImageObject\",\"inLanguage\":\"de\",\"@id\":\"https:\\\/\\\/www.airtracksports.com\\\/#\\\/schema\\\/logo\\\/image\\\/\",\"url\":\"https:\\\/\\\/www.airtracksports.com\\\/wp-content\\\/uploads\\\/2020\\\/05\\\/cropped-LogoAirTrack-4.jpg\",\"contentUrl\":\"https:\\\/\\\/www.airtracksports.com\\\/wp-content\\\/uploads\\\/2020\\\/05\\\/cropped-LogoAirTrack-4.jpg\",\"width\":225,\"height\":90,\"caption\":\"AirTrackSports\"},\"image\":{\"@id\":\"https:\\\/\\\/www.airtracksports.com\\\/#\\\/schema\\\/logo\\\/image\\\/\"}}]}<\/script>\n<!-- \/ Yoast SEO plugin. -->","yoast_head_json":{"title":"Airtracksports - Parcours de comp\u00e9tition 12 x 12m - mat\u00e9riel professionnel pour la gymnastique","description":"Zone de comp\u00e9tition 12 x 12m. La zone est sp\u00e9cialement con\u00e7ue pour les comp\u00e9titions et est id\u00e9ale pour cela car elle est mise en place tr\u00e8s rapidement.","robots":{"index":"index","follow":"follow","max-snippet":"max-snippet:-1","max-image-preview":"max-image-preview:large","max-video-preview":"max-video-preview:-1"},"canonical":"https:\/\/www.airtracksports.com\/index.php\/produkt\/plancher-de-competition\/?lang=fr","og_locale":"de_DE","og_type":"article","og_title":"Airtracksports - Parcours de comp\u00e9tition 12 x 12m - mat\u00e9riel professionnel pour la gymnastique","og_description":"Zone de comp\u00e9tition 12 x 12m. La zone est sp\u00e9cialement con\u00e7ue pour les comp\u00e9titions et est id\u00e9ale pour cela car elle est mise en place tr\u00e8s rapidement.","og_url":"https:\/\/www.airtracksports.com\/index.php\/produkt\/plancher-de-competition\/?lang=fr","og_site_name":"AirTrackSports","article_modified_time":"2020-07-16T08:03:20+00:00","og_image":[{"width":2560,"height":1561,"url":"https:\/\/www.airtracksports.com\/wp-content\/uploads\/2020\/05\/Wettkampfboden-scaled.jpeg","type":"image\/jpeg"}],"twitter_card":"summary_large_image","twitter_misc":{"Gesch\u00e4tzte Lesezeit":"1\u00a0Minute"},"schema":{"@context":"https:\/\/schema.org","@graph":[{"@type":"WebPage","@id":"https:\/\/www.airtracksports.com\/index.php\/produkt\/plancher-de-competition\/?lang=fr","url":"https:\/\/www.airtracksports.com\/index.php\/produkt\/plancher-de-competition\/?lang=fr","name":"Airtracksports - Parcours de comp\u00e9tition 12 x 12m - mat\u00e9riel professionnel pour la gymnastique","isPartOf":{"@id":"https:\/\/www.airtracksports.com\/#website"},"primaryImageOfPage":{"@id":"https:\/\/www.airtracksports.com\/index.php\/produkt\/plancher-de-competition\/?lang=fr#primaryimage"},"image":{"@id":"https:\/\/www.airtracksports.com\/index.php\/produkt\/plancher-de-competition\/?lang=fr#primaryimage"},"thumbnailUrl":"https:\/\/www.airtracksports.com\/wp-content\/uploads\/2020\/05\/Competition-Floor.png","datePublished":"2020-05-26T19:45:57+00:00","dateModified":"2020-07-16T08:03:20+00:00","description":"Zone de comp\u00e9tition 12 x 12m. La zone est sp\u00e9cialement con\u00e7ue pour les comp\u00e9titions et est id\u00e9ale pour cela car elle est mise en place tr\u00e8s rapidement.","breadcrumb":{"@id":"https:\/\/www.airtracksports.com\/index.php\/produkt\/plancher-de-competition\/?lang=fr#breadcrumb"},"inLanguage":"de","potentialAction":[{"@type":"ReadAction","target":["https:\/\/www.airtracksports.com\/index.php\/produkt\/plancher-de-competition\/?lang=fr"]}]},{"@type":"ImageObject","inLanguage":"de","@id":"https:\/\/www.airtracksports.com\/index.php\/produkt\/plancher-de-competition\/?lang=fr#primaryimage","url":"https:\/\/www.airtracksports.com\/wp-content\/uploads\/2020\/05\/Competition-Floor.png","contentUrl":"https:\/\/www.airtracksports.com\/wp-content\/uploads\/2020\/05\/Competition-Floor.png","width":1280,"height":716},{"@type":"BreadcrumbList","@id":"https:\/\/www.airtracksports.com\/index.php\/produkt\/plancher-de-competition\/?lang=fr#breadcrumb","itemListElement":[{"@type":"ListItem","position":1,"name":"Startseite","item":"https:\/\/www.airtracksports.com\/"},{"@type":"ListItem","position":2,"name":"Airtrack-Shop","item":"https:\/\/www.airtracksports.com\/index.php\/shop\/"},{"@type":"ListItem","position":3,"name":"Plancher de comp\u00e9tition"}]},{"@type":"WebSite","@id":"https:\/\/www.airtracksports.com\/#website","url":"https:\/\/www.airtracksports.com\/","name":"AirTrackSports","description":"","publisher":{"@id":"https:\/\/www.airtracksports.com\/#organization"},"potentialAction":[{"@type":"SearchAction","target":{"@type":"EntryPoint","urlTemplate":"https:\/\/www.airtracksports.com\/?s={search_term_string}"},"query-input":{"@type":"PropertyValueSpecification","valueRequired":true,"valueName":"search_term_string"}}],"inLanguage":"de"},{"@type":"Organization","@id":"https:\/\/www.airtracksports.com\/#organization","name":"AirTrackSports","url":"https:\/\/www.airtracksports.com\/","logo":{"@type":"ImageObject","inLanguage":"de","@id":"https:\/\/www.airtracksports.com\/#\/schema\/logo\/image\/","url":"https:\/\/www.airtracksports.com\/wp-content\/uploads\/2020\/05\/cropped-LogoAirTrack-4.jpg","contentUrl":"https:\/\/www.airtracksports.com\/wp-content\/uploads\/2020\/05\/cropped-LogoAirTrack-4.jpg","width":225,"height":90,"caption":"AirTrackSports"},"image":{"@id":"https:\/\/www.airtracksports.com\/#\/schema\/logo\/image\/"}}]}},"_links":{"self":[{"href":"https:\/\/www.airtracksports.com\/index.php\/wp-json\/wp\/v2\/product\/3370","targetHints":{"allow":["GET"]}}],"collection":[{"href":"https:\/\/www.airtracksports.com\/index.php\/wp-json\/wp\/v2\/product"}],"about":[{"href":"https:\/\/www.airtracksports.com\/index.php\/wp-json\/wp\/v2\/types\/product"}],"wp:featuredmedia":[{"embeddable":true,"href":"https:\/\/www.airtracksports.com\/index.php\/wp-json\/wp\/v2\/media\/7886"}],"wp:attachment":[{"href":"https:\/\/www.airtracksports.com\/index.php\/wp-json\/wp\/v2\/media?parent=3370"}],"wp:term":[{"taxonomy":"product_brand","embeddable":true,"href":"https:\/\/www.airtracksports.com\/index.php\/wp-json\/wp\/v2\/product_brand?post=3370"},{"taxonomy":"product_cat","embeddable":true,"href":"https:\/\/www.airtracksports.com\/index.php\/wp-json\/wp\/v2\/product_cat?post=3370"},{"taxonomy":"product_tag","embeddable":true,"href":"https:\/\/www.airtracksports.com\/index.php\/wp-json\/wp\/v2\/product_tag?post=3370"}],"curies":[{"name":"wp","href":"https:\/\/api.w.org\/{rel}","templated":true}]}}