{"id":3379,"date":"2020-05-26T21:33:19","date_gmt":"2020-05-26T19:33:19","guid":{"rendered":"https:\/\/www.airtracksports.com\/index.php\/\/produkt\/airfloor-p1-2\/"},"modified":"2026-03-17T21:18:40","modified_gmt":"2026-03-17T20:18:40","slug":"plancher-dair-p1","status":"publish","type":"product","link":"https:\/\/www.airtracksports.com\/index.php\/produkt\/plancher-dair-p1\/?lang=fr","title":{"rendered":"Airfloor P1"},"content":{"rendered":"<p>L&#8217;Airfloor, d&#8217;une hauteur de 10 cm, est notre piste la plus fine. Elle est id\u00e9ale pour le <a href=\"https:\/\/www.airtracksports.com\/index.php\/groupes-de-clients\/cheerleading\/?lang=fr\" target=\"_blank\" rel=\"noopener noreferrer\">cheerleading<\/a>, les <a href=\"https:\/\/www.airtracksports.com\/index.php\/groupes-de-clients\/tricking-martial-arts\/?lang=fr\" target=\"_blank\" rel=\"noopener noreferrer\">arts martiaux<\/a>, la <a href=\"https:\/\/www.airtracksports.com\/index.php\/groupes-de-clients\/clubs-de-gymnastique\/?lang=fr\" target=\"_blank\" rel=\"noopener noreferrer\">gymnastique<\/a> et le fitness. <\/p>\n<p>Gr\u00e2ce aux propri\u00e9t\u00e9s \u00e9lastiques de l&#8217;AirFloor, tu as besoin de moins d&#8217;\u00e9lan pour effectuer tes exercices. Le rebond te permet de rester plus longtemps en l&#8217;air et la texture moelleuse m\u00e9nage tes muscles et tes articulations. L&#8217;\u00e9nergie ainsi \u00e9conomis\u00e9e permet aux sportifs d&#8217;effectuer davantage de r\u00e9p\u00e9titions et aux entra\u00eeneurs de se concentrer davantage sur la technique d&#8217;ex\u00e9cution. Avec une \u00e9paisseur de seulement 10 cm, la transition vers un plancher de gymnastique est minime. Tu peux ainsi facilement transposer ton entra\u00eenement sur un v\u00e9ritable plancher de gymnastique.<br \/>\nTous les AirFloors sont \u00e9quip\u00e9s de bandes Velcro sur le c\u00f4t\u00e9 \u00e9troit et peuvent ainsi \u00eatre reli\u00e9s entre eux. Cela permet de cr\u00e9er une immense surface d&#8217;entra\u00eenement, voire un v\u00e9ritable <a href=\"https:\/\/www.airtracksports.com\/index.php\/produkt\/plancher-de-competition\/?lang=fr\" target=\"_blank\" rel=\"noopener noreferrer\">sol de comp\u00e9tition.<\/a>     <\/p>\n<p>Tous nos tapis Airfloor sont \u00e9galement disponibles en \u00ab \u00e9dition comp\u00e9tition \u00bb. Ceux-ci sont \u00e9quip\u00e9s, tous les m\u00e8tres, de bandes Velcro permettant de fixer des tapis de gymnastique au sol. Les tapis de gymnastique et l&#8217;Airfloor peuvent ainsi \u00eatre combin\u00e9s de mani\u00e8re homog\u00e8ne. De plus, les petites valves grises sont situ\u00e9es sur le c\u00f4t\u00e9 \u00e9troit (elles se trouvent g\u00e9n\u00e9ralement sur le c\u00f4t\u00e9 long). Les c\u00f4t\u00e9s longs sont \u00e9galement \u00e9quip\u00e9s d&#8217;anneaux m\u00e9talliques permettant d&#8217;assembler plusieurs Airtracks pour former un <a href=\"https:\/\/www.airtracksports.com\/index.php\/produkt\/plancher-de-competition\/?lang=fr\" target=\"_blank\" rel=\"noopener\">sol de comp\u00e9tition.<\/a>    <\/p>\n<p><iframe loading=\"lazy\" title=\"AirFloor - GYMNASTICS\" width=\"745\" height=\"419\" src=\"https:\/\/www.youtube.com\/embed\/6YVkX3gKSPI?feature=oembed\" frameborder=\"0\" allow=\"accelerometer; autoplay; clipboard-write; encrypted-media; gyroscope; picture-in-picture\" allowfullscreen><\/iframe><\/p>\n","protected":false},"excerpt":{"rendered":"<p>10cm hohe Airfloors in verschiedensten L\u00e4ngen &#8211; auch Gr\u00f6ssen, die nicht aufgef\u00fchrt sind, sind auf Anfrage m\u00f6glich. Livraison avec Housse de protection, instructions, garantie 5 ans, Service Suisse,  <strong><a href=\"https:\/\/www.airtracksports.com\/index.php\/produkt\/ov10-pompe\/?lang=fr\">incl. Souffleur OV10<\/a><\/strong><\/p>\n<p>Tous nos Airfloors sont \u00e9galement disponibles en \u00ab \u00e9dition comp\u00e9tition \u00bb. Vous trouverez plus d&#8217;informations \u00e0 ce sujet plus bas dans le texte. <\/p>\n","protected":false},"featured_media":3204,"template":"","meta":[],"product_brand":[],"product_cat":[86],"product_tag":[116,130,128,113,126],"class_list":{"0":"post-3379","1":"product","2":"type-product","3":"status-publish","4":"has-post-thumbnail","6":"product_cat-produits-professionnels","7":"product_tag-airfloor-fr","8":"product_tag-cheerleading-fr","9":"product_tag-tapis-de-culbutage","10":"product_tag-tapis-de-gymnastique","11":"product_tag-tapis-tumbling","12":"product_shipping_class-palet-versand-per-spedition","14":"first","15":"instock","16":"taxable","17":"shipping-taxable","18":"purchasable","19":"product-type-variable","20":"has-default-attributes"},"yoast_head":"<!-- This site is optimized with the Yoast SEO plugin v27.6 - https:\/\/yoast.com\/product\/yoast-seo-wordpress\/ -->\n<title>Airtracksports - Airfloor P1 dans toutes les longueurs - mat\u00e9riel professionnel pour la gymnastique<\/title>\n<meta name=\"description\" content=\"Le plancher d\u2019air de 10cm de haut est notre piste la plus mince. Il est parfait pour le cheerleading, les arts martiaux, la gymnastique et la forme physique.\" \/>\n<meta name=\"robots\" content=\"index, follow, max-snippet:-1, max-image-preview:large, max-video-preview:-1\" \/>\n<link rel=\"canonical\" href=\"https:\/\/www.airtracksports.com\/index.php\/produkt\/plancher-dair-p1\/?lang=fr\" \/>\n<meta property=\"og:locale\" content=\"de_DE\" \/>\n<meta property=\"og:type\" content=\"article\" \/>\n<meta property=\"og:title\" content=\"Airtracksports - Airfloor P1 dans toutes les longueurs - mat\u00e9riel professionnel pour la gymnastique\" \/>\n<meta property=\"og:description\" content=\"Le plancher d\u2019air de 10cm de haut est notre piste la plus mince. Il est parfait pour le cheerleading, les arts martiaux, la gymnastique et la forme physique.\" \/>\n<meta property=\"og:url\" content=\"https:\/\/www.airtracksports.com\/index.php\/produkt\/plancher-dair-p1\/?lang=fr\" \/>\n<meta property=\"og:site_name\" content=\"AirTrackSports\" \/>\n<meta property=\"article:modified_time\" content=\"2026-03-17T20:18:40+00:00\" \/>\n<meta property=\"og:image\" content=\"https:\/\/www.airtracksports.com\/wp-content\/uploads\/2020\/05\/Airfloor-P1.png\" \/>\n\t<meta property=\"og:image:width\" content=\"1362\" \/>\n\t<meta property=\"og:image:height\" content=\"634\" \/>\n\t<meta property=\"og:image:type\" content=\"image\/png\" \/>\n<meta name=\"twitter:card\" content=\"summary_large_image\" \/>\n<meta name=\"twitter:label1\" content=\"Gesch\u00e4tzte Lesezeit\" \/>\n\t<meta name=\"twitter:data1\" content=\"1\u00a0Minute\" \/>\n<script type=\"application\/ld+json\" class=\"yoast-schema-graph\">{\"@context\":\"https:\\\/\\\/schema.org\",\"@graph\":[{\"@type\":\"WebPage\",\"@id\":\"https:\\\/\\\/www.airtracksports.com\\\/index.php\\\/produkt\\\/plancher-dair-p1\\\/?lang=fr\",\"url\":\"https:\\\/\\\/www.airtracksports.com\\\/index.php\\\/produkt\\\/plancher-dair-p1\\\/?lang=fr\",\"name\":\"Airtracksports - Airfloor P1 dans toutes les longueurs - mat\u00e9riel professionnel pour la gymnastique\",\"isPartOf\":{\"@id\":\"https:\\\/\\\/www.airtracksports.com\\\/#website\"},\"primaryImageOfPage\":{\"@id\":\"https:\\\/\\\/www.airtracksports.com\\\/index.php\\\/produkt\\\/plancher-dair-p1\\\/?lang=fr#primaryimage\"},\"image\":{\"@id\":\"https:\\\/\\\/www.airtracksports.com\\\/index.php\\\/produkt\\\/plancher-dair-p1\\\/?lang=fr#primaryimage\"},\"thumbnailUrl\":\"https:\\\/\\\/www.airtracksports.com\\\/wp-content\\\/uploads\\\/2020\\\/05\\\/Airfloor-P1.png\",\"datePublished\":\"2020-05-26T19:33:19+00:00\",\"dateModified\":\"2026-03-17T20:18:40+00:00\",\"description\":\"Le plancher d\u2019air de 10cm de haut est notre piste la plus mince. Il est parfait pour le cheerleading, les arts martiaux, la gymnastique et la forme physique.\",\"breadcrumb\":{\"@id\":\"https:\\\/\\\/www.airtracksports.com\\\/index.php\\\/produkt\\\/plancher-dair-p1\\\/?lang=fr#breadcrumb\"},\"inLanguage\":\"de\",\"potentialAction\":[{\"@type\":\"ReadAction\",\"target\":[\"https:\\\/\\\/www.airtracksports.com\\\/index.php\\\/produkt\\\/plancher-dair-p1\\\/?lang=fr\"]}]},{\"@type\":\"ImageObject\",\"inLanguage\":\"de\",\"@id\":\"https:\\\/\\\/www.airtracksports.com\\\/index.php\\\/produkt\\\/plancher-dair-p1\\\/?lang=fr#primaryimage\",\"url\":\"https:\\\/\\\/www.airtracksports.com\\\/wp-content\\\/uploads\\\/2020\\\/05\\\/Airfloor-P1.png\",\"contentUrl\":\"https:\\\/\\\/www.airtracksports.com\\\/wp-content\\\/uploads\\\/2020\\\/05\\\/Airfloor-P1.png\",\"width\":1362,\"height\":634,\"caption\":\"Airfloor P1 Wettkampfboden von Airtrackfactory Schweiz - Top-Qualit\u00e4t\"},{\"@type\":\"BreadcrumbList\",\"@id\":\"https:\\\/\\\/www.airtracksports.com\\\/index.php\\\/produkt\\\/plancher-dair-p1\\\/?lang=fr#breadcrumb\",\"itemListElement\":[{\"@type\":\"ListItem\",\"position\":1,\"name\":\"Startseite\",\"item\":\"https:\\\/\\\/www.airtracksports.com\\\/\"},{\"@type\":\"ListItem\",\"position\":2,\"name\":\"Airtrack-Shop\",\"item\":\"https:\\\/\\\/www.airtracksports.com\\\/index.php\\\/shop\\\/\"},{\"@type\":\"ListItem\",\"position\":3,\"name\":\"Airfloor P1\"}]},{\"@type\":\"WebSite\",\"@id\":\"https:\\\/\\\/www.airtracksports.com\\\/#website\",\"url\":\"https:\\\/\\\/www.airtracksports.com\\\/\",\"name\":\"AirTrackSports\",\"description\":\"\",\"publisher\":{\"@id\":\"https:\\\/\\\/www.airtracksports.com\\\/#organization\"},\"potentialAction\":[{\"@type\":\"SearchAction\",\"target\":{\"@type\":\"EntryPoint\",\"urlTemplate\":\"https:\\\/\\\/www.airtracksports.com\\\/?s={search_term_string}\"},\"query-input\":{\"@type\":\"PropertyValueSpecification\",\"valueRequired\":true,\"valueName\":\"search_term_string\"}}],\"inLanguage\":\"de\"},{\"@type\":\"Organization\",\"@id\":\"https:\\\/\\\/www.airtracksports.com\\\/#organization\",\"name\":\"AirTrackSports\",\"url\":\"https:\\\/\\\/www.airtracksports.com\\\/\",\"logo\":{\"@type\":\"ImageObject\",\"inLanguage\":\"de\",\"@id\":\"https:\\\/\\\/www.airtracksports.com\\\/#\\\/schema\\\/logo\\\/image\\\/\",\"url\":\"https:\\\/\\\/www.airtracksports.com\\\/wp-content\\\/uploads\\\/2020\\\/05\\\/cropped-LogoAirTrack-4.jpg\",\"contentUrl\":\"https:\\\/\\\/www.airtracksports.com\\\/wp-content\\\/uploads\\\/2020\\\/05\\\/cropped-LogoAirTrack-4.jpg\",\"width\":225,\"height\":90,\"caption\":\"AirTrackSports\"},\"image\":{\"@id\":\"https:\\\/\\\/www.airtracksports.com\\\/#\\\/schema\\\/logo\\\/image\\\/\"}}]}<\/script>\n<!-- \/ Yoast SEO plugin. -->","yoast_head_json":{"title":"Airtracksports - Airfloor P1 dans toutes les longueurs - mat\u00e9riel professionnel pour la gymnastique","description":"Le plancher d\u2019air de 10cm de haut est notre piste la plus mince. Il est parfait pour le cheerleading, les arts martiaux, la gymnastique et la forme physique.","robots":{"index":"index","follow":"follow","max-snippet":"max-snippet:-1","max-image-preview":"max-image-preview:large","max-video-preview":"max-video-preview:-1"},"canonical":"https:\/\/www.airtracksports.com\/index.php\/produkt\/plancher-dair-p1\/?lang=fr","og_locale":"de_DE","og_type":"article","og_title":"Airtracksports - Airfloor P1 dans toutes les longueurs - mat\u00e9riel professionnel pour la gymnastique","og_description":"Le plancher d\u2019air de 10cm de haut est notre piste la plus mince. Il est parfait pour le cheerleading, les arts martiaux, la gymnastique et la forme physique.","og_url":"https:\/\/www.airtracksports.com\/index.php\/produkt\/plancher-dair-p1\/?lang=fr","og_site_name":"AirTrackSports","article_modified_time":"2026-03-17T20:18:40+00:00","og_image":[{"width":1362,"height":634,"url":"https:\/\/www.airtracksports.com\/wp-content\/uploads\/2020\/05\/Airfloor-P1.png","type":"image\/png"}],"twitter_card":"summary_large_image","twitter_misc":{"Gesch\u00e4tzte Lesezeit":"1\u00a0Minute"},"schema":{"@context":"https:\/\/schema.org","@graph":[{"@type":"WebPage","@id":"https:\/\/www.airtracksports.com\/index.php\/produkt\/plancher-dair-p1\/?lang=fr","url":"https:\/\/www.airtracksports.com\/index.php\/produkt\/plancher-dair-p1\/?lang=fr","name":"Airtracksports - Airfloor P1 dans toutes les longueurs - mat\u00e9riel professionnel pour la gymnastique","isPartOf":{"@id":"https:\/\/www.airtracksports.com\/#website"},"primaryImageOfPage":{"@id":"https:\/\/www.airtracksports.com\/index.php\/produkt\/plancher-dair-p1\/?lang=fr#primaryimage"},"image":{"@id":"https:\/\/www.airtracksports.com\/index.php\/produkt\/plancher-dair-p1\/?lang=fr#primaryimage"},"thumbnailUrl":"https:\/\/www.airtracksports.com\/wp-content\/uploads\/2020\/05\/Airfloor-P1.png","datePublished":"2020-05-26T19:33:19+00:00","dateModified":"2026-03-17T20:18:40+00:00","description":"Le plancher d\u2019air de 10cm de haut est notre piste la plus mince. Il est parfait pour le cheerleading, les arts martiaux, la gymnastique et la forme physique.","breadcrumb":{"@id":"https:\/\/www.airtracksports.com\/index.php\/produkt\/plancher-dair-p1\/?lang=fr#breadcrumb"},"inLanguage":"de","potentialAction":[{"@type":"ReadAction","target":["https:\/\/www.airtracksports.com\/index.php\/produkt\/plancher-dair-p1\/?lang=fr"]}]},{"@type":"ImageObject","inLanguage":"de","@id":"https:\/\/www.airtracksports.com\/index.php\/produkt\/plancher-dair-p1\/?lang=fr#primaryimage","url":"https:\/\/www.airtracksports.com\/wp-content\/uploads\/2020\/05\/Airfloor-P1.png","contentUrl":"https:\/\/www.airtracksports.com\/wp-content\/uploads\/2020\/05\/Airfloor-P1.png","width":1362,"height":634,"caption":"Airfloor P1 Wettkampfboden von Airtrackfactory Schweiz - Top-Qualit\u00e4t"},{"@type":"BreadcrumbList","@id":"https:\/\/www.airtracksports.com\/index.php\/produkt\/plancher-dair-p1\/?lang=fr#breadcrumb","itemListElement":[{"@type":"ListItem","position":1,"name":"Startseite","item":"https:\/\/www.airtracksports.com\/"},{"@type":"ListItem","position":2,"name":"Airtrack-Shop","item":"https:\/\/www.airtracksports.com\/index.php\/shop\/"},{"@type":"ListItem","position":3,"name":"Airfloor P1"}]},{"@type":"WebSite","@id":"https:\/\/www.airtracksports.com\/#website","url":"https:\/\/www.airtracksports.com\/","name":"AirTrackSports","description":"","publisher":{"@id":"https:\/\/www.airtracksports.com\/#organization"},"potentialAction":[{"@type":"SearchAction","target":{"@type":"EntryPoint","urlTemplate":"https:\/\/www.airtracksports.com\/?s={search_term_string}"},"query-input":{"@type":"PropertyValueSpecification","valueRequired":true,"valueName":"search_term_string"}}],"inLanguage":"de"},{"@type":"Organization","@id":"https:\/\/www.airtracksports.com\/#organization","name":"AirTrackSports","url":"https:\/\/www.airtracksports.com\/","logo":{"@type":"ImageObject","inLanguage":"de","@id":"https:\/\/www.airtracksports.com\/#\/schema\/logo\/image\/","url":"https:\/\/www.airtracksports.com\/wp-content\/uploads\/2020\/05\/cropped-LogoAirTrack-4.jpg","contentUrl":"https:\/\/www.airtracksports.com\/wp-content\/uploads\/2020\/05\/cropped-LogoAirTrack-4.jpg","width":225,"height":90,"caption":"AirTrackSports"},"image":{"@id":"https:\/\/www.airtracksports.com\/#\/schema\/logo\/image\/"}}]}},"_links":{"self":[{"href":"https:\/\/www.airtracksports.com\/index.php\/wp-json\/wp\/v2\/product\/3379","targetHints":{"allow":["GET"]}}],"collection":[{"href":"https:\/\/www.airtracksports.com\/index.php\/wp-json\/wp\/v2\/product"}],"about":[{"href":"https:\/\/www.airtracksports.com\/index.php\/wp-json\/wp\/v2\/types\/product"}],"wp:featuredmedia":[{"embeddable":true,"href":"https:\/\/www.airtracksports.com\/index.php\/wp-json\/wp\/v2\/media\/3204"}],"wp:attachment":[{"href":"https:\/\/www.airtracksports.com\/index.php\/wp-json\/wp\/v2\/media?parent=3379"}],"wp:term":[{"taxonomy":"product_brand","embeddable":true,"href":"https:\/\/www.airtracksports.com\/index.php\/wp-json\/wp\/v2\/product_brand?post=3379"},{"taxonomy":"product_cat","embeddable":true,"href":"https:\/\/www.airtracksports.com\/index.php\/wp-json\/wp\/v2\/product_cat?post=3379"},{"taxonomy":"product_tag","embeddable":true,"href":"https:\/\/www.airtracksports.com\/index.php\/wp-json\/wp\/v2\/product_tag?post=3379"}],"curies":[{"name":"wp","href":"https:\/\/api.w.org\/{rel}","templated":true}]}}