{"id":3425,"date":"2020-05-26T20:45:06","date_gmt":"2020-07-09T11:02:02","guid":{"rendered":"https:\/\/www.airtracksports.com\/index.php\/\/produkt\/airtrack-p3\/"},"modified":"2024-05-01T00:00:46","modified_gmt":"2024-04-30T22:00:46","slug":"airtrack-p3","status":"publish","type":"product","link":"https:\/\/www.airtracksports.com\/index.php\/produkt\/airtrack-p3\/?lang=fr","title":{"rendered":"Airtrack P3"},"content":{"rendered":"<p>Les premi\u00e8res pistes d\u2019air ont \u00e9t\u00e9 con\u00e7ues par et pour des gymnastes. Aujourd\u2019hui, les clubs de gymnastique remplacent les \u00e9quipements de gymnastique conventionnels tels que les bo\u00eetes \u00e0 sauter, les tapis de mousse ou le tremplin par des produits \u00e0 l\u2019air. AirProducts sont diff\u00e9rents de l\u2019ancien mat\u00e9riau lourd et dur en ce qu\u2019ils sont l\u00e9gers, doux et faciles \u00e0 stocker.<\/p>\n<p>Le P3 Airtrack est notre piste d\u2019air la plus polyvalente et offre le rebond le plus fort en raison de sa hauteur de 30cm. En raison de la hauteur, il est \u00e9galement facile de jouer avec la pression. Pour les sauts lents et l\u00e9gers, la basse pression est excellente, tandis qu\u2019avec un tapis rapide et techniquement sautant, un tapis dodu est efficace.<\/p>\n<p>Le tapis de 2,8 m de large est caract\u00e9ris\u00e9 par le fait qu\u2019il peut \u00eatre utilis\u00e9 comme une piste \u00e0 2 voies. Il est donc id\u00e9al pour les grands groupes de gymnastique.<\/p>\n<p>La manipulation de l\u2019entra\u00eenement ou des le\u00e7ons est pratique, car m\u00eame les grandes pistes d\u2019air telles que la piste de 15 x 2,8 m peuvent \u00eatre compl\u00e8tement d\u00e9mont\u00e9es, pli\u00e9es et introduites dans la salle de stockage en moins de 10 minutes.<\/p>\n<p><iframe loading=\"lazy\" title=\"100 ways to: AirTrack P3 - AirTrack Factory\" width=\"745\" height=\"419\" src=\"https:\/\/www.youtube.com\/embed\/j1yw-y3wP_c?feature=oembed\" frameborder=\"0\" allow=\"accelerometer; autoplay; clipboard-write; encrypted-media; gyroscope; picture-in-picture\" allowfullscreen><\/iframe><\/p>\n<p><iframe loading=\"lazy\" title=\"AirTrack - GYMNASTICS\" width=\"745\" height=\"419\" src=\"https:\/\/www.youtube.com\/embed\/LGvSNOEMFLI?feature=oembed\" frameborder=\"0\" allow=\"accelerometer; autoplay; clipboard-write; encrypted-media; gyroscope; picture-in-picture\" allowfullscreen><\/iframe><\/p>\n","protected":false},"excerpt":{"rendered":"<p>Pistes d\u2019air de 30cm de haut dans diff\u00e9rentes longueurs et soit 2 ou 2.8m de largeur &#8211; \u00e9galement des tailles qui ne sont pas \u00e9num\u00e9r\u00e9es sont possibles sur demande. Livraison incl. \u00c9tui de protection, instructions, 5 ans de garantie, service Suisse <strong><a href=\"https:\/\/www.airtracksports.com\/index.php\/produkt\/hikoki-geblanese\/?lang=fr\">incl. pompe \u00e9lectrique Hikoki<\/a><\/strong><\/p>\n","protected":false},"featured_media":3210,"template":"","meta":[],"product_brand":[],"product_cat":[86],"product_tag":[127,115,128,114,126],"class_list":{"0":"post-3425","1":"product","2":"type-product","3":"status-publish","4":"has-post-thumbnail","6":"product_cat-produits-professionnels","7":"product_tag-airtrack-fr","8":"product_tag-gymnastique-artistique","9":"product_tag-tapis-de-culbutage","10":"product_tag-tapis-de-gymnastique-fr","11":"product_tag-tapis-tumbling","12":"product_shipping_class-palet-versand-per-spedition","14":"first","15":"onbackorder","16":"taxable","17":"shipping-taxable","18":"purchasable","19":"product-type-variable","20":"has-default-attributes"},"yoast_head":"<!-- This site is optimized with the Yoast SEO plugin v27.5 - https:\/\/yoast.com\/product\/yoast-seo-wordpress\/ -->\n<title>Airtracksports - Airtrack P3 dans toutes les longueurs - mat\u00e9riel professionnel pour la gymnastique<\/title>\n<meta name=\"description\" content=\"Le P3 Airtrack est un tapis de taille moyenne pour les clubs de gymnastique. Avec une hauteur de 30cm, il convient aux d\u00e9butants ainsi qu\u2019aux gymnastes de haute performance.\" \/>\n<meta name=\"robots\" content=\"index, follow, max-snippet:-1, max-image-preview:large, max-video-preview:-1\" \/>\n<link rel=\"canonical\" href=\"https:\/\/www.airtracksports.com\/index.php\/produkt\/airtrack-p3\/\" \/>\n<meta property=\"og:locale\" content=\"de_DE\" \/>\n<meta property=\"og:type\" content=\"article\" \/>\n<meta property=\"og:title\" content=\"Airtracksports - Airtrack P3 dans toutes les longueurs - mat\u00e9riel professionnel pour la gymnastique\" \/>\n<meta property=\"og:description\" content=\"Le P3 Airtrack est un tapis de taille moyenne pour les clubs de gymnastique. Avec une hauteur de 30cm, il convient aux d\u00e9butants ainsi qu\u2019aux gymnastes de haute performance.\" \/>\n<meta property=\"og:url\" content=\"https:\/\/www.airtracksports.com\/index.php\/produkt\/airtrack-p3\/\" \/>\n<meta property=\"og:site_name\" content=\"AirTrackSports\" \/>\n<meta property=\"article:modified_time\" content=\"2024-04-30T22:00:46+00:00\" \/>\n<meta property=\"og:image\" content=\"https:\/\/www.airtracksports.com\/wp-content\/uploads\/2020\/05\/Airtrack-P3.png\" \/>\n\t<meta property=\"og:image:width\" content=\"1478\" \/>\n\t<meta property=\"og:image:height\" content=\"683\" \/>\n\t<meta property=\"og:image:type\" content=\"image\/png\" \/>\n<meta name=\"twitter:card\" content=\"summary_large_image\" \/>\n<meta name=\"twitter:label1\" content=\"Gesch\u00e4tzte Lesezeit\" \/>\n\t<meta name=\"twitter:data1\" content=\"1\u00a0Minute\" \/>\n<script type=\"application\/ld+json\" class=\"yoast-schema-graph\">{\"@context\":\"https:\\\/\\\/schema.org\",\"@graph\":[{\"@type\":\"WebPage\",\"@id\":\"https:\\\/\\\/www.airtracksports.com\\\/index.php\\\/produkt\\\/airtrack-p3\\\/\",\"url\":\"https:\\\/\\\/www.airtracksports.com\\\/index.php\\\/produkt\\\/airtrack-p3\\\/\",\"name\":\"Airtracksports - Airtrack P3 dans toutes les longueurs - mat\u00e9riel professionnel pour la gymnastique\",\"isPartOf\":{\"@id\":\"https:\\\/\\\/www.airtracksports.com\\\/#website\"},\"primaryImageOfPage\":{\"@id\":\"https:\\\/\\\/www.airtracksports.com\\\/index.php\\\/produkt\\\/airtrack-p3\\\/#primaryimage\"},\"image\":{\"@id\":\"https:\\\/\\\/www.airtracksports.com\\\/index.php\\\/produkt\\\/airtrack-p3\\\/#primaryimage\"},\"thumbnailUrl\":\"https:\\\/\\\/www.airtracksports.com\\\/wp-content\\\/uploads\\\/2020\\\/05\\\/Airtrack-P3.png\",\"datePublished\":\"2020-07-09T11:02:02+00:00\",\"dateModified\":\"2024-04-30T22:00:46+00:00\",\"description\":\"Le P3 Airtrack est un tapis de taille moyenne pour les clubs de gymnastique. Avec une hauteur de 30cm, il convient aux d\u00e9butants ainsi qu\u2019aux gymnastes de haute performance.\",\"breadcrumb\":{\"@id\":\"https:\\\/\\\/www.airtracksports.com\\\/index.php\\\/produkt\\\/airtrack-p3\\\/#breadcrumb\"},\"inLanguage\":\"de\",\"potentialAction\":[{\"@type\":\"ReadAction\",\"target\":[\"https:\\\/\\\/www.airtracksports.com\\\/index.php\\\/produkt\\\/airtrack-p3\\\/\"]}]},{\"@type\":\"ImageObject\",\"inLanguage\":\"de\",\"@id\":\"https:\\\/\\\/www.airtracksports.com\\\/index.php\\\/produkt\\\/airtrack-p3\\\/#primaryimage\",\"url\":\"https:\\\/\\\/www.airtracksports.com\\\/wp-content\\\/uploads\\\/2020\\\/05\\\/Airtrack-P3.png\",\"contentUrl\":\"https:\\\/\\\/www.airtracksports.com\\\/wp-content\\\/uploads\\\/2020\\\/05\\\/Airtrack-P3.png\",\"width\":1478,\"height\":683,\"caption\":\"Airtrack P3 von Airtrackfactory Schweiz - Top-Qualit\u00e4t\"},{\"@type\":\"BreadcrumbList\",\"@id\":\"https:\\\/\\\/www.airtracksports.com\\\/index.php\\\/produkt\\\/airtrack-p3\\\/#breadcrumb\",\"itemListElement\":[{\"@type\":\"ListItem\",\"position\":1,\"name\":\"Startseite\",\"item\":\"https:\\\/\\\/www.airtracksports.com\\\/\"},{\"@type\":\"ListItem\",\"position\":2,\"name\":\"Airtrack-Shop\",\"item\":\"https:\\\/\\\/www.airtracksports.com\\\/index.php\\\/shop\\\/\"},{\"@type\":\"ListItem\",\"position\":3,\"name\":\"Airtrack P3\"}]},{\"@type\":\"WebSite\",\"@id\":\"https:\\\/\\\/www.airtracksports.com\\\/#website\",\"url\":\"https:\\\/\\\/www.airtracksports.com\\\/\",\"name\":\"AirTrackSports\",\"description\":\"\",\"publisher\":{\"@id\":\"https:\\\/\\\/www.airtracksports.com\\\/#organization\"},\"potentialAction\":[{\"@type\":\"SearchAction\",\"target\":{\"@type\":\"EntryPoint\",\"urlTemplate\":\"https:\\\/\\\/www.airtracksports.com\\\/?s={search_term_string}\"},\"query-input\":{\"@type\":\"PropertyValueSpecification\",\"valueRequired\":true,\"valueName\":\"search_term_string\"}}],\"inLanguage\":\"de\"},{\"@type\":\"Organization\",\"@id\":\"https:\\\/\\\/www.airtracksports.com\\\/#organization\",\"name\":\"AirTrackSports\",\"url\":\"https:\\\/\\\/www.airtracksports.com\\\/\",\"logo\":{\"@type\":\"ImageObject\",\"inLanguage\":\"de\",\"@id\":\"https:\\\/\\\/www.airtracksports.com\\\/#\\\/schema\\\/logo\\\/image\\\/\",\"url\":\"https:\\\/\\\/www.airtracksports.com\\\/wp-content\\\/uploads\\\/2020\\\/05\\\/cropped-LogoAirTrack-4.jpg\",\"contentUrl\":\"https:\\\/\\\/www.airtracksports.com\\\/wp-content\\\/uploads\\\/2020\\\/05\\\/cropped-LogoAirTrack-4.jpg\",\"width\":225,\"height\":90,\"caption\":\"AirTrackSports\"},\"image\":{\"@id\":\"https:\\\/\\\/www.airtracksports.com\\\/#\\\/schema\\\/logo\\\/image\\\/\"}}]}<\/script>\n<!-- \/ Yoast SEO plugin. -->","yoast_head_json":{"title":"Airtracksports - Airtrack P3 dans toutes les longueurs - mat\u00e9riel professionnel pour la gymnastique","description":"Le P3 Airtrack est un tapis de taille moyenne pour les clubs de gymnastique. Avec une hauteur de 30cm, il convient aux d\u00e9butants ainsi qu\u2019aux gymnastes de haute performance.","robots":{"index":"index","follow":"follow","max-snippet":"max-snippet:-1","max-image-preview":"max-image-preview:large","max-video-preview":"max-video-preview:-1"},"canonical":"https:\/\/www.airtracksports.com\/index.php\/produkt\/airtrack-p3\/","og_locale":"de_DE","og_type":"article","og_title":"Airtracksports - Airtrack P3 dans toutes les longueurs - mat\u00e9riel professionnel pour la gymnastique","og_description":"Le P3 Airtrack est un tapis de taille moyenne pour les clubs de gymnastique. Avec une hauteur de 30cm, il convient aux d\u00e9butants ainsi qu\u2019aux gymnastes de haute performance.","og_url":"https:\/\/www.airtracksports.com\/index.php\/produkt\/airtrack-p3\/","og_site_name":"AirTrackSports","article_modified_time":"2024-04-30T22:00:46+00:00","og_image":[{"width":1478,"height":683,"url":"https:\/\/www.airtracksports.com\/wp-content\/uploads\/2020\/05\/Airtrack-P3.png","type":"image\/png"}],"twitter_card":"summary_large_image","twitter_misc":{"Gesch\u00e4tzte Lesezeit":"1\u00a0Minute"},"schema":{"@context":"https:\/\/schema.org","@graph":[{"@type":"WebPage","@id":"https:\/\/www.airtracksports.com\/index.php\/produkt\/airtrack-p3\/","url":"https:\/\/www.airtracksports.com\/index.php\/produkt\/airtrack-p3\/","name":"Airtracksports - Airtrack P3 dans toutes les longueurs - mat\u00e9riel professionnel pour la gymnastique","isPartOf":{"@id":"https:\/\/www.airtracksports.com\/#website"},"primaryImageOfPage":{"@id":"https:\/\/www.airtracksports.com\/index.php\/produkt\/airtrack-p3\/#primaryimage"},"image":{"@id":"https:\/\/www.airtracksports.com\/index.php\/produkt\/airtrack-p3\/#primaryimage"},"thumbnailUrl":"https:\/\/www.airtracksports.com\/wp-content\/uploads\/2020\/05\/Airtrack-P3.png","datePublished":"2020-07-09T11:02:02+00:00","dateModified":"2024-04-30T22:00:46+00:00","description":"Le P3 Airtrack est un tapis de taille moyenne pour les clubs de gymnastique. Avec une hauteur de 30cm, il convient aux d\u00e9butants ainsi qu\u2019aux gymnastes de haute performance.","breadcrumb":{"@id":"https:\/\/www.airtracksports.com\/index.php\/produkt\/airtrack-p3\/#breadcrumb"},"inLanguage":"de","potentialAction":[{"@type":"ReadAction","target":["https:\/\/www.airtracksports.com\/index.php\/produkt\/airtrack-p3\/"]}]},{"@type":"ImageObject","inLanguage":"de","@id":"https:\/\/www.airtracksports.com\/index.php\/produkt\/airtrack-p3\/#primaryimage","url":"https:\/\/www.airtracksports.com\/wp-content\/uploads\/2020\/05\/Airtrack-P3.png","contentUrl":"https:\/\/www.airtracksports.com\/wp-content\/uploads\/2020\/05\/Airtrack-P3.png","width":1478,"height":683,"caption":"Airtrack P3 von Airtrackfactory Schweiz - Top-Qualit\u00e4t"},{"@type":"BreadcrumbList","@id":"https:\/\/www.airtracksports.com\/index.php\/produkt\/airtrack-p3\/#breadcrumb","itemListElement":[{"@type":"ListItem","position":1,"name":"Startseite","item":"https:\/\/www.airtracksports.com\/"},{"@type":"ListItem","position":2,"name":"Airtrack-Shop","item":"https:\/\/www.airtracksports.com\/index.php\/shop\/"},{"@type":"ListItem","position":3,"name":"Airtrack P3"}]},{"@type":"WebSite","@id":"https:\/\/www.airtracksports.com\/#website","url":"https:\/\/www.airtracksports.com\/","name":"AirTrackSports","description":"","publisher":{"@id":"https:\/\/www.airtracksports.com\/#organization"},"potentialAction":[{"@type":"SearchAction","target":{"@type":"EntryPoint","urlTemplate":"https:\/\/www.airtracksports.com\/?s={search_term_string}"},"query-input":{"@type":"PropertyValueSpecification","valueRequired":true,"valueName":"search_term_string"}}],"inLanguage":"de"},{"@type":"Organization","@id":"https:\/\/www.airtracksports.com\/#organization","name":"AirTrackSports","url":"https:\/\/www.airtracksports.com\/","logo":{"@type":"ImageObject","inLanguage":"de","@id":"https:\/\/www.airtracksports.com\/#\/schema\/logo\/image\/","url":"https:\/\/www.airtracksports.com\/wp-content\/uploads\/2020\/05\/cropped-LogoAirTrack-4.jpg","contentUrl":"https:\/\/www.airtracksports.com\/wp-content\/uploads\/2020\/05\/cropped-LogoAirTrack-4.jpg","width":225,"height":90,"caption":"AirTrackSports"},"image":{"@id":"https:\/\/www.airtracksports.com\/#\/schema\/logo\/image\/"}}]}},"_links":{"self":[{"href":"https:\/\/www.airtracksports.com\/index.php\/wp-json\/wp\/v2\/product\/3425","targetHints":{"allow":["GET"]}}],"collection":[{"href":"https:\/\/www.airtracksports.com\/index.php\/wp-json\/wp\/v2\/product"}],"about":[{"href":"https:\/\/www.airtracksports.com\/index.php\/wp-json\/wp\/v2\/types\/product"}],"wp:featuredmedia":[{"embeddable":true,"href":"https:\/\/www.airtracksports.com\/index.php\/wp-json\/wp\/v2\/media\/3210"}],"wp:attachment":[{"href":"https:\/\/www.airtracksports.com\/index.php\/wp-json\/wp\/v2\/media?parent=3425"}],"wp:term":[{"taxonomy":"product_brand","embeddable":true,"href":"https:\/\/www.airtracksports.com\/index.php\/wp-json\/wp\/v2\/product_brand?post=3425"},{"taxonomy":"product_cat","embeddable":true,"href":"https:\/\/www.airtracksports.com\/index.php\/wp-json\/wp\/v2\/product_cat?post=3425"},{"taxonomy":"product_tag","embeddable":true,"href":"https:\/\/www.airtracksports.com\/index.php\/wp-json\/wp\/v2\/product_tag?post=3425"}],"curies":[{"name":"wp","href":"https:\/\/api.w.org\/{rel}","templated":true}]}}