{"id":3481,"date":"2020-05-25T11:04:24","date_gmt":"2020-05-25T09:04:24","guid":{"rendered":"https:\/\/www.airtracksports.com\/index.php\/\/produkt\/airroll-bleu-rose-oe-60-x-120cm\/"},"modified":"2026-03-10T21:32:59","modified_gmt":"2026-03-10T20:32:59","slug":"airroll-60x120cm","status":"publish","type":"product","link":"https:\/\/www.airtracksports.com\/index.php\/produkt\/airroll-60x120cm\/?lang=fr","title":{"rendered":"Airroll \u00d8 60 x 120cm"},"content":{"rendered":"<p>En raison de sa construction douce et \u00e9lastique, notre Airroll est id\u00e9al pour pratiquer les premiers tonneaux, handstands, flick-flack et sauts p\u00e9rilleux. Les gymnastes avanc\u00e9s peuvent travailler sur les appuis de presse, les glisseurs et les repose-\u00e9paules.<\/p>\n<p>Fondamentalement, plus le gymnaste est grand, plus le rouleau d\u2019air recommand\u00e9 est grand. Selon les exercices, cependant, cela varie, pour des informations sp\u00e9cifiques que vous pouvez nous demander \u00e0 tout moment.<\/p>\n<p>Pour maintenir l\u2019Airroll en place, le <a href=\"https:\/\/www.airtracksports.com\/index.php\/produkt\/stabilisateur\/?lang=fr\" target=\"_blank\" rel=\"noopener noreferrer\">stabilisateur Airroll<\/a>est recommand\u00e9.<\/p>\n<p>L\u2019Airroll peut \u00e9galement \u00eatre utilis\u00e9 en combinaison avec d\u2019autres produits Air tels que <a href=\"https:\/\/www.airtracksports.com\/index.php\/produkt\/airfloor-3m\/?lang=fr\" target=\"_blank\" rel=\"noopener noreferrer\">l\u2019Airfloor<\/a> ou <a href=\"https:\/\/www.airtracksports.com\/index.php\/produkt\/airtrack-spark\/?lang=fr\" target=\"_blank\" rel=\"noopener noreferrer\">l\u2019Airtrack Spark.<\/a><\/p>\n<p><iframe loading=\"lazy\" title=\"AirRoll - GYMNASTICS\" width=\"745\" height=\"419\" src=\"https:\/\/www.youtube.com\/embed\/L0bLtVW3HMU?feature=oembed\" frameborder=\"0\" allow=\"accelerometer; autoplay; clipboard-write; encrypted-media; gyroscope; picture-in-picture\" allowfullscreen><\/iframe><\/p>\n","protected":false},"excerpt":{"rendered":"<p>Airroll \u00d8 60 x 120cm &#8211; notre petite Airroll. incl. Manuel, garantie 2 ans, Service CH<\/p>\n<p>Mat\u00e9riel:<br \/>\n&#8211; Poign\u00e9es de transport en n\u00e9opr\u00e8ne souple<\/p>\n","protected":false},"featured_media":3482,"template":"","meta":[],"product_brand":[],"product_cat":[85,86],"product_tag":[],"class_list":{"0":"post-3481","1":"product","2":"type-product","3":"status-publish","4":"has-post-thumbnail","6":"product_cat-entrainement","7":"product_cat-produits-professionnels","8":"product_shipping_class-paket-m","10":"first","11":"onbackorder","12":"taxable","13":"shipping-taxable","14":"purchasable","15":"product-type-variable","16":"has-default-attributes"},"yoast_head":"<!-- This site is optimized with the Yoast SEO plugin v27.4 - https:\/\/yoast.com\/product\/yoast-seo-wordpress\/ -->\n<title>Airtracksports - Airroll 60x120cm - continuer \u00e0 s\u2019entra\u00eener \u00e0 la maison<\/title>\n<meta name=\"description\" content=\"Notre Airroll est id\u00e9al pour pratiquer des renversements, des flocons ou des handstand. Il peut \u00e9galement \u00eatre parfaitement combin\u00e9 avec d\u2019autres produits!\" \/>\n<meta name=\"robots\" content=\"index, follow, max-snippet:-1, max-image-preview:large, max-video-preview:-1\" \/>\n<link rel=\"canonical\" href=\"https:\/\/www.airtracksports.com\/index.php\/produkt\/airroll-60x120cm\/?lang=fr\" \/>\n<meta property=\"og:locale\" content=\"de_DE\" \/>\n<meta property=\"og:type\" content=\"article\" \/>\n<meta property=\"og:title\" content=\"Airtracksports - Airroll 60x120cm - continuer \u00e0 s\u2019entra\u00eener \u00e0 la maison\" \/>\n<meta property=\"og:description\" content=\"Notre Airroll est id\u00e9al pour pratiquer des renversements, des flocons ou des handstand. Il peut \u00e9galement \u00eatre parfaitement combin\u00e9 avec d\u2019autres produits!\" \/>\n<meta property=\"og:url\" content=\"https:\/\/www.airtracksports.com\/index.php\/produkt\/airroll-60x120cm\/?lang=fr\" \/>\n<meta property=\"og:site_name\" content=\"AirTrackSports\" \/>\n<meta property=\"article:modified_time\" content=\"2026-03-10T20:32:59+00:00\" \/>\n<meta property=\"og:image\" content=\"https:\/\/www.airtracksports.com\/wp-content\/uploads\/2020\/05\/Airroll-blau-1.png\" \/>\n\t<meta property=\"og:image:width\" content=\"1522\" \/>\n\t<meta property=\"og:image:height\" content=\"1284\" \/>\n\t<meta property=\"og:image:type\" content=\"image\/png\" \/>\n<meta name=\"twitter:card\" content=\"summary_large_image\" \/>\n<meta name=\"twitter:label1\" content=\"Gesch\u00e4tzte Lesezeit\" \/>\n\t<meta name=\"twitter:data1\" content=\"1\u00a0Minute\" \/>\n<script type=\"application\/ld+json\" class=\"yoast-schema-graph\">{\"@context\":\"https:\\\/\\\/schema.org\",\"@graph\":[{\"@type\":\"WebPage\",\"@id\":\"https:\\\/\\\/www.airtracksports.com\\\/index.php\\\/produkt\\\/airroll-60x120cm\\\/?lang=fr\",\"url\":\"https:\\\/\\\/www.airtracksports.com\\\/index.php\\\/produkt\\\/airroll-60x120cm\\\/?lang=fr\",\"name\":\"Airtracksports - Airroll 60x120cm - continuer \u00e0 s\u2019entra\u00eener \u00e0 la maison\",\"isPartOf\":{\"@id\":\"https:\\\/\\\/www.airtracksports.com\\\/#website\"},\"primaryImageOfPage\":{\"@id\":\"https:\\\/\\\/www.airtracksports.com\\\/index.php\\\/produkt\\\/airroll-60x120cm\\\/?lang=fr#primaryimage\"},\"image\":{\"@id\":\"https:\\\/\\\/www.airtracksports.com\\\/index.php\\\/produkt\\\/airroll-60x120cm\\\/?lang=fr#primaryimage\"},\"thumbnailUrl\":\"https:\\\/\\\/www.airtracksports.com\\\/wp-content\\\/uploads\\\/2020\\\/05\\\/Airroll-blau-1.png\",\"datePublished\":\"2020-05-25T09:04:24+00:00\",\"dateModified\":\"2026-03-10T20:32:59+00:00\",\"description\":\"Notre Airroll est id\u00e9al pour pratiquer des renversements, des flocons ou des handstand. Il peut \u00e9galement \u00eatre parfaitement combin\u00e9 avec d\u2019autres produits!\",\"breadcrumb\":{\"@id\":\"https:\\\/\\\/www.airtracksports.com\\\/index.php\\\/produkt\\\/airroll-60x120cm\\\/?lang=fr#breadcrumb\"},\"inLanguage\":\"de\",\"potentialAction\":[{\"@type\":\"ReadAction\",\"target\":[\"https:\\\/\\\/www.airtracksports.com\\\/index.php\\\/produkt\\\/airroll-60x120cm\\\/?lang=fr\"]}]},{\"@type\":\"ImageObject\",\"inLanguage\":\"de\",\"@id\":\"https:\\\/\\\/www.airtracksports.com\\\/index.php\\\/produkt\\\/airroll-60x120cm\\\/?lang=fr#primaryimage\",\"url\":\"https:\\\/\\\/www.airtracksports.com\\\/wp-content\\\/uploads\\\/2020\\\/05\\\/Airroll-blau-1.png\",\"contentUrl\":\"https:\\\/\\\/www.airtracksports.com\\\/wp-content\\\/uploads\\\/2020\\\/05\\\/Airroll-blau-1.png\",\"width\":1522,\"height\":1284,\"caption\":\"Airroll blau von Airtrackfactory Schweiz - Top-Qualit\u00e4t\"},{\"@type\":\"BreadcrumbList\",\"@id\":\"https:\\\/\\\/www.airtracksports.com\\\/index.php\\\/produkt\\\/airroll-60x120cm\\\/?lang=fr#breadcrumb\",\"itemListElement\":[{\"@type\":\"ListItem\",\"position\":1,\"name\":\"Startseite\",\"item\":\"https:\\\/\\\/www.airtracksports.com\\\/\"},{\"@type\":\"ListItem\",\"position\":2,\"name\":\"Airtrack-Shop\",\"item\":\"https:\\\/\\\/www.airtracksports.com\\\/index.php\\\/shop\\\/\"},{\"@type\":\"ListItem\",\"position\":3,\"name\":\"Airroll \u00d8 60 x 120cm\"}]},{\"@type\":\"WebSite\",\"@id\":\"https:\\\/\\\/www.airtracksports.com\\\/#website\",\"url\":\"https:\\\/\\\/www.airtracksports.com\\\/\",\"name\":\"AirTrackSports\",\"description\":\"\",\"publisher\":{\"@id\":\"https:\\\/\\\/www.airtracksports.com\\\/#organization\"},\"potentialAction\":[{\"@type\":\"SearchAction\",\"target\":{\"@type\":\"EntryPoint\",\"urlTemplate\":\"https:\\\/\\\/www.airtracksports.com\\\/?s={search_term_string}\"},\"query-input\":{\"@type\":\"PropertyValueSpecification\",\"valueRequired\":true,\"valueName\":\"search_term_string\"}}],\"inLanguage\":\"de\"},{\"@type\":\"Organization\",\"@id\":\"https:\\\/\\\/www.airtracksports.com\\\/#organization\",\"name\":\"AirTrackSports\",\"url\":\"https:\\\/\\\/www.airtracksports.com\\\/\",\"logo\":{\"@type\":\"ImageObject\",\"inLanguage\":\"de\",\"@id\":\"https:\\\/\\\/www.airtracksports.com\\\/#\\\/schema\\\/logo\\\/image\\\/\",\"url\":\"https:\\\/\\\/www.airtracksports.com\\\/wp-content\\\/uploads\\\/2020\\\/05\\\/cropped-LogoAirTrack-4.jpg\",\"contentUrl\":\"https:\\\/\\\/www.airtracksports.com\\\/wp-content\\\/uploads\\\/2020\\\/05\\\/cropped-LogoAirTrack-4.jpg\",\"width\":225,\"height\":90,\"caption\":\"AirTrackSports\"},\"image\":{\"@id\":\"https:\\\/\\\/www.airtracksports.com\\\/#\\\/schema\\\/logo\\\/image\\\/\"}}]}<\/script>\n<!-- \/ Yoast SEO plugin. -->","yoast_head_json":{"title":"Airtracksports - Airroll 60x120cm - continuer \u00e0 s\u2019entra\u00eener \u00e0 la maison","description":"Notre Airroll est id\u00e9al pour pratiquer des renversements, des flocons ou des handstand. Il peut \u00e9galement \u00eatre parfaitement combin\u00e9 avec d\u2019autres produits!","robots":{"index":"index","follow":"follow","max-snippet":"max-snippet:-1","max-image-preview":"max-image-preview:large","max-video-preview":"max-video-preview:-1"},"canonical":"https:\/\/www.airtracksports.com\/index.php\/produkt\/airroll-60x120cm\/?lang=fr","og_locale":"de_DE","og_type":"article","og_title":"Airtracksports - Airroll 60x120cm - continuer \u00e0 s\u2019entra\u00eener \u00e0 la maison","og_description":"Notre Airroll est id\u00e9al pour pratiquer des renversements, des flocons ou des handstand. Il peut \u00e9galement \u00eatre parfaitement combin\u00e9 avec d\u2019autres produits!","og_url":"https:\/\/www.airtracksports.com\/index.php\/produkt\/airroll-60x120cm\/?lang=fr","og_site_name":"AirTrackSports","article_modified_time":"2026-03-10T20:32:59+00:00","og_image":[{"width":1522,"height":1284,"url":"https:\/\/www.airtracksports.com\/wp-content\/uploads\/2020\/05\/Airroll-blau-1.png","type":"image\/png"}],"twitter_card":"summary_large_image","twitter_misc":{"Gesch\u00e4tzte Lesezeit":"1\u00a0Minute"},"schema":{"@context":"https:\/\/schema.org","@graph":[{"@type":"WebPage","@id":"https:\/\/www.airtracksports.com\/index.php\/produkt\/airroll-60x120cm\/?lang=fr","url":"https:\/\/www.airtracksports.com\/index.php\/produkt\/airroll-60x120cm\/?lang=fr","name":"Airtracksports - Airroll 60x120cm - continuer \u00e0 s\u2019entra\u00eener \u00e0 la maison","isPartOf":{"@id":"https:\/\/www.airtracksports.com\/#website"},"primaryImageOfPage":{"@id":"https:\/\/www.airtracksports.com\/index.php\/produkt\/airroll-60x120cm\/?lang=fr#primaryimage"},"image":{"@id":"https:\/\/www.airtracksports.com\/index.php\/produkt\/airroll-60x120cm\/?lang=fr#primaryimage"},"thumbnailUrl":"https:\/\/www.airtracksports.com\/wp-content\/uploads\/2020\/05\/Airroll-blau-1.png","datePublished":"2020-05-25T09:04:24+00:00","dateModified":"2026-03-10T20:32:59+00:00","description":"Notre Airroll est id\u00e9al pour pratiquer des renversements, des flocons ou des handstand. Il peut \u00e9galement \u00eatre parfaitement combin\u00e9 avec d\u2019autres produits!","breadcrumb":{"@id":"https:\/\/www.airtracksports.com\/index.php\/produkt\/airroll-60x120cm\/?lang=fr#breadcrumb"},"inLanguage":"de","potentialAction":[{"@type":"ReadAction","target":["https:\/\/www.airtracksports.com\/index.php\/produkt\/airroll-60x120cm\/?lang=fr"]}]},{"@type":"ImageObject","inLanguage":"de","@id":"https:\/\/www.airtracksports.com\/index.php\/produkt\/airroll-60x120cm\/?lang=fr#primaryimage","url":"https:\/\/www.airtracksports.com\/wp-content\/uploads\/2020\/05\/Airroll-blau-1.png","contentUrl":"https:\/\/www.airtracksports.com\/wp-content\/uploads\/2020\/05\/Airroll-blau-1.png","width":1522,"height":1284,"caption":"Airroll blau von Airtrackfactory Schweiz - Top-Qualit\u00e4t"},{"@type":"BreadcrumbList","@id":"https:\/\/www.airtracksports.com\/index.php\/produkt\/airroll-60x120cm\/?lang=fr#breadcrumb","itemListElement":[{"@type":"ListItem","position":1,"name":"Startseite","item":"https:\/\/www.airtracksports.com\/"},{"@type":"ListItem","position":2,"name":"Airtrack-Shop","item":"https:\/\/www.airtracksports.com\/index.php\/shop\/"},{"@type":"ListItem","position":3,"name":"Airroll \u00d8 60 x 120cm"}]},{"@type":"WebSite","@id":"https:\/\/www.airtracksports.com\/#website","url":"https:\/\/www.airtracksports.com\/","name":"AirTrackSports","description":"","publisher":{"@id":"https:\/\/www.airtracksports.com\/#organization"},"potentialAction":[{"@type":"SearchAction","target":{"@type":"EntryPoint","urlTemplate":"https:\/\/www.airtracksports.com\/?s={search_term_string}"},"query-input":{"@type":"PropertyValueSpecification","valueRequired":true,"valueName":"search_term_string"}}],"inLanguage":"de"},{"@type":"Organization","@id":"https:\/\/www.airtracksports.com\/#organization","name":"AirTrackSports","url":"https:\/\/www.airtracksports.com\/","logo":{"@type":"ImageObject","inLanguage":"de","@id":"https:\/\/www.airtracksports.com\/#\/schema\/logo\/image\/","url":"https:\/\/www.airtracksports.com\/wp-content\/uploads\/2020\/05\/cropped-LogoAirTrack-4.jpg","contentUrl":"https:\/\/www.airtracksports.com\/wp-content\/uploads\/2020\/05\/cropped-LogoAirTrack-4.jpg","width":225,"height":90,"caption":"AirTrackSports"},"image":{"@id":"https:\/\/www.airtracksports.com\/#\/schema\/logo\/image\/"}}]}},"_links":{"self":[{"href":"https:\/\/www.airtracksports.com\/index.php\/wp-json\/wp\/v2\/product\/3481","targetHints":{"allow":["GET"]}}],"collection":[{"href":"https:\/\/www.airtracksports.com\/index.php\/wp-json\/wp\/v2\/product"}],"about":[{"href":"https:\/\/www.airtracksports.com\/index.php\/wp-json\/wp\/v2\/types\/product"}],"wp:featuredmedia":[{"embeddable":true,"href":"https:\/\/www.airtracksports.com\/index.php\/wp-json\/wp\/v2\/media\/3482"}],"wp:attachment":[{"href":"https:\/\/www.airtracksports.com\/index.php\/wp-json\/wp\/v2\/media?parent=3481"}],"wp:term":[{"taxonomy":"product_brand","embeddable":true,"href":"https:\/\/www.airtracksports.com\/index.php\/wp-json\/wp\/v2\/product_brand?post=3481"},{"taxonomy":"product_cat","embeddable":true,"href":"https:\/\/www.airtracksports.com\/index.php\/wp-json\/wp\/v2\/product_cat?post=3481"},{"taxonomy":"product_tag","embeddable":true,"href":"https:\/\/www.airtracksports.com\/index.php\/wp-json\/wp\/v2\/product_tag?post=3481"}],"curies":[{"name":"wp","href":"https:\/\/api.w.org\/{rel}","templated":true}]}}