{"id":3505,"date":"2020-05-25T11:01:35","date_gmt":"2020-07-09T11:12:44","guid":{"rendered":"https:\/\/www.airtracksports.com\/index.php\/\/produkt\/airspot-p1-oe-70cm\/"},"modified":"2022-09-15T09:30:18","modified_gmt":"2022-09-15T07:30:18","slug":"airspot-70cm","status":"publish","type":"product","link":"https:\/\/www.airtracksports.com\/index.php\/produkt\/airspot-70cm\/?lang=fr","title":{"rendered":"Airspot P1 \u00d8 70cm"},"content":{"rendered":"<p>L\u2019Airspot P1 est la version ronde de notre <a href=\"https:\/\/www.airtracksports.com\/index.php\/produkt\/airboard\/?lang=fr\" target=\"_blank\" rel=\"noopener noreferrer\">Airboard<\/a>. En raison de son poids et de sa taille r\u00e9duits, il peut \u00eatre confortablement pris \u00e0 n\u2019importe quel endroit et gonfl\u00e9. En outre, diverses techniques de saut et de gymnastique peuvent \u00eatre form\u00e9s avec l\u2019Airspot.<\/p>\n<p><iframe loading=\"lazy\" title=\"AirSpot - AirTrack Factory\" width=\"745\" height=\"419\" src=\"https:\/\/www.youtube.com\/embed\/rKIH7F2yQK8?feature=oembed\" frameborder=\"0\" allow=\"accelerometer; autoplay; clipboard-write; encrypted-media; gyroscope; picture-in-picture\" allowfullscreen><\/iframe><\/p>\n","protected":false},"excerpt":{"rendered":"<p>Airspot P1 avec un diam\u00e8tre de 70cm et hauteur 10cm &#8211; parfait pour l\u2019entra\u00eenement dans un petit espace. incl. Instructions, 5 ans de garantie, service CH<\/p>\n","protected":false},"featured_media":3506,"template":"","meta":[],"product_brand":[],"product_cat":[85,86],"product_tag":[],"class_list":{"0":"post-3505","1":"product","2":"type-product","3":"status-publish","4":"has-post-thumbnail","6":"product_cat-entrainement","7":"product_cat-produits-professionnels","8":"product_shipping_class-paquet-m","10":"first","11":"onbackorder","12":"taxable","13":"shipping-taxable","14":"purchasable","15":"product-type-simple"},"yoast_head":"<!-- This site is optimized with the Yoast SEO plugin v27.5 - https:\/\/yoast.com\/product\/yoast-seo-wordpress\/ -->\n<title>Airtracksports - Airspot P1 \u00d8 70cm - continuer l\u2019entra\u00eenement \u00e0 la maison<\/title>\n<meta name=\"description\" content=\"L\u2019Airspot est la version ronde de nos Airtracks. En raison de son petit poids et la taille, il peut \u00eatre confortablement pris \u00e0 n\u2019importe quel endroit et gonfl\u00e9.\" \/>\n<meta name=\"robots\" content=\"index, follow, max-snippet:-1, max-image-preview:large, max-video-preview:-1\" \/>\n<link rel=\"canonical\" href=\"https:\/\/www.airtracksports.com\/index.php\/produkt\/airspot-70cm\/?lang=fr\" \/>\n<meta property=\"og:locale\" content=\"de_DE\" \/>\n<meta property=\"og:type\" content=\"article\" \/>\n<meta property=\"og:title\" content=\"Airtracksports - Airspot P1 \u00d8 70cm - continuer l\u2019entra\u00eenement \u00e0 la maison\" \/>\n<meta property=\"og:description\" content=\"L\u2019Airspot est la version ronde de nos Airtracks. En raison de son petit poids et la taille, il peut \u00eatre confortablement pris \u00e0 n\u2019importe quel endroit et gonfl\u00e9.\" \/>\n<meta property=\"og:url\" content=\"https:\/\/www.airtracksports.com\/index.php\/produkt\/airspot-70cm\/?lang=fr\" \/>\n<meta property=\"og:site_name\" content=\"AirTrackSports\" \/>\n<meta property=\"article:modified_time\" content=\"2022-09-15T07:30:18+00:00\" \/>\n<meta property=\"og:image\" content=\"https:\/\/www.airtracksports.com\/wp-content\/uploads\/2020\/05\/AirSpot_S.png\" \/>\n\t<meta property=\"og:image:width\" content=\"1478\" \/>\n\t<meta property=\"og:image:height\" content=\"1240\" \/>\n\t<meta property=\"og:image:type\" content=\"image\/png\" \/>\n<meta name=\"twitter:card\" content=\"summary_large_image\" \/>\n<script type=\"application\/ld+json\" class=\"yoast-schema-graph\">{\"@context\":\"https:\\\/\\\/schema.org\",\"@graph\":[{\"@type\":\"WebPage\",\"@id\":\"https:\\\/\\\/www.airtracksports.com\\\/index.php\\\/produkt\\\/airspot-70cm\\\/?lang=fr\",\"url\":\"https:\\\/\\\/www.airtracksports.com\\\/index.php\\\/produkt\\\/airspot-70cm\\\/?lang=fr\",\"name\":\"Airtracksports - Airspot P1 \u00d8 70cm - continuer l\u2019entra\u00eenement \u00e0 la maison\",\"isPartOf\":{\"@id\":\"https:\\\/\\\/www.airtracksports.com\\\/#website\"},\"primaryImageOfPage\":{\"@id\":\"https:\\\/\\\/www.airtracksports.com\\\/index.php\\\/produkt\\\/airspot-70cm\\\/?lang=fr#primaryimage\"},\"image\":{\"@id\":\"https:\\\/\\\/www.airtracksports.com\\\/index.php\\\/produkt\\\/airspot-70cm\\\/?lang=fr#primaryimage\"},\"thumbnailUrl\":\"https:\\\/\\\/www.airtracksports.com\\\/wp-content\\\/uploads\\\/2020\\\/05\\\/AirSpot_S.png\",\"datePublished\":\"2020-07-09T11:12:44+00:00\",\"dateModified\":\"2022-09-15T07:30:18+00:00\",\"description\":\"L\u2019Airspot est la version ronde de nos Airtracks. En raison de son petit poids et la taille, il peut \u00eatre confortablement pris \u00e0 n\u2019importe quel endroit et gonfl\u00e9.\",\"breadcrumb\":{\"@id\":\"https:\\\/\\\/www.airtracksports.com\\\/index.php\\\/produkt\\\/airspot-70cm\\\/?lang=fr#breadcrumb\"},\"inLanguage\":\"de\",\"potentialAction\":[{\"@type\":\"ReadAction\",\"target\":[\"https:\\\/\\\/www.airtracksports.com\\\/index.php\\\/produkt\\\/airspot-70cm\\\/?lang=fr\"]}]},{\"@type\":\"ImageObject\",\"inLanguage\":\"de\",\"@id\":\"https:\\\/\\\/www.airtracksports.com\\\/index.php\\\/produkt\\\/airspot-70cm\\\/?lang=fr#primaryimage\",\"url\":\"https:\\\/\\\/www.airtracksports.com\\\/wp-content\\\/uploads\\\/2020\\\/05\\\/AirSpot_S.png\",\"contentUrl\":\"https:\\\/\\\/www.airtracksports.com\\\/wp-content\\\/uploads\\\/2020\\\/05\\\/AirSpot_S.png\",\"width\":1478,\"height\":1240,\"caption\":\"AirSpot S von Airtrackfactory Schweiz - Top-Qualit\u00e4t\"},{\"@type\":\"BreadcrumbList\",\"@id\":\"https:\\\/\\\/www.airtracksports.com\\\/index.php\\\/produkt\\\/airspot-70cm\\\/?lang=fr#breadcrumb\",\"itemListElement\":[{\"@type\":\"ListItem\",\"position\":1,\"name\":\"Startseite\",\"item\":\"https:\\\/\\\/www.airtracksports.com\\\/\"},{\"@type\":\"ListItem\",\"position\":2,\"name\":\"Airtrack-Shop\",\"item\":\"https:\\\/\\\/www.airtracksports.com\\\/index.php\\\/shop\\\/\"},{\"@type\":\"ListItem\",\"position\":3,\"name\":\"Airspot P1 \u00d8 70cm\"}]},{\"@type\":\"WebSite\",\"@id\":\"https:\\\/\\\/www.airtracksports.com\\\/#website\",\"url\":\"https:\\\/\\\/www.airtracksports.com\\\/\",\"name\":\"AirTrackSports\",\"description\":\"\",\"publisher\":{\"@id\":\"https:\\\/\\\/www.airtracksports.com\\\/#organization\"},\"potentialAction\":[{\"@type\":\"SearchAction\",\"target\":{\"@type\":\"EntryPoint\",\"urlTemplate\":\"https:\\\/\\\/www.airtracksports.com\\\/?s={search_term_string}\"},\"query-input\":{\"@type\":\"PropertyValueSpecification\",\"valueRequired\":true,\"valueName\":\"search_term_string\"}}],\"inLanguage\":\"de\"},{\"@type\":\"Organization\",\"@id\":\"https:\\\/\\\/www.airtracksports.com\\\/#organization\",\"name\":\"AirTrackSports\",\"url\":\"https:\\\/\\\/www.airtracksports.com\\\/\",\"logo\":{\"@type\":\"ImageObject\",\"inLanguage\":\"de\",\"@id\":\"https:\\\/\\\/www.airtracksports.com\\\/#\\\/schema\\\/logo\\\/image\\\/\",\"url\":\"https:\\\/\\\/www.airtracksports.com\\\/wp-content\\\/uploads\\\/2020\\\/05\\\/cropped-LogoAirTrack-4.jpg\",\"contentUrl\":\"https:\\\/\\\/www.airtracksports.com\\\/wp-content\\\/uploads\\\/2020\\\/05\\\/cropped-LogoAirTrack-4.jpg\",\"width\":225,\"height\":90,\"caption\":\"AirTrackSports\"},\"image\":{\"@id\":\"https:\\\/\\\/www.airtracksports.com\\\/#\\\/schema\\\/logo\\\/image\\\/\"}}]}<\/script>\n<!-- \/ Yoast SEO plugin. -->","yoast_head_json":{"title":"Airtracksports - Airspot P1 \u00d8 70cm - continuer l\u2019entra\u00eenement \u00e0 la maison","description":"L\u2019Airspot est la version ronde de nos Airtracks. En raison de son petit poids et la taille, il peut \u00eatre confortablement pris \u00e0 n\u2019importe quel endroit et gonfl\u00e9.","robots":{"index":"index","follow":"follow","max-snippet":"max-snippet:-1","max-image-preview":"max-image-preview:large","max-video-preview":"max-video-preview:-1"},"canonical":"https:\/\/www.airtracksports.com\/index.php\/produkt\/airspot-70cm\/?lang=fr","og_locale":"de_DE","og_type":"article","og_title":"Airtracksports - Airspot P1 \u00d8 70cm - continuer l\u2019entra\u00eenement \u00e0 la maison","og_description":"L\u2019Airspot est la version ronde de nos Airtracks. En raison de son petit poids et la taille, il peut \u00eatre confortablement pris \u00e0 n\u2019importe quel endroit et gonfl\u00e9.","og_url":"https:\/\/www.airtracksports.com\/index.php\/produkt\/airspot-70cm\/?lang=fr","og_site_name":"AirTrackSports","article_modified_time":"2022-09-15T07:30:18+00:00","og_image":[{"width":1478,"height":1240,"url":"https:\/\/www.airtracksports.com\/wp-content\/uploads\/2020\/05\/AirSpot_S.png","type":"image\/png"}],"twitter_card":"summary_large_image","schema":{"@context":"https:\/\/schema.org","@graph":[{"@type":"WebPage","@id":"https:\/\/www.airtracksports.com\/index.php\/produkt\/airspot-70cm\/?lang=fr","url":"https:\/\/www.airtracksports.com\/index.php\/produkt\/airspot-70cm\/?lang=fr","name":"Airtracksports - Airspot P1 \u00d8 70cm - continuer l\u2019entra\u00eenement \u00e0 la maison","isPartOf":{"@id":"https:\/\/www.airtracksports.com\/#website"},"primaryImageOfPage":{"@id":"https:\/\/www.airtracksports.com\/index.php\/produkt\/airspot-70cm\/?lang=fr#primaryimage"},"image":{"@id":"https:\/\/www.airtracksports.com\/index.php\/produkt\/airspot-70cm\/?lang=fr#primaryimage"},"thumbnailUrl":"https:\/\/www.airtracksports.com\/wp-content\/uploads\/2020\/05\/AirSpot_S.png","datePublished":"2020-07-09T11:12:44+00:00","dateModified":"2022-09-15T07:30:18+00:00","description":"L\u2019Airspot est la version ronde de nos Airtracks. En raison de son petit poids et la taille, il peut \u00eatre confortablement pris \u00e0 n\u2019importe quel endroit et gonfl\u00e9.","breadcrumb":{"@id":"https:\/\/www.airtracksports.com\/index.php\/produkt\/airspot-70cm\/?lang=fr#breadcrumb"},"inLanguage":"de","potentialAction":[{"@type":"ReadAction","target":["https:\/\/www.airtracksports.com\/index.php\/produkt\/airspot-70cm\/?lang=fr"]}]},{"@type":"ImageObject","inLanguage":"de","@id":"https:\/\/www.airtracksports.com\/index.php\/produkt\/airspot-70cm\/?lang=fr#primaryimage","url":"https:\/\/www.airtracksports.com\/wp-content\/uploads\/2020\/05\/AirSpot_S.png","contentUrl":"https:\/\/www.airtracksports.com\/wp-content\/uploads\/2020\/05\/AirSpot_S.png","width":1478,"height":1240,"caption":"AirSpot S von Airtrackfactory Schweiz - Top-Qualit\u00e4t"},{"@type":"BreadcrumbList","@id":"https:\/\/www.airtracksports.com\/index.php\/produkt\/airspot-70cm\/?lang=fr#breadcrumb","itemListElement":[{"@type":"ListItem","position":1,"name":"Startseite","item":"https:\/\/www.airtracksports.com\/"},{"@type":"ListItem","position":2,"name":"Airtrack-Shop","item":"https:\/\/www.airtracksports.com\/index.php\/shop\/"},{"@type":"ListItem","position":3,"name":"Airspot P1 \u00d8 70cm"}]},{"@type":"WebSite","@id":"https:\/\/www.airtracksports.com\/#website","url":"https:\/\/www.airtracksports.com\/","name":"AirTrackSports","description":"","publisher":{"@id":"https:\/\/www.airtracksports.com\/#organization"},"potentialAction":[{"@type":"SearchAction","target":{"@type":"EntryPoint","urlTemplate":"https:\/\/www.airtracksports.com\/?s={search_term_string}"},"query-input":{"@type":"PropertyValueSpecification","valueRequired":true,"valueName":"search_term_string"}}],"inLanguage":"de"},{"@type":"Organization","@id":"https:\/\/www.airtracksports.com\/#organization","name":"AirTrackSports","url":"https:\/\/www.airtracksports.com\/","logo":{"@type":"ImageObject","inLanguage":"de","@id":"https:\/\/www.airtracksports.com\/#\/schema\/logo\/image\/","url":"https:\/\/www.airtracksports.com\/wp-content\/uploads\/2020\/05\/cropped-LogoAirTrack-4.jpg","contentUrl":"https:\/\/www.airtracksports.com\/wp-content\/uploads\/2020\/05\/cropped-LogoAirTrack-4.jpg","width":225,"height":90,"caption":"AirTrackSports"},"image":{"@id":"https:\/\/www.airtracksports.com\/#\/schema\/logo\/image\/"}}]}},"_links":{"self":[{"href":"https:\/\/www.airtracksports.com\/index.php\/wp-json\/wp\/v2\/product\/3505","targetHints":{"allow":["GET"]}}],"collection":[{"href":"https:\/\/www.airtracksports.com\/index.php\/wp-json\/wp\/v2\/product"}],"about":[{"href":"https:\/\/www.airtracksports.com\/index.php\/wp-json\/wp\/v2\/types\/product"}],"wp:featuredmedia":[{"embeddable":true,"href":"https:\/\/www.airtracksports.com\/index.php\/wp-json\/wp\/v2\/media\/3506"}],"wp:attachment":[{"href":"https:\/\/www.airtracksports.com\/index.php\/wp-json\/wp\/v2\/media?parent=3505"}],"wp:term":[{"taxonomy":"product_brand","embeddable":true,"href":"https:\/\/www.airtracksports.com\/index.php\/wp-json\/wp\/v2\/product_brand?post=3505"},{"taxonomy":"product_cat","embeddable":true,"href":"https:\/\/www.airtracksports.com\/index.php\/wp-json\/wp\/v2\/product_cat?post=3505"},{"taxonomy":"product_tag","embeddable":true,"href":"https:\/\/www.airtracksports.com\/index.php\/wp-json\/wp\/v2\/product_tag?post=3505"}],"curies":[{"name":"wp","href":"https:\/\/api.w.org\/{rel}","templated":true}]}}