{"id":3540,"date":"2020-05-25T10:59:37","date_gmt":"2020-05-25T08:59:37","guid":{"rendered":"https:\/\/www.airtracksports.com\/index.php\/\/produkt\/airboard\/"},"modified":"2026-03-22T09:31:33","modified_gmt":"2026-03-22T08:31:33","slug":"airboard","status":"publish","type":"product","link":"https:\/\/www.airtracksports.com\/index.php\/produkt\/airboard\/?lang=fr","title":{"rendered":"Airboard"},"content":{"rendered":"<p>Notre Airboard est principalement utilis\u00e9e en combinaison avec un <a href=\"https:\/\/www.airtracksports.com\/index.php\/produkt\/airfloor-3m\/?lang=fr\" target=\"_blank\" rel=\"noopener noreferrer\">Airfloor<\/a> ou <a href=\"https:\/\/www.airtracksports.com\/index.php\/produkt\/airtrack-spark\/?lang=fr\" target=\"_blank\" rel=\"noopener noreferrer\">Airtrack Spark.<\/a> Il sert de tremplin mobile ou de tapis d\u2019atterrissage.<\/p>\n<p><iframe loading=\"lazy\" title=\"AirBoard &amp; AirBlock - GYMNASTICS\" width=\"745\" height=\"419\" src=\"https:\/\/www.youtube.com\/embed\/7QH9JBhDCLA?feature=oembed\" frameborder=\"0\" allow=\"accelerometer; autoplay; clipboard-write; encrypted-media; gyroscope; picture-in-picture\" allowfullscreen><\/iframe><\/p>\n","protected":false},"excerpt":{"rendered":"<p>Airboard 60 x 100cm (hauteur 10cm) &#8211; peut \u00eatre utilis\u00e9 comme un tremplin ou un tapis d\u2019atterrissage. incl. Instructions, 5 ans de garantie, service CH<\/p>\n","protected":false},"featured_media":3542,"template":"","meta":[],"product_brand":[],"product_cat":[85],"product_tag":[],"class_list":{"0":"post-3540","1":"product","2":"type-product","3":"status-publish","4":"has-post-thumbnail","6":"product_cat-entrainement","7":"product_shipping_class-paket-s","9":"first","10":"instock","11":"taxable","12":"shipping-taxable","13":"purchasable","14":"product-type-variable","15":"has-default-attributes"},"yoast_head":"<!-- This site is optimized with the Yoast SEO plugin v27.5 - https:\/\/yoast.com\/product\/yoast-seo-wordpress\/ -->\n<title>Airtracksports - Airboard - continuez \u00e0 vous entra\u00eener \u00e0 la maison!<\/title>\n<meta name=\"description\" content=\"Notre Airboard est principalement utilis\u00e9e en combinaison avec un Airfloor ou Airtrack Spark. Il sert de tremplin mobile ou de tapis d\u2019atterrissage.\" \/>\n<meta name=\"robots\" content=\"index, follow, max-snippet:-1, max-image-preview:large, max-video-preview:-1\" \/>\n<link rel=\"canonical\" href=\"https:\/\/www.airtracksports.com\/index.php\/produkt\/airboard\/?lang=fr\" \/>\n<meta property=\"og:locale\" content=\"de_DE\" \/>\n<meta property=\"og:type\" content=\"article\" \/>\n<meta property=\"og:title\" content=\"Airtracksports - Airboard - continuez \u00e0 vous entra\u00eener \u00e0 la maison!\" \/>\n<meta property=\"og:description\" content=\"Notre Airboard est principalement utilis\u00e9e en combinaison avec un Airfloor ou Airtrack Spark. Il sert de tremplin mobile ou de tapis d\u2019atterrissage.\" \/>\n<meta property=\"og:url\" content=\"https:\/\/www.airtracksports.com\/index.php\/produkt\/airboard\/?lang=fr\" \/>\n<meta property=\"og:site_name\" content=\"AirTrackSports\" \/>\n<meta property=\"article:modified_time\" content=\"2026-03-22T08:31:33+00:00\" \/>\n<meta property=\"og:image\" content=\"https:\/\/www.airtracksports.com\/wp-content\/uploads\/2020\/05\/Airboard-blau.png\" \/>\n\t<meta property=\"og:image:width\" content=\"1771\" \/>\n\t<meta property=\"og:image:height\" content=\"967\" \/>\n\t<meta property=\"og:image:type\" content=\"image\/png\" \/>\n<meta name=\"twitter:card\" content=\"summary_large_image\" \/>\n<script type=\"application\/ld+json\" class=\"yoast-schema-graph\">{\"@context\":\"https:\\\/\\\/schema.org\",\"@graph\":[{\"@type\":\"WebPage\",\"@id\":\"https:\\\/\\\/www.airtracksports.com\\\/index.php\\\/produkt\\\/airboard\\\/?lang=fr\",\"url\":\"https:\\\/\\\/www.airtracksports.com\\\/index.php\\\/produkt\\\/airboard\\\/?lang=fr\",\"name\":\"Airtracksports - Airboard - continuez \u00e0 vous entra\u00eener \u00e0 la maison!\",\"isPartOf\":{\"@id\":\"https:\\\/\\\/www.airtracksports.com\\\/#website\"},\"primaryImageOfPage\":{\"@id\":\"https:\\\/\\\/www.airtracksports.com\\\/index.php\\\/produkt\\\/airboard\\\/?lang=fr#primaryimage\"},\"image\":{\"@id\":\"https:\\\/\\\/www.airtracksports.com\\\/index.php\\\/produkt\\\/airboard\\\/?lang=fr#primaryimage\"},\"thumbnailUrl\":\"https:\\\/\\\/www.airtracksports.com\\\/wp-content\\\/uploads\\\/2020\\\/05\\\/Airboard-blau.png\",\"datePublished\":\"2020-05-25T08:59:37+00:00\",\"dateModified\":\"2026-03-22T08:31:33+00:00\",\"description\":\"Notre Airboard est principalement utilis\u00e9e en combinaison avec un Airfloor ou Airtrack Spark. Il sert de tremplin mobile ou de tapis d\u2019atterrissage.\",\"breadcrumb\":{\"@id\":\"https:\\\/\\\/www.airtracksports.com\\\/index.php\\\/produkt\\\/airboard\\\/?lang=fr#breadcrumb\"},\"inLanguage\":\"de\",\"potentialAction\":[{\"@type\":\"ReadAction\",\"target\":[\"https:\\\/\\\/www.airtracksports.com\\\/index.php\\\/produkt\\\/airboard\\\/?lang=fr\"]}]},{\"@type\":\"ImageObject\",\"inLanguage\":\"de\",\"@id\":\"https:\\\/\\\/www.airtracksports.com\\\/index.php\\\/produkt\\\/airboard\\\/?lang=fr#primaryimage\",\"url\":\"https:\\\/\\\/www.airtracksports.com\\\/wp-content\\\/uploads\\\/2020\\\/05\\\/Airboard-blau.png\",\"contentUrl\":\"https:\\\/\\\/www.airtracksports.com\\\/wp-content\\\/uploads\\\/2020\\\/05\\\/Airboard-blau.png\",\"width\":1771,\"height\":967,\"caption\":\"Airboard blau von Airtrackfactory Schweiz - Top-Qualit\u00e4t\"},{\"@type\":\"BreadcrumbList\",\"@id\":\"https:\\\/\\\/www.airtracksports.com\\\/index.php\\\/produkt\\\/airboard\\\/?lang=fr#breadcrumb\",\"itemListElement\":[{\"@type\":\"ListItem\",\"position\":1,\"name\":\"Startseite\",\"item\":\"https:\\\/\\\/www.airtracksports.com\\\/\"},{\"@type\":\"ListItem\",\"position\":2,\"name\":\"Airtrack-Shop\",\"item\":\"https:\\\/\\\/www.airtracksports.com\\\/index.php\\\/shop\\\/\"},{\"@type\":\"ListItem\",\"position\":3,\"name\":\"Airboard\"}]},{\"@type\":\"WebSite\",\"@id\":\"https:\\\/\\\/www.airtracksports.com\\\/#website\",\"url\":\"https:\\\/\\\/www.airtracksports.com\\\/\",\"name\":\"AirTrackSports\",\"description\":\"\",\"publisher\":{\"@id\":\"https:\\\/\\\/www.airtracksports.com\\\/#organization\"},\"potentialAction\":[{\"@type\":\"SearchAction\",\"target\":{\"@type\":\"EntryPoint\",\"urlTemplate\":\"https:\\\/\\\/www.airtracksports.com\\\/?s={search_term_string}\"},\"query-input\":{\"@type\":\"PropertyValueSpecification\",\"valueRequired\":true,\"valueName\":\"search_term_string\"}}],\"inLanguage\":\"de\"},{\"@type\":\"Organization\",\"@id\":\"https:\\\/\\\/www.airtracksports.com\\\/#organization\",\"name\":\"AirTrackSports\",\"url\":\"https:\\\/\\\/www.airtracksports.com\\\/\",\"logo\":{\"@type\":\"ImageObject\",\"inLanguage\":\"de\",\"@id\":\"https:\\\/\\\/www.airtracksports.com\\\/#\\\/schema\\\/logo\\\/image\\\/\",\"url\":\"https:\\\/\\\/www.airtracksports.com\\\/wp-content\\\/uploads\\\/2020\\\/05\\\/cropped-LogoAirTrack-4.jpg\",\"contentUrl\":\"https:\\\/\\\/www.airtracksports.com\\\/wp-content\\\/uploads\\\/2020\\\/05\\\/cropped-LogoAirTrack-4.jpg\",\"width\":225,\"height\":90,\"caption\":\"AirTrackSports\"},\"image\":{\"@id\":\"https:\\\/\\\/www.airtracksports.com\\\/#\\\/schema\\\/logo\\\/image\\\/\"}}]}<\/script>\n<!-- \/ Yoast SEO plugin. -->","yoast_head_json":{"title":"Airtracksports - Airboard - continuez \u00e0 vous entra\u00eener \u00e0 la maison!","description":"Notre Airboard est principalement utilis\u00e9e en combinaison avec un Airfloor ou Airtrack Spark. Il sert de tremplin mobile ou de tapis d\u2019atterrissage.","robots":{"index":"index","follow":"follow","max-snippet":"max-snippet:-1","max-image-preview":"max-image-preview:large","max-video-preview":"max-video-preview:-1"},"canonical":"https:\/\/www.airtracksports.com\/index.php\/produkt\/airboard\/?lang=fr","og_locale":"de_DE","og_type":"article","og_title":"Airtracksports - Airboard - continuez \u00e0 vous entra\u00eener \u00e0 la maison!","og_description":"Notre Airboard est principalement utilis\u00e9e en combinaison avec un Airfloor ou Airtrack Spark. Il sert de tremplin mobile ou de tapis d\u2019atterrissage.","og_url":"https:\/\/www.airtracksports.com\/index.php\/produkt\/airboard\/?lang=fr","og_site_name":"AirTrackSports","article_modified_time":"2026-03-22T08:31:33+00:00","og_image":[{"width":1771,"height":967,"url":"https:\/\/www.airtracksports.com\/wp-content\/uploads\/2020\/05\/Airboard-blau.png","type":"image\/png"}],"twitter_card":"summary_large_image","schema":{"@context":"https:\/\/schema.org","@graph":[{"@type":"WebPage","@id":"https:\/\/www.airtracksports.com\/index.php\/produkt\/airboard\/?lang=fr","url":"https:\/\/www.airtracksports.com\/index.php\/produkt\/airboard\/?lang=fr","name":"Airtracksports - Airboard - continuez \u00e0 vous entra\u00eener \u00e0 la maison!","isPartOf":{"@id":"https:\/\/www.airtracksports.com\/#website"},"primaryImageOfPage":{"@id":"https:\/\/www.airtracksports.com\/index.php\/produkt\/airboard\/?lang=fr#primaryimage"},"image":{"@id":"https:\/\/www.airtracksports.com\/index.php\/produkt\/airboard\/?lang=fr#primaryimage"},"thumbnailUrl":"https:\/\/www.airtracksports.com\/wp-content\/uploads\/2020\/05\/Airboard-blau.png","datePublished":"2020-05-25T08:59:37+00:00","dateModified":"2026-03-22T08:31:33+00:00","description":"Notre Airboard est principalement utilis\u00e9e en combinaison avec un Airfloor ou Airtrack Spark. Il sert de tremplin mobile ou de tapis d\u2019atterrissage.","breadcrumb":{"@id":"https:\/\/www.airtracksports.com\/index.php\/produkt\/airboard\/?lang=fr#breadcrumb"},"inLanguage":"de","potentialAction":[{"@type":"ReadAction","target":["https:\/\/www.airtracksports.com\/index.php\/produkt\/airboard\/?lang=fr"]}]},{"@type":"ImageObject","inLanguage":"de","@id":"https:\/\/www.airtracksports.com\/index.php\/produkt\/airboard\/?lang=fr#primaryimage","url":"https:\/\/www.airtracksports.com\/wp-content\/uploads\/2020\/05\/Airboard-blau.png","contentUrl":"https:\/\/www.airtracksports.com\/wp-content\/uploads\/2020\/05\/Airboard-blau.png","width":1771,"height":967,"caption":"Airboard blau von Airtrackfactory Schweiz - Top-Qualit\u00e4t"},{"@type":"BreadcrumbList","@id":"https:\/\/www.airtracksports.com\/index.php\/produkt\/airboard\/?lang=fr#breadcrumb","itemListElement":[{"@type":"ListItem","position":1,"name":"Startseite","item":"https:\/\/www.airtracksports.com\/"},{"@type":"ListItem","position":2,"name":"Airtrack-Shop","item":"https:\/\/www.airtracksports.com\/index.php\/shop\/"},{"@type":"ListItem","position":3,"name":"Airboard"}]},{"@type":"WebSite","@id":"https:\/\/www.airtracksports.com\/#website","url":"https:\/\/www.airtracksports.com\/","name":"AirTrackSports","description":"","publisher":{"@id":"https:\/\/www.airtracksports.com\/#organization"},"potentialAction":[{"@type":"SearchAction","target":{"@type":"EntryPoint","urlTemplate":"https:\/\/www.airtracksports.com\/?s={search_term_string}"},"query-input":{"@type":"PropertyValueSpecification","valueRequired":true,"valueName":"search_term_string"}}],"inLanguage":"de"},{"@type":"Organization","@id":"https:\/\/www.airtracksports.com\/#organization","name":"AirTrackSports","url":"https:\/\/www.airtracksports.com\/","logo":{"@type":"ImageObject","inLanguage":"de","@id":"https:\/\/www.airtracksports.com\/#\/schema\/logo\/image\/","url":"https:\/\/www.airtracksports.com\/wp-content\/uploads\/2020\/05\/cropped-LogoAirTrack-4.jpg","contentUrl":"https:\/\/www.airtracksports.com\/wp-content\/uploads\/2020\/05\/cropped-LogoAirTrack-4.jpg","width":225,"height":90,"caption":"AirTrackSports"},"image":{"@id":"https:\/\/www.airtracksports.com\/#\/schema\/logo\/image\/"}}]}},"_links":{"self":[{"href":"https:\/\/www.airtracksports.com\/index.php\/wp-json\/wp\/v2\/product\/3540","targetHints":{"allow":["GET"]}}],"collection":[{"href":"https:\/\/www.airtracksports.com\/index.php\/wp-json\/wp\/v2\/product"}],"about":[{"href":"https:\/\/www.airtracksports.com\/index.php\/wp-json\/wp\/v2\/types\/product"}],"wp:featuredmedia":[{"embeddable":true,"href":"https:\/\/www.airtracksports.com\/index.php\/wp-json\/wp\/v2\/media\/3542"}],"wp:attachment":[{"href":"https:\/\/www.airtracksports.com\/index.php\/wp-json\/wp\/v2\/media?parent=3540"}],"wp:term":[{"taxonomy":"product_brand","embeddable":true,"href":"https:\/\/www.airtracksports.com\/index.php\/wp-json\/wp\/v2\/product_brand?post=3540"},{"taxonomy":"product_cat","embeddable":true,"href":"https:\/\/www.airtracksports.com\/index.php\/wp-json\/wp\/v2\/product_cat?post=3540"},{"taxonomy":"product_tag","embeddable":true,"href":"https:\/\/www.airtracksports.com\/index.php\/wp-json\/wp\/v2\/product_tag?post=3540"}],"curies":[{"name":"wp","href":"https:\/\/api.w.org\/{rel}","templated":true}]}}