{"id":3574,"date":"2020-05-25T10:55:31","date_gmt":"2020-05-25T08:55:31","guid":{"rendered":"https:\/\/www.airtracksports.com\/index.php\/\/produkt\/airtrack-spark-5-x-14-m\/"},"modified":"2022-12-19T00:03:41","modified_gmt":"2022-12-18T23:03:41","slug":"airtrack-spark","status":"publish","type":"product","link":"https:\/\/www.airtracksports.com\/index.php\/produkt\/airtrack-spark\/?lang=fr","title":{"rendered":"Airtrack Spark 5 x 1,4 m"},"content":{"rendered":"<p>Notre Airtrack Spark est plus longue et plus grande (hauteur 20cm) que tous les autres Airtracks pour une utilisation domestique. Notre mat\u00e9riau sp\u00e9cialement d\u00e9velopp\u00e9 de 20 cm d\u2019\u00e9paisseur \u00e0 double paroi fait de l\u2019Airtrack Spark le meilleur Airtrack pour une utilisation domestique \u00e0 ce jour. La grande surface le rend encore plus s\u00fbr et plus polyvalent que tout autre produit pour un usage domestique. La couture carbone est juste l\u2019une des caract\u00e9ristiques qui caract\u00e9rise le produit fantastique.<\/p>\n<p><a href=\"https:\/\/www.airtracksports.com\/wp-content\/uploads\/2020\/05\/IMG_1754.mov\">Vid\u00e9o: Airtrack Spark Suisse<\/a><\/p>\n<p><iframe loading=\"lazy\" title=\"Introducing: the AirTrack Spark\" width=\"745\" height=\"419\" src=\"https:\/\/www.youtube.com\/embed\/QPI7YtPD4uE?feature=oembed\" frameborder=\"0\" allow=\"accelerometer; autoplay; clipboard-write; encrypted-media; gyroscope; picture-in-picture\" allowfullscreen><\/iframe><\/p>\n<p>&nbsp;<\/p>\n","protected":false},"excerpt":{"rendered":"<p>Airtrack Spark 5 x 1.4m (hauteur 20 cm) incl. <strong><a href=\"https:\/\/www.airtracksports.com\/index.php\/produkt\/ov10-pompe\/?lang=fr\">pompe \u00e9lectrique OV10<\/a><\/strong> &#8211; notre produit maison haut. incl. sac de transport noir, instructions, garantie de 5 ans, service CH<\/p>\n","protected":false},"featured_media":3576,"template":"","meta":[],"product_brand":[],"product_cat":[85,86],"product_tag":[118,121,122,113,120,117],"class_list":{"0":"post-3574","1":"product","2":"type-product","3":"status-publish","4":"has-post-thumbnail","6":"product_cat-entrainement","7":"product_cat-produits-professionnels","8":"product_tag-gymnastique-a-domicile","9":"product_tag-gymnastique-artistique-a-la-maison","10":"product_tag-tapis-de-gym-professionnel","11":"product_tag-tapis-de-gymnastique","12":"product_tag-tapis-de-gymnastique-a-la-maison-fr","13":"product_tag-tumblingbahn-a-la-maison","14":"product_shipping_class-paket-xl","16":"first","17":"onbackorder","18":"taxable","19":"shipping-taxable","20":"purchasable","21":"product-type-simple"},"yoast_head":"<!-- This site is optimized with the Yoast SEO plugin v27.4 - https:\/\/yoast.com\/product\/yoast-seo-wordpress\/ -->\n<title>Airtracksports - Airtrack Spark 5 x 1.4m - continuez l\u2019entra\u00eenement \u00e0 la maison!<\/title>\n<meta name=\"description\" content=\"L\u2019Airtrack Spark est notre meilleure piste pour l\u2019entra\u00eenement \u00e0 la maison. Que ce soit \u00e0 l\u2019int\u00e9rieur dans la chambre ou \u00e0 l\u2019ext\u00e9rieur dans le jardin - vous d\u00e9cidez o\u00f9 vous vous entra\u00eenez!\" \/>\n<meta name=\"robots\" content=\"index, follow, max-snippet:-1, max-image-preview:large, max-video-preview:-1\" \/>\n<link rel=\"canonical\" href=\"https:\/\/www.airtracksports.com\/index.php\/produkt\/airtrack-spark\/?lang=fr\" \/>\n<meta property=\"og:locale\" content=\"de_DE\" \/>\n<meta property=\"og:type\" content=\"article\" \/>\n<meta property=\"og:title\" content=\"Airtracksports - Airtrack Spark 5 x 1.4m - continuez l\u2019entra\u00eenement \u00e0 la maison!\" \/>\n<meta property=\"og:description\" content=\"L\u2019Airtrack Spark est notre meilleure piste pour l\u2019entra\u00eenement \u00e0 la maison. Que ce soit \u00e0 l\u2019int\u00e9rieur dans la chambre ou \u00e0 l\u2019ext\u00e9rieur dans le jardin - vous d\u00e9cidez o\u00f9 vous vous entra\u00eenez!\" \/>\n<meta property=\"og:url\" content=\"https:\/\/www.airtracksports.com\/index.php\/produkt\/airtrack-spark\/?lang=fr\" \/>\n<meta property=\"og:site_name\" content=\"AirTrackSports\" \/>\n<meta property=\"article:modified_time\" content=\"2022-12-18T23:03:41+00:00\" \/>\n<meta property=\"og:image\" content=\"https:\/\/www.airtracksports.com\/wp-content\/uploads\/2020\/05\/AirTrack-Spark.png\" \/>\n\t<meta property=\"og:image:width\" content=\"1757\" \/>\n\t<meta property=\"og:image:height\" content=\"843\" \/>\n\t<meta property=\"og:image:type\" content=\"image\/png\" \/>\n<meta name=\"twitter:card\" content=\"summary_large_image\" \/>\n<script type=\"application\/ld+json\" class=\"yoast-schema-graph\">{\"@context\":\"https:\\\/\\\/schema.org\",\"@graph\":[{\"@type\":\"WebPage\",\"@id\":\"https:\\\/\\\/www.airtracksports.com\\\/index.php\\\/produkt\\\/airtrack-spark\\\/?lang=fr\",\"url\":\"https:\\\/\\\/www.airtracksports.com\\\/index.php\\\/produkt\\\/airtrack-spark\\\/?lang=fr\",\"name\":\"Airtracksports - Airtrack Spark 5 x 1.4m - continuez l\u2019entra\u00eenement \u00e0 la maison!\",\"isPartOf\":{\"@id\":\"https:\\\/\\\/www.airtracksports.com\\\/#website\"},\"primaryImageOfPage\":{\"@id\":\"https:\\\/\\\/www.airtracksports.com\\\/index.php\\\/produkt\\\/airtrack-spark\\\/?lang=fr#primaryimage\"},\"image\":{\"@id\":\"https:\\\/\\\/www.airtracksports.com\\\/index.php\\\/produkt\\\/airtrack-spark\\\/?lang=fr#primaryimage\"},\"thumbnailUrl\":\"https:\\\/\\\/www.airtracksports.com\\\/wp-content\\\/uploads\\\/2020\\\/05\\\/AirTrack-Spark.png\",\"datePublished\":\"2020-05-25T08:55:31+00:00\",\"dateModified\":\"2022-12-18T23:03:41+00:00\",\"description\":\"L\u2019Airtrack Spark est notre meilleure piste pour l\u2019entra\u00eenement \u00e0 la maison. Que ce soit \u00e0 l\u2019int\u00e9rieur dans la chambre ou \u00e0 l\u2019ext\u00e9rieur dans le jardin - vous d\u00e9cidez o\u00f9 vous vous entra\u00eenez!\",\"breadcrumb\":{\"@id\":\"https:\\\/\\\/www.airtracksports.com\\\/index.php\\\/produkt\\\/airtrack-spark\\\/?lang=fr#breadcrumb\"},\"inLanguage\":\"de\",\"potentialAction\":[{\"@type\":\"ReadAction\",\"target\":[\"https:\\\/\\\/www.airtracksports.com\\\/index.php\\\/produkt\\\/airtrack-spark\\\/?lang=fr\"]}]},{\"@type\":\"ImageObject\",\"inLanguage\":\"de\",\"@id\":\"https:\\\/\\\/www.airtracksports.com\\\/index.php\\\/produkt\\\/airtrack-spark\\\/?lang=fr#primaryimage\",\"url\":\"https:\\\/\\\/www.airtracksports.com\\\/wp-content\\\/uploads\\\/2020\\\/05\\\/AirTrack-Spark.png\",\"contentUrl\":\"https:\\\/\\\/www.airtracksports.com\\\/wp-content\\\/uploads\\\/2020\\\/05\\\/AirTrack-Spark.png\",\"width\":1757,\"height\":843,\"caption\":\"AirTrack Spark von Airtrackfactry Schweiz\"},{\"@type\":\"BreadcrumbList\",\"@id\":\"https:\\\/\\\/www.airtracksports.com\\\/index.php\\\/produkt\\\/airtrack-spark\\\/?lang=fr#breadcrumb\",\"itemListElement\":[{\"@type\":\"ListItem\",\"position\":1,\"name\":\"Startseite\",\"item\":\"https:\\\/\\\/www.airtracksports.com\\\/\"},{\"@type\":\"ListItem\",\"position\":2,\"name\":\"Airtrack-Shop\",\"item\":\"https:\\\/\\\/www.airtracksports.com\\\/index.php\\\/shop\\\/\"},{\"@type\":\"ListItem\",\"position\":3,\"name\":\"Airtrack Spark 5 x 1,4 m\"}]},{\"@type\":\"WebSite\",\"@id\":\"https:\\\/\\\/www.airtracksports.com\\\/#website\",\"url\":\"https:\\\/\\\/www.airtracksports.com\\\/\",\"name\":\"AirTrackSports\",\"description\":\"\",\"publisher\":{\"@id\":\"https:\\\/\\\/www.airtracksports.com\\\/#organization\"},\"potentialAction\":[{\"@type\":\"SearchAction\",\"target\":{\"@type\":\"EntryPoint\",\"urlTemplate\":\"https:\\\/\\\/www.airtracksports.com\\\/?s={search_term_string}\"},\"query-input\":{\"@type\":\"PropertyValueSpecification\",\"valueRequired\":true,\"valueName\":\"search_term_string\"}}],\"inLanguage\":\"de\"},{\"@type\":\"Organization\",\"@id\":\"https:\\\/\\\/www.airtracksports.com\\\/#organization\",\"name\":\"AirTrackSports\",\"url\":\"https:\\\/\\\/www.airtracksports.com\\\/\",\"logo\":{\"@type\":\"ImageObject\",\"inLanguage\":\"de\",\"@id\":\"https:\\\/\\\/www.airtracksports.com\\\/#\\\/schema\\\/logo\\\/image\\\/\",\"url\":\"https:\\\/\\\/www.airtracksports.com\\\/wp-content\\\/uploads\\\/2020\\\/05\\\/cropped-LogoAirTrack-4.jpg\",\"contentUrl\":\"https:\\\/\\\/www.airtracksports.com\\\/wp-content\\\/uploads\\\/2020\\\/05\\\/cropped-LogoAirTrack-4.jpg\",\"width\":225,\"height\":90,\"caption\":\"AirTrackSports\"},\"image\":{\"@id\":\"https:\\\/\\\/www.airtracksports.com\\\/#\\\/schema\\\/logo\\\/image\\\/\"}}]}<\/script>\n<!-- \/ Yoast SEO plugin. -->","yoast_head_json":{"title":"Airtracksports - Airtrack Spark 5 x 1.4m - continuez l\u2019entra\u00eenement \u00e0 la maison!","description":"L\u2019Airtrack Spark est notre meilleure piste pour l\u2019entra\u00eenement \u00e0 la maison. Que ce soit \u00e0 l\u2019int\u00e9rieur dans la chambre ou \u00e0 l\u2019ext\u00e9rieur dans le jardin - vous d\u00e9cidez o\u00f9 vous vous entra\u00eenez!","robots":{"index":"index","follow":"follow","max-snippet":"max-snippet:-1","max-image-preview":"max-image-preview:large","max-video-preview":"max-video-preview:-1"},"canonical":"https:\/\/www.airtracksports.com\/index.php\/produkt\/airtrack-spark\/?lang=fr","og_locale":"de_DE","og_type":"article","og_title":"Airtracksports - Airtrack Spark 5 x 1.4m - continuez l\u2019entra\u00eenement \u00e0 la maison!","og_description":"L\u2019Airtrack Spark est notre meilleure piste pour l\u2019entra\u00eenement \u00e0 la maison. Que ce soit \u00e0 l\u2019int\u00e9rieur dans la chambre ou \u00e0 l\u2019ext\u00e9rieur dans le jardin - vous d\u00e9cidez o\u00f9 vous vous entra\u00eenez!","og_url":"https:\/\/www.airtracksports.com\/index.php\/produkt\/airtrack-spark\/?lang=fr","og_site_name":"AirTrackSports","article_modified_time":"2022-12-18T23:03:41+00:00","og_image":[{"width":1757,"height":843,"url":"https:\/\/www.airtracksports.com\/wp-content\/uploads\/2020\/05\/AirTrack-Spark.png","type":"image\/png"}],"twitter_card":"summary_large_image","schema":{"@context":"https:\/\/schema.org","@graph":[{"@type":"WebPage","@id":"https:\/\/www.airtracksports.com\/index.php\/produkt\/airtrack-spark\/?lang=fr","url":"https:\/\/www.airtracksports.com\/index.php\/produkt\/airtrack-spark\/?lang=fr","name":"Airtracksports - Airtrack Spark 5 x 1.4m - continuez l\u2019entra\u00eenement \u00e0 la maison!","isPartOf":{"@id":"https:\/\/www.airtracksports.com\/#website"},"primaryImageOfPage":{"@id":"https:\/\/www.airtracksports.com\/index.php\/produkt\/airtrack-spark\/?lang=fr#primaryimage"},"image":{"@id":"https:\/\/www.airtracksports.com\/index.php\/produkt\/airtrack-spark\/?lang=fr#primaryimage"},"thumbnailUrl":"https:\/\/www.airtracksports.com\/wp-content\/uploads\/2020\/05\/AirTrack-Spark.png","datePublished":"2020-05-25T08:55:31+00:00","dateModified":"2022-12-18T23:03:41+00:00","description":"L\u2019Airtrack Spark est notre meilleure piste pour l\u2019entra\u00eenement \u00e0 la maison. Que ce soit \u00e0 l\u2019int\u00e9rieur dans la chambre ou \u00e0 l\u2019ext\u00e9rieur dans le jardin - vous d\u00e9cidez o\u00f9 vous vous entra\u00eenez!","breadcrumb":{"@id":"https:\/\/www.airtracksports.com\/index.php\/produkt\/airtrack-spark\/?lang=fr#breadcrumb"},"inLanguage":"de","potentialAction":[{"@type":"ReadAction","target":["https:\/\/www.airtracksports.com\/index.php\/produkt\/airtrack-spark\/?lang=fr"]}]},{"@type":"ImageObject","inLanguage":"de","@id":"https:\/\/www.airtracksports.com\/index.php\/produkt\/airtrack-spark\/?lang=fr#primaryimage","url":"https:\/\/www.airtracksports.com\/wp-content\/uploads\/2020\/05\/AirTrack-Spark.png","contentUrl":"https:\/\/www.airtracksports.com\/wp-content\/uploads\/2020\/05\/AirTrack-Spark.png","width":1757,"height":843,"caption":"AirTrack Spark von Airtrackfactry Schweiz"},{"@type":"BreadcrumbList","@id":"https:\/\/www.airtracksports.com\/index.php\/produkt\/airtrack-spark\/?lang=fr#breadcrumb","itemListElement":[{"@type":"ListItem","position":1,"name":"Startseite","item":"https:\/\/www.airtracksports.com\/"},{"@type":"ListItem","position":2,"name":"Airtrack-Shop","item":"https:\/\/www.airtracksports.com\/index.php\/shop\/"},{"@type":"ListItem","position":3,"name":"Airtrack Spark 5 x 1,4 m"}]},{"@type":"WebSite","@id":"https:\/\/www.airtracksports.com\/#website","url":"https:\/\/www.airtracksports.com\/","name":"AirTrackSports","description":"","publisher":{"@id":"https:\/\/www.airtracksports.com\/#organization"},"potentialAction":[{"@type":"SearchAction","target":{"@type":"EntryPoint","urlTemplate":"https:\/\/www.airtracksports.com\/?s={search_term_string}"},"query-input":{"@type":"PropertyValueSpecification","valueRequired":true,"valueName":"search_term_string"}}],"inLanguage":"de"},{"@type":"Organization","@id":"https:\/\/www.airtracksports.com\/#organization","name":"AirTrackSports","url":"https:\/\/www.airtracksports.com\/","logo":{"@type":"ImageObject","inLanguage":"de","@id":"https:\/\/www.airtracksports.com\/#\/schema\/logo\/image\/","url":"https:\/\/www.airtracksports.com\/wp-content\/uploads\/2020\/05\/cropped-LogoAirTrack-4.jpg","contentUrl":"https:\/\/www.airtracksports.com\/wp-content\/uploads\/2020\/05\/cropped-LogoAirTrack-4.jpg","width":225,"height":90,"caption":"AirTrackSports"},"image":{"@id":"https:\/\/www.airtracksports.com\/#\/schema\/logo\/image\/"}}]}},"_links":{"self":[{"href":"https:\/\/www.airtracksports.com\/index.php\/wp-json\/wp\/v2\/product\/3574","targetHints":{"allow":["GET"]}}],"collection":[{"href":"https:\/\/www.airtracksports.com\/index.php\/wp-json\/wp\/v2\/product"}],"about":[{"href":"https:\/\/www.airtracksports.com\/index.php\/wp-json\/wp\/v2\/types\/product"}],"wp:featuredmedia":[{"embeddable":true,"href":"https:\/\/www.airtracksports.com\/index.php\/wp-json\/wp\/v2\/media\/3576"}],"wp:attachment":[{"href":"https:\/\/www.airtracksports.com\/index.php\/wp-json\/wp\/v2\/media?parent=3574"}],"wp:term":[{"taxonomy":"product_brand","embeddable":true,"href":"https:\/\/www.airtracksports.com\/index.php\/wp-json\/wp\/v2\/product_brand?post=3574"},{"taxonomy":"product_cat","embeddable":true,"href":"https:\/\/www.airtracksports.com\/index.php\/wp-json\/wp\/v2\/product_cat?post=3574"},{"taxonomy":"product_tag","embeddable":true,"href":"https:\/\/www.airtracksports.com\/index.php\/wp-json\/wp\/v2\/product_tag?post=3574"}],"curies":[{"name":"wp","href":"https:\/\/api.w.org\/{rel}","templated":true}]}}