{"id":3583,"date":"2020-05-25T10:44:30","date_gmt":"2020-05-25T08:44:30","guid":{"rendered":"https:\/\/www.airtracksports.com\/index.php\/\/produkt\/airfloor-5-x-1m\/"},"modified":"2024-03-01T13:40:15","modified_gmt":"2024-03-01T12:40:15","slug":"airfloor-5x1m","status":"publish","type":"product","link":"https:\/\/www.airtracksports.com\/index.php\/produkt\/airfloor-5x1m\/?lang=fr","title":{"rendered":"Airfloor 5 x 1m"},"content":{"rendered":"<p>Cet Airfloor est parfait pour tous les exercices au sol et les suites de sauts. L&#8217;Airfloor de hauteur 10cm est une base excellente pour une vari\u00e9t\u00e9 de sports et de m\u00e9thodes d\u2019entra\u00eenement. En combinaison avec d\u2019autres Airfloors, un <a href=\"https:\/\/www.airtracksports.com\/index.php\/produkt\/airboard\/\" target=\"_blank\" rel=\"noopener noreferrer\">Airboard<\/a> ou un <a href=\"https:\/\/www.airtracksports.com\/index.php\/produkt\/airblock\/\" target=\"_blank\" rel=\"noopener noreferrer\">Airblock<\/a> il y a beaucoup d\u2019autres options disponibles.<\/p>\n<p><iframe loading=\"lazy\" title=\"AirFloor Home &amp; AirFloor Home XL\" width=\"745\" height=\"419\" src=\"https:\/\/www.youtube.com\/embed\/klMxIakrPGQ?feature=oembed\" frameborder=\"0\" allow=\"accelerometer; autoplay; clipboard-write; encrypted-media; gyroscope; picture-in-picture\" allowfullscreen><\/iframe><\/p>\n","protected":false},"excerpt":{"rendered":"<p>Airfloor 5 x 1m (hauteur 10cm) <strong><a href=\"https:\/\/www.airtracksports.com\/index.php\/produkt\/pompe-a-pied\/?lang=fr\">incl. pompe \u00e0 pied<\/a><\/strong>, sac de transport noir, instructions, garantie de 5 ans, service CH. Parfait pour tous les exercices au sol et les rang\u00e9es de sauts de culbutage.<\/p>\n","protected":false},"featured_media":3585,"template":"","meta":[],"product_brand":[],"product_cat":[85],"product_tag":[116,123,118,125,115,121,122,113,114,120,117],"class_list":{"0":"post-3583","1":"product","2":"type-product","3":"status-publish","4":"has-post-thumbnail","6":"product_cat-entrainement","7":"product_tag-airfloor-fr","8":"product_tag-airfloor-a-vendre","9":"product_tag-gymnastique-a-domicile","10":"product_tag-gymnastique-airfloor-a-la-maison-2","11":"product_tag-gymnastique-artistique","12":"product_tag-gymnastique-artistique-a-la-maison","13":"product_tag-tapis-de-gym-professionnel","14":"product_tag-tapis-de-gymnastique","15":"product_tag-tapis-de-gymnastique-fr","16":"product_tag-tapis-de-gymnastique-a-la-maison-fr","17":"product_tag-tumblingbahn-a-la-maison","18":"product_shipping_class-paket-xl","20":"first","21":"onbackorder","22":"taxable","23":"shipping-taxable","24":"purchasable","25":"product-type-variable","26":"has-default-attributes"},"yoast_head":"<!-- This site is optimized with the Yoast SEO plugin v27.4 - https:\/\/yoast.com\/product\/yoast-seo-wordpress\/ -->\n<title>Airtracksports - Airfloor tapis de gym 5 x 1m - Continuer l\u2019entra\u00eenement \u00e0 la maison<\/title>\n<meta name=\"description\" content=\"Voulez-vous entra\u00eener vos sauts et astuces \u00e0 la maison? Avec notre Airfloor, vous pouvez le faire dans votre chambre ou dans le jardin!\" \/>\n<meta name=\"robots\" content=\"index, follow, max-snippet:-1, max-image-preview:large, max-video-preview:-1\" \/>\n<link rel=\"canonical\" href=\"https:\/\/www.airtracksports.com\/index.php\/produkt\/airfloor-5x1m\/?lang=fr\" \/>\n<meta property=\"og:locale\" content=\"de_DE\" \/>\n<meta property=\"og:type\" content=\"article\" \/>\n<meta property=\"og:title\" content=\"Airtracksports - Airfloor tapis de gym 5 x 1m - Continuer l\u2019entra\u00eenement \u00e0 la maison\" \/>\n<meta property=\"og:description\" content=\"Voulez-vous entra\u00eener vos sauts et astuces \u00e0 la maison? Avec notre Airfloor, vous pouvez le faire dans votre chambre ou dans le jardin!\" \/>\n<meta property=\"og:url\" content=\"https:\/\/www.airtracksports.com\/index.php\/produkt\/airfloor-5x1m\/?lang=fr\" \/>\n<meta property=\"og:site_name\" content=\"AirTrackSports\" \/>\n<meta property=\"article:modified_time\" content=\"2024-03-01T12:40:15+00:00\" \/>\n<meta property=\"og:image\" content=\"https:\/\/www.airtracksports.com\/wp-content\/uploads\/2020\/05\/Airfloor-5-x-1m-blau.png\" \/>\n\t<meta property=\"og:image:width\" content=\"1651\" \/>\n\t<meta property=\"og:image:height\" content=\"591\" \/>\n\t<meta property=\"og:image:type\" content=\"image\/png\" \/>\n<meta name=\"twitter:card\" content=\"summary_large_image\" \/>\n<script type=\"application\/ld+json\" class=\"yoast-schema-graph\">{\"@context\":\"https:\\\/\\\/schema.org\",\"@graph\":[{\"@type\":\"WebPage\",\"@id\":\"https:\\\/\\\/www.airtracksports.com\\\/index.php\\\/produkt\\\/airfloor-5x1m\\\/?lang=fr\",\"url\":\"https:\\\/\\\/www.airtracksports.com\\\/index.php\\\/produkt\\\/airfloor-5x1m\\\/?lang=fr\",\"name\":\"Airtracksports - Airfloor tapis de gym 5 x 1m - Continuer l\u2019entra\u00eenement \u00e0 la maison\",\"isPartOf\":{\"@id\":\"https:\\\/\\\/www.airtracksports.com\\\/#website\"},\"primaryImageOfPage\":{\"@id\":\"https:\\\/\\\/www.airtracksports.com\\\/index.php\\\/produkt\\\/airfloor-5x1m\\\/?lang=fr#primaryimage\"},\"image\":{\"@id\":\"https:\\\/\\\/www.airtracksports.com\\\/index.php\\\/produkt\\\/airfloor-5x1m\\\/?lang=fr#primaryimage\"},\"thumbnailUrl\":\"https:\\\/\\\/www.airtracksports.com\\\/wp-content\\\/uploads\\\/2020\\\/05\\\/Airfloor-5-x-1m-blau.png\",\"datePublished\":\"2020-05-25T08:44:30+00:00\",\"dateModified\":\"2024-03-01T12:40:15+00:00\",\"description\":\"Voulez-vous entra\u00eener vos sauts et astuces \u00e0 la maison? Avec notre Airfloor, vous pouvez le faire dans votre chambre ou dans le jardin!\",\"breadcrumb\":{\"@id\":\"https:\\\/\\\/www.airtracksports.com\\\/index.php\\\/produkt\\\/airfloor-5x1m\\\/?lang=fr#breadcrumb\"},\"inLanguage\":\"de\",\"potentialAction\":[{\"@type\":\"ReadAction\",\"target\":[\"https:\\\/\\\/www.airtracksports.com\\\/index.php\\\/produkt\\\/airfloor-5x1m\\\/?lang=fr\"]}]},{\"@type\":\"ImageObject\",\"inLanguage\":\"de\",\"@id\":\"https:\\\/\\\/www.airtracksports.com\\\/index.php\\\/produkt\\\/airfloor-5x1m\\\/?lang=fr#primaryimage\",\"url\":\"https:\\\/\\\/www.airtracksports.com\\\/wp-content\\\/uploads\\\/2020\\\/05\\\/Airfloor-5-x-1m-blau.png\",\"contentUrl\":\"https:\\\/\\\/www.airtracksports.com\\\/wp-content\\\/uploads\\\/2020\\\/05\\\/Airfloor-5-x-1m-blau.png\",\"width\":1651,\"height\":591,\"caption\":\"Airfloor 5 x 1m blau von Airtrackfactory Schweiz - Top-Qualit\u00e4t\"},{\"@type\":\"BreadcrumbList\",\"@id\":\"https:\\\/\\\/www.airtracksports.com\\\/index.php\\\/produkt\\\/airfloor-5x1m\\\/?lang=fr#breadcrumb\",\"itemListElement\":[{\"@type\":\"ListItem\",\"position\":1,\"name\":\"Startseite\",\"item\":\"https:\\\/\\\/www.airtracksports.com\\\/\"},{\"@type\":\"ListItem\",\"position\":2,\"name\":\"Airtrack-Shop\",\"item\":\"https:\\\/\\\/www.airtracksports.com\\\/index.php\\\/shop\\\/\"},{\"@type\":\"ListItem\",\"position\":3,\"name\":\"Airfloor 5 x 1m\"}]},{\"@type\":\"WebSite\",\"@id\":\"https:\\\/\\\/www.airtracksports.com\\\/#website\",\"url\":\"https:\\\/\\\/www.airtracksports.com\\\/\",\"name\":\"AirTrackSports\",\"description\":\"\",\"publisher\":{\"@id\":\"https:\\\/\\\/www.airtracksports.com\\\/#organization\"},\"potentialAction\":[{\"@type\":\"SearchAction\",\"target\":{\"@type\":\"EntryPoint\",\"urlTemplate\":\"https:\\\/\\\/www.airtracksports.com\\\/?s={search_term_string}\"},\"query-input\":{\"@type\":\"PropertyValueSpecification\",\"valueRequired\":true,\"valueName\":\"search_term_string\"}}],\"inLanguage\":\"de\"},{\"@type\":\"Organization\",\"@id\":\"https:\\\/\\\/www.airtracksports.com\\\/#organization\",\"name\":\"AirTrackSports\",\"url\":\"https:\\\/\\\/www.airtracksports.com\\\/\",\"logo\":{\"@type\":\"ImageObject\",\"inLanguage\":\"de\",\"@id\":\"https:\\\/\\\/www.airtracksports.com\\\/#\\\/schema\\\/logo\\\/image\\\/\",\"url\":\"https:\\\/\\\/www.airtracksports.com\\\/wp-content\\\/uploads\\\/2020\\\/05\\\/cropped-LogoAirTrack-4.jpg\",\"contentUrl\":\"https:\\\/\\\/www.airtracksports.com\\\/wp-content\\\/uploads\\\/2020\\\/05\\\/cropped-LogoAirTrack-4.jpg\",\"width\":225,\"height\":90,\"caption\":\"AirTrackSports\"},\"image\":{\"@id\":\"https:\\\/\\\/www.airtracksports.com\\\/#\\\/schema\\\/logo\\\/image\\\/\"}}]}<\/script>\n<!-- \/ Yoast SEO plugin. -->","yoast_head_json":{"title":"Airtracksports - Airfloor tapis de gym 5 x 1m - Continuer l\u2019entra\u00eenement \u00e0 la maison","description":"Voulez-vous entra\u00eener vos sauts et astuces \u00e0 la maison? Avec notre Airfloor, vous pouvez le faire dans votre chambre ou dans le jardin!","robots":{"index":"index","follow":"follow","max-snippet":"max-snippet:-1","max-image-preview":"max-image-preview:large","max-video-preview":"max-video-preview:-1"},"canonical":"https:\/\/www.airtracksports.com\/index.php\/produkt\/airfloor-5x1m\/?lang=fr","og_locale":"de_DE","og_type":"article","og_title":"Airtracksports - Airfloor tapis de gym 5 x 1m - Continuer l\u2019entra\u00eenement \u00e0 la maison","og_description":"Voulez-vous entra\u00eener vos sauts et astuces \u00e0 la maison? Avec notre Airfloor, vous pouvez le faire dans votre chambre ou dans le jardin!","og_url":"https:\/\/www.airtracksports.com\/index.php\/produkt\/airfloor-5x1m\/?lang=fr","og_site_name":"AirTrackSports","article_modified_time":"2024-03-01T12:40:15+00:00","og_image":[{"width":1651,"height":591,"url":"https:\/\/www.airtracksports.com\/wp-content\/uploads\/2020\/05\/Airfloor-5-x-1m-blau.png","type":"image\/png"}],"twitter_card":"summary_large_image","schema":{"@context":"https:\/\/schema.org","@graph":[{"@type":"WebPage","@id":"https:\/\/www.airtracksports.com\/index.php\/produkt\/airfloor-5x1m\/?lang=fr","url":"https:\/\/www.airtracksports.com\/index.php\/produkt\/airfloor-5x1m\/?lang=fr","name":"Airtracksports - Airfloor tapis de gym 5 x 1m - Continuer l\u2019entra\u00eenement \u00e0 la maison","isPartOf":{"@id":"https:\/\/www.airtracksports.com\/#website"},"primaryImageOfPage":{"@id":"https:\/\/www.airtracksports.com\/index.php\/produkt\/airfloor-5x1m\/?lang=fr#primaryimage"},"image":{"@id":"https:\/\/www.airtracksports.com\/index.php\/produkt\/airfloor-5x1m\/?lang=fr#primaryimage"},"thumbnailUrl":"https:\/\/www.airtracksports.com\/wp-content\/uploads\/2020\/05\/Airfloor-5-x-1m-blau.png","datePublished":"2020-05-25T08:44:30+00:00","dateModified":"2024-03-01T12:40:15+00:00","description":"Voulez-vous entra\u00eener vos sauts et astuces \u00e0 la maison? Avec notre Airfloor, vous pouvez le faire dans votre chambre ou dans le jardin!","breadcrumb":{"@id":"https:\/\/www.airtracksports.com\/index.php\/produkt\/airfloor-5x1m\/?lang=fr#breadcrumb"},"inLanguage":"de","potentialAction":[{"@type":"ReadAction","target":["https:\/\/www.airtracksports.com\/index.php\/produkt\/airfloor-5x1m\/?lang=fr"]}]},{"@type":"ImageObject","inLanguage":"de","@id":"https:\/\/www.airtracksports.com\/index.php\/produkt\/airfloor-5x1m\/?lang=fr#primaryimage","url":"https:\/\/www.airtracksports.com\/wp-content\/uploads\/2020\/05\/Airfloor-5-x-1m-blau.png","contentUrl":"https:\/\/www.airtracksports.com\/wp-content\/uploads\/2020\/05\/Airfloor-5-x-1m-blau.png","width":1651,"height":591,"caption":"Airfloor 5 x 1m blau von Airtrackfactory Schweiz - Top-Qualit\u00e4t"},{"@type":"BreadcrumbList","@id":"https:\/\/www.airtracksports.com\/index.php\/produkt\/airfloor-5x1m\/?lang=fr#breadcrumb","itemListElement":[{"@type":"ListItem","position":1,"name":"Startseite","item":"https:\/\/www.airtracksports.com\/"},{"@type":"ListItem","position":2,"name":"Airtrack-Shop","item":"https:\/\/www.airtracksports.com\/index.php\/shop\/"},{"@type":"ListItem","position":3,"name":"Airfloor 5 x 1m"}]},{"@type":"WebSite","@id":"https:\/\/www.airtracksports.com\/#website","url":"https:\/\/www.airtracksports.com\/","name":"AirTrackSports","description":"","publisher":{"@id":"https:\/\/www.airtracksports.com\/#organization"},"potentialAction":[{"@type":"SearchAction","target":{"@type":"EntryPoint","urlTemplate":"https:\/\/www.airtracksports.com\/?s={search_term_string}"},"query-input":{"@type":"PropertyValueSpecification","valueRequired":true,"valueName":"search_term_string"}}],"inLanguage":"de"},{"@type":"Organization","@id":"https:\/\/www.airtracksports.com\/#organization","name":"AirTrackSports","url":"https:\/\/www.airtracksports.com\/","logo":{"@type":"ImageObject","inLanguage":"de","@id":"https:\/\/www.airtracksports.com\/#\/schema\/logo\/image\/","url":"https:\/\/www.airtracksports.com\/wp-content\/uploads\/2020\/05\/cropped-LogoAirTrack-4.jpg","contentUrl":"https:\/\/www.airtracksports.com\/wp-content\/uploads\/2020\/05\/cropped-LogoAirTrack-4.jpg","width":225,"height":90,"caption":"AirTrackSports"},"image":{"@id":"https:\/\/www.airtracksports.com\/#\/schema\/logo\/image\/"}}]}},"_links":{"self":[{"href":"https:\/\/www.airtracksports.com\/index.php\/wp-json\/wp\/v2\/product\/3583","targetHints":{"allow":["GET"]}}],"collection":[{"href":"https:\/\/www.airtracksports.com\/index.php\/wp-json\/wp\/v2\/product"}],"about":[{"href":"https:\/\/www.airtracksports.com\/index.php\/wp-json\/wp\/v2\/types\/product"}],"wp:featuredmedia":[{"embeddable":true,"href":"https:\/\/www.airtracksports.com\/index.php\/wp-json\/wp\/v2\/media\/3585"}],"wp:attachment":[{"href":"https:\/\/www.airtracksports.com\/index.php\/wp-json\/wp\/v2\/media?parent=3583"}],"wp:term":[{"taxonomy":"product_brand","embeddable":true,"href":"https:\/\/www.airtracksports.com\/index.php\/wp-json\/wp\/v2\/product_brand?post=3583"},{"taxonomy":"product_cat","embeddable":true,"href":"https:\/\/www.airtracksports.com\/index.php\/wp-json\/wp\/v2\/product_cat?post=3583"},{"taxonomy":"product_tag","embeddable":true,"href":"https:\/\/www.airtracksports.com\/index.php\/wp-json\/wp\/v2\/product_tag?post=3583"}],"curies":[{"name":"wp","href":"https:\/\/api.w.org\/{rel}","templated":true}]}}