{"id":3935,"date":"2020-08-18T10:12:40","date_gmt":"2020-08-18T08:12:40","guid":{"rendered":"https:\/\/www.airtracksports.com\/?post_type=product&#038;p=3935"},"modified":"2022-09-15T09:33:33","modified_gmt":"2022-09-15T07:33:33","slug":"airbag-s","status":"publish","type":"product","link":"https:\/\/www.airtracksports.com\/index.php\/produkt\/airbag-s\/?lang=fr","title":{"rendered":"Nouveau : Airbag S"},"content":{"rendered":"<ul>\n<li style=\"list-style-type: none;\">\n<ul>\n<li>Gonfl\u00e9 en 5 minutes<\/li>\n<li>Placez la pression selon vos souhaits<\/li>\n<li>Convient \u00e0 l\u2019int\u00e9rieur et \u00e0 l\u2019ext\u00e9rieur<\/li>\n<li>Bien portable et petit dans le stockage<\/li>\n<li>Atterrissages souples<\/li>\n<li>largeur 400 x 250 x 70 cm<\/li>\n<li>Hygi\u00e9nique par surface facile \u00e0 nettoyer<\/li>\n<li>Convient \u00e0 la barre de serrage, \u00e0 la table de saut, \u00e0 l\u2019AirTrack, \u00e0 la poutre et au saut en hauteur<\/li>\n<\/ul>\n<\/li>\n<\/ul>\n<p>L\u2019Airbag S est un tapis anti-chute de 70 cm de hauteur, adapt\u00e9 \u00e0 tout sport dans lequel on saute. Gr\u00e2ce \u00e0 la pression personnalisable, l\u2019Airbag peut \u00eatre \u00e0 la fois un tapis de chute et un site d\u2019atterrissage. Le ventilateur n\u00e9cessaire est inclus dans le prix.<\/p>\n<p>Par rapport aux coussins de saut traditionnels, l\u2019Airbag S, \u00e0 l\u2019\u00e9tat non souffl\u00e9, a besoin de peu d\u2019espace de stockage. L\u2019Airbag S peut \u00e9galement \u00eatre reli\u00e9 par velcro avec P2 ou P3 Airtracks.<\/p>\n<p><iframe loading=\"lazy\" title=\"AirBag S - GYMNASTICS\" width=\"745\" height=\"419\" src=\"https:\/\/www.youtube.com\/embed\/VYskMdPg04A?feature=oembed\" frameborder=\"0\" allow=\"accelerometer; autoplay; clipboard-write; encrypted-media; gyroscope; picture-in-picture\" allowfullscreen><\/iframe><\/p>\n","protected":false},"excerpt":{"rendered":"<p>Airbag S &#8211; 70 cm de haut, tapis de chute gonflable avec pression atmosph\u00e9rique r\u00e9glable Souffleur<\/p>\n","protected":false},"featured_media":3937,"template":"","meta":[],"product_brand":[],"product_cat":[86],"product_tag":[137,138,139],"class_list":{"0":"post-3935","1":"product","2":"type-product","3":"status-publish","4":"has-post-thumbnail","6":"product_cat-produits-professionnels","7":"product_tag-matelas","8":"product_tag-tapis-de-gym","9":"product_tag-tapis-de-protection-contre-les-chutes","10":"product_shipping_class-palet-versand-per-spedition","12":"first","13":"onbackorder","14":"taxable","15":"shipping-taxable","16":"purchasable","17":"product-type-simple"},"yoast_head":"<!-- This site is optimized with the Yoast SEO plugin v27.6 - https:\/\/yoast.com\/product\/yoast-seo-wordpress\/ -->\n<title>Airtracksports - Airbag S - Mat\u00e9riel professionnel pour la gymnastique<\/title>\n<meta name=\"description\" content=\"Tapis de protection contre les chutes de 70cm avec pression r\u00e9glable - peu de place de stockage - adapt\u00e9 \u00e0 l\u2019int\u00e9rieur et \u00e0 l\u2019ext\u00e9rieur - facile \u00e0 transporter\" \/>\n<meta name=\"robots\" content=\"index, follow, max-snippet:-1, max-image-preview:large, max-video-preview:-1\" \/>\n<link rel=\"canonical\" href=\"https:\/\/www.airtracksports.com\/index.php\/produkt\/airbag-s\/?lang=fr\" \/>\n<meta property=\"og:locale\" content=\"de_DE\" \/>\n<meta property=\"og:type\" content=\"article\" \/>\n<meta property=\"og:title\" content=\"Airtracksports - Airbag S - Mat\u00e9riel professionnel pour la gymnastique\" \/>\n<meta property=\"og:description\" content=\"Tapis de protection contre les chutes de 70cm avec pression r\u00e9glable - peu de place de stockage - adapt\u00e9 \u00e0 l\u2019int\u00e9rieur et \u00e0 l\u2019ext\u00e9rieur - facile \u00e0 transporter\" \/>\n<meta property=\"og:url\" content=\"https:\/\/www.airtracksports.com\/index.php\/produkt\/airbag-s\/?lang=fr\" \/>\n<meta property=\"og:site_name\" content=\"AirTrackSports\" \/>\n<meta property=\"article:modified_time\" content=\"2022-09-15T07:33:33+00:00\" \/>\n<meta property=\"og:image\" content=\"https:\/\/www.airtracksports.com\/wp-content\/uploads\/2020\/08\/AirBag-S-Main.png\" \/>\n\t<meta property=\"og:image:width\" content=\"1411\" \/>\n\t<meta property=\"og:image:height\" content=\"876\" \/>\n\t<meta property=\"og:image:type\" content=\"image\/png\" \/>\n<meta name=\"twitter:card\" content=\"summary_large_image\" \/>\n<meta name=\"twitter:label1\" content=\"Gesch\u00e4tzte Lesezeit\" \/>\n\t<meta name=\"twitter:data1\" content=\"1\u00a0Minute\" \/>\n<script type=\"application\/ld+json\" class=\"yoast-schema-graph\">{\"@context\":\"https:\\\/\\\/schema.org\",\"@graph\":[{\"@type\":\"WebPage\",\"@id\":\"https:\\\/\\\/www.airtracksports.com\\\/index.php\\\/produkt\\\/airbag-s\\\/?lang=fr\",\"url\":\"https:\\\/\\\/www.airtracksports.com\\\/index.php\\\/produkt\\\/airbag-s\\\/?lang=fr\",\"name\":\"Airtracksports - Airbag S - Mat\u00e9riel professionnel pour la gymnastique\",\"isPartOf\":{\"@id\":\"https:\\\/\\\/www.airtracksports.com\\\/#website\"},\"primaryImageOfPage\":{\"@id\":\"https:\\\/\\\/www.airtracksports.com\\\/index.php\\\/produkt\\\/airbag-s\\\/?lang=fr#primaryimage\"},\"image\":{\"@id\":\"https:\\\/\\\/www.airtracksports.com\\\/index.php\\\/produkt\\\/airbag-s\\\/?lang=fr#primaryimage\"},\"thumbnailUrl\":\"https:\\\/\\\/www.airtracksports.com\\\/wp-content\\\/uploads\\\/2020\\\/08\\\/AirBag-S-Main.png\",\"datePublished\":\"2020-08-18T08:12:40+00:00\",\"dateModified\":\"2022-09-15T07:33:33+00:00\",\"description\":\"Tapis de protection contre les chutes de 70cm avec pression r\u00e9glable - peu de place de stockage - adapt\u00e9 \u00e0 l\u2019int\u00e9rieur et \u00e0 l\u2019ext\u00e9rieur - facile \u00e0 transporter\",\"breadcrumb\":{\"@id\":\"https:\\\/\\\/www.airtracksports.com\\\/index.php\\\/produkt\\\/airbag-s\\\/?lang=fr#breadcrumb\"},\"inLanguage\":\"de\",\"potentialAction\":[{\"@type\":\"ReadAction\",\"target\":[\"https:\\\/\\\/www.airtracksports.com\\\/index.php\\\/produkt\\\/airbag-s\\\/?lang=fr\"]}]},{\"@type\":\"ImageObject\",\"inLanguage\":\"de\",\"@id\":\"https:\\\/\\\/www.airtracksports.com\\\/index.php\\\/produkt\\\/airbag-s\\\/?lang=fr#primaryimage\",\"url\":\"https:\\\/\\\/www.airtracksports.com\\\/wp-content\\\/uploads\\\/2020\\\/08\\\/AirBag-S-Main.png\",\"contentUrl\":\"https:\\\/\\\/www.airtracksports.com\\\/wp-content\\\/uploads\\\/2020\\\/08\\\/AirBag-S-Main.png\",\"width\":1411,\"height\":876,\"caption\":\"AirBag S Main von Airtrackfactory Schweiz - Top-Qualit\u00e4t\"},{\"@type\":\"BreadcrumbList\",\"@id\":\"https:\\\/\\\/www.airtracksports.com\\\/index.php\\\/produkt\\\/airbag-s\\\/?lang=fr#breadcrumb\",\"itemListElement\":[{\"@type\":\"ListItem\",\"position\":1,\"name\":\"Startseite\",\"item\":\"https:\\\/\\\/www.airtracksports.com\\\/\"},{\"@type\":\"ListItem\",\"position\":2,\"name\":\"Airtrack-Shop\",\"item\":\"https:\\\/\\\/www.airtracksports.com\\\/index.php\\\/shop\\\/\"},{\"@type\":\"ListItem\",\"position\":3,\"name\":\"Nouveau : Airbag S\"}]},{\"@type\":\"WebSite\",\"@id\":\"https:\\\/\\\/www.airtracksports.com\\\/#website\",\"url\":\"https:\\\/\\\/www.airtracksports.com\\\/\",\"name\":\"AirTrackSports\",\"description\":\"\",\"publisher\":{\"@id\":\"https:\\\/\\\/www.airtracksports.com\\\/#organization\"},\"potentialAction\":[{\"@type\":\"SearchAction\",\"target\":{\"@type\":\"EntryPoint\",\"urlTemplate\":\"https:\\\/\\\/www.airtracksports.com\\\/?s={search_term_string}\"},\"query-input\":{\"@type\":\"PropertyValueSpecification\",\"valueRequired\":true,\"valueName\":\"search_term_string\"}}],\"inLanguage\":\"de\"},{\"@type\":\"Organization\",\"@id\":\"https:\\\/\\\/www.airtracksports.com\\\/#organization\",\"name\":\"AirTrackSports\",\"url\":\"https:\\\/\\\/www.airtracksports.com\\\/\",\"logo\":{\"@type\":\"ImageObject\",\"inLanguage\":\"de\",\"@id\":\"https:\\\/\\\/www.airtracksports.com\\\/#\\\/schema\\\/logo\\\/image\\\/\",\"url\":\"https:\\\/\\\/www.airtracksports.com\\\/wp-content\\\/uploads\\\/2020\\\/05\\\/cropped-LogoAirTrack-4.jpg\",\"contentUrl\":\"https:\\\/\\\/www.airtracksports.com\\\/wp-content\\\/uploads\\\/2020\\\/05\\\/cropped-LogoAirTrack-4.jpg\",\"width\":225,\"height\":90,\"caption\":\"AirTrackSports\"},\"image\":{\"@id\":\"https:\\\/\\\/www.airtracksports.com\\\/#\\\/schema\\\/logo\\\/image\\\/\"}}]}<\/script>\n<!-- \/ Yoast SEO plugin. -->","yoast_head_json":{"title":"Airtracksports - Airbag S - Mat\u00e9riel professionnel pour la gymnastique","description":"Tapis de protection contre les chutes de 70cm avec pression r\u00e9glable - peu de place de stockage - adapt\u00e9 \u00e0 l\u2019int\u00e9rieur et \u00e0 l\u2019ext\u00e9rieur - facile \u00e0 transporter","robots":{"index":"index","follow":"follow","max-snippet":"max-snippet:-1","max-image-preview":"max-image-preview:large","max-video-preview":"max-video-preview:-1"},"canonical":"https:\/\/www.airtracksports.com\/index.php\/produkt\/airbag-s\/?lang=fr","og_locale":"de_DE","og_type":"article","og_title":"Airtracksports - Airbag S - Mat\u00e9riel professionnel pour la gymnastique","og_description":"Tapis de protection contre les chutes de 70cm avec pression r\u00e9glable - peu de place de stockage - adapt\u00e9 \u00e0 l\u2019int\u00e9rieur et \u00e0 l\u2019ext\u00e9rieur - facile \u00e0 transporter","og_url":"https:\/\/www.airtracksports.com\/index.php\/produkt\/airbag-s\/?lang=fr","og_site_name":"AirTrackSports","article_modified_time":"2022-09-15T07:33:33+00:00","og_image":[{"width":1411,"height":876,"url":"https:\/\/www.airtracksports.com\/wp-content\/uploads\/2020\/08\/AirBag-S-Main.png","type":"image\/png"}],"twitter_card":"summary_large_image","twitter_misc":{"Gesch\u00e4tzte Lesezeit":"1\u00a0Minute"},"schema":{"@context":"https:\/\/schema.org","@graph":[{"@type":"WebPage","@id":"https:\/\/www.airtracksports.com\/index.php\/produkt\/airbag-s\/?lang=fr","url":"https:\/\/www.airtracksports.com\/index.php\/produkt\/airbag-s\/?lang=fr","name":"Airtracksports - Airbag S - Mat\u00e9riel professionnel pour la gymnastique","isPartOf":{"@id":"https:\/\/www.airtracksports.com\/#website"},"primaryImageOfPage":{"@id":"https:\/\/www.airtracksports.com\/index.php\/produkt\/airbag-s\/?lang=fr#primaryimage"},"image":{"@id":"https:\/\/www.airtracksports.com\/index.php\/produkt\/airbag-s\/?lang=fr#primaryimage"},"thumbnailUrl":"https:\/\/www.airtracksports.com\/wp-content\/uploads\/2020\/08\/AirBag-S-Main.png","datePublished":"2020-08-18T08:12:40+00:00","dateModified":"2022-09-15T07:33:33+00:00","description":"Tapis de protection contre les chutes de 70cm avec pression r\u00e9glable - peu de place de stockage - adapt\u00e9 \u00e0 l\u2019int\u00e9rieur et \u00e0 l\u2019ext\u00e9rieur - facile \u00e0 transporter","breadcrumb":{"@id":"https:\/\/www.airtracksports.com\/index.php\/produkt\/airbag-s\/?lang=fr#breadcrumb"},"inLanguage":"de","potentialAction":[{"@type":"ReadAction","target":["https:\/\/www.airtracksports.com\/index.php\/produkt\/airbag-s\/?lang=fr"]}]},{"@type":"ImageObject","inLanguage":"de","@id":"https:\/\/www.airtracksports.com\/index.php\/produkt\/airbag-s\/?lang=fr#primaryimage","url":"https:\/\/www.airtracksports.com\/wp-content\/uploads\/2020\/08\/AirBag-S-Main.png","contentUrl":"https:\/\/www.airtracksports.com\/wp-content\/uploads\/2020\/08\/AirBag-S-Main.png","width":1411,"height":876,"caption":"AirBag S Main von Airtrackfactory Schweiz - Top-Qualit\u00e4t"},{"@type":"BreadcrumbList","@id":"https:\/\/www.airtracksports.com\/index.php\/produkt\/airbag-s\/?lang=fr#breadcrumb","itemListElement":[{"@type":"ListItem","position":1,"name":"Startseite","item":"https:\/\/www.airtracksports.com\/"},{"@type":"ListItem","position":2,"name":"Airtrack-Shop","item":"https:\/\/www.airtracksports.com\/index.php\/shop\/"},{"@type":"ListItem","position":3,"name":"Nouveau : Airbag S"}]},{"@type":"WebSite","@id":"https:\/\/www.airtracksports.com\/#website","url":"https:\/\/www.airtracksports.com\/","name":"AirTrackSports","description":"","publisher":{"@id":"https:\/\/www.airtracksports.com\/#organization"},"potentialAction":[{"@type":"SearchAction","target":{"@type":"EntryPoint","urlTemplate":"https:\/\/www.airtracksports.com\/?s={search_term_string}"},"query-input":{"@type":"PropertyValueSpecification","valueRequired":true,"valueName":"search_term_string"}}],"inLanguage":"de"},{"@type":"Organization","@id":"https:\/\/www.airtracksports.com\/#organization","name":"AirTrackSports","url":"https:\/\/www.airtracksports.com\/","logo":{"@type":"ImageObject","inLanguage":"de","@id":"https:\/\/www.airtracksports.com\/#\/schema\/logo\/image\/","url":"https:\/\/www.airtracksports.com\/wp-content\/uploads\/2020\/05\/cropped-LogoAirTrack-4.jpg","contentUrl":"https:\/\/www.airtracksports.com\/wp-content\/uploads\/2020\/05\/cropped-LogoAirTrack-4.jpg","width":225,"height":90,"caption":"AirTrackSports"},"image":{"@id":"https:\/\/www.airtracksports.com\/#\/schema\/logo\/image\/"}}]}},"_links":{"self":[{"href":"https:\/\/www.airtracksports.com\/index.php\/wp-json\/wp\/v2\/product\/3935","targetHints":{"allow":["GET"]}}],"collection":[{"href":"https:\/\/www.airtracksports.com\/index.php\/wp-json\/wp\/v2\/product"}],"about":[{"href":"https:\/\/www.airtracksports.com\/index.php\/wp-json\/wp\/v2\/types\/product"}],"wp:featuredmedia":[{"embeddable":true,"href":"https:\/\/www.airtracksports.com\/index.php\/wp-json\/wp\/v2\/media\/3937"}],"wp:attachment":[{"href":"https:\/\/www.airtracksports.com\/index.php\/wp-json\/wp\/v2\/media?parent=3935"}],"wp:term":[{"taxonomy":"product_brand","embeddable":true,"href":"https:\/\/www.airtracksports.com\/index.php\/wp-json\/wp\/v2\/product_brand?post=3935"},{"taxonomy":"product_cat","embeddable":true,"href":"https:\/\/www.airtracksports.com\/index.php\/wp-json\/wp\/v2\/product_cat?post=3935"},{"taxonomy":"product_tag","embeddable":true,"href":"https:\/\/www.airtracksports.com\/index.php\/wp-json\/wp\/v2\/product_tag?post=3935"}],"curies":[{"name":"wp","href":"https:\/\/api.w.org\/{rel}","templated":true}]}}