{"id":4135,"date":"2020-09-28T10:22:45","date_gmt":"2020-09-28T08:22:45","guid":{"rendered":"https:\/\/www.airtracksports.com\/?post_type=product&#038;p=4135"},"modified":"2026-05-04T13:51:30","modified_gmt":"2026-05-04T11:51:30","slug":"airincline","status":"publish","type":"product","link":"https:\/\/www.airtracksports.com\/index.php\/produkt\/airincline\/","title":{"rendered":"Airincline"},"content":{"rendered":"<p>Der Airincline ist ideal, um \u00dcbungen wie Rollen, R\u00e4der, Flick-Flacks, \u00dcberschl\u00e4ge und Vorw\u00e4rtssaltos zu erlernen. Die Linien auf dem Airincline helfen bei der Positionierung der H\u00e4nde.<\/p>\n<p>Airincline ist praktisch zum transportieren, leicht und schnell aufgebaut.<\/p>\n<p><iframe loading=\"lazy\" title=\"AirIncline - GYMNASTICS\" width=\"745\" height=\"419\" src=\"https:\/\/www.youtube.com\/embed\/0dI-1NXec2I?feature=oembed\" frameborder=\"0\" allow=\"accelerometer; autoplay; clipboard-write; encrypted-media; gyroscope; picture-in-picture; web-share\" referrerpolicy=\"strict-origin-when-cross-origin\" allowfullscreen><\/iframe><\/p>\n","protected":false},"excerpt":{"rendered":"<p>Airincline in verschiedenen Gr\u00f6ssen &#8211; zum \u00dcben von Flick-Flacks, \u00dcberschlag, Rollen, Vorw\u00e4rtssaltos und R\u00e4dern<br \/>\nLieferung inkl. <a href=\"https:\/\/www.airtracksports.com\/index.php\/produkt\/ov10-geblaese\/\" target=\"_blank\" rel=\"noopener noreferrer\">Gebl\u00e4se OV10<\/a>, Anleitung, 2 Jahre Garantie, Service Schweiz<\/p>\n","protected":false},"featured_media":4150,"template":"","meta":[],"product_brand":[],"product_cat":[40],"product_tag":[],"class_list":{"0":"post-4135","1":"product","2":"type-product","3":"status-publish","4":"has-post-thumbnail","6":"product_cat-profi-produkte","7":"product_shipping_class-paket-xl","9":"first","10":"onbackorder","11":"taxable","12":"shipping-taxable","13":"purchasable","14":"product-type-variable"},"yoast_head":"<!-- This site is optimized with the Yoast SEO plugin v27.6 - https:\/\/yoast.com\/product\/yoast-seo-wordpress\/ -->\n<title>Airtracksports - Airincline - Profimaterial f\u00fcrs Turnen<\/title>\n<meta name=\"description\" content=\"Airincline bietet wahnsinnig viele Trainingm\u00f6glichkeiten. Es ist ideal, um \u00dcbungen wie Vorw\u00e4rtssalto, \u00dcberschlag, R\u00e4der oder Rollen zu \u00fcben.\" \/>\n<meta name=\"robots\" content=\"index, follow, max-snippet:-1, max-image-preview:large, max-video-preview:-1\" \/>\n<link rel=\"canonical\" href=\"https:\/\/www.airtracksports.com\/index.php\/produkt\/airincline\/\" \/>\n<meta property=\"og:locale\" content=\"de_DE\" \/>\n<meta property=\"og:type\" content=\"article\" \/>\n<meta property=\"og:title\" content=\"Airtracksports - Airincline - Profimaterial f\u00fcrs Turnen\" \/>\n<meta property=\"og:description\" content=\"Airincline bietet wahnsinnig viele Trainingm\u00f6glichkeiten. Es ist ideal, um \u00dcbungen wie Vorw\u00e4rtssalto, \u00dcberschlag, R\u00e4der oder Rollen zu \u00fcben.\" \/>\n<meta property=\"og:url\" content=\"https:\/\/www.airtracksports.com\/index.php\/produkt\/airincline\/\" \/>\n<meta property=\"og:site_name\" content=\"AirTrackSports\" \/>\n<meta property=\"article:modified_time\" content=\"2026-05-04T11:51:30+00:00\" \/>\n<meta property=\"og:image\" content=\"https:\/\/www.airtracksports.com\/wp-content\/uploads\/2020\/09\/Airincline.png\" \/>\n\t<meta property=\"og:image:width\" content=\"1522\" \/>\n\t<meta property=\"og:image:height\" content=\"914\" \/>\n\t<meta property=\"og:image:type\" content=\"image\/png\" \/>\n<meta name=\"twitter:card\" content=\"summary_large_image\" \/>\n<meta name=\"twitter:label1\" content=\"Gesch\u00e4tzte Lesezeit\" \/>\n\t<meta name=\"twitter:data1\" content=\"1\u00a0Minute\" \/>\n<script type=\"application\/ld+json\" class=\"yoast-schema-graph\">{\"@context\":\"https:\\\/\\\/schema.org\",\"@graph\":[{\"@type\":\"WebPage\",\"@id\":\"https:\\\/\\\/www.airtracksports.com\\\/index.php\\\/produkt\\\/airincline\\\/\",\"url\":\"https:\\\/\\\/www.airtracksports.com\\\/index.php\\\/produkt\\\/airincline\\\/\",\"name\":\"Airtracksports - Airincline - Profimaterial f\u00fcrs Turnen\",\"isPartOf\":{\"@id\":\"https:\\\/\\\/www.airtracksports.com\\\/#website\"},\"primaryImageOfPage\":{\"@id\":\"https:\\\/\\\/www.airtracksports.com\\\/index.php\\\/produkt\\\/airincline\\\/#primaryimage\"},\"image\":{\"@id\":\"https:\\\/\\\/www.airtracksports.com\\\/index.php\\\/produkt\\\/airincline\\\/#primaryimage\"},\"thumbnailUrl\":\"https:\\\/\\\/www.airtracksports.com\\\/wp-content\\\/uploads\\\/2020\\\/09\\\/Airincline.png\",\"datePublished\":\"2020-09-28T08:22:45+00:00\",\"dateModified\":\"2026-05-04T11:51:30+00:00\",\"description\":\"Airincline bietet wahnsinnig viele Trainingm\u00f6glichkeiten. Es ist ideal, um \u00dcbungen wie Vorw\u00e4rtssalto, \u00dcberschlag, R\u00e4der oder Rollen zu \u00fcben.\",\"breadcrumb\":{\"@id\":\"https:\\\/\\\/www.airtracksports.com\\\/index.php\\\/produkt\\\/airincline\\\/#breadcrumb\"},\"inLanguage\":\"de\",\"potentialAction\":[{\"@type\":\"ReadAction\",\"target\":[\"https:\\\/\\\/www.airtracksports.com\\\/index.php\\\/produkt\\\/airincline\\\/\"]}]},{\"@type\":\"ImageObject\",\"inLanguage\":\"de\",\"@id\":\"https:\\\/\\\/www.airtracksports.com\\\/index.php\\\/produkt\\\/airincline\\\/#primaryimage\",\"url\":\"https:\\\/\\\/www.airtracksports.com\\\/wp-content\\\/uploads\\\/2020\\\/09\\\/Airincline.png\",\"contentUrl\":\"https:\\\/\\\/www.airtracksports.com\\\/wp-content\\\/uploads\\\/2020\\\/09\\\/Airincline.png\",\"width\":1522,\"height\":914,\"caption\":\"Airincline von Airtrackfactory Schweiz - Top-Qualit\u00e4t\"},{\"@type\":\"BreadcrumbList\",\"@id\":\"https:\\\/\\\/www.airtracksports.com\\\/index.php\\\/produkt\\\/airincline\\\/#breadcrumb\",\"itemListElement\":[{\"@type\":\"ListItem\",\"position\":1,\"name\":\"Startseite\",\"item\":\"https:\\\/\\\/www.airtracksports.com\\\/\"},{\"@type\":\"ListItem\",\"position\":2,\"name\":\"Airtrack-Shop\",\"item\":\"https:\\\/\\\/www.airtracksports.com\\\/index.php\\\/shop\\\/\"},{\"@type\":\"ListItem\",\"position\":3,\"name\":\"Airincline\"}]},{\"@type\":\"WebSite\",\"@id\":\"https:\\\/\\\/www.airtracksports.com\\\/#website\",\"url\":\"https:\\\/\\\/www.airtracksports.com\\\/\",\"name\":\"AirTrackSports\",\"description\":\"\",\"publisher\":{\"@id\":\"https:\\\/\\\/www.airtracksports.com\\\/#organization\"},\"potentialAction\":[{\"@type\":\"SearchAction\",\"target\":{\"@type\":\"EntryPoint\",\"urlTemplate\":\"https:\\\/\\\/www.airtracksports.com\\\/?s={search_term_string}\"},\"query-input\":{\"@type\":\"PropertyValueSpecification\",\"valueRequired\":true,\"valueName\":\"search_term_string\"}}],\"inLanguage\":\"de\"},{\"@type\":\"Organization\",\"@id\":\"https:\\\/\\\/www.airtracksports.com\\\/#organization\",\"name\":\"AirTrackSports\",\"url\":\"https:\\\/\\\/www.airtracksports.com\\\/\",\"logo\":{\"@type\":\"ImageObject\",\"inLanguage\":\"de\",\"@id\":\"https:\\\/\\\/www.airtracksports.com\\\/#\\\/schema\\\/logo\\\/image\\\/\",\"url\":\"https:\\\/\\\/www.airtracksports.com\\\/wp-content\\\/uploads\\\/2020\\\/05\\\/cropped-LogoAirTrack-4.jpg\",\"contentUrl\":\"https:\\\/\\\/www.airtracksports.com\\\/wp-content\\\/uploads\\\/2020\\\/05\\\/cropped-LogoAirTrack-4.jpg\",\"width\":225,\"height\":90,\"caption\":\"AirTrackSports\"},\"image\":{\"@id\":\"https:\\\/\\\/www.airtracksports.com\\\/#\\\/schema\\\/logo\\\/image\\\/\"}}]}<\/script>\n<!-- \/ Yoast SEO plugin. -->","yoast_head_json":{"title":"Airtracksports - Airincline - Profimaterial f\u00fcrs Turnen","description":"Airincline bietet wahnsinnig viele Trainingm\u00f6glichkeiten. Es ist ideal, um \u00dcbungen wie Vorw\u00e4rtssalto, \u00dcberschlag, R\u00e4der oder Rollen zu \u00fcben.","robots":{"index":"index","follow":"follow","max-snippet":"max-snippet:-1","max-image-preview":"max-image-preview:large","max-video-preview":"max-video-preview:-1"},"canonical":"https:\/\/www.airtracksports.com\/index.php\/produkt\/airincline\/","og_locale":"de_DE","og_type":"article","og_title":"Airtracksports - Airincline - Profimaterial f\u00fcrs Turnen","og_description":"Airincline bietet wahnsinnig viele Trainingm\u00f6glichkeiten. Es ist ideal, um \u00dcbungen wie Vorw\u00e4rtssalto, \u00dcberschlag, R\u00e4der oder Rollen zu \u00fcben.","og_url":"https:\/\/www.airtracksports.com\/index.php\/produkt\/airincline\/","og_site_name":"AirTrackSports","article_modified_time":"2026-05-04T11:51:30+00:00","og_image":[{"width":1522,"height":914,"url":"https:\/\/www.airtracksports.com\/wp-content\/uploads\/2020\/09\/Airincline.png","type":"image\/png"}],"twitter_card":"summary_large_image","twitter_misc":{"Gesch\u00e4tzte Lesezeit":"1\u00a0Minute"},"schema":{"@context":"https:\/\/schema.org","@graph":[{"@type":"WebPage","@id":"https:\/\/www.airtracksports.com\/index.php\/produkt\/airincline\/","url":"https:\/\/www.airtracksports.com\/index.php\/produkt\/airincline\/","name":"Airtracksports - Airincline - Profimaterial f\u00fcrs Turnen","isPartOf":{"@id":"https:\/\/www.airtracksports.com\/#website"},"primaryImageOfPage":{"@id":"https:\/\/www.airtracksports.com\/index.php\/produkt\/airincline\/#primaryimage"},"image":{"@id":"https:\/\/www.airtracksports.com\/index.php\/produkt\/airincline\/#primaryimage"},"thumbnailUrl":"https:\/\/www.airtracksports.com\/wp-content\/uploads\/2020\/09\/Airincline.png","datePublished":"2020-09-28T08:22:45+00:00","dateModified":"2026-05-04T11:51:30+00:00","description":"Airincline bietet wahnsinnig viele Trainingm\u00f6glichkeiten. Es ist ideal, um \u00dcbungen wie Vorw\u00e4rtssalto, \u00dcberschlag, R\u00e4der oder Rollen zu \u00fcben.","breadcrumb":{"@id":"https:\/\/www.airtracksports.com\/index.php\/produkt\/airincline\/#breadcrumb"},"inLanguage":"de","potentialAction":[{"@type":"ReadAction","target":["https:\/\/www.airtracksports.com\/index.php\/produkt\/airincline\/"]}]},{"@type":"ImageObject","inLanguage":"de","@id":"https:\/\/www.airtracksports.com\/index.php\/produkt\/airincline\/#primaryimage","url":"https:\/\/www.airtracksports.com\/wp-content\/uploads\/2020\/09\/Airincline.png","contentUrl":"https:\/\/www.airtracksports.com\/wp-content\/uploads\/2020\/09\/Airincline.png","width":1522,"height":914,"caption":"Airincline von Airtrackfactory Schweiz - Top-Qualit\u00e4t"},{"@type":"BreadcrumbList","@id":"https:\/\/www.airtracksports.com\/index.php\/produkt\/airincline\/#breadcrumb","itemListElement":[{"@type":"ListItem","position":1,"name":"Startseite","item":"https:\/\/www.airtracksports.com\/"},{"@type":"ListItem","position":2,"name":"Airtrack-Shop","item":"https:\/\/www.airtracksports.com\/index.php\/shop\/"},{"@type":"ListItem","position":3,"name":"Airincline"}]},{"@type":"WebSite","@id":"https:\/\/www.airtracksports.com\/#website","url":"https:\/\/www.airtracksports.com\/","name":"AirTrackSports","description":"","publisher":{"@id":"https:\/\/www.airtracksports.com\/#organization"},"potentialAction":[{"@type":"SearchAction","target":{"@type":"EntryPoint","urlTemplate":"https:\/\/www.airtracksports.com\/?s={search_term_string}"},"query-input":{"@type":"PropertyValueSpecification","valueRequired":true,"valueName":"search_term_string"}}],"inLanguage":"de"},{"@type":"Organization","@id":"https:\/\/www.airtracksports.com\/#organization","name":"AirTrackSports","url":"https:\/\/www.airtracksports.com\/","logo":{"@type":"ImageObject","inLanguage":"de","@id":"https:\/\/www.airtracksports.com\/#\/schema\/logo\/image\/","url":"https:\/\/www.airtracksports.com\/wp-content\/uploads\/2020\/05\/cropped-LogoAirTrack-4.jpg","contentUrl":"https:\/\/www.airtracksports.com\/wp-content\/uploads\/2020\/05\/cropped-LogoAirTrack-4.jpg","width":225,"height":90,"caption":"AirTrackSports"},"image":{"@id":"https:\/\/www.airtracksports.com\/#\/schema\/logo\/image\/"}}]}},"_links":{"self":[{"href":"https:\/\/www.airtracksports.com\/index.php\/wp-json\/wp\/v2\/product\/4135","targetHints":{"allow":["GET"]}}],"collection":[{"href":"https:\/\/www.airtracksports.com\/index.php\/wp-json\/wp\/v2\/product"}],"about":[{"href":"https:\/\/www.airtracksports.com\/index.php\/wp-json\/wp\/v2\/types\/product"}],"wp:featuredmedia":[{"embeddable":true,"href":"https:\/\/www.airtracksports.com\/index.php\/wp-json\/wp\/v2\/media\/4150"}],"wp:attachment":[{"href":"https:\/\/www.airtracksports.com\/index.php\/wp-json\/wp\/v2\/media?parent=4135"}],"wp:term":[{"taxonomy":"product_brand","embeddable":true,"href":"https:\/\/www.airtracksports.com\/index.php\/wp-json\/wp\/v2\/product_brand?post=4135"},{"taxonomy":"product_cat","embeddable":true,"href":"https:\/\/www.airtracksports.com\/index.php\/wp-json\/wp\/v2\/product_cat?post=4135"},{"taxonomy":"product_tag","embeddable":true,"href":"https:\/\/www.airtracksports.com\/index.php\/wp-json\/wp\/v2\/product_tag?post=4135"}],"curies":[{"name":"wp","href":"https:\/\/api.w.org\/{rel}","templated":true}]}}