{"id":5675,"date":"2022-09-08T14:12:08","date_gmt":"2022-09-08T12:12:08","guid":{"rendered":"https:\/\/www.airtracksports.com\/?post_type=product&#038;p=5675"},"modified":"2026-01-08T16:28:01","modified_gmt":"2026-01-08T15:28:01","slug":"airspot-p1-70cm","status":"publish","type":"product","link":"https:\/\/www.airtracksports.com\/index.php\/produkt\/airspot-p1-70cm\/","title":{"rendered":"Airspot P1 \u00d8 70cm"},"content":{"rendered":"<p>Der Airspot P1 ist die runde Version unseres <a href=\"https:\/\/www.airtracksports.com\/index.php\/produkt\/airboard\/\" target=\"_blank\" rel=\"noopener noreferrer\">Airboards<\/a>. Durch sein kleines Gewicht und Gr\u00f6sse l\u00e4sst er sich bequem an jeden Ort mitnehmen und aufblasen. Airspot ist eine sch\u00f6ne Basis, die als Sprungkissen oder f\u00fcr etwas mehr H\u00f6he f\u00fcr Saltos aus dem Stand oder andere Spr\u00fcnge verwendet werden kann. Der Airspot ist auch ein gro\u00dfer Spa\u00df f\u00fcr Kleinkinder, die ihn als H\u00fcpffl\u00e4che benutzen k\u00f6nnen.<\/p>\n<p><iframe loading=\"lazy\" title=\"AirSpot - AirTrack Factory\" width=\"745\" height=\"419\" src=\"https:\/\/www.youtube.com\/embed\/rKIH7F2yQK8?feature=oembed\" frameborder=\"0\" allow=\"accelerometer; autoplay; clipboard-write; encrypted-media; gyroscope; picture-in-picture; web-share\" referrerpolicy=\"strict-origin-when-cross-origin\" allowfullscreen><\/iframe><\/p>\n","protected":false},"excerpt":{"rendered":"<p>Airspot P1 mit \u00d8 70cm und H\u00f6he 10cm &#8211; perfekt f\u00fcrs Training auf kleinstem Raum. Inkl. <a href=\"https:\/\/www.airtracksports.com\/index.php\/produkt\/fusspumpe\/\" target=\"_blank\" rel=\"noopener noreferrer\">Fusspumpe<\/a>, Anleitung, 2 Jahre Garantie, Service CH<\/p>\n<p>Material:<br \/>\n&#8211; SportsDWF (double wall fabric)<br \/>\n&#8211; Carbon-N\u00e4hte<br \/>\n&#8211; Weiche Neopren-Tragegriffe<\/p>\n","protected":false},"featured_media":2023,"template":"","meta":[],"product_brand":[],"product_cat":[40,39],"product_tag":[],"class_list":{"0":"post-5675","1":"product","2":"type-product","3":"status-publish","4":"has-post-thumbnail","6":"product_cat-profi-produkte","7":"product_cat-training","8":"product_shipping_class-paket-m","10":"first","11":"onbackorder","12":"taxable","13":"shipping-taxable","14":"purchasable","15":"product-type-simple"},"yoast_head":"<!-- This site is optimized with the Yoast SEO plugin v27.5 - https:\/\/yoast.com\/product\/yoast-seo-wordpress\/ -->\n<title>Airtracksports - Airspot P1 \u00d8 70cm - trainiere zuhause weiter<\/title>\n<meta name=\"description\" content=\"Der Airspot ist die runde Version unserer Airtracks. Durch sein kleines Gewicht und Gr\u00f6sse l\u00e4sst er sich bequem an jeden Ort mitnehmen und aufblasen.\" \/>\n<meta name=\"robots\" content=\"index, follow, max-snippet:-1, max-image-preview:large, max-video-preview:-1\" \/>\n<link rel=\"canonical\" href=\"https:\/\/www.airtracksports.com\/index.php\/produkt\/airspot-p1-70cm\/\" \/>\n<meta property=\"og:locale\" content=\"de_DE\" \/>\n<meta property=\"og:type\" content=\"article\" \/>\n<meta property=\"og:title\" content=\"Airtracksports - Airspot P1 \u00d8 70cm - trainiere zuhause weiter\" \/>\n<meta property=\"og:description\" content=\"Der Airspot ist die runde Version unserer Airtracks. Durch sein kleines Gewicht und Gr\u00f6sse l\u00e4sst er sich bequem an jeden Ort mitnehmen und aufblasen.\" \/>\n<meta property=\"og:url\" content=\"https:\/\/www.airtracksports.com\/index.php\/produkt\/airspot-p1-70cm\/\" \/>\n<meta property=\"og:site_name\" content=\"AirTrackSports\" \/>\n<meta property=\"article:modified_time\" content=\"2026-01-08T15:28:01+00:00\" \/>\n<meta property=\"og:image\" content=\"https:\/\/www.airtracksports.com\/wp-content\/uploads\/2020\/05\/AirSpot_S.png\" \/>\n\t<meta property=\"og:image:width\" content=\"1478\" \/>\n\t<meta property=\"og:image:height\" content=\"1240\" \/>\n\t<meta property=\"og:image:type\" content=\"image\/png\" \/>\n<meta name=\"twitter:card\" content=\"summary_large_image\" \/>\n<meta name=\"twitter:label1\" content=\"Gesch\u00e4tzte Lesezeit\" \/>\n\t<meta name=\"twitter:data1\" content=\"1\u00a0Minute\" \/>\n<script type=\"application\/ld+json\" class=\"yoast-schema-graph\">{\"@context\":\"https:\\\/\\\/schema.org\",\"@graph\":[{\"@type\":\"WebPage\",\"@id\":\"https:\\\/\\\/www.airtracksports.com\\\/index.php\\\/produkt\\\/airspot-p1-70cm\\\/\",\"url\":\"https:\\\/\\\/www.airtracksports.com\\\/index.php\\\/produkt\\\/airspot-p1-70cm\\\/\",\"name\":\"Airtracksports - Airspot P1 \u00d8 70cm - trainiere zuhause weiter\",\"isPartOf\":{\"@id\":\"https:\\\/\\\/www.airtracksports.com\\\/#website\"},\"primaryImageOfPage\":{\"@id\":\"https:\\\/\\\/www.airtracksports.com\\\/index.php\\\/produkt\\\/airspot-p1-70cm\\\/#primaryimage\"},\"image\":{\"@id\":\"https:\\\/\\\/www.airtracksports.com\\\/index.php\\\/produkt\\\/airspot-p1-70cm\\\/#primaryimage\"},\"thumbnailUrl\":\"https:\\\/\\\/www.airtracksports.com\\\/wp-content\\\/uploads\\\/2020\\\/05\\\/AirSpot_S.png\",\"datePublished\":\"2022-09-08T12:12:08+00:00\",\"dateModified\":\"2026-01-08T15:28:01+00:00\",\"description\":\"Der Airspot ist die runde Version unserer Airtracks. Durch sein kleines Gewicht und Gr\u00f6sse l\u00e4sst er sich bequem an jeden Ort mitnehmen und aufblasen.\",\"breadcrumb\":{\"@id\":\"https:\\\/\\\/www.airtracksports.com\\\/index.php\\\/produkt\\\/airspot-p1-70cm\\\/#breadcrumb\"},\"inLanguage\":\"de\",\"potentialAction\":[{\"@type\":\"ReadAction\",\"target\":[\"https:\\\/\\\/www.airtracksports.com\\\/index.php\\\/produkt\\\/airspot-p1-70cm\\\/\"]}]},{\"@type\":\"ImageObject\",\"inLanguage\":\"de\",\"@id\":\"https:\\\/\\\/www.airtracksports.com\\\/index.php\\\/produkt\\\/airspot-p1-70cm\\\/#primaryimage\",\"url\":\"https:\\\/\\\/www.airtracksports.com\\\/wp-content\\\/uploads\\\/2020\\\/05\\\/AirSpot_S.png\",\"contentUrl\":\"https:\\\/\\\/www.airtracksports.com\\\/wp-content\\\/uploads\\\/2020\\\/05\\\/AirSpot_S.png\",\"width\":1478,\"height\":1240,\"caption\":\"AirSpot S von Airtrackfactory Schweiz - Top-Qualit\u00e4t\"},{\"@type\":\"BreadcrumbList\",\"@id\":\"https:\\\/\\\/www.airtracksports.com\\\/index.php\\\/produkt\\\/airspot-p1-70cm\\\/#breadcrumb\",\"itemListElement\":[{\"@type\":\"ListItem\",\"position\":1,\"name\":\"Startseite\",\"item\":\"https:\\\/\\\/www.airtracksports.com\\\/\"},{\"@type\":\"ListItem\",\"position\":2,\"name\":\"Airtrack-Shop\",\"item\":\"https:\\\/\\\/www.airtracksports.com\\\/index.php\\\/shop\\\/\"},{\"@type\":\"ListItem\",\"position\":3,\"name\":\"Airspot P1 \u00d8 70cm\"}]},{\"@type\":\"WebSite\",\"@id\":\"https:\\\/\\\/www.airtracksports.com\\\/#website\",\"url\":\"https:\\\/\\\/www.airtracksports.com\\\/\",\"name\":\"AirTrackSports\",\"description\":\"\",\"publisher\":{\"@id\":\"https:\\\/\\\/www.airtracksports.com\\\/#organization\"},\"potentialAction\":[{\"@type\":\"SearchAction\",\"target\":{\"@type\":\"EntryPoint\",\"urlTemplate\":\"https:\\\/\\\/www.airtracksports.com\\\/?s={search_term_string}\"},\"query-input\":{\"@type\":\"PropertyValueSpecification\",\"valueRequired\":true,\"valueName\":\"search_term_string\"}}],\"inLanguage\":\"de\"},{\"@type\":\"Organization\",\"@id\":\"https:\\\/\\\/www.airtracksports.com\\\/#organization\",\"name\":\"AirTrackSports\",\"url\":\"https:\\\/\\\/www.airtracksports.com\\\/\",\"logo\":{\"@type\":\"ImageObject\",\"inLanguage\":\"de\",\"@id\":\"https:\\\/\\\/www.airtracksports.com\\\/#\\\/schema\\\/logo\\\/image\\\/\",\"url\":\"https:\\\/\\\/www.airtracksports.com\\\/wp-content\\\/uploads\\\/2020\\\/05\\\/cropped-LogoAirTrack-4.jpg\",\"contentUrl\":\"https:\\\/\\\/www.airtracksports.com\\\/wp-content\\\/uploads\\\/2020\\\/05\\\/cropped-LogoAirTrack-4.jpg\",\"width\":225,\"height\":90,\"caption\":\"AirTrackSports\"},\"image\":{\"@id\":\"https:\\\/\\\/www.airtracksports.com\\\/#\\\/schema\\\/logo\\\/image\\\/\"}}]}<\/script>\n<!-- \/ Yoast SEO plugin. -->","yoast_head_json":{"title":"Airtracksports - Airspot P1 \u00d8 70cm - trainiere zuhause weiter","description":"Der Airspot ist die runde Version unserer Airtracks. Durch sein kleines Gewicht und Gr\u00f6sse l\u00e4sst er sich bequem an jeden Ort mitnehmen und aufblasen.","robots":{"index":"index","follow":"follow","max-snippet":"max-snippet:-1","max-image-preview":"max-image-preview:large","max-video-preview":"max-video-preview:-1"},"canonical":"https:\/\/www.airtracksports.com\/index.php\/produkt\/airspot-p1-70cm\/","og_locale":"de_DE","og_type":"article","og_title":"Airtracksports - Airspot P1 \u00d8 70cm - trainiere zuhause weiter","og_description":"Der Airspot ist die runde Version unserer Airtracks. Durch sein kleines Gewicht und Gr\u00f6sse l\u00e4sst er sich bequem an jeden Ort mitnehmen und aufblasen.","og_url":"https:\/\/www.airtracksports.com\/index.php\/produkt\/airspot-p1-70cm\/","og_site_name":"AirTrackSports","article_modified_time":"2026-01-08T15:28:01+00:00","og_image":[{"width":1478,"height":1240,"url":"https:\/\/www.airtracksports.com\/wp-content\/uploads\/2020\/05\/AirSpot_S.png","type":"image\/png"}],"twitter_card":"summary_large_image","twitter_misc":{"Gesch\u00e4tzte Lesezeit":"1\u00a0Minute"},"schema":{"@context":"https:\/\/schema.org","@graph":[{"@type":"WebPage","@id":"https:\/\/www.airtracksports.com\/index.php\/produkt\/airspot-p1-70cm\/","url":"https:\/\/www.airtracksports.com\/index.php\/produkt\/airspot-p1-70cm\/","name":"Airtracksports - Airspot P1 \u00d8 70cm - trainiere zuhause weiter","isPartOf":{"@id":"https:\/\/www.airtracksports.com\/#website"},"primaryImageOfPage":{"@id":"https:\/\/www.airtracksports.com\/index.php\/produkt\/airspot-p1-70cm\/#primaryimage"},"image":{"@id":"https:\/\/www.airtracksports.com\/index.php\/produkt\/airspot-p1-70cm\/#primaryimage"},"thumbnailUrl":"https:\/\/www.airtracksports.com\/wp-content\/uploads\/2020\/05\/AirSpot_S.png","datePublished":"2022-09-08T12:12:08+00:00","dateModified":"2026-01-08T15:28:01+00:00","description":"Der Airspot ist die runde Version unserer Airtracks. Durch sein kleines Gewicht und Gr\u00f6sse l\u00e4sst er sich bequem an jeden Ort mitnehmen und aufblasen.","breadcrumb":{"@id":"https:\/\/www.airtracksports.com\/index.php\/produkt\/airspot-p1-70cm\/#breadcrumb"},"inLanguage":"de","potentialAction":[{"@type":"ReadAction","target":["https:\/\/www.airtracksports.com\/index.php\/produkt\/airspot-p1-70cm\/"]}]},{"@type":"ImageObject","inLanguage":"de","@id":"https:\/\/www.airtracksports.com\/index.php\/produkt\/airspot-p1-70cm\/#primaryimage","url":"https:\/\/www.airtracksports.com\/wp-content\/uploads\/2020\/05\/AirSpot_S.png","contentUrl":"https:\/\/www.airtracksports.com\/wp-content\/uploads\/2020\/05\/AirSpot_S.png","width":1478,"height":1240,"caption":"AirSpot S von Airtrackfactory Schweiz - Top-Qualit\u00e4t"},{"@type":"BreadcrumbList","@id":"https:\/\/www.airtracksports.com\/index.php\/produkt\/airspot-p1-70cm\/#breadcrumb","itemListElement":[{"@type":"ListItem","position":1,"name":"Startseite","item":"https:\/\/www.airtracksports.com\/"},{"@type":"ListItem","position":2,"name":"Airtrack-Shop","item":"https:\/\/www.airtracksports.com\/index.php\/shop\/"},{"@type":"ListItem","position":3,"name":"Airspot P1 \u00d8 70cm"}]},{"@type":"WebSite","@id":"https:\/\/www.airtracksports.com\/#website","url":"https:\/\/www.airtracksports.com\/","name":"AirTrackSports","description":"","publisher":{"@id":"https:\/\/www.airtracksports.com\/#organization"},"potentialAction":[{"@type":"SearchAction","target":{"@type":"EntryPoint","urlTemplate":"https:\/\/www.airtracksports.com\/?s={search_term_string}"},"query-input":{"@type":"PropertyValueSpecification","valueRequired":true,"valueName":"search_term_string"}}],"inLanguage":"de"},{"@type":"Organization","@id":"https:\/\/www.airtracksports.com\/#organization","name":"AirTrackSports","url":"https:\/\/www.airtracksports.com\/","logo":{"@type":"ImageObject","inLanguage":"de","@id":"https:\/\/www.airtracksports.com\/#\/schema\/logo\/image\/","url":"https:\/\/www.airtracksports.com\/wp-content\/uploads\/2020\/05\/cropped-LogoAirTrack-4.jpg","contentUrl":"https:\/\/www.airtracksports.com\/wp-content\/uploads\/2020\/05\/cropped-LogoAirTrack-4.jpg","width":225,"height":90,"caption":"AirTrackSports"},"image":{"@id":"https:\/\/www.airtracksports.com\/#\/schema\/logo\/image\/"}}]}},"_links":{"self":[{"href":"https:\/\/www.airtracksports.com\/index.php\/wp-json\/wp\/v2\/product\/5675","targetHints":{"allow":["GET"]}}],"collection":[{"href":"https:\/\/www.airtracksports.com\/index.php\/wp-json\/wp\/v2\/product"}],"about":[{"href":"https:\/\/www.airtracksports.com\/index.php\/wp-json\/wp\/v2\/types\/product"}],"wp:featuredmedia":[{"embeddable":true,"href":"https:\/\/www.airtracksports.com\/index.php\/wp-json\/wp\/v2\/media\/2023"}],"wp:attachment":[{"href":"https:\/\/www.airtracksports.com\/index.php\/wp-json\/wp\/v2\/media?parent=5675"}],"wp:term":[{"taxonomy":"product_brand","embeddable":true,"href":"https:\/\/www.airtracksports.com\/index.php\/wp-json\/wp\/v2\/product_brand?post=5675"},{"taxonomy":"product_cat","embeddable":true,"href":"https:\/\/www.airtracksports.com\/index.php\/wp-json\/wp\/v2\/product_cat?post=5675"},{"taxonomy":"product_tag","embeddable":true,"href":"https:\/\/www.airtracksports.com\/index.php\/wp-json\/wp\/v2\/product_tag?post=5675"}],"curies":[{"name":"wp","href":"https:\/\/api.w.org\/{rel}","templated":true}]}}