{"id":5823,"date":"2022-11-17T15:19:02","date_gmt":"2022-11-17T14:19:02","guid":{"rendered":"https:\/\/www.airtracksports.com\/index.php\/produkt\/airtrack-spark-p2-4-x-2m\/"},"modified":"2022-12-19T00:03:40","modified_gmt":"2022-12-18T23:03:40","slug":"airtrack-spark-4-x-2m-2","status":"publish","type":"product","link":"https:\/\/www.airtracksports.com\/index.php\/produkt\/airtrack-spark-4-x-2m-2\/?lang=fr","title":{"rendered":"Airtrack Spark P2 4 x 2m"},"content":{"rendered":"<p>Notre mat\u00e9riau sp\u00e9cialement d\u00e9velopp\u00e9, de 20 cm d\u2019\u00e9paisseur et \u00e0 double paroi, fait de l\u2019Airtrack Spark le meilleur tapis de gymnastique pour la maison \u00e0 ce jour. La grande surface le rend encore plus s\u00fbr et plus polyvalent. La couture carbone est juste l\u2019une des caract\u00e9ristiques qui caract\u00e9rise le produit fantastique.<\/p>\n","protected":false},"excerpt":{"rendered":"<p>Airtrack Spark P2 4 x 2m (20cm de haut). Livraison avec<a href=\"https:\/\/www.airtracksports.com\/index.php\/produkt\/ov4-geblaese\/\" target=\"_blank\" rel=\"noopener noreferrer\"><br \/>\n  <strong> ventilateur \u00e9lectrique OV4<\/strong><br \/>\n<\/a> &#8211; notre meilleur produit pour un usage domestique. incl. sac de transport noir, instructions, garantie de 5 ans, service CH.<\/p>\n","protected":false},"featured_media":5820,"template":"","meta":[],"product_brand":[],"product_cat":[85,86],"product_tag":[],"class_list":{"0":"post-5823","1":"product","2":"type-product","3":"status-publish","4":"has-post-thumbnail","6":"product_cat-entrainement","7":"product_cat-produits-professionnels","8":"product_shipping_class-paket-xl","10":"first","11":"onbackorder","12":"taxable","13":"shipping-taxable","14":"purchasable","15":"product-type-simple"},"yoast_head":"<!-- This site is optimized with the Yoast SEO plugin v27.6 - https:\/\/yoast.com\/product\/yoast-seo-wordpress\/ -->\n<title>Airtrack Spark P2 4 x 2m - AirTrackSports<\/title>\n<meta name=\"robots\" content=\"index, follow, max-snippet:-1, max-image-preview:large, max-video-preview:-1\" \/>\n<link rel=\"canonical\" href=\"https:\/\/www.airtracksports.com\/index.php\/produkt\/airtrack-spark-4-x-2m-2\/?lang=fr\" \/>\n<meta property=\"og:locale\" content=\"de_DE\" \/>\n<meta property=\"og:type\" content=\"article\" \/>\n<meta property=\"og:title\" content=\"Airtrack Spark P2 4 x 2m - AirTrackSports\" \/>\n<meta property=\"og:description\" content=\"Airtrack Spark P2 4 x 2m (20cm de haut). Livraison avec  ventilateur \u00e9lectrique OV4 - notre meilleur produit pour un usage domestique. incl. sac de transport noir, instructions, garantie de 5 ans, service CH.\" \/>\n<meta property=\"og:url\" content=\"https:\/\/www.airtracksports.com\/index.php\/produkt\/airtrack-spark-4-x-2m-2\/?lang=fr\" \/>\n<meta property=\"og:site_name\" content=\"AirTrackSports\" \/>\n<meta property=\"article:modified_time\" content=\"2022-12-18T23:03:40+00:00\" \/>\n<meta property=\"og:image\" content=\"https:\/\/www.airtracksports.com\/wp-content\/uploads\/2022\/11\/Airtrack-Spark-P2-4x2m-side.png\" \/>\n\t<meta property=\"og:image:width\" content=\"1621\" \/>\n\t<meta property=\"og:image:height\" content=\"907\" \/>\n\t<meta property=\"og:image:type\" content=\"image\/png\" \/>\n<meta name=\"twitter:card\" content=\"summary_large_image\" \/>\n<script type=\"application\/ld+json\" class=\"yoast-schema-graph\">{\"@context\":\"https:\\\/\\\/schema.org\",\"@graph\":[{\"@type\":\"WebPage\",\"@id\":\"https:\\\/\\\/www.airtracksports.com\\\/index.php\\\/produkt\\\/airtrack-spark-4-x-2m-2\\\/?lang=fr\",\"url\":\"https:\\\/\\\/www.airtracksports.com\\\/index.php\\\/produkt\\\/airtrack-spark-4-x-2m-2\\\/?lang=fr\",\"name\":\"Airtrack Spark P2 4 x 2m - AirTrackSports\",\"isPartOf\":{\"@id\":\"https:\\\/\\\/www.airtracksports.com\\\/#website\"},\"primaryImageOfPage\":{\"@id\":\"https:\\\/\\\/www.airtracksports.com\\\/index.php\\\/produkt\\\/airtrack-spark-4-x-2m-2\\\/?lang=fr#primaryimage\"},\"image\":{\"@id\":\"https:\\\/\\\/www.airtracksports.com\\\/index.php\\\/produkt\\\/airtrack-spark-4-x-2m-2\\\/?lang=fr#primaryimage\"},\"thumbnailUrl\":\"https:\\\/\\\/www.airtracksports.com\\\/wp-content\\\/uploads\\\/2022\\\/11\\\/Airtrack-Spark-P2-4x2m-side.png\",\"datePublished\":\"2022-11-17T14:19:02+00:00\",\"dateModified\":\"2022-12-18T23:03:40+00:00\",\"breadcrumb\":{\"@id\":\"https:\\\/\\\/www.airtracksports.com\\\/index.php\\\/produkt\\\/airtrack-spark-4-x-2m-2\\\/?lang=fr#breadcrumb\"},\"inLanguage\":\"de\",\"potentialAction\":[{\"@type\":\"ReadAction\",\"target\":[\"https:\\\/\\\/www.airtracksports.com\\\/index.php\\\/produkt\\\/airtrack-spark-4-x-2m-2\\\/?lang=fr\"]}]},{\"@type\":\"ImageObject\",\"inLanguage\":\"de\",\"@id\":\"https:\\\/\\\/www.airtracksports.com\\\/index.php\\\/produkt\\\/airtrack-spark-4-x-2m-2\\\/?lang=fr#primaryimage\",\"url\":\"https:\\\/\\\/www.airtracksports.com\\\/wp-content\\\/uploads\\\/2022\\\/11\\\/Airtrack-Spark-P2-4x2m-side.png\",\"contentUrl\":\"https:\\\/\\\/www.airtracksports.com\\\/wp-content\\\/uploads\\\/2022\\\/11\\\/Airtrack-Spark-P2-4x2m-side.png\",\"width\":1621,\"height\":907,\"caption\":\"Airtrack Spark P2 4x2m side\"},{\"@type\":\"BreadcrumbList\",\"@id\":\"https:\\\/\\\/www.airtracksports.com\\\/index.php\\\/produkt\\\/airtrack-spark-4-x-2m-2\\\/?lang=fr#breadcrumb\",\"itemListElement\":[{\"@type\":\"ListItem\",\"position\":1,\"name\":\"Startseite\",\"item\":\"https:\\\/\\\/www.airtracksports.com\\\/\"},{\"@type\":\"ListItem\",\"position\":2,\"name\":\"Airtrack-Shop\",\"item\":\"https:\\\/\\\/www.airtracksports.com\\\/index.php\\\/shop\\\/\"},{\"@type\":\"ListItem\",\"position\":3,\"name\":\"Airtrack Spark P2 4 x 2m\"}]},{\"@type\":\"WebSite\",\"@id\":\"https:\\\/\\\/www.airtracksports.com\\\/#website\",\"url\":\"https:\\\/\\\/www.airtracksports.com\\\/\",\"name\":\"AirTrackSports\",\"description\":\"\",\"publisher\":{\"@id\":\"https:\\\/\\\/www.airtracksports.com\\\/#organization\"},\"potentialAction\":[{\"@type\":\"SearchAction\",\"target\":{\"@type\":\"EntryPoint\",\"urlTemplate\":\"https:\\\/\\\/www.airtracksports.com\\\/?s={search_term_string}\"},\"query-input\":{\"@type\":\"PropertyValueSpecification\",\"valueRequired\":true,\"valueName\":\"search_term_string\"}}],\"inLanguage\":\"de\"},{\"@type\":\"Organization\",\"@id\":\"https:\\\/\\\/www.airtracksports.com\\\/#organization\",\"name\":\"AirTrackSports\",\"url\":\"https:\\\/\\\/www.airtracksports.com\\\/\",\"logo\":{\"@type\":\"ImageObject\",\"inLanguage\":\"de\",\"@id\":\"https:\\\/\\\/www.airtracksports.com\\\/#\\\/schema\\\/logo\\\/image\\\/\",\"url\":\"https:\\\/\\\/www.airtracksports.com\\\/wp-content\\\/uploads\\\/2020\\\/05\\\/cropped-LogoAirTrack-4.jpg\",\"contentUrl\":\"https:\\\/\\\/www.airtracksports.com\\\/wp-content\\\/uploads\\\/2020\\\/05\\\/cropped-LogoAirTrack-4.jpg\",\"width\":225,\"height\":90,\"caption\":\"AirTrackSports\"},\"image\":{\"@id\":\"https:\\\/\\\/www.airtracksports.com\\\/#\\\/schema\\\/logo\\\/image\\\/\"}}]}<\/script>\n<!-- \/ Yoast SEO plugin. -->","yoast_head_json":{"title":"Airtrack Spark P2 4 x 2m - AirTrackSports","robots":{"index":"index","follow":"follow","max-snippet":"max-snippet:-1","max-image-preview":"max-image-preview:large","max-video-preview":"max-video-preview:-1"},"canonical":"https:\/\/www.airtracksports.com\/index.php\/produkt\/airtrack-spark-4-x-2m-2\/?lang=fr","og_locale":"de_DE","og_type":"article","og_title":"Airtrack Spark P2 4 x 2m - AirTrackSports","og_description":"Airtrack Spark P2 4 x 2m (20cm de haut). Livraison avec  ventilateur \u00e9lectrique OV4 - notre meilleur produit pour un usage domestique. incl. sac de transport noir, instructions, garantie de 5 ans, service CH.","og_url":"https:\/\/www.airtracksports.com\/index.php\/produkt\/airtrack-spark-4-x-2m-2\/?lang=fr","og_site_name":"AirTrackSports","article_modified_time":"2022-12-18T23:03:40+00:00","og_image":[{"width":1621,"height":907,"url":"https:\/\/www.airtracksports.com\/wp-content\/uploads\/2022\/11\/Airtrack-Spark-P2-4x2m-side.png","type":"image\/png"}],"twitter_card":"summary_large_image","schema":{"@context":"https:\/\/schema.org","@graph":[{"@type":"WebPage","@id":"https:\/\/www.airtracksports.com\/index.php\/produkt\/airtrack-spark-4-x-2m-2\/?lang=fr","url":"https:\/\/www.airtracksports.com\/index.php\/produkt\/airtrack-spark-4-x-2m-2\/?lang=fr","name":"Airtrack Spark P2 4 x 2m - AirTrackSports","isPartOf":{"@id":"https:\/\/www.airtracksports.com\/#website"},"primaryImageOfPage":{"@id":"https:\/\/www.airtracksports.com\/index.php\/produkt\/airtrack-spark-4-x-2m-2\/?lang=fr#primaryimage"},"image":{"@id":"https:\/\/www.airtracksports.com\/index.php\/produkt\/airtrack-spark-4-x-2m-2\/?lang=fr#primaryimage"},"thumbnailUrl":"https:\/\/www.airtracksports.com\/wp-content\/uploads\/2022\/11\/Airtrack-Spark-P2-4x2m-side.png","datePublished":"2022-11-17T14:19:02+00:00","dateModified":"2022-12-18T23:03:40+00:00","breadcrumb":{"@id":"https:\/\/www.airtracksports.com\/index.php\/produkt\/airtrack-spark-4-x-2m-2\/?lang=fr#breadcrumb"},"inLanguage":"de","potentialAction":[{"@type":"ReadAction","target":["https:\/\/www.airtracksports.com\/index.php\/produkt\/airtrack-spark-4-x-2m-2\/?lang=fr"]}]},{"@type":"ImageObject","inLanguage":"de","@id":"https:\/\/www.airtracksports.com\/index.php\/produkt\/airtrack-spark-4-x-2m-2\/?lang=fr#primaryimage","url":"https:\/\/www.airtracksports.com\/wp-content\/uploads\/2022\/11\/Airtrack-Spark-P2-4x2m-side.png","contentUrl":"https:\/\/www.airtracksports.com\/wp-content\/uploads\/2022\/11\/Airtrack-Spark-P2-4x2m-side.png","width":1621,"height":907,"caption":"Airtrack Spark P2 4x2m side"},{"@type":"BreadcrumbList","@id":"https:\/\/www.airtracksports.com\/index.php\/produkt\/airtrack-spark-4-x-2m-2\/?lang=fr#breadcrumb","itemListElement":[{"@type":"ListItem","position":1,"name":"Startseite","item":"https:\/\/www.airtracksports.com\/"},{"@type":"ListItem","position":2,"name":"Airtrack-Shop","item":"https:\/\/www.airtracksports.com\/index.php\/shop\/"},{"@type":"ListItem","position":3,"name":"Airtrack Spark P2 4 x 2m"}]},{"@type":"WebSite","@id":"https:\/\/www.airtracksports.com\/#website","url":"https:\/\/www.airtracksports.com\/","name":"AirTrackSports","description":"","publisher":{"@id":"https:\/\/www.airtracksports.com\/#organization"},"potentialAction":[{"@type":"SearchAction","target":{"@type":"EntryPoint","urlTemplate":"https:\/\/www.airtracksports.com\/?s={search_term_string}"},"query-input":{"@type":"PropertyValueSpecification","valueRequired":true,"valueName":"search_term_string"}}],"inLanguage":"de"},{"@type":"Organization","@id":"https:\/\/www.airtracksports.com\/#organization","name":"AirTrackSports","url":"https:\/\/www.airtracksports.com\/","logo":{"@type":"ImageObject","inLanguage":"de","@id":"https:\/\/www.airtracksports.com\/#\/schema\/logo\/image\/","url":"https:\/\/www.airtracksports.com\/wp-content\/uploads\/2020\/05\/cropped-LogoAirTrack-4.jpg","contentUrl":"https:\/\/www.airtracksports.com\/wp-content\/uploads\/2020\/05\/cropped-LogoAirTrack-4.jpg","width":225,"height":90,"caption":"AirTrackSports"},"image":{"@id":"https:\/\/www.airtracksports.com\/#\/schema\/logo\/image\/"}}]}},"_links":{"self":[{"href":"https:\/\/www.airtracksports.com\/index.php\/wp-json\/wp\/v2\/product\/5823","targetHints":{"allow":["GET"]}}],"collection":[{"href":"https:\/\/www.airtracksports.com\/index.php\/wp-json\/wp\/v2\/product"}],"about":[{"href":"https:\/\/www.airtracksports.com\/index.php\/wp-json\/wp\/v2\/types\/product"}],"wp:featuredmedia":[{"embeddable":true,"href":"https:\/\/www.airtracksports.com\/index.php\/wp-json\/wp\/v2\/media\/5820"}],"wp:attachment":[{"href":"https:\/\/www.airtracksports.com\/index.php\/wp-json\/wp\/v2\/media?parent=5823"}],"wp:term":[{"taxonomy":"product_brand","embeddable":true,"href":"https:\/\/www.airtracksports.com\/index.php\/wp-json\/wp\/v2\/product_brand?post=5823"},{"taxonomy":"product_cat","embeddable":true,"href":"https:\/\/www.airtracksports.com\/index.php\/wp-json\/wp\/v2\/product_cat?post=5823"},{"taxonomy":"product_tag","embeddable":true,"href":"https:\/\/www.airtracksports.com\/index.php\/wp-json\/wp\/v2\/product_tag?post=5823"}],"curies":[{"name":"wp","href":"https:\/\/api.w.org\/{rel}","templated":true}]}}