{"id":6757,"date":"2024-10-10T08:46:55","date_gmt":"2024-10-10T06:46:55","guid":{"rendered":"https:\/\/www.airtracksports.com\/index.php\/produkt\/airtrack-p3-generation-2\/"},"modified":"2025-06-18T09:47:25","modified_gmt":"2025-06-18T07:47:25","slug":"airtrack-p3-generation-2","status":"publish","type":"product","link":"https:\/\/www.airtracksports.com\/index.php\/produkt\/airtrack-p3-generation-2\/?lang=fr","title":{"rendered":"Airtrack P3 &#8211; G\u00e9n\u00e9ration 2"},"content":{"rendered":"<p>D\u00e9sormais disponible en 3 tailles : l\u2019Airtrack 2 ! La nouvelle g\u00e9n\u00e9ration d\u2019Airtrackfactory est plus l\u00e9g\u00e8re, dure plus longtemps et offre plus de rebond. Avec le nouveau mat\u00e9riau, nos nouveaux Airtracks sont environ 40% plus l\u00e9gers qu\u2019auparavant ! Cela facilite le transport et le montage tout en r\u00e9duisant consid\u00e9rablement les \u00e9missions de CO2 ! D\u2019autres mod\u00e8les devraient suivre en 2025.Flyer <a href=\"https:\/\/www.airtracksports.com\/wp-content\/uploads\/2024\/10\/Airtrack-2-Flyer.pdf\" rel=\"noopener\" target=\"_blank\">Airtrack 2<\/a><br \/>\n&#8212;&#8212;&#8212;&#8212;&#8212;&#8212;&#8212;&#8212;&#8212;&#8212;&#8212;&#8212;&#8212;&#8212;&#8212;&#8212;&#8212;&#8212;&#8212;&#8212;&#8212;&#8212;&#8212;&#8212;&#8212;&#8212;&#8212;&#8212;&#8212;&#8212;&#8212;&#8212;&#8212;&#8212;&#8212;&#8212;&#8212;&#8212;&#8212;&#8212;&#8212;&#8212;&#8212;&#8212;&#8212;&#8212;&#8212;&#8212;&#8212;&#8212;&#8212;-<br \/>\nLes premiers Airtracks ont \u00e9t\u00e9 con\u00e7us par et pour Turner. <\/p>\n<p> Aujourd\u2019hui, les clubs de gymnastique remplacent les \u00e9quipements de gymnastique conventionnels tels que les bo\u00eetes \u00e0 sauter, les tapis de mousse ou le tremplin par des produits \u00e0 l\u2019air. AirProducts sont diff\u00e9rents de l\u2019ancien mat\u00e9riau lourd et dur en ce qu\u2019ils sont l\u00e9gers, doux et faciles \u00e0 stocker.<\/p>\n<p>Le P3 Airtrack est notre piste d\u2019air la plus polyvalente et offre le rebond le plus fort en raison de sa hauteur de 30cm. En raison de la hauteur, il est \u00e9galement facile de jouer avec la pression. Avec une faible pression, l\u2019AirTrack est doux et particuli\u00e8rement adapt\u00e9 pour travailler sur de nouveaux mouvements lents et l\u00e9gers. Une fois que vous avez ma\u00eetris\u00e9 l\u2019exercice, vous pouvez augmenter la pression de la piste et pratiquer des sauts rapides et techniques. <\/p>\n<p>Le tapis de 2,8 m de large est caract\u00e9ris\u00e9 par le fait qu\u2019il peut \u00eatre utilis\u00e9 comme une piste \u00e0 2 voies. Il est donc id\u00e9al pour les grands groupes de gymnastique.<\/p>\n<p>La manipulation de l\u2019entra\u00eenement ou des le\u00e7ons est pratique, car m\u00eame les grandes pistes d\u2019air telles que la piste de 15 x 2,8 m peuvent \u00eatre compl\u00e8tement d\u00e9mont\u00e9es, pli\u00e9es et introduites dans la salle de stockage en moins de 10 minutes.<\/p>\n<p>https:\/\/www.youtube.com\/watch?v=j1yw-y3wP_c https:\/\/www.youtube.com\/watch?v=LGvSNOEMFLI<\/p>\n","protected":false},"excerpt":{"rendered":"<p>Cette deuxi\u00e8me g\u00e9n\u00e9ration d\u2019AirTracks repr\u00e9sente l\u2019avenir de notre gamme de produits. Avec un rebond am\u00e9lior\u00e9, un poids r\u00e9duit de pr\u00e8s de 40 % et donc une meilleure durabilit\u00e9 environnementale, l\u2019AirTrack 2 am\u00e9liorera encore plus votre exp\u00e9rience.  Livraison avec Housse de protection, instructions, garantie 5 ans, Service Suisse,  <strong><a href=\"https:\/\/www.airtracksports.com\/index.php\/produkt\/hikoki-geblaese\/\">incl. Souffleur \u00e9lectrique Hikoki<\/a><\/strong><\/p>\n","protected":false},"featured_media":7884,"template":"","meta":[],"product_brand":[],"product_cat":[86],"product_tag":[127,115,128,114,126],"class_list":{"0":"post-6757","1":"product","2":"type-product","3":"status-publish","4":"has-post-thumbnail","6":"product_cat-produits-professionnels","7":"product_tag-airtrack-fr","8":"product_tag-gymnastique-artistique","9":"product_tag-tapis-de-culbutage","10":"product_tag-tapis-de-gymnastique-fr","11":"product_tag-tapis-tumbling","12":"product_shipping_class-palet-versand-per-spedition","14":"first","15":"instock","16":"taxable","17":"shipping-taxable","18":"purchasable","19":"product-type-variable"},"yoast_head":"<!-- This site is optimized with the Yoast SEO plugin v27.5 - https:\/\/yoast.com\/product\/yoast-seo-wordpress\/ -->\n<title>Airtracksports - Airtrack P3 dans toutes les longueurs - mat\u00e9riel professionnel pour la gymnastique<\/title>\n<meta name=\"description\" content=\"Le P3 Airtrack est un tapis de taille moyenne pour les clubs de gymnastique. Avec une hauteur de 30cm, il convient aux d\u00e9butants ainsi qu\u2019aux gymnastes de haute performance.\" \/>\n<meta name=\"robots\" content=\"index, follow, max-snippet:-1, max-image-preview:large, max-video-preview:-1\" \/>\n<link rel=\"canonical\" href=\"https:\/\/www.airtracksports.com\/index.php\/produkt\/airtrack-p3-generation-2\/?lang=fr\" \/>\n<meta property=\"og:locale\" content=\"de_DE\" \/>\n<meta property=\"og:type\" content=\"article\" \/>\n<meta property=\"og:title\" content=\"Airtracksports - Airtrack P3 dans toutes les longueurs - mat\u00e9riel professionnel pour la gymnastique\" \/>\n<meta property=\"og:description\" content=\"Le P3 Airtrack est un tapis de taille moyenne pour les clubs de gymnastique. Avec une hauteur de 30cm, il convient aux d\u00e9butants ainsi qu\u2019aux gymnastes de haute performance.\" \/>\n<meta property=\"og:url\" content=\"https:\/\/www.airtracksports.com\/index.php\/produkt\/airtrack-p3-generation-2\/?lang=fr\" \/>\n<meta property=\"og:site_name\" content=\"AirTrackSports\" \/>\n<meta property=\"article:modified_time\" content=\"2025-06-18T07:47:25+00:00\" \/>\n<meta property=\"og:image\" content=\"https:\/\/www.airtracksports.com\/wp-content\/uploads\/2024\/10\/Lg24wdtw-scaled.jpeg\" \/>\n\t<meta property=\"og:image:width\" content=\"2560\" \/>\n\t<meta property=\"og:image:height\" content=\"1707\" \/>\n\t<meta property=\"og:image:type\" content=\"image\/jpeg\" \/>\n<meta name=\"twitter:card\" content=\"summary_large_image\" \/>\n<meta name=\"twitter:label1\" content=\"Gesch\u00e4tzte Lesezeit\" \/>\n\t<meta name=\"twitter:data1\" content=\"2\u00a0Minuten\" \/>\n<script type=\"application\/ld+json\" class=\"yoast-schema-graph\">{\"@context\":\"https:\\\/\\\/schema.org\",\"@graph\":[{\"@type\":\"WebPage\",\"@id\":\"https:\\\/\\\/www.airtracksports.com\\\/index.php\\\/produkt\\\/airtrack-p3-generation-2\\\/?lang=fr\",\"url\":\"https:\\\/\\\/www.airtracksports.com\\\/index.php\\\/produkt\\\/airtrack-p3-generation-2\\\/?lang=fr\",\"name\":\"Airtracksports - Airtrack P3 dans toutes les longueurs - mat\u00e9riel professionnel pour la gymnastique\",\"isPartOf\":{\"@id\":\"https:\\\/\\\/www.airtracksports.com\\\/#website\"},\"primaryImageOfPage\":{\"@id\":\"https:\\\/\\\/www.airtracksports.com\\\/index.php\\\/produkt\\\/airtrack-p3-generation-2\\\/?lang=fr#primaryimage\"},\"image\":{\"@id\":\"https:\\\/\\\/www.airtracksports.com\\\/index.php\\\/produkt\\\/airtrack-p3-generation-2\\\/?lang=fr#primaryimage\"},\"thumbnailUrl\":\"https:\\\/\\\/www.airtracksports.com\\\/wp-content\\\/uploads\\\/2024\\\/10\\\/Airtrack-2.png\",\"datePublished\":\"2024-10-10T06:46:55+00:00\",\"dateModified\":\"2025-06-18T07:47:25+00:00\",\"description\":\"Le P3 Airtrack est un tapis de taille moyenne pour les clubs de gymnastique. Avec une hauteur de 30cm, il convient aux d\u00e9butants ainsi qu\u2019aux gymnastes de haute performance.\",\"breadcrumb\":{\"@id\":\"https:\\\/\\\/www.airtracksports.com\\\/index.php\\\/produkt\\\/airtrack-p3-generation-2\\\/?lang=fr#breadcrumb\"},\"inLanguage\":\"de\",\"potentialAction\":[{\"@type\":\"ReadAction\",\"target\":[\"https:\\\/\\\/www.airtracksports.com\\\/index.php\\\/produkt\\\/airtrack-p3-generation-2\\\/?lang=fr\"]}]},{\"@type\":\"ImageObject\",\"inLanguage\":\"de\",\"@id\":\"https:\\\/\\\/www.airtracksports.com\\\/index.php\\\/produkt\\\/airtrack-p3-generation-2\\\/?lang=fr#primaryimage\",\"url\":\"https:\\\/\\\/www.airtracksports.com\\\/wp-content\\\/uploads\\\/2024\\\/10\\\/Airtrack-2.png\",\"contentUrl\":\"https:\\\/\\\/www.airtracksports.com\\\/wp-content\\\/uploads\\\/2024\\\/10\\\/Airtrack-2.png\",\"width\":1280,\"height\":720},{\"@type\":\"BreadcrumbList\",\"@id\":\"https:\\\/\\\/www.airtracksports.com\\\/index.php\\\/produkt\\\/airtrack-p3-generation-2\\\/?lang=fr#breadcrumb\",\"itemListElement\":[{\"@type\":\"ListItem\",\"position\":1,\"name\":\"Startseite\",\"item\":\"https:\\\/\\\/www.airtracksports.com\\\/\"},{\"@type\":\"ListItem\",\"position\":2,\"name\":\"Airtrack-Shop\",\"item\":\"https:\\\/\\\/www.airtracksports.com\\\/index.php\\\/shop\\\/\"},{\"@type\":\"ListItem\",\"position\":3,\"name\":\"Airtrack P3 &#8211; G\u00e9n\u00e9ration 2\"}]},{\"@type\":\"WebSite\",\"@id\":\"https:\\\/\\\/www.airtracksports.com\\\/#website\",\"url\":\"https:\\\/\\\/www.airtracksports.com\\\/\",\"name\":\"AirTrackSports\",\"description\":\"\",\"publisher\":{\"@id\":\"https:\\\/\\\/www.airtracksports.com\\\/#organization\"},\"potentialAction\":[{\"@type\":\"SearchAction\",\"target\":{\"@type\":\"EntryPoint\",\"urlTemplate\":\"https:\\\/\\\/www.airtracksports.com\\\/?s={search_term_string}\"},\"query-input\":{\"@type\":\"PropertyValueSpecification\",\"valueRequired\":true,\"valueName\":\"search_term_string\"}}],\"inLanguage\":\"de\"},{\"@type\":\"Organization\",\"@id\":\"https:\\\/\\\/www.airtracksports.com\\\/#organization\",\"name\":\"AirTrackSports\",\"url\":\"https:\\\/\\\/www.airtracksports.com\\\/\",\"logo\":{\"@type\":\"ImageObject\",\"inLanguage\":\"de\",\"@id\":\"https:\\\/\\\/www.airtracksports.com\\\/#\\\/schema\\\/logo\\\/image\\\/\",\"url\":\"https:\\\/\\\/www.airtracksports.com\\\/wp-content\\\/uploads\\\/2020\\\/05\\\/cropped-LogoAirTrack-4.jpg\",\"contentUrl\":\"https:\\\/\\\/www.airtracksports.com\\\/wp-content\\\/uploads\\\/2020\\\/05\\\/cropped-LogoAirTrack-4.jpg\",\"width\":225,\"height\":90,\"caption\":\"AirTrackSports\"},\"image\":{\"@id\":\"https:\\\/\\\/www.airtracksports.com\\\/#\\\/schema\\\/logo\\\/image\\\/\"}}]}<\/script>\n<!-- \/ Yoast SEO plugin. -->","yoast_head_json":{"title":"Airtracksports - Airtrack P3 dans toutes les longueurs - mat\u00e9riel professionnel pour la gymnastique","description":"Le P3 Airtrack est un tapis de taille moyenne pour les clubs de gymnastique. Avec une hauteur de 30cm, il convient aux d\u00e9butants ainsi qu\u2019aux gymnastes de haute performance.","robots":{"index":"index","follow":"follow","max-snippet":"max-snippet:-1","max-image-preview":"max-image-preview:large","max-video-preview":"max-video-preview:-1"},"canonical":"https:\/\/www.airtracksports.com\/index.php\/produkt\/airtrack-p3-generation-2\/?lang=fr","og_locale":"de_DE","og_type":"article","og_title":"Airtracksports - Airtrack P3 dans toutes les longueurs - mat\u00e9riel professionnel pour la gymnastique","og_description":"Le P3 Airtrack est un tapis de taille moyenne pour les clubs de gymnastique. Avec une hauteur de 30cm, il convient aux d\u00e9butants ainsi qu\u2019aux gymnastes de haute performance.","og_url":"https:\/\/www.airtracksports.com\/index.php\/produkt\/airtrack-p3-generation-2\/?lang=fr","og_site_name":"AirTrackSports","article_modified_time":"2025-06-18T07:47:25+00:00","og_image":[{"width":2560,"height":1707,"url":"https:\/\/www.airtracksports.com\/wp-content\/uploads\/2024\/10\/Lg24wdtw-scaled.jpeg","type":"image\/jpeg"}],"twitter_card":"summary_large_image","twitter_misc":{"Gesch\u00e4tzte Lesezeit":"2\u00a0Minuten"},"schema":{"@context":"https:\/\/schema.org","@graph":[{"@type":"WebPage","@id":"https:\/\/www.airtracksports.com\/index.php\/produkt\/airtrack-p3-generation-2\/?lang=fr","url":"https:\/\/www.airtracksports.com\/index.php\/produkt\/airtrack-p3-generation-2\/?lang=fr","name":"Airtracksports - Airtrack P3 dans toutes les longueurs - mat\u00e9riel professionnel pour la gymnastique","isPartOf":{"@id":"https:\/\/www.airtracksports.com\/#website"},"primaryImageOfPage":{"@id":"https:\/\/www.airtracksports.com\/index.php\/produkt\/airtrack-p3-generation-2\/?lang=fr#primaryimage"},"image":{"@id":"https:\/\/www.airtracksports.com\/index.php\/produkt\/airtrack-p3-generation-2\/?lang=fr#primaryimage"},"thumbnailUrl":"https:\/\/www.airtracksports.com\/wp-content\/uploads\/2024\/10\/Airtrack-2.png","datePublished":"2024-10-10T06:46:55+00:00","dateModified":"2025-06-18T07:47:25+00:00","description":"Le P3 Airtrack est un tapis de taille moyenne pour les clubs de gymnastique. Avec une hauteur de 30cm, il convient aux d\u00e9butants ainsi qu\u2019aux gymnastes de haute performance.","breadcrumb":{"@id":"https:\/\/www.airtracksports.com\/index.php\/produkt\/airtrack-p3-generation-2\/?lang=fr#breadcrumb"},"inLanguage":"de","potentialAction":[{"@type":"ReadAction","target":["https:\/\/www.airtracksports.com\/index.php\/produkt\/airtrack-p3-generation-2\/?lang=fr"]}]},{"@type":"ImageObject","inLanguage":"de","@id":"https:\/\/www.airtracksports.com\/index.php\/produkt\/airtrack-p3-generation-2\/?lang=fr#primaryimage","url":"https:\/\/www.airtracksports.com\/wp-content\/uploads\/2024\/10\/Airtrack-2.png","contentUrl":"https:\/\/www.airtracksports.com\/wp-content\/uploads\/2024\/10\/Airtrack-2.png","width":1280,"height":720},{"@type":"BreadcrumbList","@id":"https:\/\/www.airtracksports.com\/index.php\/produkt\/airtrack-p3-generation-2\/?lang=fr#breadcrumb","itemListElement":[{"@type":"ListItem","position":1,"name":"Startseite","item":"https:\/\/www.airtracksports.com\/"},{"@type":"ListItem","position":2,"name":"Airtrack-Shop","item":"https:\/\/www.airtracksports.com\/index.php\/shop\/"},{"@type":"ListItem","position":3,"name":"Airtrack P3 &#8211; G\u00e9n\u00e9ration 2"}]},{"@type":"WebSite","@id":"https:\/\/www.airtracksports.com\/#website","url":"https:\/\/www.airtracksports.com\/","name":"AirTrackSports","description":"","publisher":{"@id":"https:\/\/www.airtracksports.com\/#organization"},"potentialAction":[{"@type":"SearchAction","target":{"@type":"EntryPoint","urlTemplate":"https:\/\/www.airtracksports.com\/?s={search_term_string}"},"query-input":{"@type":"PropertyValueSpecification","valueRequired":true,"valueName":"search_term_string"}}],"inLanguage":"de"},{"@type":"Organization","@id":"https:\/\/www.airtracksports.com\/#organization","name":"AirTrackSports","url":"https:\/\/www.airtracksports.com\/","logo":{"@type":"ImageObject","inLanguage":"de","@id":"https:\/\/www.airtracksports.com\/#\/schema\/logo\/image\/","url":"https:\/\/www.airtracksports.com\/wp-content\/uploads\/2020\/05\/cropped-LogoAirTrack-4.jpg","contentUrl":"https:\/\/www.airtracksports.com\/wp-content\/uploads\/2020\/05\/cropped-LogoAirTrack-4.jpg","width":225,"height":90,"caption":"AirTrackSports"},"image":{"@id":"https:\/\/www.airtracksports.com\/#\/schema\/logo\/image\/"}}]}},"_links":{"self":[{"href":"https:\/\/www.airtracksports.com\/index.php\/wp-json\/wp\/v2\/product\/6757","targetHints":{"allow":["GET"]}}],"collection":[{"href":"https:\/\/www.airtracksports.com\/index.php\/wp-json\/wp\/v2\/product"}],"about":[{"href":"https:\/\/www.airtracksports.com\/index.php\/wp-json\/wp\/v2\/types\/product"}],"wp:featuredmedia":[{"embeddable":true,"href":"https:\/\/www.airtracksports.com\/index.php\/wp-json\/wp\/v2\/media\/7884"}],"wp:attachment":[{"href":"https:\/\/www.airtracksports.com\/index.php\/wp-json\/wp\/v2\/media?parent=6757"}],"wp:term":[{"taxonomy":"product_brand","embeddable":true,"href":"https:\/\/www.airtracksports.com\/index.php\/wp-json\/wp\/v2\/product_brand?post=6757"},{"taxonomy":"product_cat","embeddable":true,"href":"https:\/\/www.airtracksports.com\/index.php\/wp-json\/wp\/v2\/product_cat?post=6757"},{"taxonomy":"product_tag","embeddable":true,"href":"https:\/\/www.airtracksports.com\/index.php\/wp-json\/wp\/v2\/product_tag?post=6757"}],"curies":[{"name":"wp","href":"https:\/\/api.w.org\/{rel}","templated":true}]}}